{"id":6,"date":"2020-12-14T08:26:14","date_gmt":"2020-12-14T07:26:14","guid":{"rendered":"https:\/\/catholiques17.fr\/spm\/?page_id=6"},"modified":"2026-01-08T15:48:31","modified_gmt":"2026-01-08T14:48:31","slug":"saint-pierre-et-miquelon","status":"publish","type":"page","link":"https:\/\/catholiques17.fr\/spm\/","title":{"rendered":"Saint Pierre &amp; Miquelon, \u00c9glise Catholique de Charente-Maritime"},"content":{"rendered":"<p>[et_pb_section fb_built=\u00a0\u00bb1&Prime; _builder_version=\u00a0\u00bb4.16&Prime; background_image=\u00a0\u00bbhttps:\/\/catholiques17.fr\/spm\/wp-content\/uploads\/sites\/25\/2021\/03\/carbon.png\u00a0\u00bb background_size=\u00a0\u00bbinitial\u00a0\u00bb background_repeat=\u00a0\u00bbrepeat\u00a0\u00bb global_colors_info=\u00a0\u00bb{}\u00a0\u00bb][et_pb_row column_structure=\u00a0\u00bb2_3,1_3&Prime; _builder_version=\u00a0\u00bb4.21.0&Prime; _module_preset=\u00a0\u00bbdefault\u00a0\u00bb global_colors_info=\u00a0\u00bb{}\u00a0\u00bb][et_pb_column type=\u00a0\u00bb2_3&Prime; _builder_version=\u00a0\u00bb4.21.0&Prime; _module_preset=\u00a0\u00bbdefault\u00a0\u00bb background_color=\u00a0\u00bb#FFFFFF\u00a0\u00bb custom_padding=\u00a0\u00bb20px|20px|20px|20px|false|false\u00a0\u00bb border_radii=\u00a0\u00bbon|11px|11px|11px|11px\u00a0\u00bb border_width_all=\u00a0\u00bb1px\u00a0\u00bb border_color_all=\u00a0\u00bb#0C71C3&Prime; box_shadow_style=\u00a0\u00bbpreset1&Prime; global_colors_info=\u00a0\u00bb{}\u00a0\u00bb][et_pb_text _builder_version=\u00a0\u00bb4.21.0&Prime; _module_preset=\u00a0\u00bbdefault\u00a0\u00bb header_font=\u00a0\u00bb|700|||||||\u00a0\u00bb header_text_color=\u00a0\u00bb#00baad\u00a0\u00bb background_color=\u00a0\u00bb#0C71C3&Prime; border_radii=\u00a0\u00bboff|20px|20px||\u00a0\u00bb global_colors_info=\u00a0\u00bb{}\u00a0\u00bb]<\/p>\n<h1 style=\"text-align: center;\"><\/h1>\n<h1 style=\"text-align: center;\"><span style=\"color: #ffffff;\">Actualit\u00e9s<\/span><\/h1>\n<p>[\/et_pb_text][et_pb_blog fullwidth=\u00a0\u00bboff\u00a0\u00bb posts_number=\u00a0\u00bb6&Prime; include_categories=\u00a0\u00bb6,all\u00a0\u00bb meta_date=\u00a0\u00bbj M Y\u00a0\u00bb show_author=\u00a0\u00bboff\u00a0\u00bb _builder_version=\u00a0\u00bb4.27.4&Prime; _module_preset=\u00a0\u00bbdefault\u00a0\u00bb header_text_color=\u00a0\u00bb#0C71C3&Prime; meta_text_color=\u00a0\u00bb#169884&Prime; hover_enabled=\u00a0\u00bb0&Prime; border_color_all_image=\u00a0\u00bbRGBA(0,0,0,0)\u00a0\u00bb box_shadow_style=\u00a0\u00bbpreset2&Prime; box_shadow_style_image=\u00a0\u00bbpreset2&Prime; global_colors_info=\u00a0\u00bb{}\u00a0\u00bb show_categories=\u00a0\u00bboff\u00a0\u00bb sticky_enabled=\u00a0\u00bb0&Prime;][\/et_pb_blog][\/et_pb_column][et_pb_column type=\u00a0\u00bb1_3&Prime; _builder_version=\u00a0\u00bb4.21.0&Prime; _module_preset=\u00a0\u00bbdefault\u00a0\u00bb background_color=\u00a0\u00bb#FFFFFF\u00a0\u00bb custom_padding=\u00a0\u00bb20px|20px|20px|20px|false|false\u00a0\u00bb border_radii=\u00a0\u00bbon|10px|10px|10px|10px\u00a0\u00bb border_width_all=\u00a0\u00bb1px\u00a0\u00bb border_color_all=\u00a0\u00bb#0C71C3&Prime; box_shadow_style=\u00a0\u00bbpreset1&Prime; global_colors_info=\u00a0\u00bb{}\u00a0\u00bb][et_pb_text _builder_version=\u00a0\u00bb4.21.0&Prime; _module_preset=\u00a0\u00bbdefault\u00a0\u00bb background_color=\u00a0\u00bb#0C71C3&Prime; background_layout=\u00a0\u00bbdark\u00a0\u00bb custom_padding=\u00a0\u00bb10px|10px|2px|10px|false|false\u00a0\u00bb border_radii=\u00a0\u00bbon|9px|9px|9px|9px\u00a0\u00bb global_colors_info=\u00a0\u00bb{}\u00a0\u00bb]<\/p>\n<h2 style=\"text-align: center;\">Contactez-nous<\/h2>\n<p>[\/et_pb_text][et_pb_text _builder_version=\u00a0\u00bb4.27.4&Prime; _module_preset=\u00a0\u00bbdefault\u00a0\u00bb custom_margin=\u00a0\u00bb||54px|||\u00a0\u00bb global_colors_info=\u00a0\u00bb{}\u00a0\u00bb]<\/p>\n<p><strong>Presbyt\u00e8re<\/strong> : <span data-sheets-formula-bar-text-style=\"font-size:13px;color:#000000;font-weight:normal;text-decoration:none;font-family:'Arial';font-style:normal;text-decoration-skip-ink:none;\">23 rue Boursaint<\/span> \u00a0 \u00a0 \u00a0 \u00a0 \u00a0 \u00a0 <span style=\"font-size: 10pt; font-family: Arial; font-style: normal; text-align: center;\" data-sheets-root=\"1\">97500<\/span> Saint-Pierre<\/p>\n<p><strong>Tel :<\/strong> <span style=\"font-size: 10pt; font-family: Arial; font-style: normal; text-align: center;\" data-sheets-root=\"1\">05 08 41 02 40<\/span><br \/><strong>Courriel <\/strong>: <a href=\"mailto:paroissespm@gmail.com\" target=\"_blank\" rel=\"noopener\"><span data-sheets-formula-bar-text-style=\"font-size:13px;color:#000000;font-weight:normal;text-decoration:none;font-family:'Arial';font-style:normal;text-decoration-skip-ink:none;\">paroissespm@gmail.com<\/span><\/a><\/p>\n<p><span style=\"color: #00baad;\"><span data-sheets-formula-bar-text-style=\"font-size:13px;color:#000000;font-weight:normal;text-decoration:none;font-family:'Arial';font-style:normal;text-decoration-skip-ink:none;\"> <\/span><\/span><strong>Cur\u00e9<\/strong> : P\u00e8re Antoine SAGNA<\/p>\n<p>[\/et_pb_text][et_pb_text _builder_version=\u00a0\u00bb4.21.0&Prime; _module_preset=\u00a0\u00bbdefault\u00a0\u00bb background_color=\u00a0\u00bb#0C71C3&Prime; background_layout=\u00a0\u00bbdark\u00a0\u00bb custom_margin=\u00a0\u00bb||19px|||\u00a0\u00bb custom_padding=\u00a0\u00bb10px|10px|2px|10px|false|false\u00a0\u00bb border_radii=\u00a0\u00bbon|9px|9px|9px|9px\u00a0\u00bb global_colors_info=\u00a0\u00bb{}\u00a0\u00bb]<\/p>\n<h2 style=\"text-align: center;\">Suivez-nous<\/h2>\n<p>[\/et_pb_text][et_pb_social_media_follow use_icon_font_size=\u00a0\u00bbon\u00a0\u00bb icon_font_size=\u00a0\u00bb25px\u00a0\u00bb _builder_version=\u00a0\u00bb4.21.0&Prime; _module_preset=\u00a0\u00bbdefault\u00a0\u00bb text_orientation=\u00a0\u00bbcenter\u00a0\u00bb custom_margin=\u00a0\u00bb||40px|||\u00a0\u00bb global_colors_info=\u00a0\u00bb{}\u00a0\u00bb][et_pb_social_media_follow_network social_network=\u00a0\u00bbfacebook\u00a0\u00bb url=\u00a0\u00bbhttps:\/\/www.facebook.com\/ParoissesSPM\u00a0\u00bb _builder_version=\u00a0\u00bb4.21.0&Prime; _module_preset=\u00a0\u00bbdefault\u00a0\u00bb background_color=\u00a0\u00bb#3b5998&Prime; global_colors_info=\u00a0\u00bb{}\u00a0\u00bb follow_button=\u00a0\u00bboff\u00a0\u00bb url_new_window=\u00a0\u00bbon\u00a0\u00bb]facebook[\/et_pb_social_media_follow_network][et_pb_social_media_follow_network social_network=\u00a0\u00bbinstagram\u00a0\u00bb url=\u00a0\u00bbhttps:\/\/www.instagram.com\/diocesedelarochelle\/\u00a0\u00bb _builder_version=\u00a0\u00bb4.21.0&Prime; _module_preset=\u00a0\u00bbdefault\u00a0\u00bb background_color=\u00a0\u00bb#ea2c59&Prime; global_colors_info=\u00a0\u00bb{}\u00a0\u00bb follow_button=\u00a0\u00bboff\u00a0\u00bb url_new_window=\u00a0\u00bbon\u00a0\u00bb]instagram[\/et_pb_social_media_follow_network][et_pb_social_media_follow_network social_network=\u00a0\u00bbyoutube\u00a0\u00bb url=\u00a0\u00bbhttps:\/\/www.youtube.com\/@diocese17com\u00a0\u00bb _builder_version=\u00a0\u00bb4.21.0&Prime; _module_preset=\u00a0\u00bbdefault\u00a0\u00bb background_color=\u00a0\u00bb#a82400&Prime; global_colors_info=\u00a0\u00bb{}\u00a0\u00bb follow_button=\u00a0\u00bboff\u00a0\u00bb url_new_window=\u00a0\u00bbon\u00a0\u00bb]youtube[\/et_pb_social_media_follow_network][\/et_pb_social_media_follow][et_pb_text _builder_version=\u00a0\u00bb4.21.0&Prime; _dynamic_attributes=\u00a0\u00bblink_option_url\u00a0\u00bb _module_preset=\u00a0\u00bbdefault\u00a0\u00bb background_color=\u00a0\u00bb#0C71C3&Prime; background_layout=\u00a0\u00bbdark\u00a0\u00bb custom_margin=\u00a0\u00bb||14px|||\u00a0\u00bb custom_padding=\u00a0\u00bb10px|10px|2px|10px|false|false\u00a0\u00bb link_option_url=\u00a0\u00bbcatholiques.monprojetdesite.fr\u00a0\u00bb link_option_url_new_window=\u00a0\u00bbon\u00a0\u00bb border_radii=\u00a0\u00bbon|9px|9px|9px|9px\u00a0\u00bb global_colors_info=\u00a0\u00bb{}\u00a0\u00bb]<\/p>\n<h2 style=\"text-align: center;\">L&rsquo;annuaire<\/h2>\n<p>[\/et_pb_text][et_pb_button button_url=\u00a0\u00bbhttps:\/\/catholiques17.fr\/annuaire-du-diocese\/\u00a0\u00bb button_text=\u00a0\u00bbAnnuaire du dioc\u00e8se\u00a0\u00bb button_alignment=\u00a0\u00bbcenter\u00a0\u00bb _builder_version=\u00a0\u00bb4.21.0&Prime; _module_preset=\u00a0\u00bbdefault\u00a0\u00bb custom_button=\u00a0\u00bbon\u00a0\u00bb button_text_color=\u00a0\u00bb#0C71C3&Prime; button_border_radius=\u00a0\u00bb11px\u00a0\u00bb button_icon=\u00a0\u00bb&#xe026;||divi||400&Prime; custom_margin=\u00a0\u00bb||39px|||\u00a0\u00bb global_colors_info=\u00a0\u00bb{}\u00a0\u00bb][\/et_pb_button][et_pb_text _builder_version=\u00a0\u00bb4.21.0&Prime; _dynamic_attributes=\u00a0\u00bblink_option_url\u00a0\u00bb _module_preset=\u00a0\u00bbdefault\u00a0\u00bb background_color=\u00a0\u00bb#0C71C3&Prime; background_layout=\u00a0\u00bbdark\u00a0\u00bb custom_padding=\u00a0\u00bb10px|10px|2px|10px|false|false\u00a0\u00bb link_option_url=\u00a0\u00bbhttps:\/\/jesus.catholique.fr\/prieres\/\u00a0\u00bb link_option_url_new_window=\u00a0\u00bbon\u00a0\u00bb border_radii=\u00a0\u00bbon|9px|9px|9px|9px\u00a0\u00bb global_colors_info=\u00a0\u00bb{}\u00a0\u00bb]<\/p>\n<h2 style=\"text-align: center;\">Pri\u00e8res<\/h2>\n<p>[\/et_pb_text][et_pb_text _builder_version=\u00a0\u00bb4.21.0&Prime; _module_preset=\u00a0\u00bbdefault\u00a0\u00bb background_color=\u00a0\u00bb#0C71C3&Prime; background_layout=\u00a0\u00bbdark\u00a0\u00bb custom_padding=\u00a0\u00bb10px|10px|2px|10px|false|false\u00a0\u00bb border_radii=\u00a0\u00bbon|9px|9px|9px|9px\u00a0\u00bb global_colors_info=\u00a0\u00bb{}\u00a0\u00bb]<\/p>\n<h2 style=\"text-align: center;\">Calendrier<\/h2>\n<p>[\/et_pb_text][et_pb_sidebar _builder_version=\u00a0\u00bb4.16&Prime; _module_preset=\u00a0\u00bbdefault\u00a0\u00bb custom_margin=\u00a0\u00bb-10px||40px|||\u00a0\u00bb global_colors_info=\u00a0\u00bb{}\u00a0\u00bb][\/et_pb_sidebar][et_pb_code _builder_version=\u00a0\u00bb4.16&Prime; _module_preset=\u00a0\u00bbdefault\u00a0\u00bb global_colors_info=\u00a0\u00bb{}\u00a0\u00bb][\/et_pb_code][\/et_pb_column][\/et_pb_row][\/et_pb_section]<\/p>\n","protected":false},"excerpt":{"rendered":"<p>Actualit\u00e9sContactez-nousPresbyt\u00e8re : 23 rue Boursaint \u00a0 \u00a0 \u00a0 \u00a0 \u00a0 \u00a0 97500 Saint-Pierre Tel : 05 08 41 02 40Courriel : paroissespm@gmail.com Cur\u00e9 : P\u00e8re Antoine SAGNASuivez-nousL&rsquo;annuairePri\u00e8resCalendrier<\/p>\n","protected":false},"author":1,"featured_media":0,"parent":0,"menu_order":0,"comment_status":"closed","ping_status":"closed","template":"","meta":{"_et_pb_use_builder":"on","_et_pb_old_content":"[et_pb_section fb_built=\"1\" _builder_version=\"4.9.1\" background_image=\"https:\/\/catholiques17.fr\/spm\/wp-content\/uploads\/sites\/25\/2021\/03\/carbon.png\" background_size=\"initial\" background_repeat=\"repeat\"][et_pb_row _builder_version=\"4.9.1\" background_color=\"#FFFFFF\" background_size=\"initial\" background_position=\"top_left\" background_repeat=\"repeat\" custom_padding=\"20px|20px|20px|20px|false|false\" animation_style=\"fade\" border_radii=\"on|10px|10px|10px|10px\" box_shadow_style=\"preset3\"][et_pb_column type=\"4_4\" _builder_version=\"3.25\" custom_padding=\"|||\" custom_padding__hover=\"|||\"][et_pb_text _builder_version=\"4.8.1\" background_size=\"initial\" background_position=\"top_left\" background_repeat=\"repeat\"]\n<h2>Edito de mars 2021: Amoris laetitia<\/h2>\n<div class=\"page-content\"><\/div>\n<h2><\/h2>\n<div class=\"page-content\">\n\nLe 8 d\u00e9cembre dernier, \u00e0 l\u2019occasion de la f\u00eate mariale de l\u2019Immacul\u00e9e Conception, le pape Fran\u00e7ois a proclam\u00e9 une ann\u00e9e sp\u00e9ciale consacr\u00e9e \u00e0 St-Joseph. Le 19 mars, nous c\u00e9l\u00e9brerons St Joseph, \u00e9poux de la vierge Marie. A cette occasion, le pape Fran\u00e7ois va consacrer une ann\u00e9e sp\u00e9ciale d\u00e9di\u00e9e \u00e0 la joie de l\u2019amour v\u00e9cu<span>&nbsp;<\/span><strong>en famille<\/strong>. Le choix des dates nous invite \u00e0 trouver dans la Sainte Famille de J\u00e9sus, Marie et Joseph, une source d\u2019inspiration pour vivre de l\u2019amour en famille et un soutien spirituel pour le vivre toujours dans la joie. La famille est \u00e0 la fois un don naturel et un lieu de gr\u00e2ce divine. Il est peut-\u00eatre temps de l\u2019ajouter \u00e0 la liste des r\u00e9alit\u00e9s \u00e9cologiques menac\u00e9es\u2026\n<p class=\"has-text-align-right\">Abb\u00e9 THEBAUT<\/p>\n\n<\/div>\n[\/et_pb_text][\/et_pb_column][\/et_pb_row][et_pb_row column_structure=\"2_3,1_3\" _builder_version=\"4.9.1\" _module_preset=\"default\"][et_pb_column type=\"2_3\" _builder_version=\"4.9.1\" _module_preset=\"default\" background_color=\"#FFFFFF\" custom_padding=\"20px|20px|20px|20px|false|false\" border_radii=\"on|11px|11px|11px|11px\" border_width_all=\"1px\" border_color_all=\"#00baad\" box_shadow_style=\"preset3\"][et_pb_text _builder_version=\"4.8.1\" _module_preset=\"default\" header_font=\"|700|||||||\" header_text_color=\"#00baad\"]\n<h1>Notre actualit\u00e9<\/h1>\n[\/et_pb_text][et_pb_blog fullwidth=\"off\" posts_number=\"6\" include_categories=\"6,5\" meta_date=\"j M Y\" show_author=\"off\" _builder_version=\"4.9.2\" _module_preset=\"default\" border_color_all_image=\"RGBA(0,0,0,0)\" box_shadow_style=\"preset2\" box_shadow_style_image=\"preset2\"][\/et_pb_blog][\/et_pb_column][et_pb_column type=\"1_3\" _builder_version=\"4.9.1\" _module_preset=\"default\" background_color=\"#FFFFFF\" custom_padding=\"20px|20px|20px|20px|false|false\" border_radii=\"on|10px|10px|10px|10px\" box_shadow_style=\"preset3\"][et_pb_text _builder_version=\"4.8.1\" _module_preset=\"default\" background_color=\"#00baad\" background_layout=\"dark\" custom_padding=\"10px|10px|2px|10px|false|false\" border_radii=\"on|9px|9px|9px|9px\"]\n<h2>Calendrier<\/h2>\n[\/et_pb_text][et_pb_code _builder_version=\"4.8.1\" _module_preset=\"default\"][tribe_events_list][\/et_pb_code][et_pb_text _builder_version=\"4.8.1\" _module_preset=\"default\" background_color=\"#00baad\" background_layout=\"dark\" custom_padding=\"10px|10px|2px|10px|false|false\" border_radii=\"on|9px|9px|9px|9px\"]\n<h2>Newsletter<\/h2>\n[\/et_pb_text][et_pb_text _builder_version=\"4.8.1\" _module_preset=\"default\" background_color=\"#00baad\" background_layout=\"dark\" custom_padding=\"10px|10px|2px|10px|false|false\" border_radii=\"on|9px|9px|9px|9px\"]\n<h2>Suivez-nous<\/h2>\n[\/et_pb_text][et_pb_social_media_follow _builder_version=\"4.9.2\" _module_preset=\"default\" text_orientation=\"center\" hover_enabled=\"0\" sticky_enabled=\"0\"][et_pb_social_media_follow_network social_network=\"facebook\" url=\"https:\/\/www.facebook.com\/ParoissesSPM\" _builder_version=\"4.9.2\" _module_preset=\"default\" background_color=\"#3b5998\" hover_enabled=\"0\" follow_button=\"off\" url_new_window=\"on\" sticky_enabled=\"0\"]facebook[\/et_pb_social_media_follow_network][et_pb_social_media_follow_network social_network=\"twitter\" url=\"https:\/\/twitter.com\/Catholiques17\" _builder_version=\"4.9.1\" _module_preset=\"default\" background_color=\"#00aced\" follow_button=\"off\" url_new_window=\"on\"]twitter[\/et_pb_social_media_follow_network][\/et_pb_social_media_follow][et_pb_text _builder_version=\"4.9.1\" _dynamic_attributes=\"link_option_url\" _module_preset=\"default\" background_color=\"#00baad\" background_layout=\"dark\" custom_padding=\"10px|10px|2px|10px|false|false\" link_option_url=\"catholiques.monprojetdesite.fr\" link_option_url_new_window=\"on\" border_radii=\"on|9px|9px|9px|9px\"]\n<h2>L'annuaire<\/h2>\n[\/et_pb_text][et_pb_button button_url=\"https:\/\/catholiques17.fr\/annuaire-du-diocese\/\" button_text=\"Annuaire du dioc\u00e8se\" button_alignment=\"center\" _builder_version=\"4.9.2\" _module_preset=\"default\" custom_button=\"on\" button_text_color=\"#00BAAD\" button_border_radius=\"11px\" button_icon=\"%%131%%\"][\/et_pb_button][et_pb_text _builder_version=\"4.9.2\" _dynamic_attributes=\"link_option_url\" _module_preset=\"default\" background_color=\"#00baad\" background_layout=\"dark\" custom_padding=\"10px|10px|2px|10px|false|false\" link_option_url=\"catholiques.monprojetdesite.fr\" link_option_url_new_window=\"on\" border_radii=\"on|9px|9px|9px|9px\"]\n<h2>Pri\u00e8res<\/h2>\n[\/et_pb_text][et_pb_code _builder_version=\"4.9.2\" _module_preset=\"default\"]<iframe width=\"300\" height=\"470\" src=\"https:\/\/hozana.org\/widget\/intentions\/138\" style=\"border:none;background: none;\" frameborder=\"0\"><\/iframe>[\/et_pb_code][\/et_pb_column][\/et_pb_row][\/et_pb_section]","_et_gb_content_width":"","footnotes":""},"class_list":["post-6","page","type-page","status-publish","hentry"],"_links":{"self":[{"href":"https:\/\/catholiques17.fr\/spm\/wp-json\/wp\/v2\/pages\/6","targetHints":{"allow":["GET"]}}],"collection":[{"href":"https:\/\/catholiques17.fr\/spm\/wp-json\/wp\/v2\/pages"}],"about":[{"href":"https:\/\/catholiques17.fr\/spm\/wp-json\/wp\/v2\/types\/page"}],"author":[{"embeddable":true,"href":"https:\/\/catholiques17.fr\/spm\/wp-json\/wp\/v2\/users\/1"}],"replies":[{"embeddable":true,"href":"https:\/\/catholiques17.fr\/spm\/wp-json\/wp\/v2\/comments?post=6"}],"version-history":[{"count":61,"href":"https:\/\/catholiques17.fr\/spm\/wp-json\/wp\/v2\/pages\/6\/revisions"}],"predecessor-version":[{"id":6778,"href":"https:\/\/catholiques17.fr\/spm\/wp-json\/wp\/v2\/pages\/6\/revisions\/6778"}],"wp:attachment":[{"href":"https:\/\/catholiques17.fr\/spm\/wp-json\/wp\/v2\/media?parent=6"}],"curies":[{"name":"wp","href":"https:\/\/api.w.org\/{rel}","templated":true}]}}