{"id":6715,"date":"2024-07-05T10:17:15","date_gmt":"2024-07-05T08:17:15","guid":{"rendered":"https:\/\/catholiques17.fr\/souzy\/?page_id=6715"},"modified":"2024-07-08T11:56:29","modified_gmt":"2024-07-08T09:56:29","slug":"centre-de-preparation-au-mariage","status":"publish","type":"page","link":"https:\/\/catholiques17.fr\/souzy\/ca-se-passe-a-souzy\/centre-de-preparation-au-mariage\/","title":{"rendered":"Centre de pr\u00e9paration au mariage"},"content":{"rendered":"<p>[et_pb_section fb_built=\u00a0\u00bb1&Prime; admin_label=\u00a0\u00bbVideo Section\u00a0\u00bb _builder_version=\u00a0\u00bb4.21.0&Prime; background_color=\u00a0\u00bb#8300E9&Prime; use_background_color_gradient=\u00a0\u00bbon\u00a0\u00bb background_color_gradient_stops=\u00a0\u00bb#ffffff 65%|#fcd21d 65%\u00a0\u00bb background_color_gradient_start=\u00a0\u00bb#ffffff\u00a0\u00bb background_color_gradient_start_position=\u00a0\u00bb65%\u00a0\u00bb background_color_gradient_end=\u00a0\u00bb#fcd21d\u00a0\u00bb background_color_gradient_end_position=\u00a0\u00bb65%\u00a0\u00bb custom_padding=\u00a0\u00bb7px||40px|||\u00a0\u00bb top_divider_style=\u00a0\u00bbarrow3&Prime; top_divider_color=\u00a0\u00bb#0DADBB\u00a0\u00bb top_divider_height=\u00a0\u00bb476px\u00a0\u00bb top_divider_repeat=\u00a0\u00bb1x\u00a0\u00bb hover_enabled=\u00a0\u00bb0&Prime; global_colors_info=\u00a0\u00bb{}\u00a0\u00bb theme_builder_area=\u00a0\u00bbpost_content\u00a0\u00bb top_divider_height_last_edited=\u00a0\u00bbon|tablet\u00a0\u00bb top_divider_height_tablet=\u00a0\u00bb422px\u00a0\u00bb sticky_enabled=\u00a0\u00bb0&Prime; top_divider_height_phone=\u00a0\u00bb368px\u00a0\u00bb][et_pb_row _builder_version=\u00a0\u00bb4.21.0&Prime; _module_preset=\u00a0\u00bbdefault\u00a0\u00bb custom_padding=\u00a0\u00bb0px|||||\u00a0\u00bb global_colors_info=\u00a0\u00bb{}\u00a0\u00bb theme_builder_area=\u00a0\u00bbpost_content\u00a0\u00bb][et_pb_column type=\u00a0\u00bb4_4&Prime; _builder_version=\u00a0\u00bb4.21.0&Prime; _module_preset=\u00a0\u00bbdefault\u00a0\u00bb global_colors_info=\u00a0\u00bb{}\u00a0\u00bb theme_builder_area=\u00a0\u00bbpost_content\u00a0\u00bb][et_pb_text content_tablet=\u00a0\u00bb<\/p>\n<h4><\/h4>\n<h4 style=%22text-align: center;%22><\/h4>\n<h4 style=%22text-align: center;%22><span style=%22color: #ffffff;%22>Le CPM propose un temps d\u2019accompagnement aux couples d\u00e9sirant se marier \u00e0 l\u2019Eglise, <\/span><span style=%22color: #ffffff;%22>selon une p\u00e9dagogie bas\u00e9e sur l\u2019accueil inconditionnel, l\u2019\u00e9coute et le partage.<\/span><\/h4>\n<p>&nbsp;<\/p>\n<h4 style=%22text-align: center;%22><\/h4>\n<p>\u00a0\u00bb content_phone=\u00a0\u00bb<\/p>\n<h4><\/h4>\n<h4 style=%22text-align: center;%22><\/h4>\n<h4 style=%22text-align: center;%22><span style=%22color: #ffffff;%22>Le CPM propose un temps d\u2019accompagnement aux couples d\u00e9sirant se marier \u00e0 l\u2019Eglise, <\/span><span style=%22color: #ffffff;%22>selon une p\u00e9dagogie bas\u00e9e sur l\u2019accueil inconditionnel, l\u2019\u00e9coute et le partage.<\/span><\/h4>\n<p><span style=%22color: #808080;%22> <\/span><\/p>\n<h4 style=%22text-align: center;%22><\/h4>\n<p>\u00a0\u00bb content_last_edited=\u00a0\u00bbon|tablet\u00a0\u00bb _builder_version=\u00a0\u00bb4.21.0&Prime; _module_preset=\u00a0\u00bbdefault\u00a0\u00bb hover_enabled=\u00a0\u00bb0&Prime; global_colors_info=\u00a0\u00bb{}\u00a0\u00bb theme_builder_area=\u00a0\u00bbpost_content\u00a0\u00bb sticky_enabled=\u00a0\u00bb0&Prime;]<\/p>\n<h4><\/h4>\n<h4 style=\"text-align: center;\"><\/h4>\n<h4 style=\"text-align: center;\"><span style=\"color: #ffffff;\">Le CPM propose un temps d\u2019accompagnement aux couples d\u00e9sirant se marier \u00e0 l\u2019Eglise, <\/span><span style=\"color: #ffffff;\">selon une p\u00e9dagogie bas\u00e9e sur l\u2019accueil inconditionnel, l\u2019\u00e9coute et le partage.<\/span><\/h4>\n<p><span style=\"color: #ffffff;\">\u00a0<\/span><\/p>\n<p>&nbsp;<\/p>\n<p>[\/et_pb_text][\/et_pb_column][\/et_pb_row][et_pb_row admin_label=\u00a0\u00bbVideo\u00a0\u00bb _builder_version=\u00a0\u00bb4.21.0&Prime; custom_padding=\u00a0\u00bb0px|0px|0px|0px\u00a0\u00bb animation_style=\u00a0\u00bbslide\u00a0\u00bb animation_direction=\u00a0\u00bbtop\u00a0\u00bb animation_intensity_slide=\u00a0\u00bb4%\u00a0\u00bb animation_starting_opacity=\u00a0\u00bb100%\u00a0\u00bb box_shadow_style=\u00a0\u00bbpreset2&Prime; global_colors_info=\u00a0\u00bb{}\u00a0\u00bb theme_builder_area=\u00a0\u00bbpost_content\u00a0\u00bb][et_pb_column type=\u00a0\u00bb4_4&Prime; _builder_version=\u00a0\u00bb4.16&Prime; custom_padding=\u00a0\u00bb|||\u00a0\u00bb global_colors_info=\u00a0\u00bb{}\u00a0\u00bb custom_padding__hover=\u00a0\u00bb|||\u00a0\u00bb theme_builder_area=\u00a0\u00bbpost_content\u00a0\u00bb][et_pb_image src=\u00a0\u00bbhttps:\/\/catholiques17.fr\/souzy\/wp-content\/uploads\/sites\/28\/2024\/07\/hand-1222229_1280.jpg\u00a0\u00bb title_text=\u00a0\u00bbhand-1222229_1280&Prime; align=\u00a0\u00bbcenter\u00a0\u00bb force_fullwidth=\u00a0\u00bbon\u00a0\u00bb _builder_version=\u00a0\u00bb4.21.0&Prime; _module_preset=\u00a0\u00bbdefault\u00a0\u00bb border_width_all=\u00a0\u00bb2px\u00a0\u00bb border_color_all=\u00a0\u00bb#FFFFFF\u00a0\u00bb global_colors_info=\u00a0\u00bb{}\u00a0\u00bb theme_builder_area=\u00a0\u00bbpost_content\u00a0\u00bb][\/et_pb_image][\/et_pb_column][\/et_pb_row][et_pb_row _builder_version=\u00a0\u00bb4.21.0&Prime; _module_preset=\u00a0\u00bbdefault\u00a0\u00bb theme_builder_area=\u00a0\u00bbpost_content\u00a0\u00bb][et_pb_column _builder_version=\u00a0\u00bb4.21.0&Prime; _module_preset=\u00a0\u00bbdefault\u00a0\u00bb type=\u00a0\u00bb4_4&Prime; theme_builder_area=\u00a0\u00bbpost_content\u00a0\u00bb][et_pb_text _builder_version=\u00a0\u00bb4.21.0&Prime; _module_preset=\u00a0\u00bbdefault\u00a0\u00bb theme_builder_area=\u00a0\u00bbpost_content\u00a0\u00bb hover_enabled=\u00a0\u00bb0&Prime; sticky_enabled=\u00a0\u00bb0&Prime;]<\/p>\n<h4 style=\"text-align: center;\"><span style=\"color: #008080;\">Les sessions, anim\u00e9es par des couples form\u00e9s, <\/span><\/h4>\n<h4 style=\"text-align: center;\"><span style=\"color: #008080;\">s\u2019ins\u00e8rent dans les parcours de pr\u00e9paration au mariage des paroisses.<\/span><\/h4>\n<p>[\/et_pb_text][\/et_pb_column][\/et_pb_row][\/et_pb_section][et_pb_section fb_built=\u00a0\u00bb1&Prime; admin_label=\u00a0\u00bbFun Fact Section\u00a0\u00bb _builder_version=\u00a0\u00bb4.21.0&Prime; background_color=\u00a0\u00bb#fcd21d\u00a0\u00bb custom_margin=\u00a0\u00bb|||\u00a0\u00bb custom_padding=\u00a0\u00bb3px||31px|||\u00a0\u00bb global_colors_info=\u00a0\u00bb{}\u00a0\u00bb theme_builder_area=\u00a0\u00bbpost_content\u00a0\u00bb][et_pb_row admin_label=\u00a0\u00bbService Section Title\u00a0\u00bb _builder_version=\u00a0\u00bb4.21.0&Prime; custom_margin=\u00a0\u00bb|auto|7px|auto||\u00a0\u00bb custom_padding=\u00a0\u00bb4px|||||\u00a0\u00bb animation_style=\u00a0\u00bbfade\u00a0\u00bb animation_direction=\u00a0\u00bbtop\u00a0\u00bb saved_tabs=\u00a0\u00bball\u00a0\u00bb global_colors_info=\u00a0\u00bb{}\u00a0\u00bb theme_builder_area=\u00a0\u00bbpost_content\u00a0\u00bb][et_pb_column type=\u00a0\u00bb4_4&Prime; _builder_version=\u00a0\u00bb4.16&Prime; custom_padding=\u00a0\u00bb|||\u00a0\u00bb global_colors_info=\u00a0\u00bb{}\u00a0\u00bb custom_padding__hover=\u00a0\u00bb|||\u00a0\u00bb theme_builder_area=\u00a0\u00bbpost_content\u00a0\u00bb][et_pb_text _builder_version=\u00a0\u00bb4.21.0&Prime; _module_preset=\u00a0\u00bbdefault\u00a0\u00bb background_color=\u00a0\u00bb#FFFFFF\u00a0\u00bb custom_padding=\u00a0\u00bb|10px||10px|false|true\u00a0\u00bb custom_padding_tablet=\u00a0\u00bb|10px||10px|false|true\u00a0\u00bb custom_padding_phone=\u00a0\u00bb|10px||10px|false|true\u00a0\u00bb custom_padding_last_edited=\u00a0\u00bbon|desktop\u00a0\u00bb border_radii=\u00a0\u00bboff|20px||20px|\u00a0\u00bb global_colors_info=\u00a0\u00bb{}\u00a0\u00bb theme_builder_area=\u00a0\u00bbpost_content\u00a0\u00bb]<\/p>\n<p style=\"text-align: center;\"><span class=\"html-span xexx8yu x4uap5 x18d9i69 xkhd6sd x1hl2dhg x16tdsg8 x1vvkbs x3nfvp2 x1j61x8r x1fcty0u xdj266r xat24cr xgzva0m xhhsvwb xxymvpz xlup9mm x1kky2od\"><\/span><\/p>\n<p>Les formats et les contenus d\u2019une session de pr\u00e9paration au mariage ne sont pas fig\u00e9s. Mais nos formations, notre p\u00e9dagogie et notre chartre nous donnent une structure et des th\u00e8mes communs.\u00a0<\/p>\n<p>Les th\u00e8mes abord\u00e9s le plus souvent en session de pr\u00e9paration au mariage\u00a0:\u00a0<\/p>\n<ul>\n<li><strong>Projet de vie de couple<\/strong>\u00a0: Une relecture de votre vie vous permet de r\u00e9aliser le chemin parcouru, et de r\u00e9fl\u00e9chir aux bases essentielles de votre projet de vie de couple et de famille.\u00a0<\/li>\n<\/ul>\n<ul>\n<li><strong>Les piliers du mariage chr\u00e9tien<\/strong>\u00a0: conditions de sa r\u00e9ussite\u00a0et base de votre engagement : Nous parlons de libert\u00e9, de fid\u00e9lit\u00e9, d\u2019accueil de l\u2019enfant, d\u2019ouverture aux autres, et bien-s\u00fbr de l\u2019importance et de la chance de s\u2019engager pour la vie.<\/li>\n<\/ul>\n<ul>\n<li><strong>Ouverture de l\u2019Evangile<\/strong>\u00a0: Nous avons \u00e0 c\u0153ur d\u2019affiner votre connaissance de J\u00e9sus\u00a0pour vous permettre de vous \u00e9merveiller du vrai visage de ce Dieu d\u2019Amour qui donne vie et souffle au sacrement de mariage.<\/li>\n<\/ul>\n<ul>\n<li><strong>Le sacrement du mariage<\/strong>\u00a0: Ce th\u00e8me peut \u00eatre l\u2019occasion de rencontrer un pr\u00eatre en session afin que les fianc\u00e9s puissent poser toutes les questions qu\u2019ils souhaitent au sujet du mariage chr\u00e9tien. (lien vers\u00a0: <strong>le sacrement du mariage)<\/strong><\/li>\n<\/ul>\n<ul>\n<li><strong>Exp\u00e9rience de la pri\u00e8re et de la vie paroissiale.<\/strong><\/li>\n<\/ul>\n<ul>\n<li><strong>La bonne communication dans le couple\u00a0:<\/strong> Cl\u00e9 de la durabilit\u00e9 de votre amour, la bonne communication, \u00e7a s\u2019apprend, et \u00e7a se travaille dans le temps\u00a0! Nous \u00e9voquons par exemple\u00a0: les diff\u00e9rences de communication entre hommes et femmes, la gestion des conflits, le pardon, les diff\u00e9rents langages de l\u2019amour, l\u2019intimit\u00e9 du couple, la sexualit\u00e9 \u2026<\/li>\n<\/ul>\n<ul>\n<li><strong>Quelques pistes pour r\u00e9ussir la c\u00e9l\u00e9bration du mariage\u00a0: <\/strong>C\u2019est avec le pr\u00eatre ou diacre qui vous mariera que vous pr\u00e9parerez votre c\u00e9l\u00e9bration, mais vous appr\u00e9cierez d\u2019avoir quelques points de rep\u00e8re, et quelques conseils pratiques g\u00e9n\u00e9raux.<\/li>\n<\/ul>\n<p style=\"text-align: center;\"><span class=\"html-span xexx8yu x4uap5 x18d9i69 xkhd6sd x1hl2dhg x16tdsg8 x1vvkbs x3nfvp2 x1j61x8r x1fcty0u xdj266r xat24cr xgzva0m xhhsvwb xxymvpz xlup9mm x1kky2od\"><\/span><\/p>\n<p>[\/et_pb_text][\/et_pb_column][\/et_pb_row][\/et_pb_section][et_pb_section fb_built=\u00a0\u00bb1&Prime; admin_label=\u00a0\u00bbTestimonial Section\u00a0\u00bb _builder_version=\u00a0\u00bb4.16&Prime; custom_margin=\u00a0\u00bb-42px|||||\u00a0\u00bb custom_padding=\u00a0\u00bb19px||32px|||\u00a0\u00bb global_colors_info=\u00a0\u00bb{}\u00a0\u00bb theme_builder_area=\u00a0\u00bbpost_content\u00a0\u00bb][et_pb_row _builder_version=\u00a0\u00bb4.21.0&Prime; _module_preset=\u00a0\u00bbdefault\u00a0\u00bb global_colors_info=\u00a0\u00bb{}\u00a0\u00bb theme_builder_area=\u00a0\u00bbpost_content\u00a0\u00bb][et_pb_column type=\u00a0\u00bb4_4&Prime; _builder_version=\u00a0\u00bb4.21.0&Prime; _module_preset=\u00a0\u00bbdefault\u00a0\u00bb global_colors_info=\u00a0\u00bb{}\u00a0\u00bb theme_builder_area=\u00a0\u00bbpost_content\u00a0\u00bb][et_pb_text _builder_version=\u00a0\u00bb4.21.0&Prime; _module_preset=\u00a0\u00bbdefault\u00a0\u00bb global_colors_info=\u00a0\u00bb{}\u00a0\u00bb theme_builder_area=\u00a0\u00bbpost_content\u00a0\u00bb]<\/p>\n<h4 style=\"text-align: center;\">Contact : Paroisse de la Rochelle <a href=\"https:\/\/paroisse-larochellecentre.fr\/etapes-de-la-vie\/le-mariage\/preparation-au-mariage-cpm\/#\" target=\" _blank\" rel=\"noopener\">07 66 71 45 55<\/a><span class=\"html-span xdj266r x11i5rnm xat24cr x1mh8g0r xexx8yu x4uap5 x18d9i69 xkhd6sd x1hl2dhg x16tdsg8 x1vvkbs\"><a attributionsrc=\"\/privacy_sandbox\/comet\/register\/source\/?xt=AZVoNU756CFSDsXTw0ByqDXj4d5kkxFxKuT8cmsbdPY2hRriJIhPyYzAlDyuBvqQEx1CeIcOuM2vSxVHeIANcRmcVy-hJJmnaGiuSUqLSqVa_oI07PYExqDRt9MuiJrJfIyLDSQPJy96BXpIfogmT-n_vLiIXAMJTwmwE_PLjFrAiyOP-lLwlMa4sqkmS2dj0UJhsQ4-vkEPz0hNLfH6pCiYcoNC_4VltLfQpis2HtXBv6_sAUZKnmtW6umeHBuWGH2kU2zW205q-Mo_yNLkP21JvvkoKwuavlerxLNC-p9zsW2Nte6yBc1-UL8Er98cUKIglSgflFHf7sN7EJdiA7u9m1px9npu_KsbrJgS4OdSQ8glNDyf7qecuBozSz3loBID6rUWLOYRMqMWhcqkF7wgqp8GfWaSTG3riZ7MC-0o0OCnT1_2nSPW3kymzb9ddY8k8gUrYBWksq5WvZ7_nZGCy11IaAgRZvwTIBjtGJLKXYjswz6dP7i6KHrNktPQ1LGfjXT_6z26_C7w9GpL43TLmZ6DP0zu-oPAiGNJW6MmQQJ0ZiQ69qrvQKsIgP2cRL5IfAJD9nk4H6TdDBrc3J4e9ZUwz3gLspVGW8xHA6_kTkNfQjFZt77CRDyY3HMRW90O9AomwGT1mBr7px1UmsMtghZNPGDkaQYnM02TE4lpJjiVmuviLVnVklFLrsMlUwneUs5OnxaKeuaGY8tHTtBE2WLXdzhFBRXUfBzZzfMQJ7MJy9dGG1lIB_HTIQnacCr1DJft4pDGdMoGUm_D2aIX-KoTL92MNvpQAgK3mrChFm8-QXYYEhSCBSbINE0AwJhvhG3H7el8sG7H0ryzQFL2nOCgTEVd9azIzH_DhFcV8JIblZCazTr9DJPPI4G_JjcTRmlOo1TtX9D5PlkaXVgGpT5qHzIV9JGl64B2WtGZqFyJk9jdMF7dQbh7Q_mrPNISwpvFf98X7Yalf1mCYNdBYSqeT3_5vpQOSvR8n1zO0ptsIYAno1h1pcDI09YZH8l1VAXsusxu-QdjumzYMdgm6MfUHJvzFrdk2HnM_-HgG8EDJVzWuNCMoi_yBbGBoCcs774YwCpsdcv9HnQeHim1Kc8GHWyxMIzeAJmG-KdmTkBRmU8kJC9H9IE1uy4WjG1IRXzVPLgVnScSjVZEkOHveI1odMkn8obpOQsz6L0myeqp3dBl82YYZ6Rmin-K1YYIHF3rPcsPgb9uw06axLqJV2WHVwXd1P-BUScekNm0XE20jfceLe_4n8e12pPQNH0N6gGEwIAKnw3CxABXW_TirxuQNiJPFSG_LqoVYPRU_YiSlI9QEXVt_lsK9Ch2idn1LGK7c1SzIvXlAhS17q8-aoHrS9AR6NBA9cKOomD0uYSNivWfXV_0CQwIvDy8ksIbgELOZRcAH3DTmtpHTpXXV4hfL1wABDjeg1pCz0YdfRBU9EqoRdwc9rxOO99scZ3DBTZhUVGbzf19x0F2_o5Ge5_x0tIjyoTpO-Wue0M_o0RSTTGWUieceNonDngkD9Zw0U6JUsC6Kmcqfs4iMOdWNYahYNpMZQDmAMl6Vbte9nUHrqDv64qxYZ3dI9bQe_JcRef09tHEWxs4UH2gJqYtcQ78CxIyr7mXbEU6ssHr-VnW--g7Ks1fp0IoGBZp0VOS3MFMUEwRwUzfnmDe8A-C8-uJfExNK466pbGq2Tpttc6fxtHjen7cPskdC9zSDkT6sHDYb74P2dkO3GXPBWFQMFbTX0ycUz_FwIyK-zSQ041rNkrLiPAQIFI_qnqcnH313NnIYjjTbBtY1sN9tGzxIgta_UlX-ul4pg1zckZBiDBXXGdbNKzUpPL3qwInNSrJXSkAzKNdOzlLl3NKrlW0FSkkdRXeqVw146tvcQx0uFOXiWlbcJ-cSJoIiJLohsUCZmS9jniPmUQaAP2jVOQuhqN5JJyigZD21iOJz35zbGdMgw4Hc0VIviHuKFvljgOKBn72kYbAyMUUd1wTHIL7kKGHyeKkkK_lvZUGY6VX7mhH_TzIbXgSWyKD7imSOjWrvlWjlYLuzQOf7fTkk1sG1ZkcJaVsQHZvEnkdCWznGG0A3zyoIk7VsouCnH7uv4wGv5w8WojLjb1YfnYMDqqe35G0AVdo7Xov8HTQUzf-GaLjxnze_LLQ_rSH4qlXSj1lUk1dt6HL9HT2hc6Q5NUTaM6e-2Qhy04mOnJEGR2WktZdZFf_zxq4LZ_YqVGaIbuQk_GaSVqCoQP5Oi0rN6fhLULjRKcrmCN_EWX97jsIFjON1pjwuu6VYk_e6-BDdVC7FGgBAnpgb45W-GCA-949aYgV9_AJnp0BIiUdkGln4Pzg9WSmRVMXu_EPTWaH71nTMhMUoZq7QlB_QpwHHnADy5-Ow317S3KNo-kUlVxHqj_kLlVoa0CNDqtPYOfx6Z2Xldsn-7tnw5SUBF4gHjf2V_3TjwWVxyZWrFJ2DPR1m3zpNd3uoKiBzFs-KXaChl9fb9ZCC2xVaSzi2LOtboX8WvZwup6y3EWtCas5FsLUaqhrKfYjomJ0HBXFjx5W7L_nBXm5PnsmGFoZCw-fQOfCVAj5_MH4fNzfYdLz0F5eV7ixDcXNrhX6KM67hNG6b3GANyi7jVLrf3UaDUBPFCODl5JuPtmrIO4QhGoVJx08lo08y36lTxxJOCZ1VE7fFD0P9RDkjQ1D7lF-Ev2X0scPG0sxgcvesYkwGrCtO3mlsGMG1dF2fxx6K4tlvPLbUcF3gTeroAaEXDbBVmJ7uvAqCrBO2aQfyjGlhNHp4Eq0w7p4wwdatQuAYzzQOg7bZDbPXu_uJYq3LhKF-sK5JlXljVl4EfoPUqU1HgCRrllZssx3UMdOll397ZBuasJFtGMNvL6VzydZ13Hw0OPW0Ra6-evTE6P-AD4N4aNZVUPtYtHQ2c_f9uzLR3wPF8M4Kb8FraDuHU7OSE7M4Xty-yTtyo_GnH4lnieYnmOVVOtfC1CDHmKnVUwscSBPqnvv9aEHfxyg8L9dMoYpjIdDoPDwHdLdObzQisPQSo9X2DW5cu_K40cvM3IU8QFCbJ2k2gOU_t8WsM3car_6mj2uAmmr1CcsFuiMSxdXOXG_fAaQQ-nNYGkJEUSL4scibTdemT3qeTI4AckUdj5c0aJh9J0Cfz3pWbNPj3rYrrL4JSapBGeG23cuEnSd_MRsiXbbW4TjRCNNOf5uCPl83tI4kCk5Ye2XjpJfwgJSXu50GFXonZkj5V3f2IfoZBT4KzbpBsLVlSphdZhvBf2UC_iXcHnPjcBGp9ztGB5Epe18yyKYHAzdANZd3pxJFIHQjvt6KVo9HKXzfTvuD__agQNW5RSyu5iCJZ-Sy324tRrQD2WUl61EXARVXvUBvL9F9QgUaEBjL0U3bf1vty1bkEDB65HtP7GkPsBGeIjdMDsYUpJeximbx1AT14v5pODmyIdF5PBM6fudhlkKn-enrDT8qzp-\" class=\"x1i10hfl xjbqb8w x1ejq31n xd10rxx x1sy0etr x17r0tee x972fbf xcfux6l x1qhh985 xm0m39n x9f619 x1ypdohk xt0psk2 xe8uvvx xdj266r x11i5rnm xat24cr x1mh8g0r xexx8yu x4uap5 x18d9i69 xkhd6sd x16tdsg8 x1hl2dhg xggy1nq x1a2a7pz x1sur9pj xkrqix3 x1fey0fg\" href=\"https:\/\/l.facebook.com\/l.php?u=https%3A%2F%2Fwww.helloasso.com%2Fassociations%2Fles-heritiers-de-la-recup%3Ffbclid%3DIwZXh0bgNhZW0CMTAAAR2D4sDFap6mKRFXsbS3DR8yvmtXXXk5RXnoMOA7kEq-dN-tDvdmchssYsw_aem_lRCbCUUrW_X3siQF-m32wg&amp;h=AT2phcqUe3rYNplAQMkaIHmTKaXF0Ot7Qyg0WHso0QxrvFhNOKD3IxMnMeSzrR8qZtb7TF7pK7OGO5KRdBW4LEgvEzgfka5v7IRgRkrIILsF7ZcDBSd5Ca01vnKP8jhYSCWd&amp;__tn__=-UK-R&amp;c[0]=AT3ro6VWO8Y4EURR8GEwgStJc5JBLYfWB82mox7hL2sHAODtDIVjrfI8JWEj38Lsn7Gr_HGrjseBzG9HNDwyG16aAv6Iq5llKWOJUNUEftkfRkS6msD5CYzeH-mdu3Em-CmO6ZP-M93jFumfze4g9NgVnq10KuUuM3NhtL_3fgzn1pK3prEiWiA3I4iJ2aIBAVyIsfGoABj_e5R1_j0VcOqe7zvsKkG5EDjK\" rel=\"nofollow noopener noreferrer\" role=\"link\" target=\"_blank\" tabindex=\"0\"><\/a><\/span><\/h4>\n<p>[\/et_pb_text][\/et_pb_column][\/et_pb_row][\/et_pb_section]<\/p>\n","protected":false},"excerpt":{"rendered":"<p>Le CPM propose un temps d\u2019accompagnement aux couples d\u00e9sirant se marier \u00e0 l\u2019Eglise, selon une p\u00e9dagogie bas\u00e9e sur l\u2019accueil inconditionnel, l\u2019\u00e9coute et le partage. \u00a0 &nbsp;Les sessions, anim\u00e9es par des [&hellip;]<\/p>\n","protected":false},"author":4,"featured_media":0,"parent":6709,"menu_order":0,"comment_status":"closed","ping_status":"closed","template":"","meta":{"_et_pb_use_builder":"on","_et_pb_old_content":"<!-- wp:divi\/placeholder \/-->","_et_gb_content_width":"","footnotes":""},"class_list":["post-6715","page","type-page","status-publish","hentry"],"_links":{"self":[{"href":"https:\/\/catholiques17.fr\/souzy\/wp-json\/wp\/v2\/pages\/6715","targetHints":{"allow":["GET"]}}],"collection":[{"href":"https:\/\/catholiques17.fr\/souzy\/wp-json\/wp\/v2\/pages"}],"about":[{"href":"https:\/\/catholiques17.fr\/souzy\/wp-json\/wp\/v2\/types\/page"}],"author":[{"embeddable":true,"href":"https:\/\/catholiques17.fr\/souzy\/wp-json\/wp\/v2\/users\/4"}],"replies":[{"embeddable":true,"href":"https:\/\/catholiques17.fr\/souzy\/wp-json\/wp\/v2\/comments?post=6715"}],"version-history":[{"count":11,"href":"https:\/\/catholiques17.fr\/souzy\/wp-json\/wp\/v2\/pages\/6715\/revisions"}],"predecessor-version":[{"id":6836,"href":"https:\/\/catholiques17.fr\/souzy\/wp-json\/wp\/v2\/pages\/6715\/revisions\/6836"}],"up":[{"embeddable":true,"href":"https:\/\/catholiques17.fr\/souzy\/wp-json\/wp\/v2\/pages\/6709"}],"wp:attachment":[{"href":"https:\/\/catholiques17.fr\/souzy\/wp-json\/wp\/v2\/media?parent=6715"}],"curies":[{"name":"wp","href":"https:\/\/api.w.org\/{rel}","templated":true}]}}