{"id":5214,"date":"2021-12-02T14:35:13","date_gmt":"2021-12-02T13:35:13","guid":{"rendered":"https:\/\/catholiques17.fr\/souzy\/?page_id=5214"},"modified":"2023-11-14T10:25:56","modified_gmt":"2023-11-14T09:25:56","slug":"mise-a-disposition-de-salles","status":"publish","type":"page","link":"https:\/\/catholiques17.fr\/souzy\/a-propos\/mise-a-disposition-de-salles\/","title":{"rendered":"Mise \u00e0 disposition de salles"},"content":{"rendered":"<p>[et_pb_section fb_built=\u00a0\u00bb1&Prime; _builder_version=\u00a0\u00bb4.16&Prime; _module_preset=\u00a0\u00bbdefault\u00a0\u00bb custom_padding=\u00a0\u00bb12px|||||\u00a0\u00bb global_colors_info=\u00a0\u00bb{}\u00a0\u00bb theme_builder_area=\u00a0\u00bbpost_content\u00a0\u00bb][et_pb_row _builder_version=\u00a0\u00bb4.21.0&Prime; _module_preset=\u00a0\u00bbdefault\u00a0\u00bb custom_padding=\u00a0\u00bb2px|||||\u00a0\u00bb global_colors_info=\u00a0\u00bb{}\u00a0\u00bb theme_builder_area=\u00a0\u00bbpost_content\u00a0\u00bb][et_pb_column type=\u00a0\u00bb4_4&Prime; _builder_version=\u00a0\u00bb4.21.0&Prime; _module_preset=\u00a0\u00bbdefault\u00a0\u00bb global_colors_info=\u00a0\u00bb{}\u00a0\u00bb theme_builder_area=\u00a0\u00bbpost_content\u00a0\u00bb][et_pb_image src=\u00a0\u00bbhttps:\/\/catholiques17.fr\/souzy\/wp-content\/uploads\/sites\/28\/2021\/12\/IMG_0134.jpg\u00a0\u00bb title_text=\u00a0\u00bbIMG_0134&Prime; align=\u00a0\u00bbcenter\u00a0\u00bb _builder_version=\u00a0\u00bb4.21.0&Prime; _module_preset=\u00a0\u00bbdefault\u00a0\u00bb global_colors_info=\u00a0\u00bb{}\u00a0\u00bb theme_builder_area=\u00a0\u00bbpost_content\u00a0\u00bb][\/et_pb_image][\/et_pb_column][\/et_pb_row][et_pb_row _builder_version=\u00a0\u00bb4.21.0&Prime; _module_preset=\u00a0\u00bbdefault\u00a0\u00bb global_colors_info=\u00a0\u00bb{}\u00a0\u00bb theme_builder_area=\u00a0\u00bbpost_content\u00a0\u00bb][et_pb_column type=\u00a0\u00bb4_4&Prime; _builder_version=\u00a0\u00bb4.21.0&Prime; _module_preset=\u00a0\u00bbdefault\u00a0\u00bb global_colors_info=\u00a0\u00bb{}\u00a0\u00bb theme_builder_area=\u00a0\u00bbpost_content\u00a0\u00bb][et_pb_text _builder_version=\u00a0\u00bb4.21.0&Prime; _module_preset=\u00a0\u00bbdefault\u00a0\u00bb global_colors_info=\u00a0\u00bb{}\u00a0\u00bb theme_builder_area=\u00a0\u00bbpost_content\u00a0\u00bb]<\/p>\n<h3 style=\"text-align: center;\"><strong>Deux salles peuvent \u00eatre mises \u00e0 disposition, <\/strong><\/h3>\n<h3 style=\"text-align: center;\"><strong>pour vos \u00e9v\u00e9nements familiaux, d&rsquo;entreprises ou associatifs :<\/strong><\/h3>\n<p>[\/et_pb_text][\/et_pb_column][\/et_pb_row][et_pb_row column_structure=\u00a0\u00bb2_5,3_5&Prime; _builder_version=\u00a0\u00bb4.21.0&Prime; _module_preset=\u00a0\u00bbdefault\u00a0\u00bb global_colors_info=\u00a0\u00bb{}\u00a0\u00bb theme_builder_area=\u00a0\u00bbpost_content\u00a0\u00bb][et_pb_column type=\u00a0\u00bb2_5&Prime; _builder_version=\u00a0\u00bb4.21.0&Prime; _module_preset=\u00a0\u00bbdefault\u00a0\u00bb global_colors_info=\u00a0\u00bb{}\u00a0\u00bb theme_builder_area=\u00a0\u00bbpost_content\u00a0\u00bb][et_pb_image src=\u00a0\u00bbhttps:\/\/catholiques17.fr\/souzy\/wp-content\/uploads\/sites\/28\/2021\/12\/IMG_0669.jpg\u00a0\u00bb title_text=\u00a0\u00bbIMG_0669&Prime; _builder_version=\u00a0\u00bb4.21.0&Prime; _module_preset=\u00a0\u00bbdefault\u00a0\u00bb custom_padding=\u00a0\u00bb5px||||false|false\u00a0\u00bb custom_padding_tablet=\u00a0\u00bb5px||||false|false\u00a0\u00bb custom_padding_phone=\u00a0\u00bb5px||||false|false\u00a0\u00bb custom_padding_last_edited=\u00a0\u00bbon|desktop\u00a0\u00bb global_colors_info=\u00a0\u00bb{}\u00a0\u00bb theme_builder_area=\u00a0\u00bbpost_content\u00a0\u00bb][\/et_pb_image][et_pb_text _builder_version=\u00a0\u00bb4.21.0&Prime; _module_preset=\u00a0\u00bbdefault\u00a0\u00bb global_colors_info=\u00a0\u00bb{}\u00a0\u00bb theme_builder_area=\u00a0\u00bbpost_content\u00a0\u00bb]<\/p>\n<p><span style=\"color: #008080;\"><strong><span style=\"text-decoration: underline;\">Participation aux frais<\/span> :<\/strong><\/span><\/p>\n<p><span style=\"color: #008080;\"><strong><\/strong><\/span><\/p>\n<ul>\n<li>\u00a0journ\u00e9e : 190 euros<\/li>\n<li>1\/2 journ\u00e9e \/ soir\u00e9e : 110 euros<\/li>\n<li>week-end : 300 euros<\/li>\n<li>semaine : 300 euros<\/li>\n<\/ul>\n<p>[\/et_pb_text][\/et_pb_column][et_pb_column type=\u00a0\u00bb3_5&Prime; _builder_version=\u00a0\u00bb4.21.0&Prime; _module_preset=\u00a0\u00bbdefault\u00a0\u00bb global_colors_info=\u00a0\u00bb{}\u00a0\u00bb theme_builder_area=\u00a0\u00bbpost_content\u00a0\u00bb][et_pb_text _builder_version=\u00a0\u00bb4.21.0&Prime; _module_preset=\u00a0\u00bbdefault\u00a0\u00bb custom_padding=\u00a0\u00bb0px||||false|false\u00a0\u00bb custom_padding_tablet=\u00a0\u00bb0px||||false|false\u00a0\u00bb custom_padding_phone=\u00a0\u00bb0px||||false|false\u00a0\u00bb custom_padding_last_edited=\u00a0\u00bbon|desktop\u00a0\u00bb global_colors_info=\u00a0\u00bb{}\u00a0\u00bb theme_builder_area=\u00a0\u00bbpost_content\u00a0\u00bb]<\/p>\n<p><span style=\"color: #008080;\"><strong>Salle de la rotonde<\/strong><\/span><\/p>\n<p><span class=\"OYPEnA text-decoration-none text-strikethrough-none\" style=\"color: #303030; font-weight: 400; font-style: normal;\">Capacit\u00e9 d\u2019accueil : 100 personnes assises et 120 debout<\/span><\/p>\n<p><span class=\"OYPEnA text-decoration-none text-strikethrough-none\" style=\"color: #303030; font-weight: 500; font-style: normal;\">La salle est enti\u00e8rement modulable<\/span><\/p>\n<p><span class=\"OYPEnA text-decoration-none text-strikethrough-none\" style=\"color: #303030; font-weight: 500; font-style: normal;\">Possibilit\u00e9 de disposer de tables \u00e9critoires (40 places)<\/span><\/p>\n<p><span class=\"OYPEnA text-decoration-none text-strikethrough-none\" style=\"color: #303030; font-weight: 500; font-style: normal;\">Vid\u00e9oprojection et sonorisation<\/span><\/p>\n<p><span class=\"OYPEnA text-decoration-none text-strikethrough-none\" style=\"color: #303030; font-weight: 500; font-style: normal;\">Salle d\u2019exposition permanente<\/span><\/p>\n<p>[\/et_pb_text][\/et_pb_column][\/et_pb_row][et_pb_row column_structure=\u00a0\u00bb2_5,3_5&Prime; _builder_version=\u00a0\u00bb4.21.0&Prime; _module_preset=\u00a0\u00bbdefault\u00a0\u00bb custom_padding=\u00a0\u00bb5px|||||\u00a0\u00bb global_colors_info=\u00a0\u00bb{}\u00a0\u00bb theme_builder_area=\u00a0\u00bbpost_content\u00a0\u00bb][et_pb_column type=\u00a0\u00bb2_5&Prime; _builder_version=\u00a0\u00bb4.21.0&Prime; _module_preset=\u00a0\u00bbdefault\u00a0\u00bb global_colors_info=\u00a0\u00bb{}\u00a0\u00bb theme_builder_area=\u00a0\u00bbpost_content\u00a0\u00bb][et_pb_image title_text=\u00a0\u00bbamis de Souzy 3&Prime; _builder_version=\u00a0\u00bb4.21.0&Prime; _module_preset=\u00a0\u00bbdefault\u00a0\u00bb global_colors_info=\u00a0\u00bb{}\u00a0\u00bb theme_builder_area=\u00a0\u00bbpost_content\u00a0\u00bb][\/et_pb_image][et_pb_image src=\u00a0\u00bbhttps:\/\/catholiques17.fr\/souzy\/wp-content\/uploads\/sites\/28\/2023\/11\/IMG-33781_1.jpg\u00a0\u00bb title_text=\u00a0\u00bbIMG-3378(1)_1&Prime; _builder_version=\u00a0\u00bb4.21.0&Prime; _module_preset=\u00a0\u00bbdefault\u00a0\u00bb custom_padding=\u00a0\u00bb0px||||false|false\u00a0\u00bb custom_padding_tablet=\u00a0\u00bb0px||||false|false\u00a0\u00bb custom_padding_phone=\u00a0\u00bb0px||||false|false\u00a0\u00bb custom_padding_last_edited=\u00a0\u00bbon|desktop\u00a0\u00bb global_colors_info=\u00a0\u00bb{}\u00a0\u00bb theme_builder_area=\u00a0\u00bbpost_content\u00a0\u00bb][\/et_pb_image][\/et_pb_column][et_pb_column type=\u00a0\u00bb3_5&Prime; _builder_version=\u00a0\u00bb4.21.0&Prime; _module_preset=\u00a0\u00bbdefault\u00a0\u00bb global_colors_info=\u00a0\u00bb{}\u00a0\u00bb theme_builder_area=\u00a0\u00bbpost_content\u00a0\u00bb][et_pb_text _builder_version=\u00a0\u00bb4.21.0&Prime; _module_preset=\u00a0\u00bbdefault\u00a0\u00bb custom_padding=\u00a0\u00bb21px||||false|false\u00a0\u00bb custom_padding_tablet=\u00a0\u00bb21px||||false|false\u00a0\u00bb custom_padding_phone=\u00a0\u00bb21px||||false|false\u00a0\u00bb custom_padding_last_edited=\u00a0\u00bbon|desktop\u00a0\u00bb global_colors_info=\u00a0\u00bb{}\u00a0\u00bb theme_builder_area=\u00a0\u00bbpost_content\u00a0\u00bb]<\/p>\n<p><strong><span style=\"color: #bc3434;\">Salle de r\u00e9union annexe<\/span><br \/><\/strong><\/p>\n<p>Capacit\u00e9 d&rsquo;accueil : 40 places assises<\/p>\n<p>&nbsp;<\/p>\n<p class=\"cvGsUA direction-ltr align-justify para-style-title\"><strong><span class=\"OYPEnA text-decoration-none text-strikethrough-none\"><span style=\"color: #bc3434;\"><span style=\"text-decoration: underline;\">Participation aux frais<\/span> :<\/span> <\/span><\/strong><\/p>\n<ul>\n<li class=\"cvGsUA direction-ltr align-justify para-style-title\"><span class=\"OYPEnA text-decoration-none text-strikethrough-none\">Journ\u00e9e 90 euros<\/span><\/li>\n<li class=\"cvGsUA direction-ltr align-justify para-style-title\"><span class=\"OYPEnA text-decoration-none text-strikethrough-none\">demi-journ\u00e9e\/soir\u00e9e : 60 euros<\/span><\/li>\n<li class=\"cvGsUA direction-ltr align-justify para-style-title\"><span class=\"OYPEnA text-decoration-none text-strikethrough-none\">week-end : 150 euros<\/span><\/li>\n<li class=\"cvGsUA direction-ltr align-justify para-style-title\"><span class=\"OYPEnA text-decoration-none text-strikethrough-none\">semaine : 250 euros<\/span><\/li>\n<\/ul>\n<p>[\/et_pb_text][\/et_pb_column][\/et_pb_row][et_pb_row _builder_version=\u00a0\u00bb4.21.0&Prime; _module_preset=\u00a0\u00bbdefault\u00a0\u00bb global_colors_info=\u00a0\u00bb{}\u00a0\u00bb theme_builder_area=\u00a0\u00bbpost_content\u00a0\u00bb][et_pb_column type=\u00a0\u00bb4_4&Prime; _builder_version=\u00a0\u00bb4.21.0&Prime; _module_preset=\u00a0\u00bbdefault\u00a0\u00bb global_colors_info=\u00a0\u00bb{}\u00a0\u00bb theme_builder_area=\u00a0\u00bbpost_content\u00a0\u00bb][et_pb_text _builder_version=\u00a0\u00bb4.21.0&Prime; _module_preset=\u00a0\u00bbdefault\u00a0\u00bb background_color=\u00a0\u00bb#BC3434&Prime; global_colors_info=\u00a0\u00bb{}\u00a0\u00bb theme_builder_area=\u00a0\u00bbpost_content\u00a0\u00bb]<\/p>\n<p style=\"text-align: center;\">\n<p style=\"text-align: center;\"><span style=\"color: #ffffff;\">Sanitaires et cuisine (\u00e9lectrom\u00e9nager &#8211; vaisselle) \u00e0 disposition. Cour int\u00e9rieur.<\/span><\/p>\n<p style=\"text-align: center;\"><span style=\"color: #ffffff;\">Attention : il n&rsquo;est pas possible de prendre des repas dans la salle de la rotonde.<\/span><\/p>\n<p style=\"text-align: center;\">\n<p>[\/et_pb_text][\/et_pb_column][\/et_pb_row][et_pb_row _builder_version=\u00a0\u00bb4.21.0&Prime; _module_preset=\u00a0\u00bbdefault\u00a0\u00bb global_colors_info=\u00a0\u00bb{}\u00a0\u00bb theme_builder_area=\u00a0\u00bbpost_content\u00a0\u00bb][et_pb_column type=\u00a0\u00bb4_4&Prime; _builder_version=\u00a0\u00bb4.21.0&Prime; _module_preset=\u00a0\u00bbdefault\u00a0\u00bb global_colors_info=\u00a0\u00bb{}\u00a0\u00bb theme_builder_area=\u00a0\u00bbpost_content\u00a0\u00bb][et_pb_icon font_icon=\u00a0\u00bb&#xf373;||fa||400&Prime; _builder_version=\u00a0\u00bb4.21.0&Prime; _module_preset=\u00a0\u00bbdefault\u00a0\u00bb global_colors_info=\u00a0\u00bb{}\u00a0\u00bb theme_builder_area=\u00a0\u00bbpost_content\u00a0\u00bb][\/et_pb_icon][et_pb_button button_text=\u00a0\u00bbT\u00e9l\u00e9charger la documentation\u00a0\u00bb _builder_version=\u00a0\u00bb4.21.0&Prime; _module_preset=\u00a0\u00bbdefault\u00a0\u00bb theme_builder_area=\u00a0\u00bbpost_content\u00a0\u00bb custom_button=\u00a0\u00bbon\u00a0\u00bb button_text_color=\u00a0\u00bb#BC3434&Prime; button_border_radius=\u00a0\u00bb8px\u00a0\u00bb button_icon=\u00a0\u00bb&#xf518;||fa||900&Prime; button_alignment=\u00a0\u00bbcenter\u00a0\u00bb button_url=\u00a0\u00bbhttps:\/\/catholiques17.fr\/souzy\/wp-content\/uploads\/sites\/28\/2023\/11\/Salles-Souzy-compr.pdf\u00a0\u00bb url_new_window=\u00a0\u00bbon\u00a0\u00bb hover_enabled=\u00a0\u00bb0&Prime; sticky_enabled=\u00a0\u00bb0&Prime;][\/et_pb_button][\/et_pb_column][\/et_pb_row][et_pb_row _builder_version=\u00a0\u00bb4.21.0&Prime; _module_preset=\u00a0\u00bbdefault\u00a0\u00bb global_colors_info=\u00a0\u00bb{}\u00a0\u00bb theme_builder_area=\u00a0\u00bbpost_content\u00a0\u00bb][et_pb_column type=\u00a0\u00bb4_4&Prime; _builder_version=\u00a0\u00bb4.21.0&Prime; _module_preset=\u00a0\u00bbdefault\u00a0\u00bb global_colors_info=\u00a0\u00bb{}\u00a0\u00bb theme_builder_area=\u00a0\u00bbpost_content\u00a0\u00bb][et_pb_text _builder_version=\u00a0\u00bb4.21.0&Prime; _module_preset=\u00a0\u00bbdefault\u00a0\u00bb global_colors_info=\u00a0\u00bb{}\u00a0\u00bb theme_builder_area=\u00a0\u00bbpost_content\u00a0\u00bb]<\/p>\n<p style=\"text-align: center;\"><strong>Pour r\u00e9server une salle ou demander des informations compl\u00e9mentaires :<\/strong><\/p>\n<p style=\"text-align: center;\"><a href=\"mailto:jbsouzy@orange.fr\">jbsouzy@wanadoo.fr<\/a> &#8211; <span>05 46 44 77 13<\/span><\/p>\n<p>[\/et_pb_text][\/et_pb_column][\/et_pb_row][\/et_pb_section]<\/p>\n","protected":false},"excerpt":{"rendered":"<p>Deux salles peuvent \u00eatre mises \u00e0 disposition, pour vos \u00e9v\u00e9nements familiaux, d&rsquo;entreprises ou associatifs :Participation aux frais : \u00a0journ\u00e9e : 190 euros 1\/2 journ\u00e9e \/ soir\u00e9e : 110 euros week-end [&hellip;]<\/p>\n","protected":false},"author":4,"featured_media":0,"parent":5195,"menu_order":0,"comment_status":"closed","ping_status":"closed","template":"","meta":{"_et_pb_use_builder":"on","_et_pb_old_content":"<!-- wp:divi\/placeholder \/-->","_et_gb_content_width":"","footnotes":""},"class_list":["post-5214","page","type-page","status-publish","hentry"],"_links":{"self":[{"href":"https:\/\/catholiques17.fr\/souzy\/wp-json\/wp\/v2\/pages\/5214","targetHints":{"allow":["GET"]}}],"collection":[{"href":"https:\/\/catholiques17.fr\/souzy\/wp-json\/wp\/v2\/pages"}],"about":[{"href":"https:\/\/catholiques17.fr\/souzy\/wp-json\/wp\/v2\/types\/page"}],"author":[{"embeddable":true,"href":"https:\/\/catholiques17.fr\/souzy\/wp-json\/wp\/v2\/users\/4"}],"replies":[{"embeddable":true,"href":"https:\/\/catholiques17.fr\/souzy\/wp-json\/wp\/v2\/comments?post=5214"}],"version-history":[{"count":12,"href":"https:\/\/catholiques17.fr\/souzy\/wp-json\/wp\/v2\/pages\/5214\/revisions"}],"predecessor-version":[{"id":6374,"href":"https:\/\/catholiques17.fr\/souzy\/wp-json\/wp\/v2\/pages\/5214\/revisions\/6374"}],"up":[{"embeddable":true,"href":"https:\/\/catholiques17.fr\/souzy\/wp-json\/wp\/v2\/pages\/5195"}],"wp:attachment":[{"href":"https:\/\/catholiques17.fr\/souzy\/wp-json\/wp\/v2\/media?parent=5214"}],"curies":[{"name":"wp","href":"https:\/\/api.w.org\/{rel}","templated":true}]}}