{"id":7812,"date":"2022-09-08T12:45:00","date_gmt":"2022-09-08T10:45:00","guid":{"rendered":"https:\/\/catholiques17.fr\/saintsulpice\/?page_id=7812"},"modified":"2022-12-21T20:30:41","modified_gmt":"2022-12-21T19:30:41","slug":"maisons-devangile","status":"publish","type":"page","link":"https:\/\/catholiques17.fr\/saintsulpice\/spiritualite\/maisons-devangile\/","title":{"rendered":"Maisons d&rsquo;Evangile"},"content":{"rendered":"<p>[et_pb_section fb_built=\u00a0\u00bb1&Prime; _builder_version=\u00a0\u00bb4.17.6&Prime; _module_preset=\u00a0\u00bbdefault\u00a0\u00bb background_color=\u00a0\u00bbRGBA(0,0,0,0)\u00a0\u00bb background_enable_image=\u00a0\u00bboff\u00a0\u00bb background_size=\u00a0\u00bbinitial\u00a0\u00bb background_repeat=\u00a0\u00bbrepeat\u00a0\u00bb custom_padding=\u00a0\u00bb13px|||||\u00a0\u00bb locked=\u00a0\u00bboff\u00a0\u00bb global_colors_info=\u00a0\u00bb{}\u00a0\u00bb theme_builder_area=\u00a0\u00bbpost_content\u00a0\u00bb][et_pb_row _builder_version=\u00a0\u00bb4.17.6&Prime; _module_preset=\u00a0\u00bbdefault\u00a0\u00bb global_colors_info=\u00a0\u00bb{}\u00a0\u00bb theme_builder_area=\u00a0\u00bbpost_content\u00a0\u00bb][et_pb_column type=\u00a0\u00bb4_4&Prime; _builder_version=\u00a0\u00bb4.17.6&Prime; _module_preset=\u00a0\u00bbdefault\u00a0\u00bb global_colors_info=\u00a0\u00bb{}\u00a0\u00bb theme_builder_area=\u00a0\u00bbpost_content\u00a0\u00bb][et_pb_text _builder_version=\u00a0\u00bb4.17.6&Prime; _module_preset=\u00a0\u00bbdefault\u00a0\u00bb hover_enabled=\u00a0\u00bb0&Prime; global_colors_info=\u00a0\u00bb{}\u00a0\u00bb theme_builder_area=\u00a0\u00bbpost_content\u00a0\u00bb sticky_enabled=\u00a0\u00bb0&Prime;]<\/p>\n<p><span style=\"font-size: large\">\u00a0\u00ab\u00a0<\/span><strong><span style=\"font-size: large\">Va trouver tes fr\u00e8res et partage leur la parole<\/span><\/strong><span style=\"font-size: large\">\u00a0\u00bb Jn 20,17<\/span><\/p>\n<p><span style=\"font-size: large\">Un concept tout simple : des maisons comme les n\u00f4tres qui s&rsquo;ouvrent aux amis, aux voisins, aux coll\u00e8gues, \u00e0 la famille, proches ou non de la Foi pour lire un livre de la Bible, \u00e9changer, chercher et prier ensemble dans une atmosph\u00e8re conviviale comme dans les 1\u00e8res communaut\u00e9s chr\u00e9tiennes.<\/span><br \/><span style=\"font-size: large\">C&rsquo;est une lecture o\u00f9 chacun peut s&rsquo;\u00e9tonner, admirer, se questionner, d\u00e9couvrir les faits, les gestes, les paroles de J\u00e9sus. La parole de Dieu sera une lampe, une lumi\u00e8re, celle de l&rsquo;esp\u00e9rance qui p\u00e9n\u00e9trera dans nos quartiers, nos lieux de vie, dans nos c\u0153urs. Il n&rsquo;est pas besoin de connaissances particuli\u00e8res, seulement une envie de participer. La m\u00e9thode est souple. Chaque \u00ab maison \u00bb a son propre rythme. <\/span><\/p>\n<p><span style=\"font-size: large\">Si l&rsquo;exp\u00e9rience vous tente, contacter : Christine Bernard T\u00e9l 06 13 45 45 31\u200b.<\/span><\/p>\n<p>[\/et_pb_text][\/et_pb_column][\/et_pb_row][et_pb_row _builder_version=\u00a0\u00bb4.17.6&Prime; _module_preset=\u00a0\u00bbdefault\u00a0\u00bb global_colors_info=\u00a0\u00bb{}\u00a0\u00bb theme_builder_area=\u00a0\u00bbpost_content\u00a0\u00bb][et_pb_column type=\u00a0\u00bb4_4&Prime; _builder_version=\u00a0\u00bb4.17.6&Prime; _module_preset=\u00a0\u00bbdefault\u00a0\u00bb global_colors_info=\u00a0\u00bb{}\u00a0\u00bb theme_builder_area=\u00a0\u00bbpost_content\u00a0\u00bb][et_pb_image src=\u00a0\u00bbhttps:\/\/catholiques17.fr\/saintsulpice\/wp-content\/uploads\/sites\/32\/2022\/11\/lecture_bible.jpg\u00a0\u00bb title_text=\u00a0\u00bblecture_bible\u00a0\u00bb align=\u00a0\u00bbcenter\u00a0\u00bb _builder_version=\u00a0\u00bb4.17.6&Prime; _module_preset=\u00a0\u00bbdefault\u00a0\u00bb border_radii=\u00a0\u00bbon|10px|10px|10px|10px\u00a0\u00bb global_colors_info=\u00a0\u00bb{}\u00a0\u00bb theme_builder_area=\u00a0\u00bbpost_content\u00a0\u00bb][\/et_pb_image][\/et_pb_column][\/et_pb_row][\/et_pb_section]<\/p>\n","protected":false},"excerpt":{"rendered":"<p>\u00a0\u00ab\u00a0Va trouver tes fr\u00e8res et partage leur la parole\u00a0\u00bb Jn 20,17 Un concept tout simple : des maisons comme les n\u00f4tres qui s&rsquo;ouvrent aux amis, aux voisins, aux coll\u00e8gues, \u00e0 [&hellip;]<\/p>\n","protected":false},"author":4,"featured_media":0,"parent":7644,"menu_order":0,"comment_status":"closed","ping_status":"closed","template":"","meta":{"_et_pb_use_builder":"on","_et_pb_old_content":"","_et_gb_content_width":"","footnotes":""},"class_list":["post-7812","page","type-page","status-publish","hentry"],"_links":{"self":[{"href":"https:\/\/catholiques17.fr\/saintsulpice\/wp-json\/wp\/v2\/pages\/7812","targetHints":{"allow":["GET"]}}],"collection":[{"href":"https:\/\/catholiques17.fr\/saintsulpice\/wp-json\/wp\/v2\/pages"}],"about":[{"href":"https:\/\/catholiques17.fr\/saintsulpice\/wp-json\/wp\/v2\/types\/page"}],"author":[{"embeddable":true,"href":"https:\/\/catholiques17.fr\/saintsulpice\/wp-json\/wp\/v2\/users\/4"}],"replies":[{"embeddable":true,"href":"https:\/\/catholiques17.fr\/saintsulpice\/wp-json\/wp\/v2\/comments?post=7812"}],"version-history":[{"count":7,"href":"https:\/\/catholiques17.fr\/saintsulpice\/wp-json\/wp\/v2\/pages\/7812\/revisions"}],"predecessor-version":[{"id":8211,"href":"https:\/\/catholiques17.fr\/saintsulpice\/wp-json\/wp\/v2\/pages\/7812\/revisions\/8211"}],"up":[{"embeddable":true,"href":"https:\/\/catholiques17.fr\/saintsulpice\/wp-json\/wp\/v2\/pages\/7644"}],"wp:attachment":[{"href":"https:\/\/catholiques17.fr\/saintsulpice\/wp-json\/wp\/v2\/media?parent=7812"}],"curies":[{"name":"wp","href":"https:\/\/api.w.org\/{rel}","templated":true}]}}