{"id":7810,"date":"2022-09-08T12:44:43","date_gmt":"2022-09-08T10:44:43","guid":{"rendered":"https:\/\/catholiques17.fr\/saintsulpice\/?page_id=7810"},"modified":"2025-11-02T18:28:26","modified_gmt":"2025-11-02T17:28:26","slug":"equipes","status":"publish","type":"page","link":"https:\/\/catholiques17.fr\/saintsulpice\/spiritualite\/equipes\/","title":{"rendered":"Equipes"},"content":{"rendered":"<p>[et_pb_section fb_built=\u00a0\u00bb1&Prime; _builder_version=\u00a0\u00bb4.17.6&Prime; _module_preset=\u00a0\u00bbdefault\u00a0\u00bb background_color=\u00a0\u00bbRGBA(0,0,0,0)\u00a0\u00bb background_enable_image=\u00a0\u00bboff\u00a0\u00bb background_size=\u00a0\u00bbinitial\u00a0\u00bb background_repeat=\u00a0\u00bbrepeat\u00a0\u00bb custom_padding=\u00a0\u00bb15px|||||\u00a0\u00bb locked=\u00a0\u00bboff\u00a0\u00bb global_colors_info=\u00a0\u00bb{}\u00a0\u00bb theme_builder_area=\u00a0\u00bbpost_content\u00a0\u00bb][et_pb_row column_structure=\u00a0\u00bb1_2,1_2&Prime; _builder_version=\u00a0\u00bb4.17.6&Prime; _module_preset=\u00a0\u00bbdefault\u00a0\u00bb global_colors_info=\u00a0\u00bb{}\u00a0\u00bb theme_builder_area=\u00a0\u00bbpost_content\u00a0\u00bb][et_pb_column type=\u00a0\u00bb1_2&Prime; _builder_version=\u00a0\u00bb4.17.6&Prime; _module_preset=\u00a0\u00bbdefault\u00a0\u00bb global_colors_info=\u00a0\u00bb{}\u00a0\u00bb theme_builder_area=\u00a0\u00bbpost_content\u00a0\u00bb][et_pb_image src=\u00a0\u00bbhttps:\/\/catholiques17.fr\/saintsulpice\/wp-content\/uploads\/sites\/32\/2022\/11\/Cvx.jpg\u00a0\u00bb title_text=\u00a0\u00bbCvx\u00a0\u00bb _builder_version=\u00a0\u00bb4.17.6&Prime; _module_preset=\u00a0\u00bbdefault\u00a0\u00bb custom_padding=\u00a0\u00bb0px||||false|false\u00a0\u00bb custom_padding_tablet=\u00a0\u00bb0px||||false|false\u00a0\u00bb custom_padding_phone=\u00a0\u00bb0px||||false|false\u00a0\u00bb custom_padding_last_edited=\u00a0\u00bbon|desktop\u00a0\u00bb border_radii=\u00a0\u00bbon|20px|20px|20px|20px\u00a0\u00bb global_colors_info=\u00a0\u00bb{}\u00a0\u00bb theme_builder_area=\u00a0\u00bbpost_content\u00a0\u00bb][\/et_pb_image][\/et_pb_column][et_pb_column type=\u00a0\u00bb1_2&Prime; _builder_version=\u00a0\u00bb4.17.6&Prime; _module_preset=\u00a0\u00bbdefault\u00a0\u00bb global_colors_info=\u00a0\u00bb{}\u00a0\u00bb theme_builder_area=\u00a0\u00bbpost_content\u00a0\u00bb][et_pb_text _builder_version=\u00a0\u00bb4.17.6&Prime; _module_preset=\u00a0\u00bbdefault\u00a0\u00bb custom_padding=\u00a0\u00bb0px||||false|false\u00a0\u00bb custom_padding_tablet=\u00a0\u00bb0px||||false|false\u00a0\u00bb custom_padding_phone=\u00a0\u00bb0px||||false|false\u00a0\u00bb custom_padding_last_edited=\u00a0\u00bbon|desktop\u00a0\u00bb global_colors_info=\u00a0\u00bb{}\u00a0\u00bb theme_builder_area=\u00a0\u00bbpost_content\u00a0\u00bb]<\/p>\n<p style=\"text-align: center\">\u00a0<strong>Communaut\u00e9 de Vie Chr\u00e9tienne &#8211; CVX<\/strong><\/p>\n<p style=\"text-align: left\">Il s&rsquo;agit d&rsquo;une communaut\u00e9 de croyants, de spiritualit\u00e9 ignatienne (inspir\u00e9e par saint Ignace de Loyola, fondateur des j\u00e9suites) et pr\u00e9sente dans 60 pays. En France, CVX compte plus de 6 000 membres chr\u00e9tiens (majoritairement catholiques), de tous \u00e2ges, et de tous milieux socio-professionnels.<br \/>La Communaut\u00e9 de Vie Chr\u00e9tienne propose d\u2019exp\u00e9rimenter en \u00e9quipe locale (6 \u00e0 9 membres environ) des partages de relecture de vie et de pri\u00e8re dans la confiance et l\u2019amiti\u00e9.<br \/>Ce compagnonnage nous fortifie dans notre cheminement \u00e0 la suite du Christ o\u00f9 chacun est appel\u00e9 \u00e0 le servir dans son quotidien cherchant, avec joie et libert\u00e9, la volont\u00e9 de Dieu &#8211; Dieu qui appelle \u00e0 la vie.<\/p>\n<p style=\"text-align: left\">Si vous \u00eates curieux d\u2019en savoir un peu plus, vous pouvez vous adresser \u00e0 Agn\u00e8s Daniau (0750968756 ou \u00e0 la sortie de la Messe) ou \u00e0 un autre membre de la CVX que vous<br \/>connaissez. Il y a aussi le site : <a href=\"https:\/\/www.cvxfrance.com\/\" target=\"_blank\" rel=\"noopener\">cvxfrance.com<\/a><\/p>\n<p>[\/et_pb_text][\/et_pb_column][\/et_pb_row][et_pb_row _builder_version=\u00a0\u00bb4.27.4&Prime; _module_preset=\u00a0\u00bbdefault\u00a0\u00bb theme_builder_area=\u00a0\u00bbpost_content\u00a0\u00bb column_structure=\u00a0\u00bb1_2,1_2&Prime;][et_pb_column _builder_version=\u00a0\u00bb4.27.4&Prime; _module_preset=\u00a0\u00bbdefault\u00a0\u00bb type=\u00a0\u00bb1_2&Prime; theme_builder_area=\u00a0\u00bbpost_content\u00a0\u00bb][et_pb_image src=\u00a0\u00bbhttps:\/\/catholiques17.fr\/saintsulpice\/wp-content\/uploads\/sites\/32\/2025\/11\/logo_END_quadrisansfond.png\u00a0\u00bb _builder_version=\u00a0\u00bb4.27.4&Prime; _module_preset=\u00a0\u00bbdefault\u00a0\u00bb theme_builder_area=\u00a0\u00bbpost_content\u00a0\u00bb title_text=\u00a0\u00bblogo_END_quadrisansfond\u00a0\u00bb hover_enabled=\u00a0\u00bb0&Prime; sticky_enabled=\u00a0\u00bb0&Prime;][\/et_pb_image][\/et_pb_column][et_pb_column _builder_version=\u00a0\u00bb4.27.4&Prime; _module_preset=\u00a0\u00bbdefault\u00a0\u00bb type=\u00a0\u00bb1_2&Prime; theme_builder_area=\u00a0\u00bbpost_content\u00a0\u00bb][et_pb_text _builder_version=\u00a0\u00bb4.27.4&Prime; _module_preset=\u00a0\u00bbdefault\u00a0\u00bb theme_builder_area=\u00a0\u00bbpost_content\u00a0\u00bb hover_enabled=\u00a0\u00bb0&Prime; sticky_enabled=\u00a0\u00bb0&Prime; custom_padding=\u00a0\u00bb0px|||||\u00a0\u00bb]<\/p>\n<p>Les \u00e9quipes Notre-Dame, mouvement de spiritualit\u00e9 conjugale, proposent aux couples unis par le sacrement de mariage :<\/p>\n<ul>\n<li>un lieu privil\u00e9gi\u00e9 pour vivre de l&rsquo;Evangile<\/li>\n<li>une voie pour \u00eatre heureux en couple et en famille<\/li>\n<li>un cheminement et une entraide fraternelle entre couples<\/li>\n<\/ul>\n<p>Votre contact local :<\/p>\n<ul>\n<li>Maryse et Jean-Claude Rodriguez<\/li>\n<li>06 63 36 95 47<\/li>\n<li>secteur-larochellesaintes@equipe-notre-dame.fr<\/li>\n<\/ul>\n<p>&nbsp;<\/p>\n<p>[\/et_pb_text][\/et_pb_column][\/et_pb_row][\/et_pb_section]<\/p>\n","protected":false},"excerpt":{"rendered":"<p>\u00a0Communaut\u00e9 de Vie Chr\u00e9tienne &#8211; CVX Il s&rsquo;agit d&rsquo;une communaut\u00e9 de croyants, de spiritualit\u00e9 ignatienne (inspir\u00e9e par saint Ignace de Loyola, fondateur des j\u00e9suites) et pr\u00e9sente dans 60 pays. En [&hellip;]<\/p>\n","protected":false},"author":4,"featured_media":0,"parent":7644,"menu_order":0,"comment_status":"closed","ping_status":"closed","template":"","meta":{"_et_pb_use_builder":"on","_et_pb_old_content":"","_et_gb_content_width":"","footnotes":""},"class_list":["post-7810","page","type-page","status-publish","hentry"],"_links":{"self":[{"href":"https:\/\/catholiques17.fr\/saintsulpice\/wp-json\/wp\/v2\/pages\/7810","targetHints":{"allow":["GET"]}}],"collection":[{"href":"https:\/\/catholiques17.fr\/saintsulpice\/wp-json\/wp\/v2\/pages"}],"about":[{"href":"https:\/\/catholiques17.fr\/saintsulpice\/wp-json\/wp\/v2\/types\/page"}],"author":[{"embeddable":true,"href":"https:\/\/catholiques17.fr\/saintsulpice\/wp-json\/wp\/v2\/users\/4"}],"replies":[{"embeddable":true,"href":"https:\/\/catholiques17.fr\/saintsulpice\/wp-json\/wp\/v2\/comments?post=7810"}],"version-history":[{"count":4,"href":"https:\/\/catholiques17.fr\/saintsulpice\/wp-json\/wp\/v2\/pages\/7810\/revisions"}],"predecessor-version":[{"id":9934,"href":"https:\/\/catholiques17.fr\/saintsulpice\/wp-json\/wp\/v2\/pages\/7810\/revisions\/9934"}],"up":[{"embeddable":true,"href":"https:\/\/catholiques17.fr\/saintsulpice\/wp-json\/wp\/v2\/pages\/7644"}],"wp:attachment":[{"href":"https:\/\/catholiques17.fr\/saintsulpice\/wp-json\/wp\/v2\/media?parent=7810"}],"curies":[{"name":"wp","href":"https:\/\/api.w.org\/{rel}","templated":true}]}}