{"id":7803,"date":"2022-09-08T12:42:03","date_gmt":"2022-09-08T10:42:03","guid":{"rendered":"https:\/\/catholiques17.fr\/saintsulpice\/?page_id=7803"},"modified":"2022-12-15T10:15:15","modified_gmt":"2022-12-15T09:15:15","slug":"videos","status":"publish","type":"page","link":"https:\/\/catholiques17.fr\/saintsulpice\/formation\/videos\/","title":{"rendered":"Vid\u00e9os"},"content":{"rendered":"<p>[et_pb_section fb_built=\u00a0\u00bb1&Prime; _builder_version=\u00a0\u00bb4.17.6&Prime; _module_preset=\u00a0\u00bbdefault\u00a0\u00bb background_color=\u00a0\u00bbRGBA(0,0,0,0)\u00a0\u00bb background_size=\u00a0\u00bbinitial\u00a0\u00bb background_repeat=\u00a0\u00bbrepeat\u00a0\u00bb hover_enabled=\u00a0\u00bb0&Prime; locked=\u00a0\u00bboff\u00a0\u00bb global_colors_info=\u00a0\u00bb{}\u00a0\u00bb theme_builder_area=\u00a0\u00bbpost_content\u00a0\u00bb background_enable_image=\u00a0\u00bboff\u00a0\u00bb sticky_enabled=\u00a0\u00bb0&Prime; custom_padding=\u00a0\u00bb45px|||||\u00a0\u00bb][et_pb_row column_structure=\u00a0\u00bb1_2,1_2&Prime; _builder_version=\u00a0\u00bb4.17.6&Prime; _module_preset=\u00a0\u00bbdefault\u00a0\u00bb global_colors_info=\u00a0\u00bb{}\u00a0\u00bb theme_builder_area=\u00a0\u00bbpost_content\u00a0\u00bb][et_pb_column type=\u00a0\u00bb1_2&Prime; _builder_version=\u00a0\u00bb4.17.6&Prime; _module_preset=\u00a0\u00bbdefault\u00a0\u00bb global_colors_info=\u00a0\u00bb{}\u00a0\u00bb theme_builder_area=\u00a0\u00bbpost_content\u00a0\u00bb][et_pb_image src=\u00a0\u00bbhttps:\/\/catholiques17.fr\/saintsulpice\/wp-content\/uploads\/sites\/32\/2022\/11\/lecture_bible.jpg\u00a0\u00bb title_text=\u00a0\u00bblecture_bible\u00a0\u00bb align=\u00a0\u00bbcenter\u00a0\u00bb _builder_version=\u00a0\u00bb4.17.6&Prime; _module_preset=\u00a0\u00bbdefault\u00a0\u00bb transform_scale=\u00a0\u00bb126%|126%\u00a0\u00bb module_alignment=\u00a0\u00bbcenter\u00a0\u00bb border_radii=\u00a0\u00bbon|10px|10px|10px|10px\u00a0\u00bb global_colors_info=\u00a0\u00bb{}\u00a0\u00bb theme_builder_area=\u00a0\u00bbpost_content\u00a0\u00bb][\/et_pb_image][\/et_pb_column][et_pb_column type=\u00a0\u00bb1_2&Prime; _builder_version=\u00a0\u00bb4.17.6&Prime; _module_preset=\u00a0\u00bbdefault\u00a0\u00bb global_colors_info=\u00a0\u00bb{}\u00a0\u00bb theme_builder_area=\u00a0\u00bbpost_content\u00a0\u00bb][et_pb_text _builder_version=\u00a0\u00bb4.17.6&Prime; _module_preset=\u00a0\u00bbdefault\u00a0\u00bb custom_padding=\u00a0\u00bb|||58px||\u00a0\u00bb global_colors_info=\u00a0\u00bb{}\u00a0\u00bb theme_builder_area=\u00a0\u00bbpost_content\u00a0\u00bb]<\/p>\n<p><span style=\"font-size: large\"><strong>Comment lire la Bible ?<\/strong><\/span><\/p>\n<p><span style=\"font-size: large\">Pour vous aider \u00e0 commencer, ou \u00e0 continuer :<\/span><\/p>\n<p><span style=\"font-size: large\">retrouvez <a href=\"https:\/\/www.facebook.com\/basilique.saintsernin\/videos\/la-lectio-divina\/796272091153632\/\">ici<\/a> une vid\u00e9o explicative de 20 minutes, enregistr\u00e9e par le p\u00e8re Christophe de la Chanonie (initialement pour une paroisse de Toulouse), \u00e0 propos de la Lectio Divina.<\/span><\/p>\n<p>[\/et_pb_text][\/et_pb_column][\/et_pb_row][\/et_pb_section]<\/p>\n","protected":false},"excerpt":{"rendered":"<p>Comment lire la Bible ? Pour vous aider \u00e0 commencer, ou \u00e0 continuer : retrouvez ici une vid\u00e9o explicative de 20 minutes, enregistr\u00e9e par le p\u00e8re Christophe de la Chanonie [&hellip;]<\/p>\n","protected":false},"author":4,"featured_media":0,"parent":7797,"menu_order":0,"comment_status":"closed","ping_status":"closed","template":"","meta":{"_et_pb_use_builder":"on","_et_pb_old_content":"","_et_gb_content_width":"","footnotes":""},"class_list":["post-7803","page","type-page","status-publish","hentry"],"_links":{"self":[{"href":"https:\/\/catholiques17.fr\/saintsulpice\/wp-json\/wp\/v2\/pages\/7803","targetHints":{"allow":["GET"]}}],"collection":[{"href":"https:\/\/catholiques17.fr\/saintsulpice\/wp-json\/wp\/v2\/pages"}],"about":[{"href":"https:\/\/catholiques17.fr\/saintsulpice\/wp-json\/wp\/v2\/types\/page"}],"author":[{"embeddable":true,"href":"https:\/\/catholiques17.fr\/saintsulpice\/wp-json\/wp\/v2\/users\/4"}],"replies":[{"embeddable":true,"href":"https:\/\/catholiques17.fr\/saintsulpice\/wp-json\/wp\/v2\/comments?post=7803"}],"version-history":[{"count":5,"href":"https:\/\/catholiques17.fr\/saintsulpice\/wp-json\/wp\/v2\/pages\/7803\/revisions"}],"predecessor-version":[{"id":8163,"href":"https:\/\/catholiques17.fr\/saintsulpice\/wp-json\/wp\/v2\/pages\/7803\/revisions\/8163"}],"up":[{"embeddable":true,"href":"https:\/\/catholiques17.fr\/saintsulpice\/wp-json\/wp\/v2\/pages\/7797"}],"wp:attachment":[{"href":"https:\/\/catholiques17.fr\/saintsulpice\/wp-json\/wp\/v2\/media?parent=7803"}],"curies":[{"name":"wp","href":"https:\/\/api.w.org\/{rel}","templated":true}]}}