{"id":7799,"date":"2022-09-08T12:41:33","date_gmt":"2022-09-08T10:41:33","guid":{"rendered":"https:\/\/catholiques17.fr\/saintsulpice\/?page_id=7799"},"modified":"2023-09-30T09:25:57","modified_gmt":"2023-09-30T07:25:57","slug":"enfants","status":"publish","type":"page","link":"https:\/\/catholiques17.fr\/saintsulpice\/formation\/enfants\/","title":{"rendered":"Enfants"},"content":{"rendered":"<p>[et_pb_section fb_built=\u00a0\u00bb1&Prime; _builder_version=\u00a0\u00bb4.17.6&Prime; _module_preset=\u00a0\u00bbdefault\u00a0\u00bb background_color=\u00a0\u00bbRGBA(0,0,0,0)\u00a0\u00bb background_enable_image=\u00a0\u00bboff\u00a0\u00bb background_size=\u00a0\u00bbinitial\u00a0\u00bb background_repeat=\u00a0\u00bbrepeat\u00a0\u00bb locked=\u00a0\u00bboff\u00a0\u00bb global_colors_info=\u00a0\u00bb{}\u00a0\u00bb theme_builder_area=\u00a0\u00bbpost_content\u00a0\u00bb][et_pb_row column_structure=\u00a0\u00bb1_2,1_2&Prime; _builder_version=\u00a0\u00bb4.17.6&Prime; _module_preset=\u00a0\u00bbdefault\u00a0\u00bb global_colors_info=\u00a0\u00bb{}\u00a0\u00bb theme_builder_area=\u00a0\u00bbpost_content\u00a0\u00bb][et_pb_column type=\u00a0\u00bb1_2&Prime; _builder_version=\u00a0\u00bb4.17.6&Prime; _module_preset=\u00a0\u00bbdefault\u00a0\u00bb global_colors_info=\u00a0\u00bb{}\u00a0\u00bb theme_builder_area=\u00a0\u00bbpost_content\u00a0\u00bb][et_pb_image src=\u00a0\u00bbhttps:\/\/catholiques17.fr\/saintsulpice\/wp-content\/uploads\/sites\/32\/2022\/11\/jesus-g9c700c85d_1920.png\u00a0\u00bb title_text=\u00a0\u00bbjesus-g9c700c85d_1920&Prime; _builder_version=\u00a0\u00bb4.17.6&Prime; _module_preset=\u00a0\u00bbdefault\u00a0\u00bb custom_padding=\u00a0\u00bb11px||||false|false\u00a0\u00bb custom_padding_tablet=\u00a0\u00bb11px||||false|false\u00a0\u00bb custom_padding_phone=\u00a0\u00bb11px||||false|false\u00a0\u00bb custom_padding_last_edited=\u00a0\u00bbon|desktop\u00a0\u00bb global_colors_info=\u00a0\u00bb{}\u00a0\u00bb theme_builder_area=\u00a0\u00bbpost_content\u00a0\u00bb][\/et_pb_image][\/et_pb_column][et_pb_column type=\u00a0\u00bb1_2&Prime; _builder_version=\u00a0\u00bb4.17.6&Prime; _module_preset=\u00a0\u00bbdefault\u00a0\u00bb global_colors_info=\u00a0\u00bb{}\u00a0\u00bb theme_builder_area=\u00a0\u00bbpost_content\u00a0\u00bb][et_pb_text _builder_version=\u00a0\u00bb4.17.6&Prime; _module_preset=\u00a0\u00bbdefault\u00a0\u00bb global_colors_info=\u00a0\u00bb{}\u00a0\u00bb theme_builder_area=\u00a0\u00bbpost_content\u00a0\u00bb]<\/p>\n<p><span style=\"font-size: large\"><strong><span style=\"font-family: arial, helvetica, sans-serif\">L&rsquo;Eveil \u00e0 la Foi<\/span><\/strong><\/span><\/p>\n<p><span style=\"font-family: arial, helvetica, sans-serif;font-size: large\">Une proposition qui s&rsquo;adresse aux 3- 6 ans. C&rsquo;est une initiation \u00e0 la Foi avec une p\u00e9dagogie adapt\u00e9e \u00e0 des petits. D\u00e9couverte de J\u00e9sus et de l&rsquo;Amour de Dieu au moyen d&rsquo;histoires bibliques, de visuel, de chants gestu\u00e9s et dans\u00e9s, activit\u00e9s cr\u00e9atives, d\u00e9couverte de la pri\u00e8re. La pr\u00e9sence d&rsquo;un ou deux parents et souhait\u00e9e \u00e0 chaque s\u00e9ance. Quatre s\u00e9ances dans l&rsquo;ann\u00e9e, le samedi matin de 11h \u00e0 12h, au presbyt\u00e8re de St Sulpice de Royan. Renseignements au secr\u00e9tariat paroissial : 05.16.65.86.17.<\/span><\/p>\n<p>[\/et_pb_text][\/et_pb_column][\/et_pb_row][et_pb_row _builder_version=\u00a0\u00bb4.17.6&Prime; _module_preset=\u00a0\u00bbdefault\u00a0\u00bb global_colors_info=\u00a0\u00bb{}\u00a0\u00bb theme_builder_area=\u00a0\u00bbpost_content\u00a0\u00bb][et_pb_column type=\u00a0\u00bb4_4&Prime; _builder_version=\u00a0\u00bb4.17.6&Prime; _module_preset=\u00a0\u00bbdefault\u00a0\u00bb global_colors_info=\u00a0\u00bb{}\u00a0\u00bb theme_builder_area=\u00a0\u00bbpost_content\u00a0\u00bb][et_pb_image src=\u00a0\u00bbhttps:\/\/catholiques17.fr\/saintsulpice\/wp-content\/uploads\/sites\/32\/2023\/04\/jardin-de-paques-carte_2547_-min.jpeg\u00a0\u00bb title_text=\u00a0\u00bbjardin-de-paques-carte_2547_-min\u00a0\u00bb _builder_version=\u00a0\u00bb4.17.6&Prime; _module_preset=\u00a0\u00bbdefault\u00a0\u00bb border_radii=\u00a0\u00bbon|10px|10px|10px|10px\u00a0\u00bb global_colors_info=\u00a0\u00bb{}\u00a0\u00bb theme_builder_area=\u00a0\u00bbpost_content\u00a0\u00bb][\/et_pb_image][\/et_pb_column][\/et_pb_row][et_pb_row column_structure=\u00a0\u00bb1_2,1_2&Prime; _builder_version=\u00a0\u00bb4.17.6&Prime; _module_preset=\u00a0\u00bbdefault\u00a0\u00bb global_colors_info=\u00a0\u00bb{}\u00a0\u00bb theme_builder_area=\u00a0\u00bbpost_content\u00a0\u00bb][et_pb_column type=\u00a0\u00bb1_2&Prime; _builder_version=\u00a0\u00bb4.17.6&Prime; _module_preset=\u00a0\u00bbdefault\u00a0\u00bb global_colors_info=\u00a0\u00bb{}\u00a0\u00bb theme_builder_area=\u00a0\u00bbpost_content\u00a0\u00bb][et_pb_text _builder_version=\u00a0\u00bb4.17.6&Prime; _module_preset=\u00a0\u00bbdefault\u00a0\u00bb text_font_size=\u00a0\u00bb12px\u00a0\u00bb global_colors_info=\u00a0\u00bb{}\u00a0\u00bb theme_builder_area=\u00a0\u00bbpost_content\u00a0\u00bb]<\/p>\n<p><span style=\"font-size: large\"><strong>Cat\u00e9chisme<\/strong><\/span><\/p>\n<p><span style=\"font-size: large\">Deux formules pour la souplesse : tous les mois ou tous les quinze jours. Le mercredi de 10 h 30 \u00e0 11 h 30. Premi\u00e8res dates : 4 et 18 octobre.<\/span><\/p>\n<p><span style=\"font-size: large\">D&rsquo;octobre \u00e0 juin des enfants \u00e0 partir du CE1 viennent \u00e0 la Maison Paroissiale. Avec leurs parents et le cur\u00e9, ils d\u00e9couvrent la vie de J\u00e9sus et de son \u00c9glise. <\/span><span style=\"font-size: large\">L&rsquo;enfant peut venir m\u00eame s&rsquo;il n&rsquo;est pas baptis\u00e9, et s&rsquo;y pr\u00e9parer \u00e0 son rythme. <\/span><span style=\"font-size: large\">Nous commen\u00e7ons en musique et danse avec un CD de Soeur Agathe, lisons ensemble la vie de J\u00e9sus, apprenons \u00e0 prier, et terminons en fabriquant quelque chose.<\/span><\/p>\n<p><span style=\"font-size: large\">S&rsquo;inscrire aupr\u00e8s du secr\u00e9tariat.<\/span><\/p>\n<p>[\/et_pb_text][\/et_pb_column][et_pb_column type=\u00a0\u00bb1_2&Prime; _builder_version=\u00a0\u00bb4.17.6&Prime; _module_preset=\u00a0\u00bbdefault\u00a0\u00bb global_colors_info=\u00a0\u00bb{}\u00a0\u00bb theme_builder_area=\u00a0\u00bbpost_content\u00a0\u00bb][et_pb_image src=\u00a0\u00bbhttps:\/\/catholiques17.fr\/saintsulpice\/wp-content\/uploads\/sites\/32\/2022\/12\/OIP.jpg\u00a0\u00bb title_text=\u00a0\u00bbOIP\u00a0\u00bb _builder_version=\u00a0\u00bb4.17.6&Prime; _module_preset=\u00a0\u00bbdefault\u00a0\u00bb transform_scale=\u00a0\u00bb122%|122%\u00a0\u00bb transform_translate=\u00a0\u00bb29px|39px\u00a0\u00bb custom_padding=\u00a0\u00bb19px||||false|false\u00a0\u00bb custom_padding_tablet=\u00a0\u00bb19px||||false|false\u00a0\u00bb custom_padding_phone=\u00a0\u00bb19px||||false|false\u00a0\u00bb custom_padding_last_edited=\u00a0\u00bbon|desktop\u00a0\u00bb border_radii=\u00a0\u00bbon|10px|10px|10px|10px\u00a0\u00bb global_colors_info=\u00a0\u00bb{}\u00a0\u00bb theme_builder_area=\u00a0\u00bbpost_content\u00a0\u00bb][\/et_pb_image][\/et_pb_column][\/et_pb_row][\/et_pb_section]<\/p>\n","protected":false},"excerpt":{"rendered":"<p>L&rsquo;Eveil \u00e0 la Foi Une proposition qui s&rsquo;adresse aux 3- 6 ans. C&rsquo;est une initiation \u00e0 la Foi avec une p\u00e9dagogie adapt\u00e9e \u00e0 des petits. D\u00e9couverte de J\u00e9sus et de [&hellip;]<\/p>\n","protected":false},"author":4,"featured_media":0,"parent":7797,"menu_order":0,"comment_status":"closed","ping_status":"closed","template":"","meta":{"_et_pb_use_builder":"on","_et_pb_old_content":"","_et_gb_content_width":"","footnotes":""},"class_list":["post-7799","page","type-page","status-publish","hentry"],"_links":{"self":[{"href":"https:\/\/catholiques17.fr\/saintsulpice\/wp-json\/wp\/v2\/pages\/7799","targetHints":{"allow":["GET"]}}],"collection":[{"href":"https:\/\/catholiques17.fr\/saintsulpice\/wp-json\/wp\/v2\/pages"}],"about":[{"href":"https:\/\/catholiques17.fr\/saintsulpice\/wp-json\/wp\/v2\/types\/page"}],"author":[{"embeddable":true,"href":"https:\/\/catholiques17.fr\/saintsulpice\/wp-json\/wp\/v2\/users\/4"}],"replies":[{"embeddable":true,"href":"https:\/\/catholiques17.fr\/saintsulpice\/wp-json\/wp\/v2\/comments?post=7799"}],"version-history":[{"count":12,"href":"https:\/\/catholiques17.fr\/saintsulpice\/wp-json\/wp\/v2\/pages\/7799\/revisions"}],"predecessor-version":[{"id":8754,"href":"https:\/\/catholiques17.fr\/saintsulpice\/wp-json\/wp\/v2\/pages\/7799\/revisions\/8754"}],"up":[{"embeddable":true,"href":"https:\/\/catholiques17.fr\/saintsulpice\/wp-json\/wp\/v2\/pages\/7797"}],"wp:attachment":[{"href":"https:\/\/catholiques17.fr\/saintsulpice\/wp-json\/wp\/v2\/media?parent=7799"}],"curies":[{"name":"wp","href":"https:\/\/api.w.org\/{rel}","templated":true}]}}