{"id":7705,"date":"2022-08-30T15:53:41","date_gmt":"2022-08-30T13:53:41","guid":{"rendered":"https:\/\/catholiques17.fr\/saintsulpice\/?page_id=7705"},"modified":"2022-12-15T10:00:28","modified_gmt":"2022-12-15T09:00:28","slug":"saint-augustin","status":"publish","type":"page","link":"https:\/\/catholiques17.fr\/saintsulpice\/la-paroisse\/histoire-et-patrimoine\/saint-augustin\/","title":{"rendered":"Saint Augustin"},"content":{"rendered":"<p>[et_pb_section fb_built=\u00a0\u00bb1&Prime; _builder_version=\u00a0\u00bb4.17.6&Prime; _module_preset=\u00a0\u00bbdefault\u00a0\u00bb global_colors_info=\u00a0\u00bb{}\u00a0\u00bb theme_builder_area=\u00a0\u00bbpost_content\u00a0\u00bb custom_padding=\u00a0\u00bb14px|||||\u00a0\u00bb][et_pb_row _builder_version=\u00a0\u00bb4.17.6&Prime; _module_preset=\u00a0\u00bbdefault\u00a0\u00bb global_colors_info=\u00a0\u00bb{}\u00a0\u00bb theme_builder_area=\u00a0\u00bbpost_content\u00a0\u00bb custom_padding=\u00a0\u00bb9px|||||\u00a0\u00bb][et_pb_column type=\u00a0\u00bb4_4&Prime; _builder_version=\u00a0\u00bb4.17.6&Prime; _module_preset=\u00a0\u00bbdefault\u00a0\u00bb global_colors_info=\u00a0\u00bb{}\u00a0\u00bb theme_builder_area=\u00a0\u00bbpost_content\u00a0\u00bb][et_pb_image src=\u00a0\u00bbhttps:\/\/catholiques17.fr\/saintsulpice\/wp-content\/uploads\/sites\/32\/2022\/10\/St-Augustin.jpg\u00a0\u00bb title_text=\u00a0\u00bbSt Augustin\u00a0\u00bb align=\u00a0\u00bbcenter\u00a0\u00bb _builder_version=\u00a0\u00bb4.17.6&Prime; _module_preset=\u00a0\u00bbdefault\u00a0\u00bb animation_style=\u00a0\u00bbslide\u00a0\u00bb animation_duration=\u00a0\u00bb1300ms\u00a0\u00bb border_radii=\u00a0\u00bbon|20px|20px|20px|20px\u00a0\u00bb global_colors_info=\u00a0\u00bb{}\u00a0\u00bb theme_builder_area=\u00a0\u00bbpost_content\u00a0\u00bb][\/et_pb_image][\/et_pb_column][\/et_pb_row][et_pb_row _builder_version=\u00a0\u00bb4.17.6&Prime; _module_preset=\u00a0\u00bbdefault\u00a0\u00bb global_colors_info=\u00a0\u00bb{}\u00a0\u00bb theme_builder_area=\u00a0\u00bbpost_content\u00a0\u00bb][et_pb_column type=\u00a0\u00bb4_4&Prime; _builder_version=\u00a0\u00bb4.17.6&Prime; _module_preset=\u00a0\u00bbdefault\u00a0\u00bb global_colors_info=\u00a0\u00bb{}\u00a0\u00bb theme_builder_area=\u00a0\u00bbpost_content\u00a0\u00bb][et_pb_text _builder_version=\u00a0\u00bb4.17.6&Prime; _module_preset=\u00a0\u00bbdefault\u00a0\u00bb global_colors_info=\u00a0\u00bb{}\u00a0\u00bb theme_builder_area=\u00a0\u00bbpost_content\u00a0\u00bb]<\/p>\n<p>Alors que certaines \u00e9glises d\u00e9pendaient d\u2019un prieur\u00e9 ou d\u2019une abbaye, l\u2019\u00e9glise de Saint-Augustin \u00e9tait, \u00e0 l\u2019origine une chapelle priv\u00e9e construite au milieu du XIXe si\u00e8cle et propri\u00e9t\u00e9 de Madame Manes.<br \/>Le 26 novembre 1858, la propri\u00e9taire entama une proc\u00e9dure de donation au profit de la commune.<br \/>Le 2 ao\u00fbt 1859, la chapelle devint effectivement propri\u00e9t\u00e9 de la municipalit\u00e9. N\u00e9anmoins, une condition fut ajout\u00e9e au contrat par la donatrice: cette chapelle devait obtenir le statut d\u2019\u00e9glise paroissiale.<br \/>En effet, \u00e0 cette \u00e9poque, Saint-Augustin n\u2019avait plus d\u2019\u00e9glise, celle-ci, entour\u00e9e d\u2019un cimeti\u00e8re est situ\u00e9 \u00e0 l\u2019entr\u00e9 du village, n\u2019\u00e9tait plus que ruine. Un campanile, \u00e0 baie unique, garni de sa cloche rehausse l\u2019\u00e9difice.<br \/>Sa nef vo\u00fbt\u00e9e en anse de panier et charpent\u00e9e et \u00e9clair\u00e9e au nord et au sud par trois fen\u00eatres hautes. La nef est prolong\u00e9e par une <span class=\"bordure-pointillee\"><a target=\"_blank\" href=\"http:\/\/ch.lerolle.free.fr\/eglises17\/lexique.php#:~:text=abside\" rel=\"noopener\">abside<\/a><\/span> en cul-de-four accessible par deux marches de pierre.<\/p>\n<p>[\/et_pb_text][\/et_pb_column][\/et_pb_row][et_pb_row column_structure=\u00a0\u00bb1_2,1_2&Prime; _builder_version=\u00a0\u00bb4.17.6&Prime; _module_preset=\u00a0\u00bbdefault\u00a0\u00bb global_colors_info=\u00a0\u00bb{}\u00a0\u00bb theme_builder_area=\u00a0\u00bbpost_content\u00a0\u00bb][et_pb_column type=\u00a0\u00bb1_2&Prime; _builder_version=\u00a0\u00bb4.17.6&Prime; _module_preset=\u00a0\u00bbdefault\u00a0\u00bb global_colors_info=\u00a0\u00bb{}\u00a0\u00bb theme_builder_area=\u00a0\u00bbpost_content\u00a0\u00bb][et_pb_image src=\u00a0\u00bbhttps:\/\/catholiques17.fr\/saintsulpice\/wp-content\/uploads\/sites\/32\/2022\/10\/saintaugustinnef.jpg\u00a0\u00bb title_text=\u00a0\u00bbsaintaugustinnef\u00a0\u00bb _builder_version=\u00a0\u00bb4.17.6&Prime; _module_preset=\u00a0\u00bbdefault\u00a0\u00bb global_colors_info=\u00a0\u00bb{}\u00a0\u00bb theme_builder_area=\u00a0\u00bbpost_content\u00a0\u00bb][\/et_pb_image][\/et_pb_column][et_pb_column type=\u00a0\u00bb1_2&Prime; _builder_version=\u00a0\u00bb4.17.6&Prime; _module_preset=\u00a0\u00bbdefault\u00a0\u00bb global_colors_info=\u00a0\u00bb{}\u00a0\u00bb theme_builder_area=\u00a0\u00bbpost_content\u00a0\u00bb][et_pb_image src=\u00a0\u00bbhttps:\/\/catholiques17.fr\/saintsulpice\/wp-content\/uploads\/sites\/32\/2022\/10\/staugustinarriere.jpg\u00a0\u00bb title_text=\u00a0\u00bbstaugustinarriere\u00a0\u00bb _builder_version=\u00a0\u00bb4.17.6&Prime; _module_preset=\u00a0\u00bbdefault\u00a0\u00bb global_colors_info=\u00a0\u00bb{}\u00a0\u00bb theme_builder_area=\u00a0\u00bbpost_content\u00a0\u00bb][\/et_pb_image][\/et_pb_column][\/et_pb_row][\/et_pb_section]<\/p>\n","protected":false},"excerpt":{"rendered":"<p>Alors que certaines \u00e9glises d\u00e9pendaient d\u2019un prieur\u00e9 ou d\u2019une abbaye, l\u2019\u00e9glise de Saint-Augustin \u00e9tait, \u00e0 l\u2019origine une chapelle priv\u00e9e construite au milieu du XIXe si\u00e8cle et propri\u00e9t\u00e9 de Madame Manes.Le [&hellip;]<\/p>\n","protected":false},"author":4,"featured_media":0,"parent":7648,"menu_order":0,"comment_status":"closed","ping_status":"closed","template":"","meta":{"_et_pb_use_builder":"on","_et_pb_old_content":"","_et_gb_content_width":"","footnotes":""},"class_list":["post-7705","page","type-page","status-publish","hentry"],"_links":{"self":[{"href":"https:\/\/catholiques17.fr\/saintsulpice\/wp-json\/wp\/v2\/pages\/7705","targetHints":{"allow":["GET"]}}],"collection":[{"href":"https:\/\/catholiques17.fr\/saintsulpice\/wp-json\/wp\/v2\/pages"}],"about":[{"href":"https:\/\/catholiques17.fr\/saintsulpice\/wp-json\/wp\/v2\/types\/page"}],"author":[{"embeddable":true,"href":"https:\/\/catholiques17.fr\/saintsulpice\/wp-json\/wp\/v2\/users\/4"}],"replies":[{"embeddable":true,"href":"https:\/\/catholiques17.fr\/saintsulpice\/wp-json\/wp\/v2\/comments?post=7705"}],"version-history":[{"count":5,"href":"https:\/\/catholiques17.fr\/saintsulpice\/wp-json\/wp\/v2\/pages\/7705\/revisions"}],"predecessor-version":[{"id":8158,"href":"https:\/\/catholiques17.fr\/saintsulpice\/wp-json\/wp\/v2\/pages\/7705\/revisions\/8158"}],"up":[{"embeddable":true,"href":"https:\/\/catholiques17.fr\/saintsulpice\/wp-json\/wp\/v2\/pages\/7648"}],"wp:attachment":[{"href":"https:\/\/catholiques17.fr\/saintsulpice\/wp-json\/wp\/v2\/media?parent=7705"}],"curies":[{"name":"wp","href":"https:\/\/api.w.org\/{rel}","templated":true}]}}