{"id":7691,"date":"2022-08-30T15:41:11","date_gmt":"2022-08-30T13:41:11","guid":{"rendered":"https:\/\/catholiques17.fr\/saintsulpice\/?page_id=7691"},"modified":"2022-12-26T18:33:06","modified_gmt":"2022-12-26T17:33:06","slug":"familles-en-deuil","status":"publish","type":"page","link":"https:\/\/catholiques17.fr\/saintsulpice\/solidarite\/familles-en-deuil\/","title":{"rendered":"Familles en deuil"},"content":{"rendered":"<p>[et_pb_section fb_built=\u00a0\u00bb1&Prime; _builder_version=\u00a0\u00bb4.17.6&Prime; _module_preset=\u00a0\u00bbdefault\u00a0\u00bb background_color=\u00a0\u00bbRGBA(0,0,0,0)\u00a0\u00bb background_enable_image=\u00a0\u00bboff\u00a0\u00bb background_size=\u00a0\u00bbinitial\u00a0\u00bb background_repeat=\u00a0\u00bbrepeat\u00a0\u00bb locked=\u00a0\u00bboff\u00a0\u00bb global_colors_info=\u00a0\u00bb{}\u00a0\u00bb theme_builder_area=\u00a0\u00bbpost_content\u00a0\u00bb][et_pb_row column_structure=\u00a0\u00bb1_2,1_2&Prime; _builder_version=\u00a0\u00bb4.17.6&Prime; _module_preset=\u00a0\u00bbdefault\u00a0\u00bb global_colors_info=\u00a0\u00bb{}\u00a0\u00bb theme_builder_area=\u00a0\u00bbpost_content\u00a0\u00bb][et_pb_column type=\u00a0\u00bb1_2&Prime; _builder_version=\u00a0\u00bb4.17.6&Prime; _module_preset=\u00a0\u00bbdefault\u00a0\u00bb global_colors_info=\u00a0\u00bb{}\u00a0\u00bb theme_builder_area=\u00a0\u00bbpost_content\u00a0\u00bb][et_pb_image src=\u00a0\u00bbhttps:\/\/catholiques17.fr\/saintsulpice\/wp-content\/uploads\/sites\/32\/2022\/11\/candles-gcc05f7186_1920.jpg\u00a0\u00bb title_text=\u00a0\u00bbcandles-gcc05f7186_1920&Prime; align=\u00a0\u00bbcenter\u00a0\u00bb _builder_version=\u00a0\u00bb4.17.6&Prime; _module_preset=\u00a0\u00bbdefault\u00a0\u00bb transform_scale=\u00a0\u00bb76%|76%\u00a0\u00bb transform_translate=\u00a0\u00bb8px|-51px\u00a0\u00bb max_width_tablet=\u00a0\u00bb\u00a0\u00bb max_width_phone=\u00a0\u00bb\u00a0\u00bb max_width_last_edited=\u00a0\u00bbon|desktop\u00a0\u00bb module_alignment=\u00a0\u00bbcenter\u00a0\u00bb border_radii=\u00a0\u00bbon|20px|20px|20px|20px\u00a0\u00bb global_colors_info=\u00a0\u00bb{}\u00a0\u00bb max_width__hover_enabled=\u00a0\u00bbon|desktop\u00a0\u00bb theme_builder_area=\u00a0\u00bbpost_content\u00a0\u00bb][\/et_pb_image][\/et_pb_column][et_pb_column type=\u00a0\u00bb1_2&Prime; _builder_version=\u00a0\u00bb4.17.6&Prime; _module_preset=\u00a0\u00bbdefault\u00a0\u00bb global_colors_info=\u00a0\u00bb{}\u00a0\u00bb theme_builder_area=\u00a0\u00bbpost_content\u00a0\u00bb][et_pb_text _builder_version=\u00a0\u00bb4.17.6&Prime; _module_preset=\u00a0\u00bbdefault\u00a0\u00bb global_colors_info=\u00a0\u00bb{}\u00a0\u00bb theme_builder_area=\u00a0\u00bbpost_content\u00a0\u00bb]<\/p>\n<p>&nbsp;<\/p>\n<p>Avec le p\u00e8re Christophe et Dominique Vauvelle, diacre, une \u00e9quipe d\u00e9di\u00e9e aux obs\u00e8ques se mobilise\u00a0pour r\u00e9pondre le mieux possible aux familles endeuill\u00e9es.<\/p>\n<p>Accueil, \u00e9coute et bienveillance sont au coeur de toutes ses rencontres afin d&rsquo;apaiser les moments de souffrance.<\/p>\n<p>Dans son accompagnement l&rsquo;\u00c9quipe Fun\u00e9railles rappelle que le Seigneur nous invite tous \u00e0 participer \u00e0 sa vie de ressuscit\u00e9,\u00a0pleine de Joie, de Paix, de Lumi\u00e8re.<\/p>\n<p>Nous concluons en demandant que cette esp\u00e9rance nourrisse notre recueillement et notre\u00a0 pri\u00e8re.<\/p>\n<p>[\/et_pb_text][\/et_pb_column][\/et_pb_row][\/et_pb_section]<\/p>\n","protected":false},"excerpt":{"rendered":"<p>&nbsp; Avec le p\u00e8re Christophe et Dominique Vauvelle, diacre, une \u00e9quipe d\u00e9di\u00e9e aux obs\u00e8ques se mobilise\u00a0pour r\u00e9pondre le mieux possible aux familles endeuill\u00e9es. Accueil, \u00e9coute et bienveillance sont au coeur [&hellip;]<\/p>\n","protected":false},"author":4,"featured_media":0,"parent":7646,"menu_order":0,"comment_status":"closed","ping_status":"closed","template":"","meta":{"_et_pb_use_builder":"on","_et_pb_old_content":"","_et_gb_content_width":"","footnotes":""},"class_list":["post-7691","page","type-page","status-publish","hentry"],"_links":{"self":[{"href":"https:\/\/catholiques17.fr\/saintsulpice\/wp-json\/wp\/v2\/pages\/7691","targetHints":{"allow":["GET"]}}],"collection":[{"href":"https:\/\/catholiques17.fr\/saintsulpice\/wp-json\/wp\/v2\/pages"}],"about":[{"href":"https:\/\/catholiques17.fr\/saintsulpice\/wp-json\/wp\/v2\/types\/page"}],"author":[{"embeddable":true,"href":"https:\/\/catholiques17.fr\/saintsulpice\/wp-json\/wp\/v2\/users\/4"}],"replies":[{"embeddable":true,"href":"https:\/\/catholiques17.fr\/saintsulpice\/wp-json\/wp\/v2\/comments?post=7691"}],"version-history":[{"count":6,"href":"https:\/\/catholiques17.fr\/saintsulpice\/wp-json\/wp\/v2\/pages\/7691\/revisions"}],"predecessor-version":[{"id":8223,"href":"https:\/\/catholiques17.fr\/saintsulpice\/wp-json\/wp\/v2\/pages\/7691\/revisions\/8223"}],"up":[{"embeddable":true,"href":"https:\/\/catholiques17.fr\/saintsulpice\/wp-json\/wp\/v2\/pages\/7646"}],"wp:attachment":[{"href":"https:\/\/catholiques17.fr\/saintsulpice\/wp-json\/wp\/v2\/media?parent=7691"}],"curies":[{"name":"wp","href":"https:\/\/api.w.org\/{rel}","templated":true}]}}