{"id":7689,"date":"2022-08-30T15:40:57","date_gmt":"2022-08-30T13:40:57","guid":{"rendered":"https:\/\/catholiques17.fr\/saintsulpice\/?page_id=7689"},"modified":"2023-10-02T20:42:08","modified_gmt":"2023-10-02T18:42:08","slug":"personnes-agees","status":"publish","type":"page","link":"https:\/\/catholiques17.fr\/saintsulpice\/solidarite\/personnes-agees\/","title":{"rendered":"Personnes \u00e2g\u00e9es"},"content":{"rendered":"<p>[et_pb_section fb_built=\u00a0\u00bb1&Prime; _builder_version=\u00a0\u00bb4.17.6&Prime; _module_preset=\u00a0\u00bbdefault\u00a0\u00bb background_color=\u00a0\u00bbRGBA(0,0,0,0)\u00a0\u00bb background_enable_image=\u00a0\u00bboff\u00a0\u00bb background_size=\u00a0\u00bbinitial\u00a0\u00bb background_repeat=\u00a0\u00bbrepeat\u00a0\u00bb custom_padding=\u00a0\u00bb6px|||||\u00a0\u00bb locked=\u00a0\u00bboff\u00a0\u00bb global_colors_info=\u00a0\u00bb{}\u00a0\u00bb theme_builder_area=\u00a0\u00bbpost_content\u00a0\u00bb][et_pb_row column_structure=\u00a0\u00bb1_2,1_2&Prime; _builder_version=\u00a0\u00bb4.17.6&Prime; _module_preset=\u00a0\u00bbdefault\u00a0\u00bb global_colors_info=\u00a0\u00bb{}\u00a0\u00bb theme_builder_area=\u00a0\u00bbpost_content\u00a0\u00bb][et_pb_column type=\u00a0\u00bb1_2&Prime; _builder_version=\u00a0\u00bb4.17.6&Prime; _module_preset=\u00a0\u00bbdefault\u00a0\u00bb global_colors_info=\u00a0\u00bb{}\u00a0\u00bb theme_builder_area=\u00a0\u00bbpost_content\u00a0\u00bb][et_pb_image src=\u00a0\u00bbhttps:\/\/catholiques17.fr\/saintsulpice\/wp-content\/uploads\/sites\/32\/2022\/11\/hands-g7decf07db_1920.jpg\u00a0\u00bb title_text=\u00a0\u00bbhands-g7decf07db_1920&Prime; _builder_version=\u00a0\u00bb4.17.6&Prime; _module_preset=\u00a0\u00bbdefault\u00a0\u00bb custom_padding=\u00a0\u00bb48px||||false|false\u00a0\u00bb custom_padding_tablet=\u00a0\u00bb48px||||false|false\u00a0\u00bb custom_padding_phone=\u00a0\u00bb48px||||false|false\u00a0\u00bb custom_padding_last_edited=\u00a0\u00bbon|desktop\u00a0\u00bb border_radii=\u00a0\u00bbon|20px|20px|20px|20px\u00a0\u00bb global_colors_info=\u00a0\u00bb{}\u00a0\u00bb theme_builder_area=\u00a0\u00bbpost_content\u00a0\u00bb][\/et_pb_image][\/et_pb_column][et_pb_column type=\u00a0\u00bb1_2&Prime; _builder_version=\u00a0\u00bb4.17.6&Prime; _module_preset=\u00a0\u00bbdefault\u00a0\u00bb global_colors_info=\u00a0\u00bb{}\u00a0\u00bb theme_builder_area=\u00a0\u00bbpost_content\u00a0\u00bb][et_pb_text _builder_version=\u00a0\u00bb4.17.6&Prime; _module_preset=\u00a0\u00bbdefault\u00a0\u00bb global_colors_info=\u00a0\u00bb{}\u00a0\u00bb theme_builder_area=\u00a0\u00bbpost_content\u00a0\u00bb]<\/p>\n<p><strong>Service \u00e9vang\u00e9lique aux malades &#8211; SEM<br \/><\/strong><\/p>\n<p>L&rsquo;\u00e9quipe SEM rencontre une fois par semaine les r\u00e9sidents d&rsquo;un EHPAD. Elle leur propose de prier ensemble, leur apporte l&rsquo;Eucharistie et partage avec eux un moment de convivialit\u00e9.\u00a0<\/p>\n<p>Selon leur disponibilit\u00e9 le pr\u00eatre ou le diacre se joignent \u00e0 l&rsquo;\u00e9quipe et aux r\u00e9sidents.<\/p>\n<ul>\n<li>1er Mardi les ALOES Saint Sulpice de Royan<\/li>\n<li>2eme Jeudi HARMONIE Breuillet<\/li>\n<li>3eme Mardi le LITTORAL Saint Augustin<\/li>\n<li>4eme Jeudi LES RESIDENTIELS Saint Sulpice de Royan<\/li>\n<\/ul>\n<p>Pour plus d&rsquo;informations contacter Catherine Guittard, Marivonne Prou, Pascale Fradin, Fran\u00e7oise Salmon, Elisabeth Rousset ou le secr\u00e9tariat de la paroisse.<\/p>\n<p>[\/et_pb_text][\/et_pb_column][\/et_pb_row][\/et_pb_section]<\/p>\n","protected":false},"excerpt":{"rendered":"<p>Service \u00e9vang\u00e9lique aux malades &#8211; SEM L&rsquo;\u00e9quipe SEM rencontre une fois par semaine les r\u00e9sidents d&rsquo;un EHPAD. Elle leur propose de prier ensemble, leur apporte l&rsquo;Eucharistie et partage avec eux [&hellip;]<\/p>\n","protected":false},"author":4,"featured_media":0,"parent":7646,"menu_order":0,"comment_status":"closed","ping_status":"closed","template":"","meta":{"_et_pb_use_builder":"on","_et_pb_old_content":"<!-- wp:divi\/placeholder \/-->","_et_gb_content_width":"","footnotes":""},"class_list":["post-7689","page","type-page","status-publish","hentry"],"_links":{"self":[{"href":"https:\/\/catholiques17.fr\/saintsulpice\/wp-json\/wp\/v2\/pages\/7689","targetHints":{"allow":["GET"]}}],"collection":[{"href":"https:\/\/catholiques17.fr\/saintsulpice\/wp-json\/wp\/v2\/pages"}],"about":[{"href":"https:\/\/catholiques17.fr\/saintsulpice\/wp-json\/wp\/v2\/types\/page"}],"author":[{"embeddable":true,"href":"https:\/\/catholiques17.fr\/saintsulpice\/wp-json\/wp\/v2\/users\/4"}],"replies":[{"embeddable":true,"href":"https:\/\/catholiques17.fr\/saintsulpice\/wp-json\/wp\/v2\/comments?post=7689"}],"version-history":[{"count":7,"href":"https:\/\/catholiques17.fr\/saintsulpice\/wp-json\/wp\/v2\/pages\/7689\/revisions"}],"predecessor-version":[{"id":8758,"href":"https:\/\/catholiques17.fr\/saintsulpice\/wp-json\/wp\/v2\/pages\/7689\/revisions\/8758"}],"up":[{"embeddable":true,"href":"https:\/\/catholiques17.fr\/saintsulpice\/wp-json\/wp\/v2\/pages\/7646"}],"wp:attachment":[{"href":"https:\/\/catholiques17.fr\/saintsulpice\/wp-json\/wp\/v2\/media?parent=7689"}],"curies":[{"name":"wp","href":"https:\/\/api.w.org\/{rel}","templated":true}]}}