{"id":6210,"date":"2024-04-29T17:51:21","date_gmt":"2024-04-29T15:51:21","guid":{"rendered":"https:\/\/catholiques17.fr\/saintjeandangely\/?page_id=6210"},"modified":"2024-04-29T17:51:21","modified_gmt":"2024-04-29T15:51:21","slug":"offrandes-et-dons","status":"publish","type":"page","link":"https:\/\/catholiques17.fr\/saintjeandangely\/offrandes-et-dons\/","title":{"rendered":"Offrandes et dons"},"content":{"rendered":"\n<p class=\"has-black-color has-pale-cyan-blue-background-color has-text-color has-background has-link-color has-medium-font-size wp-elements-cabe15b31b3c9c0a91a1cdc7db9a12ee\"><span style=\"text-decoration: underline\">Offrandes de messe <\/span>: <strong>Chaque messe est c\u00e9l\u00e9br\u00e9e pour l\u2019\u00c9glise et pour le monde entier. Pour les fid\u00e8les qui le souhaitent, il est possible de confier au pr\u00eatre une intention particuli\u00e8re : prier pour un d\u00e9funt, un malade, un jeune couple, un baptis\u00e9 ou un nouveau pr\u00eatre\u2026<\/strong>                                                                                                                                                                                                 Demander qu\u2019une messe soit c\u00e9l\u00e9br\u00e9e \u00e0 une intention particuli\u00e8re, c\u2019est\u00a0<strong>demander les gr\u00e2ces<\/strong>\u00a0de la messe pour ceux pour qui l\u2019on prie. C\u2019est aussi un\u00a0<strong>acte de partage<\/strong>\u00a0envers les pr\u00eatres du dioc\u00e8se.                                                                                                                  En effet, depuis les premiers chr\u00e9tiens, cette intention est accompagn\u00e9e d\u2019une\u00a0<strong>offrande<\/strong>. Ce don n\u2019est pas le paiement d\u2019une c\u00e9l\u00e9bration, car une messe n\u2019a pas de prix, mais il est destin\u00e9 \u00e0 assurer la vie mat\u00e9rielle des pr\u00eatres en leur apportant un compl\u00e9ment de revenu.                        <em> (source : https:\/\/www.donnons-lyon.catholique.fr\/offrandes-de-messe\/)<\/em><\/p>\n\n\n\n<p class=\"has-black-color has-text-color has-link-color has-medium-font-size wp-elements-b995919d599f3ea8e547bfb56c512a5f\"><strong>Vous pouvez demander une intention de messe \u00e0 l&rsquo;un des pr\u00eatres, en vous adressant au secr\u00e9tariat de votre paroisse.<\/strong> (<strong>T\u00e9l.<\/strong>\u00a005 46 59 01 24 &#8211;\u00a0<strong>Mail\u00a0<\/strong>:\u00a0\u00a0<a href=\"mailto:paroissejb17@gmail.com\">paroissejb17@gmail.com<\/a>)<\/p>\n\n\n\n<p class=\"has-black-color has-luminous-vivid-amber-background-color has-text-color has-background has-link-color has-medium-font-size wp-elements-a3439c433774f23450486d7487d6a5e9\"><span style=\"text-decoration: underline\">Le\u00a0<strong>denier de l&rsquo;\u00c9glise<\/strong>\u00a0ou\u00a0<strong>denier du culte<\/strong>,<\/span> est la <strong>contribution volontaire des fid\u00e8les,<\/strong> en\u00a0France, en\u00a0Belgique, en\u00a0Suisse\u00a0et en\u00a0Tunisie\u00a0pour l&rsquo;<a href=\"https:\/\/fr.wikipedia.org\/wiki\/%C3%89glise_catholique\">\u00c9glise catholique romaine<\/a>. Elle est recueillie au niveau de chaque\u00a0paroisse. Les contributions des fid\u00e8les sont collect\u00e9es lors de la messe au moment de l&rsquo;offrande, par la poste ou par Internet. Il ne faut pas confondre la campagne (annuelle) du denier de l&rsquo;\u00c9glise et la qu\u00eate qui a lieu \u00e0 chaque messe. Ce sont <strong>deux sources de revenus diff\u00e9rentes pour l&rsquo;\u00c9glise<\/strong>.<\/p>\n","protected":false},"excerpt":{"rendered":"<p>Offrandes de messe : Chaque messe est c\u00e9l\u00e9br\u00e9e pour l\u2019\u00c9glise et pour le monde entier. Pour les fid\u00e8les qui le souhaitent, il est possible de confier au pr\u00eatre une intention [&hellip;]<\/p>\n","protected":false},"author":32,"featured_media":0,"parent":0,"menu_order":0,"comment_status":"closed","ping_status":"closed","template":"","meta":{"_et_pb_use_builder":"off","_et_pb_old_content":"","_et_gb_content_width":"","footnotes":""},"class_list":["post-6210","page","type-page","status-publish","hentry"],"_links":{"self":[{"href":"https:\/\/catholiques17.fr\/saintjeandangely\/wp-json\/wp\/v2\/pages\/6210","targetHints":{"allow":["GET"]}}],"collection":[{"href":"https:\/\/catholiques17.fr\/saintjeandangely\/wp-json\/wp\/v2\/pages"}],"about":[{"href":"https:\/\/catholiques17.fr\/saintjeandangely\/wp-json\/wp\/v2\/types\/page"}],"author":[{"embeddable":true,"href":"https:\/\/catholiques17.fr\/saintjeandangely\/wp-json\/wp\/v2\/users\/32"}],"replies":[{"embeddable":true,"href":"https:\/\/catholiques17.fr\/saintjeandangely\/wp-json\/wp\/v2\/comments?post=6210"}],"version-history":[{"count":1,"href":"https:\/\/catholiques17.fr\/saintjeandangely\/wp-json\/wp\/v2\/pages\/6210\/revisions"}],"predecessor-version":[{"id":6211,"href":"https:\/\/catholiques17.fr\/saintjeandangely\/wp-json\/wp\/v2\/pages\/6210\/revisions\/6211"}],"wp:attachment":[{"href":"https:\/\/catholiques17.fr\/saintjeandangely\/wp-json\/wp\/v2\/media?parent=6210"}],"curies":[{"name":"wp","href":"https:\/\/api.w.org\/{rel}","templated":true}]}}