{"id":6,"date":"2020-12-14T08:26:14","date_gmt":"2020-12-14T07:26:14","guid":{"rendered":"https:\/\/catholiques17.fr\/saint-angely\/?page_id=6"},"modified":"2024-12-31T15:40:09","modified_gmt":"2024-12-31T14:40:09","slug":"doyenne-de-rochefort","status":"publish","type":"page","link":"https:\/\/catholiques17.fr\/saintjeandangely\/","title":{"rendered":"Paroisse de Saint-Jean-d&rsquo;Ang\u00e9ly"},"content":{"rendered":"[et_pb_section fb_built=\u00a0\u00bb1&Prime; admin_label=\u00a0\u00bbsection\u00a0\u00bb _builder_version=\u00a0\u00bb4.17.6&Prime; background_image=\u00a0\u00bbhttps:\/\/catholiques17.fr\/saintjeandangely\/wp-content\/uploads\/sites\/18\/2022\/10\/carbon.png\u00a0\u00bb background_size=\u00a0\u00bbinitial\u00a0\u00bb background_repeat=\u00a0\u00bbrepeat\u00a0\u00bb global_colors_info=\u00a0\u00bb{}\u00a0\u00bb][et_pb_row _builder_version=\u00a0\u00bb4.17.6&Prime; _module_preset=\u00a0\u00bbdefault\u00a0\u00bb background_color=\u00a0\u00bb#FFFFFF\u00a0\u00bb border_radii=\u00a0\u00bbon|10px|10px|10px|10px\u00a0\u00bb global_colors_info=\u00a0\u00bb{}\u00a0\u00bb][et_pb_column type=\u00a0\u00bb4_4&Prime; _builder_version=\u00a0\u00bb4.17.6&Prime; _module_preset=\u00a0\u00bbdefault\u00a0\u00bb global_colors_info=\u00a0\u00bb{}\u00a0\u00bb][et_pb_text _builder_version=\u00a0\u00bb4.21.0&Prime; _module_preset=\u00a0\u00bbdefault\u00a0\u00bb custom_padding=\u00a0\u00bb|15px||15px|false|false\u00a0\u00bb global_colors_info=\u00a0\u00bb{}\u00a0\u00bb]<h3><span style=\"color: #91c363\"><strong>Bienvenue sur le site de la paroisse Saint-Jean-Baptiste et le secteur pastoral de Loulay<\/strong> <\/span><\/h3>\nqui regroupent les communes de\u00a0 <span data-sheets-formula-bar-text-style=\"font-size:13px;color:#000000;font-weight:normal;text-decoration:none;font-family:'Arial';font-style:normal;text-decoration-skip-ink:none;\">Antezant, Asni\u00e8res, Bignay, Courcelles, Fontenet, Essouvert, Landes, La Vergne, Les Eglises d&rsquo;Argenteuil, Mazeray, Poursay Garnaud, St Jean d&rsquo;Ang\u00e9ly, St Julien de l&rsquo;Escap, St Pardoult, Ternant, Varaize, Vervant, Voissay<\/span>, Coivert, Courant, Croix Comtesse, Doeuil sur le Mignon, La Jarrie Audouin, Loulay, Lozay, Migr\u00e9, St Martial, St Pierre de l&rsquo;Ile, St Severin, Vergn\u00e9 et Villeneuve la Comtesse.\n\nCe site paroissial vous permettra de conna\u00eetre les temps forts de la paroisse, sp\u00e9cialement les jours et horaires des messes ainsi que les diff\u00e9rents groupes de paroissiens qui s\u2019efforcent de t\u00e9moigner la vie chr\u00e9tienne dans le monde d\u2019aujourd\u2019hui.\n\n<!-- \/wp:post-content -->\n\n<!-- wp:paragraph -->[\/et_pb_text][\/et_pb_column][\/et_pb_row][et_pb_row column_structure=\u00a0\u00bb2_3,1_3&Prime; admin_label=\u00a0\u00bbrow\u00a0\u00bb _builder_version=\u00a0\u00bb4.21.0&Prime; background_color=\u00a0\u00bb#FFFFFF\u00a0\u00bb background_image=\u00a0\u00bbhttps:\/\/catholiques17.fr\/saintjeandangely\/wp-content\/uploads\/sites\/18\/2022\/10\/carbon.png\u00a0\u00bb background_size=\u00a0\u00bbinitial\u00a0\u00bb background_position=\u00a0\u00bbtop_left\u00a0\u00bb background_repeat=\u00a0\u00bbrepeat\u00a0\u00bb border_color_all=\u00a0\u00bbRGBA(255,255,255,0)\u00a0\u00bb global_colors_info=\u00a0\u00bb{}\u00a0\u00bb][et_pb_column type=\u00a0\u00bb2_3&Prime; _builder_version=\u00a0\u00bb4.21.0&Prime; background_color=\u00a0\u00bb#FFFFFF\u00a0\u00bb custom_padding=\u00a0\u00bb20px|20px|20px|20px|true|true\u00a0\u00bb border_radii=\u00a0\u00bbon|11px|11px|11px|11px\u00a0\u00bb border_width_all=\u00a0\u00bb1px\u00a0\u00bb border_color_all=\u00a0\u00bb#91C363&Prime; box_shadow_style=\u00a0\u00bbpreset1&Prime; global_colors_info=\u00a0\u00bb{}\u00a0\u00bb custom_padding__hover=\u00a0\u00bb|||\u00a0\u00bb][et_pb_text admin_label=\u00a0\u00bbText\u00a0\u00bb _builder_version=\u00a0\u00bb4.21.0&Prime; text_text_color=\u00a0\u00bb#00BAAD\u00a0\u00bb header_text_color=\u00a0\u00bb#00BAAD\u00a0\u00bb background_color=\u00a0\u00bb#91C363&Prime; background_size=\u00a0\u00bbinitial\u00a0\u00bb background_position=\u00a0\u00bbtop_left\u00a0\u00bb background_repeat=\u00a0\u00bbrepeat\u00a0\u00bb border_radii=\u00a0\u00bboff|20px|20px||\u00a0\u00bb global_colors_info=\u00a0\u00bb{}\u00a0\u00bb]<h1 style=\"text-align: center\"><span style=\"color: #91c363\"><strong><\/strong><\/span><\/h1>\n<p><span style=\"color: #91c363\"><strong><\/strong><\/span><\/p>\n<h1 style=\"text-align: center\"><span style=\"color: #ffffff\"><strong>Notre actualit\u00e9<\/strong><\/span><\/h1>\n<p><span style=\"color: #ffffff\"><strong><\/strong><\/span><\/p>\n<p><span style=\"color: #91c363\"><strong><\/strong><\/span><\/p>[\/et_pb_text][et_pb_blog fullwidth=\u00a0\u00bboff\u00a0\u00bb posts_number=\u00a0\u00bb6&Prime; include_categories=\u00a0\u00bb6&Prime; meta_date=\u00a0\u00bbj M Y\u00a0\u00bb show_author=\u00a0\u00bboff\u00a0\u00bb _builder_version=\u00a0\u00bb4.21.0&Prime; _module_preset=\u00a0\u00bbdefault\u00a0\u00bb meta_text_color=\u00a0\u00bb#566728&Prime; border_color_all_image=\u00a0\u00bbRGBA(0,0,0,0)\u00a0\u00bb box_shadow_style=\u00a0\u00bbpreset2&Prime; box_shadow_style_image=\u00a0\u00bbpreset2&Prime; global_colors_info=\u00a0\u00bb{}\u00a0\u00bb][\/et_pb_blog][\/et_pb_column][et_pb_column type=\u00a0\u00bb1_3&Prime; _builder_version=\u00a0\u00bb4.21.0&Prime; _module_preset=\u00a0\u00bbdefault\u00a0\u00bb background_color=\u00a0\u00bb#FFFFFF\u00a0\u00bb border_radii=\u00a0\u00bbon|11px|11px|11px|11px\u00a0\u00bb border_width_all=\u00a0\u00bb1px\u00a0\u00bb border_color_all=\u00a0\u00bb#91C363&Prime; global_colors_info=\u00a0\u00bb{}\u00a0\u00bb][et_pb_text _builder_version=\u00a0\u00bb4.21.0&Prime; _module_preset=\u00a0\u00bbdefault\u00a0\u00bb text_text_color=\u00a0\u00bb#FFFFFF\u00a0\u00bb header_text_color=\u00a0\u00bb#FFFFFF\u00a0\u00bb background_color=\u00a0\u00bb#91C363&Prime; custom_margin=\u00a0\u00bb13px|40px||40px|false|true\u00a0\u00bb custom_margin_tablet=\u00a0\u00bb13px|40px||40px|false|true\u00a0\u00bb custom_margin_phone=\u00a0\u00bb13px|40px||40px|false|true\u00a0\u00bb custom_margin_last_edited=\u00a0\u00bbon|desktop\u00a0\u00bb custom_padding=\u00a0\u00bb10px|10px|2px|10px|false|true\u00a0\u00bb border_radii=\u00a0\u00bboff|20px|20px||\u00a0\u00bb border_color_all=\u00a0\u00bb#FFFFFF\u00a0\u00bb global_colors_info=\u00a0\u00bb{}\u00a0\u00bb]<h2 style=\"text-align: center\"><span style=\"color: #ffffff\">Calendrier<\/span><\/h2>[\/et_pb_text][et_pb_sidebar _builder_version=\u00a0\u00bb4.17.6&Prime; _module_preset=\u00a0\u00bbdefault\u00a0\u00bb custom_padding=\u00a0\u00bb0px|20px|0px|20px|false|false\u00a0\u00bb locked=\u00a0\u00bboff\u00a0\u00bb global_colors_info=\u00a0\u00bb{}\u00a0\u00bb][\/et_pb_sidebar][et_pb_text _builder_version=\u00a0\u00bb4.21.0&Prime; _module_preset=\u00a0\u00bbdefault\u00a0\u00bb text_text_color=\u00a0\u00bb#FFFFFF\u00a0\u00bb header_text_color=\u00a0\u00bb#FFFFFF\u00a0\u00bb background_color=\u00a0\u00bb#91C363&Prime; custom_margin=\u00a0\u00bb13px|40px|8px|40px|false|true\u00a0\u00bb custom_margin_tablet=\u00a0\u00bb13px|40px||40px|false|true\u00a0\u00bb custom_margin_phone=\u00a0\u00bb13px|40px||40px|false|true\u00a0\u00bb custom_margin_last_edited=\u00a0\u00bbon|desktop\u00a0\u00bb custom_padding=\u00a0\u00bb10px|10px|2px|10px|false|true\u00a0\u00bb border_radii=\u00a0\u00bboff|20px|20px||\u00a0\u00bb border_color_all=\u00a0\u00bb#FFFFFF\u00a0\u00bb global_colors_info=\u00a0\u00bb{}\u00a0\u00bb]<h2 style=\"text-align: center\"><span style=\"color: #ffffff\">Nous contacter<\/span><\/h2>[\/et_pb_text][et_pb_text _builder_version=\u00a0\u00bb4.21.0&Prime; _module_preset=\u00a0\u00bbdefault\u00a0\u00bb custom_padding=\u00a0\u00bb20px|20px|20px|20px|true|true\u00a0\u00bb global_colors_info=\u00a0\u00bb{}\u00a0\u00bb]<p><strong>Presbyt\u00e8re<\/strong> : <span data-sheets-formula-bar-text-style=\"font-size:13px;color:#000000;font-weight:normal;text-decoration:none;font-family:'Arial';font-style:normal;text-decoration-skip-ink:none;\">4 rue des Mar\u00e9chaux<\/span>\u00a0 17400 St Jean d&rsquo;Ang\u00e9ly<\/p>\n<p><strong>T\u00e9l.<\/strong> <span data-sheets-formula-bar-text-style=\"font-size:13px;color:#000000;font-weight:normal;text-decoration:none;font-family:'Arial';font-style:normal;text-decoration-skip-ink:none;\">05 46 59 01 24<\/span><\/p>\n<p><strong>Mail\u00a0<\/strong>:\u00a0 <a href=\"mailto:paroissejb17@gmail.com\"><span data-sheets-formula-bar-text-style=\"font-size:13px;color:#000000;font-weight:normal;text-decoration:none;font-family:'Arial';font-style:normal;text-decoration-skip-ink:none;\">paroissejb17@gmail.com<\/span><\/a><\/p>\n<p><strong>Cur\u00e9<\/strong> : M. l\u2019 Abb\u00e9 Pierre LORIAUD<\/p>\n<p><strong>Vicaires<\/strong> : M. l\u2019Abb\u00e9 Gervais RAZAFITOAZAZA et M. l&rsquo;Abb\u00e9 Frantz-Braymund PINTRO<\/p>\n<p><strong>Diacres<\/strong> : M. G\u00e9rard DAUG\u00c9, M. Fr\u00e9d\u00e9ric BESSONNET<\/p>\n<p><strong>La\u00efcs de l\u2019\u00e9quipe pastorale<\/strong> : en cours de renouvellement.<\/p>\n<p><strong>Permanences du secr\u00e9tariat : <\/strong>du Lundi au Vendredi 9h00-12h00 et 14h00 17h00<strong><br \/><\/strong><\/p>[\/et_pb_text][et_pb_text _builder_version=\u00a0\u00bb4.21.0&Prime; _module_preset=\u00a0\u00bbdefault\u00a0\u00bb text_text_color=\u00a0\u00bb#FFFFFF\u00a0\u00bb header_text_color=\u00a0\u00bb#FFFFFF\u00a0\u00bb background_color=\u00a0\u00bb#91C363&Prime; custom_margin=\u00a0\u00bb|40px|17px|40px|false|true\u00a0\u00bb custom_margin_tablet=\u00a0\u00bb|40px||40px|false|true\u00a0\u00bb custom_margin_phone=\u00a0\u00bb|40px||40px|false|true\u00a0\u00bb custom_margin_last_edited=\u00a0\u00bbon|desktop\u00a0\u00bb custom_padding=\u00a0\u00bb10px|10px|2px|10px|false|true\u00a0\u00bb border_radii=\u00a0\u00bboff|20px|20px||\u00a0\u00bb border_color_all=\u00a0\u00bb#00BAAD\u00a0\u00bb global_colors_info=\u00a0\u00bb{}\u00a0\u00bb]<h2 style=\"text-align: center\"><span style=\"color: #ffffff\">Nous suivre<br \/><\/span><\/h2>[\/et_pb_text][et_pb_social_media_follow use_icon_font_size=\u00a0\u00bbon\u00a0\u00bb icon_font_size=\u00a0\u00bb25px\u00a0\u00bb _builder_version=\u00a0\u00bb4.21.0&Prime; _module_preset=\u00a0\u00bbdefault\u00a0\u00bb text_orientation=\u00a0\u00bbcenter\u00a0\u00bb custom_margin=\u00a0\u00bb||57px|||\u00a0\u00bb global_colors_info=\u00a0\u00bb{}\u00a0\u00bb][et_pb_social_media_follow_network social_network=\u00a0\u00bbfacebook\u00a0\u00bb url=\u00a0\u00bbhttps:\/\/www.facebook.com\/paroissesaintjeandangely\u00a0\u00bb _builder_version=\u00a0\u00bb4.21.0&Prime; _module_preset=\u00a0\u00bbdefault\u00a0\u00bb background_color=\u00a0\u00bb#3b5998&Prime; global_colors_info=\u00a0\u00bb{}\u00a0\u00bb follow_button=\u00a0\u00bboff\u00a0\u00bb url_new_window=\u00a0\u00bbon\u00a0\u00bb]facebook[\/et_pb_social_media_follow_network][et_pb_social_media_follow_network social_network=\u00a0\u00bbinstagram\u00a0\u00bb url=\u00a0\u00bbhttps:\/\/www.instagram.com\/diocesedelarochelle\/\u00a0\u00bb _builder_version=\u00a0\u00bb4.21.0&Prime; _module_preset=\u00a0\u00bbdefault\u00a0\u00bb background_color=\u00a0\u00bb#ea2c59&Prime; global_colors_info=\u00a0\u00bb{}\u00a0\u00bb follow_button=\u00a0\u00bboff\u00a0\u00bb url_new_window=\u00a0\u00bbon\u00a0\u00bb]instagram[\/et_pb_social_media_follow_network][et_pb_social_media_follow_network social_network=\u00a0\u00bbyoutube\u00a0\u00bb url=\u00a0\u00bbhttps:\/\/www.youtube.com\/@diocese17com\u00a0\u00bb _builder_version=\u00a0\u00bb4.21.0&Prime; _module_preset=\u00a0\u00bbdefault\u00a0\u00bb background_color=\u00a0\u00bb#a82400&Prime; global_colors_info=\u00a0\u00bb{}\u00a0\u00bb follow_button=\u00a0\u00bboff\u00a0\u00bb url_new_window=\u00a0\u00bbon\u00a0\u00bb]youtube[\/et_pb_social_media_follow_network][\/et_pb_social_media_follow][et_pb_text _builder_version=\u00a0\u00bb4.21.0&Prime; _module_preset=\u00a0\u00bbdefault\u00a0\u00bb text_text_color=\u00a0\u00bb#FFFFFF\u00a0\u00bb header_text_color=\u00a0\u00bb#FFFFFF\u00a0\u00bb background_color=\u00a0\u00bb#91C363&Prime; custom_margin=\u00a0\u00bb|40px||40px|false|true\u00a0\u00bb custom_margin_tablet=\u00a0\u00bb|40px||40px|false|true\u00a0\u00bb custom_margin_phone=\u00a0\u00bb|40px||40px|false|true\u00a0\u00bb custom_margin_last_edited=\u00a0\u00bbon|desktop\u00a0\u00bb custom_padding=\u00a0\u00bb10px|10px|2px|10px|false|true\u00a0\u00bb border_radii=\u00a0\u00bboff|20px|20px||\u00a0\u00bb border_color_all=\u00a0\u00bb#00BAAD\u00a0\u00bb global_colors_info=\u00a0\u00bb{}\u00a0\u00bb]<h2 style=\"text-align: center\"><span style=\"color: #ffffff\">Trouver un horaire<br \/><\/span><\/h2>[\/et_pb_text][et_pb_image src=\u00a0\u00bbhttps:\/\/catholiques17.fr\/saintjeandangely\/wp-content\/uploads\/sites\/18\/2022\/10\/Messseinfo.png\u00a0\u00bb title_text=\u00a0\u00bbMessseinfo\u00a0\u00bb url=\u00a0\u00bbhttps:\/\/messes.info\/\u00a0\u00bb align=\u00a0\u00bbcenter\u00a0\u00bb _builder_version=\u00a0\u00bb4.17.6&Prime; _module_preset=\u00a0\u00bbdefault\u00a0\u00bb custom_margin=\u00a0\u00bb-28px|||||\u00a0\u00bb custom_padding=\u00a0\u00bb0px|||||\u00a0\u00bb global_colors_info=\u00a0\u00bb{}\u00a0\u00bb][\/et_pb_image][et_pb_text _builder_version=\u00a0\u00bb4.21.0&Prime; _module_preset=\u00a0\u00bbdefault\u00a0\u00bb text_text_color=\u00a0\u00bb#FFFFFF\u00a0\u00bb header_text_color=\u00a0\u00bb#FFFFFF\u00a0\u00bb background_color=\u00a0\u00bb#91C363&Prime; custom_margin=\u00a0\u00bb|40px|20px|40px|false|true\u00a0\u00bb custom_margin_tablet=\u00a0\u00bb|40px||40px|false|true\u00a0\u00bb custom_margin_phone=\u00a0\u00bb|40px||40px|false|true\u00a0\u00bb custom_margin_last_edited=\u00a0\u00bbon|desktop\u00a0\u00bb custom_padding=\u00a0\u00bb10px|10px|2px|10px|false|true\u00a0\u00bb border_radii=\u00a0\u00bboff|20px|20px||\u00a0\u00bb border_color_all=\u00a0\u00bb#00BAAD\u00a0\u00bb global_colors_info=\u00a0\u00bb{}\u00a0\u00bb]<h2 style=\"text-align: center\"><span style=\"color: #ffffff\">Annuaire dioc\u00e9sain<br \/><\/span><\/h2>[\/et_pb_text][et_pb_button button_url=\u00a0\u00bbhttps:\/\/catholiques17.fr\/annuaire-du-diocese\/?_page=1&amp;num=20&amp;sort=post_published%2Casc\u00a0\u00bb button_text=\u00a0\u00bbConsulter en ligne\u00a0\u00bb button_alignment=\u00a0\u00bbcenter\u00a0\u00bb _builder_version=\u00a0\u00bb4.21.0&Prime; _module_preset=\u00a0\u00bbdefault\u00a0\u00bb custom_button=\u00a0\u00bbon\u00a0\u00bb button_text_color=\u00a0\u00bb#91C363&Prime; button_border_color=\u00a0\u00bb#91C363&Prime; button_border_radius=\u00a0\u00bb7px\u00a0\u00bb button_icon=\u00a0\u00bb&#xe087;||divi||400&Prime; global_colors_info=\u00a0\u00bb{}\u00a0\u00bb][\/et_pb_button][et_pb_text _builder_version=\u00a0\u00bb4.17.6&Prime; _module_preset=\u00a0\u00bbdefault\u00a0\u00bb global_colors_info=\u00a0\u00bb{}\u00a0\u00bb][\/et_pb_text][\/et_pb_column][\/et_pb_row][\/et_pb_section]","protected":false},"excerpt":{"rendered":"<p>Bienvenue sur le site de la paroisse Saint-Jean-Baptiste et le secteur pastoral de Loulay qui regroupent les communes de\u00a0 Antezant, Asni\u00e8res, Bignay, Courcelles, Fontenet, Essouvert, Landes, La Vergne, Les Eglises [&hellip;]<\/p>\n","protected":false},"author":1,"featured_media":0,"parent":0,"menu_order":0,"comment_status":"closed","ping_status":"closed","template":"","meta":{"_et_pb_use_builder":"on","_et_pb_old_content":"<!-- wp:paragraph -->\n<p><\/p>\n<!-- \/wp:paragraph -->\n\n<!-- wp:paragraph -->\n<p>Bienvenue dans le Doyenn\u00e9 de Rochefort<em>&nbsp;<\/em>!<\/p>\n<!-- \/wp:paragraph -->\n\n<!-- wp:paragraph -->\n<p>Paroisse de Saint-Jean-d\u2019Ang\u00e9ly et secteur pastoral de Loulay<\/p>\n<!-- \/wp:paragraph -->\n\n<!-- wp:paragraph -->\n<p>Le site paroissial est heureux de vous accueillir. La paroisse Saint-Jean-Baptiste et le secteur pastoral de Loulay recouvrent les anciens cantons de Saint-Jean-d\u2019Ang\u00e9ly et de Loulay. Ce site paroissial vous permettra de conna\u00eetre les temps forts de la paroisse, sp\u00e9cialement les jours et horaires des messes ainsi que les diff\u00e9rents groupes de paroissiens qui s\u2019efforcent de t\u00e9moigner la vie chr\u00e9tienne dans le monde d\u2019aujourd\u2019hui.<\/p>\n<!-- \/wp:paragraph -->\n\n<!-- wp:paragraph -->\n<p>Maison paroissiale : 4 rue des Mar\u00e9chaux \u2013 17400 Saint-Jean d\u2019Ang\u00e9ly<br>\u260f&nbsp;05 46 59 01 24 \u2013 @&nbsp;<a href=\"mailto:paroissejb17@gmail.com\">paroissejb17@gmail.com<\/a><\/p>\n<!-- \/wp:paragraph -->\n\n<!-- wp:separator -->\n<hr class=\"wp-block-separator has-alpha-channel-opacity\"\/>\n<!-- \/wp:separator -->\n\n<!-- wp:paragraph -->\n<p>Cur\u00e9 : M. l\u2019Abb\u00e9 Jacques SUREAU ;&nbsp; Vicaire : M. l\u2019Abb\u00e9 Xavier Thobias<br>Diacres : M. G\u00e9rard DAUG\u00c9, M. Fr\u00e9d\u00e9ric BESSONNET<br>La\u00efcs de l\u2019\u00e9quipe pastorale : Mmes Marie-Jo JARROUSSEAU, C\u00e9cile LOIZEIL, Yolande PLANTY et Monsieur Jean-Luc Jourdain<\/p>\n<!-- \/wp:paragraph -->\n\n<!-- wp:paragraph -->\n<p>Animatrice pastorale : Mlle Marie-Christine DENIS, charg\u00e9e de coordonner la cat\u00e9ch\u00e8se pour l\u2019ensemble des paroisses du doyenn\u00e9.<\/p>\n<!-- \/wp:paragraph -->\n\n<!-- wp:paragraph -->\n<p><strong><em>&nbsp;Communes de la paroisse Saint Jean-Baptiste<\/em><\/strong>&nbsp;<strong><em>(16&nbsp;076 habitants)<\/em><\/strong><\/p>\n<!-- \/wp:paragraph -->\n\n<!-- wp:paragraph -->\n<p><em>Antezant-la-Chapelle<\/em>&nbsp;(344 h.), commune regroupant&nbsp;<em>Antezant<\/em>&nbsp;et&nbsp;<em>La Chapelle-B\u00e2ton<\/em>&nbsp;;&nbsp;<em>Asni\u00e8res-la-Giraud<\/em>&nbsp;(1 027 h.) ;&nbsp;<em>Bignay<\/em>&nbsp;(399 h.) ;&nbsp;<em>Courcelles<\/em>&nbsp;(467 h.) ;&nbsp;<em>Essouvert<\/em>&nbsp;(1&nbsp;125 h.),&nbsp; commune regroupant&nbsp;<em>La Ben\u00e2te<\/em>&nbsp;et<em>&nbsp;Saint-Denis-du-Pin<\/em>&nbsp;;&nbsp;<em>Fontenet<\/em>&nbsp;(390 h.) ;&nbsp;<em>La Vergne<\/em>&nbsp;(588 h.) ;&nbsp;<em>Landes<\/em>&nbsp;(599 h.) ;&nbsp;<em>Les \u00c9glises-d\u2019Argenteuil<\/em>&nbsp;(517 h.) ;&nbsp;<em>Mazeray<\/em>&nbsp;(968 h.) ;&nbsp;<em>Poursay-Garnaud<\/em>&nbsp;(314 h.) ;&nbsp;<em>Saint-Jean-d\u2019Ang\u00e9ly<\/em>&nbsp;(6 886 h.) ;&nbsp;<em>Saint-Julien-de-l\u2019Escap<\/em>&nbsp;(881 h.) ;&nbsp;<em>Saint-Pardoult<\/em>&nbsp;(235 h.) ;&nbsp;<em>Ternant<\/em>&nbsp;(380 h.) ;&nbsp;<em>Varaize<\/em>&nbsp;(560 h.) ;&nbsp;<em>Vervant<\/em>&nbsp;(236 h.) ;&nbsp;<em>Voissay<\/em>&nbsp;(160 h.).<\/p>\n<!-- \/wp:paragraph -->\n\n<!-- wp:paragraph -->\n<p><em>&nbsp;<strong>Communes du secteur pastoral de Loulay<\/strong><\/em>&nbsp;<strong><em>(4 055 habitants)<\/em><\/strong><\/p>\n<!-- \/wp:paragraph -->\n\n<!-- wp:paragraph -->\n<p><em>Coivert<\/em>&nbsp;(212 h.)&nbsp;;&nbsp;<em>Courant<\/em>&nbsp;(421 h.)&nbsp;;&nbsp;<em>D\u0153uil-sur-le-Mignon<\/em>&nbsp;(337 h.)&nbsp;;&nbsp;<em>La Croix-Comtesse<\/em>&nbsp;(223 h.)&nbsp;;&nbsp;<em>La Jarrie-Audouin<\/em>&nbsp;(273 h.)&nbsp;;&nbsp;<em>Loulay<\/em>&nbsp;(759 h.)&nbsp;;&nbsp;<em>Lozay<\/em>&nbsp;(134 h.)&nbsp;;&nbsp;<em>Migr\u00e9<\/em>&nbsp;(340 h.) ;&nbsp;<em>Saint-Martial<\/em>&nbsp;(115 h.)&nbsp;;&nbsp;<em>Saint-Pierre-de-l\u2019Isle<\/em>&nbsp;(261 h.)&nbsp;;&nbsp;<em>Saint-S\u00e9verin-sur-Boutonne<\/em>&nbsp;(96 h.)&nbsp;;&nbsp;<em>Vergn\u00e9<\/em>&nbsp;(144 h.)&nbsp;;&nbsp;<em>Villeneuve-la-Comtesse<\/em>&nbsp;(740 h.).<\/p>\n<!-- \/wp:paragraph -->\n\n<!-- wp:separator {\"opacity\":\"css\"} -->\n<hr class=\"wp-block-separator has-css-opacity\"\/>\n<!-- \/wp:separator -->\n\n<!-- wp:heading -->\n<h2>Nos derni\u00e8res actualit\u00e9s<\/h2>\n<!-- \/wp:heading -->\n\n<!-- wp:latest-posts {\"postLayout\":\"grid\",\"displayFeaturedImage\":true,\"featuredImageAlign\":\"center\",\"addLinkToFeaturedImage\":true} \/-->","_et_gb_content_width":"","footnotes":""},"class_list":["post-6","page","type-page","status-publish","hentry"],"_links":{"self":[{"href":"https:\/\/catholiques17.fr\/saintjeandangely\/wp-json\/wp\/v2\/pages\/6","targetHints":{"allow":["GET"]}}],"collection":[{"href":"https:\/\/catholiques17.fr\/saintjeandangely\/wp-json\/wp\/v2\/pages"}],"about":[{"href":"https:\/\/catholiques17.fr\/saintjeandangely\/wp-json\/wp\/v2\/types\/page"}],"author":[{"embeddable":true,"href":"https:\/\/catholiques17.fr\/saintjeandangely\/wp-json\/wp\/v2\/users\/1"}],"replies":[{"embeddable":true,"href":"https:\/\/catholiques17.fr\/saintjeandangely\/wp-json\/wp\/v2\/comments?post=6"}],"version-history":[{"count":80,"href":"https:\/\/catholiques17.fr\/saintjeandangely\/wp-json\/wp\/v2\/pages\/6\/revisions"}],"predecessor-version":[{"id":6607,"href":"https:\/\/catholiques17.fr\/saintjeandangely\/wp-json\/wp\/v2\/pages\/6\/revisions\/6607"}],"wp:attachment":[{"href":"https:\/\/catholiques17.fr\/saintjeandangely\/wp-json\/wp\/v2\/media?parent=6"}],"curies":[{"name":"wp","href":"https:\/\/api.w.org\/{rel}","templated":true}]}}