{"id":5555,"date":"2023-07-08T20:21:08","date_gmt":"2023-07-08T18:21:08","guid":{"rendered":"https:\/\/catholiques17.fr\/saintjeandangely\/?page_id=5555"},"modified":"2023-07-08T20:21:10","modified_gmt":"2023-07-08T18:21:10","slug":"soiree-indienne-du-2-juillet-2023-a-st-jean-dangely","status":"publish","type":"page","link":"https:\/\/catholiques17.fr\/saintjeandangely\/soiree-indienne-du-2-juillet-2023-a-st-jean-dangely\/","title":{"rendered":"Soir\u00e9e indienne du 2 juillet 2023 \u00e0 St Jean d&rsquo;Ang\u00e9ly"},"content":{"rendered":"\n<figure class=\"wp-block-image size-full is-resized\"><img loading=\"lazy\" decoding=\"async\" src=\"https:\/\/catholiques17.fr\/saintjeandangely\/wp-content\/uploads\/sites\/18\/2023\/07\/IMG_6116.jpg\" alt=\"\" class=\"wp-image-5564\" width=\"412\" height=\"274\" \/><figcaption class=\"wp-element-caption\">L&rsquo;assembl\u00e9e est pr\u00eate \u00e0 d\u00e9couvrir le pays d&rsquo;o\u00f9 viennent 7 pr\u00eatres de notre dioc\u00e8se et quelques religieuses<\/figcaption><\/figure>\n\n\n\n<figure class=\"wp-block-image aligncenter size-full is-resized\"><img loading=\"lazy\" decoding=\"async\" src=\"https:\/\/catholiques17.fr\/saintjeandangely\/wp-content\/uploads\/sites\/18\/2023\/07\/IMG_6107.jpg\" alt=\"\" class=\"wp-image-5561\" width=\"398\" height=\"389\" \/><\/figure>\n\n\n\n<div class=\"wp-block-columns is-layout-flex wp-container-core-columns-is-layout-9d6595d7 wp-block-columns-is-layout-flex\">\n<div class=\"wp-block-column is-layout-flow wp-block-column-is-layout-flow\" style=\"flex-basis:100%\">\n<figure class=\"wp-block-image size-full is-resized\"><img loading=\"lazy\" decoding=\"async\" src=\"https:\/\/catholiques17.fr\/saintjeandangely\/wp-content\/uploads\/sites\/18\/2023\/07\/IMG_6110.jpg\" alt=\"\" class=\"wp-image-5557\" width=\"281\" height=\"422\" \/><figcaption class=\"wp-element-caption\">Le P\u00e8re Xavier nous pr\u00e9sente les diff\u00e9rentes r\u00e9gions et leurs particularit\u00e9s et r\u00e9pond aux questions <\/figcaption><\/figure>\n<\/div>\n<\/div>\n\n\n\n<figure class=\"wp-block-image aligncenter size-full is-resized\"><img loading=\"lazy\" decoding=\"async\" src=\"https:\/\/catholiques17.fr\/saintjeandangely\/wp-content\/uploads\/sites\/18\/2023\/07\/religions.jpg\" alt=\"\" class=\"wp-image-5567\" width=\"411\" height=\"268\" \/><\/figure>\n\n\n\n<figure class=\"wp-block-image size-full is-resized\"><img loading=\"lazy\" decoding=\"async\" src=\"https:\/\/catholiques17.fr\/saintjeandangely\/wp-content\/uploads\/sites\/18\/2023\/07\/IMG_6113.jpg\" alt=\"\" class=\"wp-image-5566\" width=\"391\" height=\"587\" \/><figcaption class=\"wp-element-caption\">Les diff\u00e9rentes religions, dont le Christianisme<\/figcaption><\/figure>\n\n\n\n<figure class=\"wp-block-image size-full\"><img loading=\"lazy\" decoding=\"async\" width=\"708\" height=\"471\" src=\"https:\/\/catholiques17.fr\/saintjeandangely\/wp-content\/uploads\/sites\/18\/2023\/07\/Groupe1.jpg\" alt=\"\" class=\"wp-image-5568\" srcset=\"https:\/\/catholiques17.fr\/saintjeandangely\/wp-content\/uploads\/sites\/18\/2023\/07\/Groupe1.jpg 708w, https:\/\/catholiques17.fr\/saintjeandangely\/wp-content\/uploads\/sites\/18\/2023\/07\/Groupe1-480x319.jpg 480w\" sizes=\"(min-width: 0px) and (max-width: 480px) 480px, (min-width: 481px) 708px, 100vw\" \/><\/figure>\n\n\n\n<figure class=\"wp-block-image aligncenter size-full\"><img loading=\"lazy\" decoding=\"async\" width=\"562\" height=\"557\" src=\"https:\/\/catholiques17.fr\/saintjeandangely\/wp-content\/uploads\/sites\/18\/2023\/07\/groupe2.jpg\" alt=\"\" class=\"wp-image-5570\" srcset=\"https:\/\/catholiques17.fr\/saintjeandangely\/wp-content\/uploads\/sites\/18\/2023\/07\/groupe2.jpg 562w, https:\/\/catholiques17.fr\/saintjeandangely\/wp-content\/uploads\/sites\/18\/2023\/07\/groupe2-480x476.jpg 480w\" sizes=\"(min-width: 0px) and (max-width: 480px) 480px, (min-width: 481px) 562px, 100vw\" \/><\/figure>\n\n\n\n<figure class=\"wp-block-image aligncenter size-full\"><img loading=\"lazy\" decoding=\"async\" width=\"726\" height=\"539\" src=\"https:\/\/catholiques17.fr\/saintjeandangely\/wp-content\/uploads\/sites\/18\/2023\/07\/groupe3.jpg\" alt=\"\" class=\"wp-image-5573\" srcset=\"https:\/\/catholiques17.fr\/saintjeandangely\/wp-content\/uploads\/sites\/18\/2023\/07\/groupe3.jpg 726w, https:\/\/catholiques17.fr\/saintjeandangely\/wp-content\/uploads\/sites\/18\/2023\/07\/groupe3-480x356.jpg 480w\" sizes=\"(min-width: 0px) and (max-width: 480px) 480px, (min-width: 481px) 726px, 100vw\" \/><figcaption class=\"wp-element-caption\">Merci \u00e0 toutes les personnes qui ont organis\u00e9 cette soir\u00e9e, riche en d\u00e9couvertes et en rencontres.<\/figcaption><\/figure>\n","protected":false},"excerpt":{"rendered":"","protected":false},"author":32,"featured_media":0,"parent":0,"menu_order":0,"comment_status":"closed","ping_status":"closed","template":"","meta":{"_et_pb_use_builder":"off","_et_pb_old_content":"<!-- wp:image {\"align\":\"center\",\"id\":5561,\"width\":398,\"height\":389,\"sizeSlug\":\"full\",\"linkDestination\":\"none\"} -->\n<figure class=\"wp-block-image aligncenter size-full is-resized\"><img src=\"https:\/\/catholiques17.fr\/saintjeandangely\/wp-content\/uploads\/sites\/18\/2023\/07\/IMG_6107.jpg\" alt=\"\" class=\"wp-image-5561\" width=\"398\" height=\"389\"\/><\/figure>\n<!-- \/wp:image -->\n\n<!-- wp:columns -->\n<div class=\"wp-block-columns\"><!-- wp:column {\"width\":\"100%\"} -->\n<div class=\"wp-block-column\" style=\"flex-basis:100%\"><!-- wp:image {\"id\":5557,\"width\":281,\"height\":422,\"sizeSlug\":\"full\",\"linkDestination\":\"none\"} -->\n<figure class=\"wp-block-image size-full is-resized\"><img src=\"https:\/\/catholiques17.fr\/saintjeandangely\/wp-content\/uploads\/sites\/18\/2023\/07\/IMG_6110.jpg\" alt=\"\" class=\"wp-image-5557\" width=\"281\" height=\"422\"\/><\/figure>\n<!-- \/wp:image --><\/div>\n<!-- \/wp:column --><\/div>\n<!-- \/wp:columns -->","_et_gb_content_width":"","footnotes":""},"class_list":["post-5555","page","type-page","status-publish","hentry"],"_links":{"self":[{"href":"https:\/\/catholiques17.fr\/saintjeandangely\/wp-json\/wp\/v2\/pages\/5555","targetHints":{"allow":["GET"]}}],"collection":[{"href":"https:\/\/catholiques17.fr\/saintjeandangely\/wp-json\/wp\/v2\/pages"}],"about":[{"href":"https:\/\/catholiques17.fr\/saintjeandangely\/wp-json\/wp\/v2\/types\/page"}],"author":[{"embeddable":true,"href":"https:\/\/catholiques17.fr\/saintjeandangely\/wp-json\/wp\/v2\/users\/32"}],"replies":[{"embeddable":true,"href":"https:\/\/catholiques17.fr\/saintjeandangely\/wp-json\/wp\/v2\/comments?post=5555"}],"version-history":[{"count":9,"href":"https:\/\/catholiques17.fr\/saintjeandangely\/wp-json\/wp\/v2\/pages\/5555\/revisions"}],"predecessor-version":[{"id":5588,"href":"https:\/\/catholiques17.fr\/saintjeandangely\/wp-json\/wp\/v2\/pages\/5555\/revisions\/5588"}],"wp:attachment":[{"href":"https:\/\/catholiques17.fr\/saintjeandangely\/wp-json\/wp\/v2\/media?parent=5555"}],"curies":[{"name":"wp","href":"https:\/\/api.w.org\/{rel}","templated":true}]}}