{"id":7469,"date":"2022-12-01T16:36:21","date_gmt":"2022-12-01T15:36:21","guid":{"rendered":"https:\/\/catholiques17.fr\/saintes\/?page_id=7469"},"modified":"2025-10-07T10:09:25","modified_gmt":"2025-10-07T08:09:25","slug":"obseques","status":"publish","type":"page","link":"https:\/\/catholiques17.fr\/saintes\/obseques\/","title":{"rendered":"Obs\u00e8ques"},"content":{"rendered":"<p>[et_pb_section fb_built=\u00a0\u00bb1&Prime; _builder_version=\u00a0\u00bb4.17.6&Prime; _module_preset=\u00a0\u00bbdefault\u00a0\u00bb global_colors_info=\u00a0\u00bb{}\u00a0\u00bb theme_builder_area=\u00a0\u00bbpost_content\u00a0\u00bb][et_pb_row _builder_version=\u00a0\u00bb4.17.6&Prime; _module_preset=\u00a0\u00bbdefault\u00a0\u00bb global_colors_info=\u00a0\u00bb{}\u00a0\u00bb theme_builder_area=\u00a0\u00bbpost_content\u00a0\u00bb custom_padding=\u00a0\u00bb3px|||||\u00a0\u00bb][et_pb_column type=\u00a0\u00bb4_4&Prime; _builder_version=\u00a0\u00bb4.17.6&Prime; _module_preset=\u00a0\u00bbdefault\u00a0\u00bb global_colors_info=\u00a0\u00bb{}\u00a0\u00bb theme_builder_area=\u00a0\u00bbpost_content\u00a0\u00bb][et_pb_image src=\u00a0\u00bbhttps:\/\/catholiques17.fr\/saintes\/wp-content\/uploads\/sites\/3\/2023\/01\/tea-lights-2611196_1280.jpg\u00a0\u00bb title_text=\u00a0\u00bbtea-lights-2611196_1280&Prime; align=\u00a0\u00bbcenter\u00a0\u00bb _builder_version=\u00a0\u00bb4.17.6&Prime; _module_preset=\u00a0\u00bbdefault\u00a0\u00bb animation_style=\u00a0\u00bbslide\u00a0\u00bb border_radii=\u00a0\u00bbon|20px|20px|20px|20px\u00a0\u00bb box_shadow_style=\u00a0\u00bbpreset6&Prime; global_colors_info=\u00a0\u00bb{}\u00a0\u00bb theme_builder_area=\u00a0\u00bbpost_content\u00a0\u00bb][\/et_pb_image][\/et_pb_column][\/et_pb_row][et_pb_row _builder_version=\u00a0\u00bb4.17.6&Prime; _module_preset=\u00a0\u00bbdefault\u00a0\u00bb global_colors_info=\u00a0\u00bb{}\u00a0\u00bb theme_builder_area=\u00a0\u00bbpost_content\u00a0\u00bb][et_pb_column type=\u00a0\u00bb4_4&Prime; _builder_version=\u00a0\u00bb4.17.6&Prime; _module_preset=\u00a0\u00bbdefault\u00a0\u00bb global_colors_info=\u00a0\u00bb{}\u00a0\u00bb theme_builder_area=\u00a0\u00bbpost_content\u00a0\u00bb][et_pb_text _builder_version=\u00a0\u00bb4.21.0&Prime; _module_preset=\u00a0\u00bbdefault\u00a0\u00bb global_colors_info=\u00a0\u00bb{}\u00a0\u00bb theme_builder_area=\u00a0\u00bbpost_content\u00a0\u00bb]<\/p>\n<p><span>Vous venez de perdre un \u00eatre cher. C\u2019est un moment\u00a0 bouleversant, m\u00eame lorsqu\u2019il \u00e9tait pr\u00e9visible. Pour pr\u00e9parer ses obs\u00e8ques, vous devez commencer par prendre contact avec une soci\u00e9t\u00e9 de pompes fun\u00e8bres et indiquer votre d\u00e9sir d&rsquo;organiser une c\u00e9l\u00e9bration catholique.<\/span><\/p>\n<p>[\/et_pb_text][et_pb_text _builder_version=\u00a0\u00bb4.17.6&Prime; _module_preset=\u00a0\u00bbdefault\u00a0\u00bb global_colors_info=\u00a0\u00bb{}\u00a0\u00bb theme_builder_area=\u00a0\u00bbpost_content\u00a0\u00bb]<\/p>\n<p><span>Ce sont les pompes fun\u00e8bres qui se chargeront de contacter la paroisse pour fixer le jour des obs\u00e8ques. Vous serez ensuite invit\u00e9s \u00e0 rencontrer directement la paroisse pour pr\u00e9parer ce dernier adieu. Dans la mesure du possible, ce sera la paroisse du d\u00e9funt car la communaut\u00e9 tout enti\u00e8re s\u2019associe \u00e0 la famille pour prier pour lui lorsque son nom sera cit\u00e9 dans les intentions de la messe dominicale.<\/span><\/p>\n<p>[\/et_pb_text][\/et_pb_column][\/et_pb_row][\/et_pb_section]<\/p>\n","protected":false},"excerpt":{"rendered":"<p>Vous venez de perdre un \u00eatre cher. C\u2019est un moment\u00a0 bouleversant, m\u00eame lorsqu\u2019il \u00e9tait pr\u00e9visible. Pour pr\u00e9parer ses obs\u00e8ques, vous devez commencer par prendre contact avec une soci\u00e9t\u00e9 de pompes [&hellip;]<\/p>\n","protected":false},"author":9,"featured_media":0,"parent":0,"menu_order":0,"comment_status":"closed","ping_status":"closed","template":"","meta":{"_et_pb_use_builder":"on","_et_pb_old_content":"","_et_gb_content_width":"","footnotes":""},"class_list":["post-7469","page","type-page","status-publish","hentry"],"_links":{"self":[{"href":"https:\/\/catholiques17.fr\/saintes\/wp-json\/wp\/v2\/pages\/7469","targetHints":{"allow":["GET"]}}],"collection":[{"href":"https:\/\/catholiques17.fr\/saintes\/wp-json\/wp\/v2\/pages"}],"about":[{"href":"https:\/\/catholiques17.fr\/saintes\/wp-json\/wp\/v2\/types\/page"}],"author":[{"embeddable":true,"href":"https:\/\/catholiques17.fr\/saintes\/wp-json\/wp\/v2\/users\/9"}],"replies":[{"embeddable":true,"href":"https:\/\/catholiques17.fr\/saintes\/wp-json\/wp\/v2\/comments?post=7469"}],"version-history":[{"count":5,"href":"https:\/\/catholiques17.fr\/saintes\/wp-json\/wp\/v2\/pages\/7469\/revisions"}],"predecessor-version":[{"id":12819,"href":"https:\/\/catholiques17.fr\/saintes\/wp-json\/wp\/v2\/pages\/7469\/revisions\/12819"}],"wp:attachment":[{"href":"https:\/\/catholiques17.fr\/saintes\/wp-json\/wp\/v2\/media?parent=7469"}],"curies":[{"name":"wp","href":"https:\/\/api.w.org\/{rel}","templated":true}]}}