{"id":698,"date":"2019-09-23T22:51:04","date_gmt":"2019-09-23T20:51:04","guid":{"rendered":"https:\/\/catholiques17.fr\/saintes\/?page_id=698"},"modified":"2023-09-15T08:59:55","modified_gmt":"2023-09-15T06:59:55","slug":"compagnie-secouriste-de-ste-barbe-cssb","status":"publish","type":"page","link":"https:\/\/catholiques17.fr\/saintes\/enfants-jeunes\/compagnie-secouriste-de-ste-barbe-cssb\/","title":{"rendered":"Compagnie Secouriste Sainte Barbe"},"content":{"rendered":"[et_pb_section fb_built=\u00a0\u00bb1&Prime; admin_label=\u00a0\u00bbsection\u00a0\u00bb _builder_version=\u00a0\u00bb4.17.6&Prime; global_colors_info=\u00a0\u00bb{}\u00a0\u00bb theme_builder_area=\u00a0\u00bbpost_content\u00a0\u00bb][et_pb_row admin_label=\u00a0\u00bbrow\u00a0\u00bb _builder_version=\u00a0\u00bb4.17.6&Prime; background_size=\u00a0\u00bbinitial\u00a0\u00bb background_position=\u00a0\u00bbtop_left\u00a0\u00bb background_repeat=\u00a0\u00bbrepeat\u00a0\u00bb global_colors_info=\u00a0\u00bb{}\u00a0\u00bb theme_builder_area=\u00a0\u00bbpost_content\u00a0\u00bb][et_pb_column type=\u00a0\u00bb4_4&Prime; _builder_version=\u00a0\u00bb4.16&Prime; custom_padding=\u00a0\u00bb|||\u00a0\u00bb global_colors_info=\u00a0\u00bb{}\u00a0\u00bb custom_padding__hover=\u00a0\u00bb|||\u00a0\u00bb theme_builder_area=\u00a0\u00bbpost_content\u00a0\u00bb][et_pb_text admin_label=\u00a0\u00bbText\u00a0\u00bb _builder_version=\u00a0\u00bb4.17.6&Prime; background_size=\u00a0\u00bbinitial\u00a0\u00bb background_position=\u00a0\u00bbtop_left\u00a0\u00bb background_repeat=\u00a0\u00bbrepeat\u00a0\u00bb global_colors_info=\u00a0\u00bb{}\u00a0\u00bb theme_builder_area=\u00a0\u00bbpost_content\u00a0\u00bb]<p>&#8211; <a href=\"mailto:essbsaintes@gmail.com\" class=\"mailto-link\" target=\"_blank\" rel=\"noopener\">essbsaintes@gmail.com<\/a><span>\u00a0<\/span><\/p>\n<h2 class=\"has-text-align-center has-black-color has-text-color has-background has-large-font-size wp-block-heading\" style=\"background-color: #ef070b\"><strong>C.S.S.B<\/strong><\/h2>\n<p><\/p>\n<p><\/p>\n<p><\/p>\n<p><\/p>\n<div class=\"wp-block-cover has-background-dim\">\n<p><img loading=\"lazy\" decoding=\"async\" width=\"800\" height=\"600\" class=\"wp-block-cover__image-background wp-image-5615\" alt=\"\" src=\"https:\/\/catholiques17.fr\/saintes\/wp-content\/uploads\/sites\/3\/2022\/02\/IMG-20190726-WA0008.jpg\" data-object-fit=\"cover\" srcset=\"https:\/\/catholiques17.fr\/saintes\/wp-content\/uploads\/sites\/3\/2022\/02\/IMG-20190726-WA0008.jpg 800w, https:\/\/catholiques17.fr\/saintes\/wp-content\/uploads\/sites\/3\/2022\/02\/IMG-20190726-WA0008-480x360.jpg 480w\" sizes=\"(min-width: 0px) and (max-width: 480px) 480px, (min-width: 481px) 800px, 100vw\" \/><\/p>\n<div class=\"wp-block-cover__inner-container is-layout-flow wp-block-cover-is-layout-flow\">\n<p><\/p>\n<p>La Compagnie Secouriste Sainte Barbe (CSSB) est une association loi 1901 qui s\u2019appuie sur un projet \u00e9ducatif chr\u00e9tien fond\u00e9 sur la construction de la personne humaine.<\/p>\n<p><\/p>\n<p><\/p>\n<p>Son projet p\u00e9dagogique s\u2019inspire des valeurs \u00e9thiques des sauveteurs, en impliquant les jeunes dans une formation qui comprend le secourisme, l\u2019initiation \u00e0 la lutte contre l\u2019incendie et le sport. Cette formation a pour objectif de d\u00e9velopper chez l\u2019adolescent <em>l\u2019altruisme, l\u2019efficience et la coh\u00e9sion<\/em>\u00a0 <em>\u00ab\u00a0\u00e9thique de la CSSB\u00a0\u00bb<\/em>.<\/p>\n<p><\/p>\n<p><\/p>\n<p>Fond\u00e9e en 1999, elle a form\u00e9 plus de 2000 adolescents \u00e0 la culture du sauvetage.<\/p>\n<p><\/p>\n<p><\/p>\n<p>Conditions pour devenir aspirant \u00e0 l\u2019Ecole Secouriste Sainte Barbe\u00a0:<\/p>\n<p><\/p>\n<p><\/p>\n<ul class=\"wp-block-list\">\n<li>\u00eatre un gar\u00e7on \u00e2g\u00e9 de 12 \u00e0 14 ans\u00a0;<\/li>\n<li>aptitude m\u00e9dicale requise<\/li>\n<li>entretien de motivation<\/li>\n<\/ul>\n<p><\/p>\n<p><\/p>\n<p><\/p>\n<\/div>\n<\/div>\n<p><\/p>\n<p><\/p>\n<p class=\"has-black-color has-text-color\">Contact : P. Jean-Eudes &#8211; 06.29.50.93.50 &#8211; <a href=\"mailto:essbsaintes@gmail.com\" class=\"mailto-link\" target=\"_blank\" rel=\"noopener\">essbsaintes@gmail.com<\/a>. (Village de la Vie, Voiville)<\/p>\n<p><\/p>\n<p><\/p>\n<div class=\"wp-block-image\">\n<figure class=\"aligncenter size-full is-resized\"><a href=\"https:\/\/cssb.fr\/\" target=\"_blank\" rel=\"noopener\"><img loading=\"lazy\" decoding=\"async\" src=\"https:\/\/catholiques17.fr\/saintes\/wp-content\/uploads\/sites\/3\/2022\/02\/logo_cssb_500x709.png\" alt=\"\" class=\"wp-image-5616\" width=\"93\" height=\"132\" \/><\/a><\/figure>\n<\/div>\n<figure class=\"wp-block-image size-large\"><img decoding=\"async\" src=\"https:\/\/catholiques17.fr\/saintes\/wp-content\/uploads\/sites\/5\/2020\/08\/DSC05002-1-2048x1536.jpg\" alt=\"\" class=\"wp-image-3457\" \/><\/figure>\n<p><\/p>\n<p><\/p>\n<figure class=\"wp-block-image size-large\"><img decoding=\"async\" src=\"https:\/\/catholiques17.fr\/saintes\/wp-content\/uploads\/sites\/5\/2020\/08\/DSC05276-1536x2048.jpg\" alt=\"\" class=\"wp-image-3459\" \/><\/figure>\n<p><\/p>[\/et_pb_text][\/et_pb_column][\/et_pb_row][\/et_pb_section]","protected":false},"excerpt":{"rendered":"<p>&#8211; essbsaintes@gmail.com\u00a0 C.S.S.B La Compagnie Secouriste Sainte Barbe (CSSB) est une association loi 1901 qui s\u2019appuie sur un projet \u00e9ducatif chr\u00e9tien fond\u00e9 sur la construction de la personne humaine. Son [&hellip;]<\/p>\n","protected":false},"author":1,"featured_media":5611,"parent":6893,"menu_order":0,"comment_status":"closed","ping_status":"closed","template":"","meta":{"_et_pb_use_builder":"on","_et_pb_old_content":"<!-- wp:heading {\"textAlign\":\"center\",\"style\":{\"color\":{\"background\":\"#ef070b\"}},\"textColor\":\"black\",\"fontSize\":\"large\"} -->\n<h2 class=\"has-text-align-center has-black-color has-text-color has-background has-large-font-size\" style=\"background-color:#ef070b\"><strong>C.S.S.B<\/strong><\/h2>\n<!-- \/wp:heading -->\n\n<!-- wp:paragraph -->\n<p><\/p>\n<!-- \/wp:paragraph -->\n\n<!-- wp:cover {\"url\":\"https:\/\/catholiques17.fr\/saintes\/wp-content\/uploads\/sites\/3\/2022\/02\/IMG-20190726-WA0008.jpg\",\"id\":5615,\"style\":{\"color\":[]}} -->\n<div class=\"wp-block-cover has-background-dim\"><img class=\"wp-block-cover__image-background wp-image-5615\" alt=\"\" src=\"https:\/\/catholiques17.fr\/saintes\/wp-content\/uploads\/sites\/3\/2022\/02\/IMG-20190726-WA0008.jpg\" data-object-fit=\"cover\" \/><div class=\"wp-block-cover__inner-container\"><!-- wp:paragraph -->\n<p>La Compagnie Secouriste Sainte Barbe (CSSB) est une association loi 1901 qui s\u2019appuie sur un projet \u00e9ducatif chr\u00e9tien fond\u00e9 sur la construction de la personne humaine.<\/p>\n<!-- \/wp:paragraph -->\n\n<!-- wp:paragraph -->\n<p>Son projet p\u00e9dagogique s\u2019inspire des valeurs \u00e9thiques des sauveteurs, en impliquant les jeunes dans une formation qui comprend le secourisme, l\u2019initiation \u00e0 la lutte contre l\u2019incendie et le sport. Cette formation a pour objectif de d\u00e9velopper chez l\u2019adolescent <em>l\u2019altruisme, l\u2019efficience et la coh\u00e9sion<\/em>&nbsp; <em>\u00ab&nbsp;\u00e9thique de la CSSB&nbsp;\u00bb<\/em>.<\/p>\n<!-- \/wp:paragraph -->\n\n<!-- wp:paragraph -->\n<p>Fond\u00e9e en 1999, elle a form\u00e9 plus de 2000 adolescents \u00e0 la culture du sauvetage.<\/p>\n<!-- \/wp:paragraph -->\n\n<!-- wp:paragraph -->\n<p>Conditions pour devenir aspirant \u00e0 l\u2019Ecole Secouriste Sainte Barbe&nbsp;:<\/p>\n<!-- \/wp:paragraph -->\n\n<!-- wp:list -->\n<ul><li>\u00eatre un gar\u00e7on \u00e2g\u00e9 de 12 \u00e0 14 ans&nbsp;;<\/li><li>aptitude m\u00e9dicale requise<\/li><li>entretien de motivation<\/li><\/ul>\n<!-- \/wp:list -->\n\n<!-- wp:paragraph -->\n<p><\/p>\n<!-- \/wp:paragraph --><\/div><\/div>\n<!-- \/wp:cover -->\n\n<!-- wp:paragraph {\"textColor\":\"black\"} -->\n<p class=\"has-black-color has-text-color\">Contact : fr\u00e8re Josu\u00e9 - 06.29.50.93.50. (Village de la Vie, Voiville)<\/p>\n<!-- \/wp:paragraph -->\n\n<!-- wp:image {\"align\":\"center\",\"id\":5616,\"width\":93,\"height\":132,\"sizeSlug\":\"full\",\"linkDestination\":\"custom\"} -->\n<div class=\"wp-block-image\"><figure class=\"aligncenter size-full is-resized\"><a href=\"https:\/\/cssb.fr\/\" target=\"_blank\" rel=\"noopener\"><img src=\"https:\/\/catholiques17.fr\/saintes\/wp-content\/uploads\/sites\/3\/2022\/02\/logo_cssb_500x709.png\" alt=\"\" class=\"wp-image-5616\" width=\"93\" height=\"132\" \/><\/a><figcaption><span class=\"has-inline-color has-black-color\"><a href=\"https:\/\/cssb.fr\/\" target=\"_blank\" rel=\"noreferrer noopener\">+ d'infos ici!<\/a><\/span><\/figcaption><\/figure><\/div>\n<!-- \/wp:image -->\n\n<!-- wp:image {\"id\":3457,\"sizeSlug\":\"large\"} -->\n<figure class=\"wp-block-image size-large\"><img src=\"https:\/\/catholiques17.fr\/saintes\/wp-content\/uploads\/sites\/5\/2020\/08\/DSC05002-1-2048x1536.jpg\" alt=\"\" class=\"wp-image-3457\" \/><\/figure>\n<!-- \/wp:image -->\n\n<!-- wp:image {\"id\":3459,\"sizeSlug\":\"large\"} -->\n<figure class=\"wp-block-image size-large\"><img src=\"https:\/\/catholiques17.fr\/saintes\/wp-content\/uploads\/sites\/5\/2020\/08\/DSC05276-1536x2048.jpg\" alt=\"\" class=\"wp-image-3459\" \/><\/figure>\n<!-- \/wp:image -->","_et_gb_content_width":"","footnotes":""},"class_list":["post-698","page","type-page","status-publish","has-post-thumbnail","hentry"],"_links":{"self":[{"href":"https:\/\/catholiques17.fr\/saintes\/wp-json\/wp\/v2\/pages\/698","targetHints":{"allow":["GET"]}}],"collection":[{"href":"https:\/\/catholiques17.fr\/saintes\/wp-json\/wp\/v2\/pages"}],"about":[{"href":"https:\/\/catholiques17.fr\/saintes\/wp-json\/wp\/v2\/types\/page"}],"author":[{"embeddable":true,"href":"https:\/\/catholiques17.fr\/saintes\/wp-json\/wp\/v2\/users\/1"}],"replies":[{"embeddable":true,"href":"https:\/\/catholiques17.fr\/saintes\/wp-json\/wp\/v2\/comments?post=698"}],"version-history":[{"count":12,"href":"https:\/\/catholiques17.fr\/saintes\/wp-json\/wp\/v2\/pages\/698\/revisions"}],"predecessor-version":[{"id":8715,"href":"https:\/\/catholiques17.fr\/saintes\/wp-json\/wp\/v2\/pages\/698\/revisions\/8715"}],"up":[{"embeddable":true,"href":"https:\/\/catholiques17.fr\/saintes\/wp-json\/wp\/v2\/pages\/6893"}],"wp:featuredmedia":[{"embeddable":true,"href":"https:\/\/catholiques17.fr\/saintes\/wp-json\/wp\/v2\/media\/5611"}],"wp:attachment":[{"href":"https:\/\/catholiques17.fr\/saintes\/wp-json\/wp\/v2\/media?parent=698"}],"curies":[{"name":"wp","href":"https:\/\/api.w.org\/{rel}","templated":true}]}}