{"id":6945,"date":"2022-11-10T15:36:04","date_gmt":"2022-11-10T14:36:04","guid":{"rendered":"https:\/\/catholiques17.fr\/saintes\/?page_id=6945"},"modified":"2022-11-28T10:32:07","modified_gmt":"2022-11-28T09:32:07","slug":"st-georges-des-coteaux","status":"publish","type":"page","link":"https:\/\/catholiques17.fr\/saintes\/paroisse-rive-gauche\/nos-clochers-rg\/st-georges-des-coteaux\/","title":{"rendered":"St Georges des Coteaux"},"content":{"rendered":"<p>[et_pb_section fb_built=\u00a0\u00bb1&Prime; _builder_version=\u00a0\u00bb4.17.6&Prime; _module_preset=\u00a0\u00bbdefault\u00a0\u00bb global_colors_info=\u00a0\u00bb{}\u00a0\u00bb theme_builder_area=\u00a0\u00bbet_body_layout\u00a0\u00bb][et_pb_row _builder_version=\u00a0\u00bb4.17.6&Prime; _module_preset=\u00a0\u00bbdefault\u00a0\u00bb global_colors_info=\u00a0\u00bb{}\u00a0\u00bb theme_builder_area=\u00a0\u00bbet_body_layout\u00a0\u00bb][et_pb_column type=\u00a0\u00bb4_4&Prime; _builder_version=\u00a0\u00bb4.17.6&Prime; _module_preset=\u00a0\u00bbdefault\u00a0\u00bb global_colors_info=\u00a0\u00bb{}\u00a0\u00bb theme_builder_area=\u00a0\u00bbet_body_layout\u00a0\u00bb][et_pb_image src=\u00a0\u00bbhttps:\/\/catholiques17.fr\/saintes\/wp-content\/uploads\/sites\/3\/2022\/11\/1-9.jpg\u00a0\u00bb title_text=\u00a0\u00bb1&Prime; _builder_version=\u00a0\u00bb4.17.6&Prime; _module_preset=\u00a0\u00bbdefault\u00a0\u00bb hover_enabled=\u00a0\u00bb0&Prime; global_colors_info=\u00a0\u00bb{}\u00a0\u00bb theme_builder_area=\u00a0\u00bbet_body_layout\u00a0\u00bb align=\u00a0\u00bbcenter\u00a0\u00bb border_radii=\u00a0\u00bbon|20px|20px|20px|20px\u00a0\u00bb animation_style=\u00a0\u00bbslide\u00a0\u00bb sticky_enabled=\u00a0\u00bb0&Prime;][\/et_pb_image][et_pb_text _builder_version=\u00a0\u00bb4.17.6&Prime; _module_preset=\u00a0\u00bbdefault\u00a0\u00bb theme_builder_area=\u00a0\u00bbet_body_layout\u00a0\u00bb hover_enabled=\u00a0\u00bb0&Prime; sticky_enabled=\u00a0\u00bb0&Prime;]<\/p>\n<p><span>Autour d&rsquo;un noyau roman du XIIe si\u00e8cle constitu\u00e9 par la crois\u00e9e du transept, cette \u00e9glise \u00e0 chevet plat a \u00e9t\u00e9 consid\u00e9rablement modifi\u00e9e au cours de la p\u00e9riode gothique.<\/span><br \/><span>Les reprises de ma\u00e7onnerie en sous-\u0153uvre ont \u00e9t\u00e9 nombreuseset complexes sur cet \u00e9difice qui illustre l&rsquo;art de la sculpture m\u00e9di\u00e9vale du XIIe aux XV si\u00e8cles.<\/span><br \/><span>Le chevet rectangulaire du d\u00e9but du XIIIe si\u00e8cle est \u00e9clair\u00e9 par une grande baie orientale s&rsquo;inscrivant dans une triple arcade.<\/span><br \/><span>La nef du XIVe si\u00e8cle a conserv\u00e9 des traces de crois\u00e9es d&rsquo;ogives aux fines arcatures et des petitschapiteaux \u00e0 motifs v\u00e9g\u00e9taux. Des deux bras du transept, l&rsquo;un estvo\u00fbt\u00e9 en berceau et l&rsquo;autre, au sud, pr\u00e9sente une crois\u00e9e d&rsquo;ogive du XVe si\u00e8cle d\u00e9pourvue de chapiteaux.<\/span><br \/><span>Sur la fa\u00e7ade se superposentun portail flamboyant du XVe si\u00e8cle et une baie \u00e0 colonnettes dont les chapiteaux \u00e0\u00a0<\/span><span class=\"bordure-pointillee\"><a target=\"_blank\" href=\"http:\/\/ch.lerolle.free.fr\/eglises17\/lexique.php#:~:text=protom%C3%A9\" rel=\"noopener\">protom\u00e9s<\/a><\/span><span>\u00a0(t\u00eates de personnages) sont \u00e0 rapprocher de ceux du c\u0153ur.<\/span><br \/><span>Le clocher date du XVe si\u00e8cle.<\/span><br \/><span>Les chapiteaux romans de la crois\u00e9e du transept sont remarquables. On y distingue \u00e0 c\u00f4t\u00e9s des lions, le dragon, adversaire de Saint-Georges et symbole du Mal. Une belle frise de vannerie orne les chapiteaux du pilier sud-ouest. Le styl\u00e9 tr\u00e8s anguleux de ces sculptures, en particulier les t\u00eates de lions est unique en Saintonge. Quelques comparaisons sont possibles avec la trav\u00e9e sous clocher de Nieul-l\u00e8s-Saintes.<\/span><\/p>\n<p>[\/et_pb_text][et_pb_image src=\u00a0\u00bbhttps:\/\/catholiques17.fr\/saintes\/wp-content\/uploads\/sites\/3\/2022\/11\/2-7.jpg\u00a0\u00bb _builder_version=\u00a0\u00bb4.17.6&Prime; _module_preset=\u00a0\u00bbdefault\u00a0\u00bb theme_builder_area=\u00a0\u00bbet_body_layout\u00a0\u00bb title_text=\u00a0\u00bb2&Prime; align=\u00a0\u00bbcenter\u00a0\u00bb border_radii=\u00a0\u00bbon|20px|20px|20px|20px\u00a0\u00bb animation_style=\u00a0\u00bbslide\u00a0\u00bb hover_enabled=\u00a0\u00bb0&Prime; sticky_enabled=\u00a0\u00bb0&Prime;][\/et_pb_image][et_pb_image src=\u00a0\u00bbhttps:\/\/catholiques17.fr\/saintes\/wp-content\/uploads\/sites\/3\/2022\/11\/3-7.jpg\u00a0\u00bb _builder_version=\u00a0\u00bb4.17.6&Prime; _module_preset=\u00a0\u00bbdefault\u00a0\u00bb theme_builder_area=\u00a0\u00bbet_body_layout\u00a0\u00bb title_text=\u00a0\u00bb3&Prime; align=\u00a0\u00bbcenter\u00a0\u00bb border_radii=\u00a0\u00bbon|20px|20px|20px|20px\u00a0\u00bb animation_style=\u00a0\u00bbslide\u00a0\u00bb hover_enabled=\u00a0\u00bb0&Prime; sticky_enabled=\u00a0\u00bb0&Prime;][\/et_pb_image][\/et_pb_column][\/et_pb_row][\/et_pb_section]<\/p>\n","protected":false},"excerpt":{"rendered":"<p>Autour d&rsquo;un noyau roman du XIIe si\u00e8cle constitu\u00e9 par la crois\u00e9e du transept, cette \u00e9glise \u00e0 chevet plat a \u00e9t\u00e9 consid\u00e9rablement modifi\u00e9e au cours de la p\u00e9riode gothique.Les reprises de [&hellip;]<\/p>\n","protected":false},"author":4,"featured_media":0,"parent":6854,"menu_order":0,"comment_status":"closed","ping_status":"closed","template":"","meta":{"_et_pb_use_builder":"on","_et_pb_old_content":"<!-- wp:divi\/placeholder \/-->","_et_gb_content_width":"","footnotes":""},"class_list":["post-6945","page","type-page","status-publish","hentry"],"_links":{"self":[{"href":"https:\/\/catholiques17.fr\/saintes\/wp-json\/wp\/v2\/pages\/6945","targetHints":{"allow":["GET"]}}],"collection":[{"href":"https:\/\/catholiques17.fr\/saintes\/wp-json\/wp\/v2\/pages"}],"about":[{"href":"https:\/\/catholiques17.fr\/saintes\/wp-json\/wp\/v2\/types\/page"}],"author":[{"embeddable":true,"href":"https:\/\/catholiques17.fr\/saintes\/wp-json\/wp\/v2\/users\/4"}],"replies":[{"embeddable":true,"href":"https:\/\/catholiques17.fr\/saintes\/wp-json\/wp\/v2\/comments?post=6945"}],"version-history":[{"count":3,"href":"https:\/\/catholiques17.fr\/saintes\/wp-json\/wp\/v2\/pages\/6945\/revisions"}],"predecessor-version":[{"id":7399,"href":"https:\/\/catholiques17.fr\/saintes\/wp-json\/wp\/v2\/pages\/6945\/revisions\/7399"}],"up":[{"embeddable":true,"href":"https:\/\/catholiques17.fr\/saintes\/wp-json\/wp\/v2\/pages\/6854"}],"wp:attachment":[{"href":"https:\/\/catholiques17.fr\/saintes\/wp-json\/wp\/v2\/media?parent=6945"}],"curies":[{"name":"wp","href":"https:\/\/api.w.org\/{rel}","templated":true}]}}