{"id":6923,"date":"2022-11-10T15:33:04","date_gmt":"2022-11-10T14:33:04","guid":{"rendered":"https:\/\/catholiques17.fr\/saintes\/?page_id=6923"},"modified":"2025-01-22T12:12:59","modified_gmt":"2025-01-22T11:12:59","slug":"abbaye-aux-dames","status":"publish","type":"page","link":"https:\/\/catholiques17.fr\/saintes\/paroisse-rive-droite\/nos-clochers-rd\/abbaye-aux-dames\/","title":{"rendered":"Abbaye aux Dames"},"content":{"rendered":"<p>[et_pb_section fb_built=\u00a0\u00bb1&Prime; _builder_version=\u00a0\u00bb4.17.6&Prime; _module_preset=\u00a0\u00bbdefault\u00a0\u00bb custom_padding=\u00a0\u00bb32px|||||\u00a0\u00bb global_colors_info=\u00a0\u00bb{}\u00a0\u00bb theme_builder_area=\u00a0\u00bbpost_content\u00a0\u00bb][et_pb_row _builder_version=\u00a0\u00bb4.17.6&Prime; _module_preset=\u00a0\u00bbdefault\u00a0\u00bb custom_padding=\u00a0\u00bb3px|||||\u00a0\u00bb global_colors_info=\u00a0\u00bb{}\u00a0\u00bb theme_builder_area=\u00a0\u00bbpost_content\u00a0\u00bb][et_pb_column type=\u00a0\u00bb4_4&Prime; _builder_version=\u00a0\u00bb4.17.6&Prime; _module_preset=\u00a0\u00bbdefault\u00a0\u00bb global_colors_info=\u00a0\u00bb{}\u00a0\u00bb theme_builder_area=\u00a0\u00bbpost_content\u00a0\u00bb][et_pb_image src=\u00a0\u00bbhttps:\/\/catholiques17.fr\/saintes\/wp-content\/uploads\/sites\/3\/2022\/11\/Abbaye1.jpeg\u00a0\u00bb title_text=\u00a0\u00bbAbbaye1&Prime; align=\u00a0\u00bbcenter\u00a0\u00bb _builder_version=\u00a0\u00bb4.17.6&Prime; _module_preset=\u00a0\u00bbdefault\u00a0\u00bb animation_style=\u00a0\u00bbslide\u00a0\u00bb border_radii=\u00a0\u00bbon|20px|20px|20px|20px\u00a0\u00bb global_colors_info=\u00a0\u00bb{}\u00a0\u00bb theme_builder_area=\u00a0\u00bbpost_content\u00a0\u00bb][\/et_pb_image][\/et_pb_column][\/et_pb_row][et_pb_row _builder_version=\u00a0\u00bb4.17.6&Prime; _module_preset=\u00a0\u00bbdefault\u00a0\u00bb global_colors_info=\u00a0\u00bb{}\u00a0\u00bb theme_builder_area=\u00a0\u00bbpost_content\u00a0\u00bb][et_pb_column type=\u00a0\u00bb4_4&Prime; _builder_version=\u00a0\u00bb4.17.6&Prime; _module_preset=\u00a0\u00bbdefault\u00a0\u00bb global_colors_info=\u00a0\u00bb{}\u00a0\u00bb theme_builder_area=\u00a0\u00bbpost_content\u00a0\u00bb][et_pb_text _builder_version=\u00a0\u00bb4.17.6&Prime; _module_preset=\u00a0\u00bbdefault\u00a0\u00bb global_colors_info=\u00a0\u00bb{}\u00a0\u00bb theme_builder_area=\u00a0\u00bbpost_content\u00a0\u00bb]<\/p>\n<p><span>Etablie sur la rive droite de la Charente, l&rsquo;Abbaye-aux-Dames fut fond\u00e9e en 1047 \u00e0 l&rsquo;initiative de Geoffroy Martel, Comte d&rsquo;Anjou, et de son \u00e9pouse Agn\u00e8s de Bourgogne.<\/span><br \/><span class=\"rougevif\">L&rsquo;Abbaye aux Dames<\/span><span>\u00a0fut le premier monast\u00e8re de femmes de Saintonge. D\u00e8s sa fondation, l&rsquo;abbaye fut tr\u00e8s prosp\u00e8re. Sa richesse demeura intacte jusqu&rsquo;au XVIIIe si\u00e8cle malgr\u00e9 les al\u00e9as de l&rsquo;histoire et elle rayonna sur la Saintonge pendant les 745 ann\u00e9es de pr\u00e9sence des moniales. P\u00f4le touristique et patrimonial au C\u0153ur de la ville, l&rsquo;abbaye doit sa r\u00e9habilitation exemplaire au festival de musique, qui, d\u00e8s 1973, a fait de Saintes et de son abbaye un lieu culturel de r\u00e9f\u00e9rence. Elle accueille d\u00e9sormais une vie culturelle intense: Festival de Saintes, Saison musicale, Jeune Orchestre atlantique, Conservatoire\u2026Au XVIIe si\u00e8cle, deux incendies successifs causent de grands dommages et les b\u00e2timents conventuels sont enti\u00e8rement reconstruits sous la conduite de l\u2019abbesse Fran\u00e7oise de Foix.<\/span><br \/><span class=\"rougevif\">Au XVIIIe si\u00e8cle<\/span><span>, un certain rel\u00e2chement se fait sentir au sein du monast\u00e8re et l\u2019abbaye doit vendre une partie de ses biens.<\/span><br \/><span>Premier monast\u00e8re b\u00e9n\u00e9dictin de Saintonge confi\u00e9 \u00e0 une communaut\u00e9 de femmes, son influence fut consid\u00e9rable jusqu&rsquo;au XVIIIe si\u00e8cle.<\/span><br \/><span>A la R\u00e9volution, l&rsquo;abbaye fut transform\u00e9e en prison puis, par un d\u00e9cret imp\u00e9rial de 1808, en caserne. En 1924, la ville racheta l&rsquo;\u00e9glise au minist\u00e8re de la Guerre et fit entreprendre les premi\u00e8res restaurations. Elle fut rendue au culte en 1939. Les b\u00e2timents monastiques, abandonn\u00e9s apr\u00e8s la guerre, furent enti\u00e8rement restaur\u00e9s dans les ann\u00e9es 1970-1980.<\/span><br \/><span class=\"rougevif\">L\u2019abbaye aux Dames<\/span><span>, d\u00e8s sa cr\u00e9ation, est richement dot\u00e9e. La plupart de ses possessions (dont les prieur\u00e9s de Corme-Royal et de Pont-l\u2019Abb\u00e9- d\u2019Arnoult) sont \u00e9tablies \u00e0 l\u2019ouest de Saintes, le long des chemins qui desservent les zones de marais salants situ\u00e9s autour de Marennes. Elles sont, au fil du temps, pr\u00e9serv\u00e9es et enrichies par de nouveaux dons.<\/span><br \/><span class=\"rougevif\">Les b\u00e2timents conventuels<\/span><span>: Ce long b\u00e2timent imposant fut reconstruit au XVIIe si\u00e8cle. Agr\u00e9ment\u00e9 d&rsquo;\u00e9chauguettes, celui-ci n&rsquo;est pas sans \u00e9voquer les architectures militaires de l&rsquo;\u00e9poque.<\/span><br \/><span>La salle capitulaire: Outre des magnifiques vo\u00fbtes d&rsquo;ar\u00eates du XVIIe si\u00e8cle, elle conserve dans ses murs les traces du vo\u00fbtement gothique et une tr\u00e8s belle fen\u00eatre du XIIIe si\u00e8cle qui sert aujourd&rsquo;hui de porte.<\/span><br \/><span class=\"rougevif\">L\u2019\u00e9glise primitive<\/span><span>, de plan basilical, proposait une nef plus courte qu\u2019aujourd\u2019hui, flanqu\u00e9e de collat\u00e9raux. L\u2019un des plus beaux fleurons de l&rsquo;art religieux du XIe si\u00e8cle en Saintonge. Les sculptures des quatre voussures du portail et des chapiteaux du clocher illustrent la pleine maturit\u00e9 de l&rsquo;art roman saintongeais Depuis le clocher de l&rsquo;abbatiale, vous d\u00e9couvrirez un panorama unique sur la ville et son patrimoine.<\/span><br \/><span class=\"rougevif\">Le clo\u00eetre<\/span><span>: mis au jour lors des fouilles arch\u00e9ologiques de 1986. Les bases d&rsquo;une porte et le promenoir du XVe si\u00e8cle sont encore visibles.<\/span><br \/><span>Les murs \u00e9taient moins hauts et peu \u00e9pais et l\u2019ensemble \u00e9tait couvert d\u2019une charpente en bois. L\u2019\u00e9difice conna\u00eet d\u2019importantes transformations entre la fin du XIe si\u00e8cle et le milieu du XIIe si\u00e8cle.<\/span><br \/><span class=\"rougevif\">Un clocher<\/span><span>\u00a0est \u00e9difi\u00e9 et une nouvelle fa\u00e7ade est reconstruite avant celle du XIe si\u00e8cle. Le plan d\u2019origine ne devant plus convenir aux exigences liturgiques, le vaisseau principal est unifi\u00e9 et couvert de coupoles. Ces derni\u00e8res sont ruin\u00e9es par l\u2019incendie de 1648. Des plafonds en bois ont aujourd\u2019hui remplac\u00e9 la couverture de pierre romane.<\/span><\/p>\n<p>[\/et_pb_text][\/et_pb_column][\/et_pb_row][et_pb_row column_structure=\u00a0\u00bb1_4,1_4,1_4,1_4&Prime; _builder_version=\u00a0\u00bb4.17.6&Prime; _module_preset=\u00a0\u00bbdefault\u00a0\u00bb global_colors_info=\u00a0\u00bb{}\u00a0\u00bb theme_builder_area=\u00a0\u00bbpost_content\u00a0\u00bb][et_pb_column type=\u00a0\u00bb1_4&Prime; _builder_version=\u00a0\u00bb4.17.6&Prime; _module_preset=\u00a0\u00bbdefault\u00a0\u00bb global_colors_info=\u00a0\u00bb{}\u00a0\u00bb theme_builder_area=\u00a0\u00bbpost_content\u00a0\u00bb][et_pb_image src=\u00a0\u00bbhttps:\/\/catholiques17.fr\/saintes\/wp-content\/uploads\/sites\/3\/2022\/11\/Abbaye-2.jpeg\u00a0\u00bb title_text=\u00a0\u00bbAbbaye 2&Prime; show_in_lightbox=\u00a0\u00bbon\u00a0\u00bb _builder_version=\u00a0\u00bb4.17.6&Prime; _module_preset=\u00a0\u00bbdefault\u00a0\u00bb animation_style=\u00a0\u00bbslide\u00a0\u00bb border_radii=\u00a0\u00bbon|20px|20px|20px|20px\u00a0\u00bb global_colors_info=\u00a0\u00bb{}\u00a0\u00bb theme_builder_area=\u00a0\u00bbpost_content\u00a0\u00bb][\/et_pb_image][\/et_pb_column][et_pb_column type=\u00a0\u00bb1_4&Prime; _builder_version=\u00a0\u00bb4.17.6&Prime; _module_preset=\u00a0\u00bbdefault\u00a0\u00bb global_colors_info=\u00a0\u00bb{}\u00a0\u00bb theme_builder_area=\u00a0\u00bbpost_content\u00a0\u00bb][et_pb_image src=\u00a0\u00bbhttps:\/\/catholiques17.fr\/saintes\/wp-content\/uploads\/sites\/3\/2022\/11\/Abbaye-3.jpeg\u00a0\u00bb title_text=\u00a0\u00bbAbbaye 3&Prime; show_in_lightbox=\u00a0\u00bbon\u00a0\u00bb _builder_version=\u00a0\u00bb4.17.6&Prime; _module_preset=\u00a0\u00bbdefault\u00a0\u00bb animation_style=\u00a0\u00bbslide\u00a0\u00bb border_radii=\u00a0\u00bbon|20px|20px|20px|20px\u00a0\u00bb global_colors_info=\u00a0\u00bb{}\u00a0\u00bb theme_builder_area=\u00a0\u00bbpost_content\u00a0\u00bb][\/et_pb_image][\/et_pb_column][et_pb_column type=\u00a0\u00bb1_4&Prime; _builder_version=\u00a0\u00bb4.17.6&Prime; _module_preset=\u00a0\u00bbdefault\u00a0\u00bb global_colors_info=\u00a0\u00bb{}\u00a0\u00bb theme_builder_area=\u00a0\u00bbpost_content\u00a0\u00bb][et_pb_image src=\u00a0\u00bbhttps:\/\/catholiques17.fr\/saintes\/wp-content\/uploads\/sites\/3\/2022\/11\/Abbaye-4.jpeg\u00a0\u00bb title_text=\u00a0\u00bbAbbaye 4&Prime; show_in_lightbox=\u00a0\u00bbon\u00a0\u00bb _builder_version=\u00a0\u00bb4.17.6&Prime; _module_preset=\u00a0\u00bbdefault\u00a0\u00bb animation_style=\u00a0\u00bbslide\u00a0\u00bb border_radii=\u00a0\u00bbon|20px|20px|20px|20px\u00a0\u00bb global_colors_info=\u00a0\u00bb{}\u00a0\u00bb theme_builder_area=\u00a0\u00bbpost_content\u00a0\u00bb][\/et_pb_image][\/et_pb_column][et_pb_column type=\u00a0\u00bb1_4&Prime; _builder_version=\u00a0\u00bb4.17.6&Prime; _module_preset=\u00a0\u00bbdefault\u00a0\u00bb global_colors_info=\u00a0\u00bb{}\u00a0\u00bb theme_builder_area=\u00a0\u00bbpost_content\u00a0\u00bb][et_pb_image src=\u00a0\u00bbhttps:\/\/catholiques17.fr\/saintes\/wp-content\/uploads\/sites\/3\/2022\/11\/Abbaye-5.jpeg\u00a0\u00bb title_text=\u00a0\u00bbAbbaye 5&Prime; show_in_lightbox=\u00a0\u00bbon\u00a0\u00bb _builder_version=\u00a0\u00bb4.17.6&Prime; _module_preset=\u00a0\u00bbdefault\u00a0\u00bb animation_style=\u00a0\u00bbslide\u00a0\u00bb border_radii=\u00a0\u00bbon|20px|20px|20px|20px\u00a0\u00bb global_colors_info=\u00a0\u00bb{}\u00a0\u00bb theme_builder_area=\u00a0\u00bbpost_content\u00a0\u00bb][\/et_pb_image][\/et_pb_column][\/et_pb_row][et_pb_row _builder_version=\u00a0\u00bb4.27.4&Prime; _module_preset=\u00a0\u00bbdefault\u00a0\u00bb theme_builder_area=\u00a0\u00bbpost_content\u00a0\u00bb][et_pb_column _builder_version=\u00a0\u00bb4.27.4&Prime; _module_preset=\u00a0\u00bbdefault\u00a0\u00bb type=\u00a0\u00bb4_4&Prime; theme_builder_area=\u00a0\u00bbpost_content\u00a0\u00bb][et_pb_button button_text=\u00a0\u00bbLe fleurissement pour votre mariage \u00e0 l&rsquo;abbaye aux Dames\u00a0\u00bb _builder_version=\u00a0\u00bb4.27.4&Prime; _module_preset=\u00a0\u00bbdefault\u00a0\u00bb theme_builder_area=\u00a0\u00bbpost_content\u00a0\u00bb button_url=\u00a0\u00bbhttps:\/\/catholiques17.fr\/saintes\/fleurissement-a-labbaye-aux-dames\/\u00a0\u00bb button_alignment=\u00a0\u00bbcenter\u00a0\u00bb hover_enabled=\u00a0\u00bb0&Prime; sticky_enabled=\u00a0\u00bb0&Prime;][\/et_pb_button][\/et_pb_column][\/et_pb_row][\/et_pb_section]<\/p>\n","protected":false},"excerpt":{"rendered":"<p>Etablie sur la rive droite de la Charente, l&rsquo;Abbaye-aux-Dames fut fond\u00e9e en 1047 \u00e0 l&rsquo;initiative de Geoffroy Martel, Comte d&rsquo;Anjou, et de son \u00e9pouse Agn\u00e8s de Bourgogne.L&rsquo;Abbaye aux Dames\u00a0fut le [&hellip;]<\/p>\n","protected":false},"author":4,"featured_media":0,"parent":6852,"menu_order":0,"comment_status":"closed","ping_status":"closed","template":"","meta":{"_et_pb_use_builder":"on","_et_pb_old_content":"","_et_gb_content_width":"","footnotes":""},"class_list":["post-6923","page","type-page","status-publish","hentry"],"_links":{"self":[{"href":"https:\/\/catholiques17.fr\/saintes\/wp-json\/wp\/v2\/pages\/6923","targetHints":{"allow":["GET"]}}],"collection":[{"href":"https:\/\/catholiques17.fr\/saintes\/wp-json\/wp\/v2\/pages"}],"about":[{"href":"https:\/\/catholiques17.fr\/saintes\/wp-json\/wp\/v2\/types\/page"}],"author":[{"embeddable":true,"href":"https:\/\/catholiques17.fr\/saintes\/wp-json\/wp\/v2\/users\/4"}],"replies":[{"embeddable":true,"href":"https:\/\/catholiques17.fr\/saintes\/wp-json\/wp\/v2\/comments?post=6923"}],"version-history":[{"count":6,"href":"https:\/\/catholiques17.fr\/saintes\/wp-json\/wp\/v2\/pages\/6923\/revisions"}],"predecessor-version":[{"id":11404,"href":"https:\/\/catholiques17.fr\/saintes\/wp-json\/wp\/v2\/pages\/6923\/revisions\/11404"}],"up":[{"embeddable":true,"href":"https:\/\/catholiques17.fr\/saintes\/wp-json\/wp\/v2\/pages\/6852"}],"wp:attachment":[{"href":"https:\/\/catholiques17.fr\/saintes\/wp-json\/wp\/v2\/media?parent=6923"}],"curies":[{"name":"wp","href":"https:\/\/api.w.org\/{rel}","templated":true}]}}