{"id":6904,"date":"2022-11-10T15:10:27","date_gmt":"2022-11-10T14:10:27","guid":{"rendered":"https:\/\/catholiques17.fr\/saintes\/?page_id=6904"},"modified":"2022-11-11T15:30:56","modified_gmt":"2022-11-11T14:30:56","slug":"ccfd","status":"publish","type":"page","link":"https:\/\/catholiques17.fr\/saintes\/servir-2\/ccfd\/","title":{"rendered":"CCFD"},"content":{"rendered":"<p>[et_pb_section fb_built=\u00a0\u00bb1&Prime; _builder_version=\u00a0\u00bb4.17.6&Prime; _module_preset=\u00a0\u00bbdefault\u00a0\u00bb global_colors_info=\u00a0\u00bb{}\u00a0\u00bb theme_builder_area=\u00a0\u00bbpost_content\u00a0\u00bb][et_pb_row _builder_version=\u00a0\u00bb4.17.6&Prime; _module_preset=\u00a0\u00bbdefault\u00a0\u00bb global_colors_info=\u00a0\u00bb{}\u00a0\u00bb theme_builder_area=\u00a0\u00bbpost_content\u00a0\u00bb][et_pb_column type=\u00a0\u00bb4_4&Prime; _builder_version=\u00a0\u00bb4.17.6&Prime; _module_preset=\u00a0\u00bbdefault\u00a0\u00bb global_colors_info=\u00a0\u00bb{}\u00a0\u00bb theme_builder_area=\u00a0\u00bbpost_content\u00a0\u00bb][et_pb_image src=\u00a0\u00bbhttps:\/\/catholiques17.fr\/saintes\/wp-content\/uploads\/sites\/3\/2022\/11\/CCFD-Terre-Solidaire_-RVB_logodefinition-1.jpg\u00a0\u00bb title_text=\u00a0\u00bbCCFD-Terre-Solidaire_-RVB_logodefinition (1)\u00a0\u00bb _builder_version=\u00a0\u00bb4.17.6&Prime; _module_preset=\u00a0\u00bbdefault\u00a0\u00bb global_colors_info=\u00a0\u00bb{}\u00a0\u00bb theme_builder_area=\u00a0\u00bbpost_content\u00a0\u00bb][\/et_pb_image][\/et_pb_column][\/et_pb_row][et_pb_row _builder_version=\u00a0\u00bb4.17.6&Prime; _module_preset=\u00a0\u00bbdefault\u00a0\u00bb global_colors_info=\u00a0\u00bb{}\u00a0\u00bb theme_builder_area=\u00a0\u00bbpost_content\u00a0\u00bb][et_pb_column type=\u00a0\u00bb4_4&Prime; _builder_version=\u00a0\u00bb4.17.6&Prime; _module_preset=\u00a0\u00bbdefault\u00a0\u00bb global_colors_info=\u00a0\u00bb{}\u00a0\u00bb theme_builder_area=\u00a0\u00bbpost_content\u00a0\u00bb][et_pb_text _builder_version=\u00a0\u00bb4.17.6&Prime; _module_preset=\u00a0\u00bbdefault\u00a0\u00bb global_colors_info=\u00a0\u00bb{}\u00a0\u00bb theme_builder_area=\u00a0\u00bbpost_content\u00a0\u00bb]<\/p>\n<p><em>\u201cL\u2019aide directe constitue une r\u00e9ponse appropri\u00e9e \u00e0 des besoins imm\u00e9diats, extraordinaires, caus\u00e9s par exemple par des catastrophes naturelles, des \u00e9pid\u00e9mies, etc. Mais elle ne suffit pas \u00e0 r\u00e9parer les graves dommages qui r\u00e9sultent des situations de d\u00e9nuement, ni \u00e0 pourvoir durablement aux besoins. Il faut aussi r\u00e9former les institutions \u00e9conomiques et financi\u00e8res internationales, pour qu\u2019elles promeuvent mieux des rapports \u00e9quitables avec les pays les moins avanc\u00e9s. Il faut soutenir l\u2019effort des pays pauvres travaillant \u00e0 leur croissance et \u00e0 leur lib\u00e9ration\u201d.<\/em><span>\u00a0(Cat\u00e9chisme de l\u2019\u00c9glise catholique, r\u00e9f. : 2440)<\/span><\/p>\n<p>[\/et_pb_text][\/et_pb_column][\/et_pb_row][et_pb_row _builder_version=\u00a0\u00bb4.17.6&Prime; _module_preset=\u00a0\u00bbdefault\u00a0\u00bb global_colors_info=\u00a0\u00bb{}\u00a0\u00bb theme_builder_area=\u00a0\u00bbpost_content\u00a0\u00bb][et_pb_column type=\u00a0\u00bb4_4&Prime; _builder_version=\u00a0\u00bb4.17.6&Prime; _module_preset=\u00a0\u00bbdefault\u00a0\u00bb global_colors_info=\u00a0\u00bb{}\u00a0\u00bb theme_builder_area=\u00a0\u00bbpost_content\u00a0\u00bb][et_pb_text _builder_version=\u00a0\u00bb4.17.6&Prime; _module_preset=\u00a0\u00bbdefault\u00a0\u00bb global_colors_info=\u00a0\u00bb{}\u00a0\u00bb theme_builder_area=\u00a0\u00bbpost_content\u00a0\u00bb]<\/p>\n<div class=\"et_pb_row et_pb_row_6\">\n<div class=\"et_pb_column et_pb_column_4_4 et_pb_column_7  et_pb_css_mix_blend_mode_passthrough et-last-child\">\n<div class=\"et_pb_module et_pb_text et_pb_text_3  et_pb_text_align_left et_pb_bg_layout_light\">\n<div class=\"et_pb_text_inner\">\n<p>Solidarit\u00e9 internationale, agro\u00e9cologie, partage des richesses, justice climatique\u2026<br \/>Ces mots vous parlent ? Vous avez envie de vous engager b\u00e9n\u00e9volement ?<\/p>\n<p>&nbsp;<\/p>\n<p>Rejoignez les 15 000 b\u00e9n\u00e9voles du CCFD-Terre Solidaire. Nos combats sont aussi les v\u00f4tres<\/p>\n<p>Nous avons besoin de vous pour construire un monde plus solidaire.<br \/>Chacun, chacune, selon ses disponibilit\u00e9s et ses talents, peut apporter sa pierre \u00e0 l\u2019\u00e9difice.<\/p>\n<\/div>\n<\/div>\n<\/div>\n<\/div>\n<div class=\"et_pb_row et_pb_row_7\">\n<div class=\"et_pb_column et_pb_column_4_4 et_pb_column_8  et_pb_css_mix_blend_mode_passthrough et-last-child\">\n<div class=\"et_pb_module et_pb_text et_pb_text_4  et_pb_text_align_left et_pb_bg_layout_light\">\n<div class=\"et_pb_text_inner\">\n<p><strong>Contacter<\/strong><span>\u00a0<\/span>le<span>\u00a0<\/span><a href=\"mailto:ccfd17@ccfd-terresolidaire.org\">CCFD Charente-Maritime<\/a><\/p>\n<p><strong>Site national<\/strong><span>\u00a0<\/span>du<span>\u00a0<\/span><a href=\"https:\/\/ccfd-terresolidaire.org\/\">CCFD \u2013 Terre solidaire<\/a><\/p>\n<\/div>\n<\/div>\n<\/div>\n<\/div>\n<p>[\/et_pb_text][\/et_pb_column][\/et_pb_row][et_pb_row column_structure=\u00a0\u00bb1_4,3_4&Prime; _builder_version=\u00a0\u00bb4.17.6&Prime; _module_preset=\u00a0\u00bbdefault\u00a0\u00bb global_colors_info=\u00a0\u00bb{}\u00a0\u00bb theme_builder_area=\u00a0\u00bbpost_content\u00a0\u00bb][et_pb_column type=\u00a0\u00bb1_4&Prime; _builder_version=\u00a0\u00bb4.17.6&Prime; _module_preset=\u00a0\u00bbdefault\u00a0\u00bb global_colors_info=\u00a0\u00bb{}\u00a0\u00bb theme_builder_area=\u00a0\u00bbpost_content\u00a0\u00bb][et_pb_image src=\u00a0\u00bbhttps:\/\/catholiques17.fr\/saintes\/wp-content\/uploads\/sites\/3\/2022\/11\/1.jpg\u00a0\u00bb _builder_version=\u00a0\u00bb4.17.6&Prime; _module_preset=\u00a0\u00bbdefault\u00a0\u00bb theme_builder_area=\u00a0\u00bbpost_content\u00a0\u00bb title_text=\u00a0\u00bb1&Prime; hover_enabled=\u00a0\u00bb0&Prime; sticky_enabled=\u00a0\u00bb0&Prime;][\/et_pb_image][\/et_pb_column][et_pb_column type=\u00a0\u00bb3_4&Prime; _builder_version=\u00a0\u00bb4.17.6&Prime; _module_preset=\u00a0\u00bbdefault\u00a0\u00bb global_colors_info=\u00a0\u00bb{}\u00a0\u00bb theme_builder_area=\u00a0\u00bbpost_content\u00a0\u00bb][et_pb_text _builder_version=\u00a0\u00bb4.17.6&Prime; _module_preset=\u00a0\u00bbdefault\u00a0\u00bb hover_enabled=\u00a0\u00bb0&Prime; global_colors_info=\u00a0\u00bb{}\u00a0\u00bb theme_builder_area=\u00a0\u00bbpost_content\u00a0\u00bb width=\u00a0\u00bb100%\u00a0\u00bb sticky_enabled=\u00a0\u00bb0&Prime;]<\/p>\n<p style=\"text-align: justify\">Comme chaque ann\u00e9e, pendant le temps de Car\u00eame, le CCFD-Terre Solidaire, dans le cadre de la mission confi\u00e9e par l\u2019Eglise de France, mobilise les Chr\u00e9tiens pour plus de solidarit\u00e9. La d\u00e9marche de Car\u00eame invite \u00e0 l\u2019\u00e9coute de la Parole, \u00e0 la conversion et \u00e0 un partage \u00e0 la dimension du monde. Une fa\u00e7on de r\u00e9pondre \u00e0 l\u2019appel du pape Fran\u00e7ois dans Laudato Si :\u00a0 \u00ab J\u2019adresse une invitation urgente \u00e0 un nouveau dialogue sur la fa\u00e7on dont nous construisons l\u2019avenir de la plan\u00e8te \u00bb . Et c\u2019est gr\u00e2ce au partage et au soutien de tous, que le CCFD-Terre Solidaire peut, \u00e0 son tour, soutenir sur tous les continents des organisations qui luttent contre la faim et ses causes.\u00a0 Comment agissent ces organisations ? Trouvez en page 2 de ce communiqu\u00e9, trois exemples de projets.<\/p>\n<p>Pourquoi et comment soutenir les partenaires pendant cette p\u00e9riode de confinement ?<br \/>Le temps fort de la campagne de Car\u00eame repr\u00e9sente pour le CCFD-Terre Solidaire pr\u00e8s de 30% de sa collecte annuelle.<br \/>Avec la crise que nous traversons, cette campagne est boulevers\u00e9e.<br \/>La venue de tous les partenaires a \u00e9t\u00e9 annul\u00e9e dans un souci de protection d\u2019eux-m\u00eames mais aussi des populations de leurs pays, plus vuln\u00e9rables. Toutes les animations ont \u00e9t\u00e9 annul\u00e9es pour prot\u00e9ger le public, les b\u00e9n\u00e9voles et les salari\u00e9s. Enfin, la messe du 5\u00e8me dimanche de Car\u00eame dont la qu\u00eate imp\u00e8r\u00e9e est d\u00e9di\u00e9e au CCFD-Terre Solidaire est annul\u00e9e.<br \/>Aussi, le CCFD-Terre Solidaire invite l\u2019ensemble des communaut\u00e9s chr\u00e9tiennes \u00e0 faire vivre \u00e0 distance, ce geste de partage du 5\u00e8me dimanche de car\u00eame pour continuer l\u2019action aupr\u00e8s des partenaires qui comptent sur le plus grand nombre.<br \/>En cette p\u00e9riode de confinement, le mouvement vous propose un don en ligne en utilisant le lien suivant https:\/\/soutenir.ccfd-terresolidaire.org\/ qui vous donnera toutes les modalit\u00e9s.<br \/>Les enveloppes de collecte qui ont \u00e9t\u00e9 distribu\u00e9es au d\u00e9but du Car\u00eame pourront \u00eatre envoy\u00e9es au CCFD-Terre Solidaire, 4 rue Jean Lantier 75001 PARIS. Les dons peuvent aussi se faire dans des enveloppes classiques \u00e0 la m\u00eame adresse (Les courriers seront trait\u00e9s apr\u00e8s la p\u00e9riode de confinement ) Par avance, les b\u00e9n\u00e9voles du CCFD-Terre Solidaire vous remercient pour votre g\u00e9n\u00e9rosit\u00e9 et votre engagement au service d\u2019un monde plus juste et plus solidaire.<\/p>\n<p>[\/et_pb_text][\/et_pb_column][\/et_pb_row][et_pb_row _builder_version=\u00a0\u00bb4.17.6&Prime; _module_preset=\u00a0\u00bbdefault\u00a0\u00bb global_colors_info=\u00a0\u00bb{}\u00a0\u00bb theme_builder_area=\u00a0\u00bbpost_content\u00a0\u00bb][et_pb_column type=\u00a0\u00bb4_4&Prime; _builder_version=\u00a0\u00bb4.17.6&Prime; _module_preset=\u00a0\u00bbdefault\u00a0\u00bb global_colors_info=\u00a0\u00bb{}\u00a0\u00bb theme_builder_area=\u00a0\u00bbpost_content\u00a0\u00bb][\/et_pb_column][\/et_pb_row][\/et_pb_section]<\/p>\n","protected":false},"excerpt":{"rendered":"<p>\u201cL\u2019aide directe constitue une r\u00e9ponse appropri\u00e9e \u00e0 des besoins imm\u00e9diats, extraordinaires, caus\u00e9s par exemple par des catastrophes naturelles, des \u00e9pid\u00e9mies, etc. Mais elle ne suffit pas \u00e0 r\u00e9parer les graves [&hellip;]<\/p>\n","protected":false},"author":4,"featured_media":0,"parent":6902,"menu_order":0,"comment_status":"closed","ping_status":"closed","template":"","meta":{"_et_pb_use_builder":"on","_et_pb_old_content":"","_et_gb_content_width":"","footnotes":""},"class_list":["post-6904","page","type-page","status-publish","hentry"],"_links":{"self":[{"href":"https:\/\/catholiques17.fr\/saintes\/wp-json\/wp\/v2\/pages\/6904","targetHints":{"allow":["GET"]}}],"collection":[{"href":"https:\/\/catholiques17.fr\/saintes\/wp-json\/wp\/v2\/pages"}],"about":[{"href":"https:\/\/catholiques17.fr\/saintes\/wp-json\/wp\/v2\/types\/page"}],"author":[{"embeddable":true,"href":"https:\/\/catholiques17.fr\/saintes\/wp-json\/wp\/v2\/users\/4"}],"replies":[{"embeddable":true,"href":"https:\/\/catholiques17.fr\/saintes\/wp-json\/wp\/v2\/comments?post=6904"}],"version-history":[{"count":13,"href":"https:\/\/catholiques17.fr\/saintes\/wp-json\/wp\/v2\/pages\/6904\/revisions"}],"predecessor-version":[{"id":7114,"href":"https:\/\/catholiques17.fr\/saintes\/wp-json\/wp\/v2\/pages\/6904\/revisions\/7114"}],"up":[{"embeddable":true,"href":"https:\/\/catholiques17.fr\/saintes\/wp-json\/wp\/v2\/pages\/6902"}],"wp:attachment":[{"href":"https:\/\/catholiques17.fr\/saintes\/wp-json\/wp\/v2\/media?parent=6904"}],"curies":[{"name":"wp","href":"https:\/\/api.w.org\/{rel}","templated":true}]}}