{"id":6848,"date":"2022-11-10T14:24:15","date_gmt":"2022-11-10T13:24:15","guid":{"rendered":"https:\/\/catholiques17.fr\/saintes\/?page_id=6848"},"modified":"2025-10-21T13:43:36","modified_gmt":"2025-10-21T11:43:36","slug":"conseil-economique-rd","status":"publish","type":"page","link":"https:\/\/catholiques17.fr\/saintes\/paroisse-rive-droite\/conseil-economique-rd\/","title":{"rendered":"Conseil \u00e9conomique RD"},"content":{"rendered":"<p>[et_pb_section fb_built=\u00a0\u00bb1&Prime; _builder_version=\u00a0\u00bb4.17.6&Prime; _module_preset=\u00a0\u00bbdefault\u00a0\u00bb global_colors_info=\u00a0\u00bb{}\u00a0\u00bb theme_builder_area=\u00a0\u00bbpost_content\u00a0\u00bb][et_pb_row _builder_version=\u00a0\u00bb4.17.6&Prime; _module_preset=\u00a0\u00bbdefault\u00a0\u00bb global_colors_info=\u00a0\u00bb{}\u00a0\u00bb theme_builder_area=\u00a0\u00bbpost_content\u00a0\u00bb][et_pb_column type=\u00a0\u00bb4_4&Prime; _builder_version=\u00a0\u00bb4.17.6&Prime; _module_preset=\u00a0\u00bbdefault\u00a0\u00bb global_colors_info=\u00a0\u00bb{}\u00a0\u00bb theme_builder_area=\u00a0\u00bbpost_content\u00a0\u00bb][et_pb_image src=\u00a0\u00bbhttps:\/\/catholiques17.fr\/saintes\/wp-content\/uploads\/sites\/3\/2025\/10\/eglise-et-argent.jpg\u00a0\u00bb _builder_version=\u00a0\u00bb4.27.4&Prime; _module_preset=\u00a0\u00bbdefault\u00a0\u00bb theme_builder_area=\u00a0\u00bbpost_content\u00a0\u00bb title_text=\u00a0\u00bb\u00e9glise et argent\u00a0\u00bb hover_enabled=\u00a0\u00bb0&Prime; sticky_enabled=\u00a0\u00bb0&Prime;][\/et_pb_image][\/et_pb_column][\/et_pb_row][et_pb_row _builder_version=\u00a0\u00bb4.17.6&Prime; _module_preset=\u00a0\u00bbdefault\u00a0\u00bb global_colors_info=\u00a0\u00bb{}\u00a0\u00bb theme_builder_area=\u00a0\u00bbpost_content\u00a0\u00bb][et_pb_column type=\u00a0\u00bb4_4&Prime; _builder_version=\u00a0\u00bb4.17.6&Prime; _module_preset=\u00a0\u00bbdefault\u00a0\u00bb global_colors_info=\u00a0\u00bb{}\u00a0\u00bb theme_builder_area=\u00a0\u00bbpost_content\u00a0\u00bb][et_pb_text _builder_version=\u00a0\u00bb4.17.6&Prime; _module_preset=\u00a0\u00bbdefault\u00a0\u00bb global_colors_info=\u00a0\u00bb{}\u00a0\u00bb theme_builder_area=\u00a0\u00bbpost_content\u00a0\u00bb]<\/p>\n<p style=\"text-align: center\"><strong><span>Le conseil \u00e9conomique est charg\u00e9 de la gestion mat\u00e9rielle et financi\u00e8re de la paroisse.<\/span><\/strong><\/p>\n<p>[\/et_pb_text][et_pb_text _builder_version=\u00a0\u00bb4.27.4&Prime; _module_preset=\u00a0\u00bbdefault\u00a0\u00bb theme_builder_area=\u00a0\u00bbpost_content\u00a0\u00bb hover_enabled=\u00a0\u00bb0&Prime; sticky_enabled=\u00a0\u00bb0&Prime;]<\/p>\n<div class=\"et_pb_row et_pb_row_2\">\n<div class=\"et_pb_column et_pb_column_4_4 et_pb_column_2  et_pb_css_mix_blend_mode_passthrough et-last-child\">\n<div class=\"et_pb_module et_pb_text et_pb_text_1  et_pb_text_align_left et_pb_bg_layout_light\">\n<div class=\"et_pb_text_inner\">\n<div class=\"et_pb_row et_pb_row_2\">\n<div class=\"et_pb_column et_pb_column_4_4 et_pb_column_2  et_pb_css_mix_blend_mode_passthrough et-last-child\">\n<div class=\"et_pb_module et_pb_text et_pb_text_1  et_pb_text_align_left et_pb_bg_layout_light\">\n<div class=\"et_pb_text_inner\">\n<p class=\"\">Sous la conduite du cur\u00e9 et de l\u2019Equipe Pastorale, le Conseil \u00c9conomique a pour mission de g\u00e9rer avec la rigueur requise en ce domaine, dans l\u2019esprit de l\u2019\u00c9vangile, les biens financiers, mobiliers et immobiliers qui sont confi\u00e9s \u00e0 la paroisse pour le service de la mission. Il doit rendre compte \u00e0 l\u2019\u00e9conome dioc\u00e9sain et aux paroissiens de la gestion de la paroisse une fois l\u2019an. Il \u00e9tablit le budget en accord avec les orientations de l\u2019\u00c9quipe Pastorale et il \u00e9tudie les besoins signal\u00e9s par les communaut\u00e9s locales. Il programme les d\u00e9penses en fonction de la mission. Lorsque la paroisse poss\u00e8de canoniquement des biens immobilier , \u00a0il veille \u00e0 l\u2019entretien de ces biens.\u00a0 En lien avec le dioc\u00e8se, il organise la collecte du denier de l\u2019\u00c9glise et sensibilise les paroissiens \u00e0 leur responsabilit\u00e9 dans la vie mat\u00e9rielle de l\u2019\u00c9glise locale.<\/p>\n<p class=\"\">Le Conseil \u00e9conomique de la paroisse est constitu\u00e9 de membres b\u00e9n\u00e9voles appel\u00e9s par l\u2019Equipe Pastorale au nom de leurs comp\u00e9tences humaines et professionnelles.<\/p>\n<\/div>\n<\/div>\n<\/div>\n<\/div>\n<\/div>\n<\/div>\n<\/div>\n<\/div>\n<p>[\/et_pb_text][et_pb_divider _builder_version=\u00a0\u00bb4.27.4&Prime; _module_preset=\u00a0\u00bbdefault\u00a0\u00bb theme_builder_area=\u00a0\u00bbpost_content\u00a0\u00bb divider_weight=\u00a0\u00bb3px\u00a0\u00bb hover_enabled=\u00a0\u00bb0&Prime; sticky_enabled=\u00a0\u00bb0&Prime;][\/et_pb_divider][et_pb_text _builder_version=\u00a0\u00bb4.27.4&Prime; _module_preset=\u00a0\u00bbdefault\u00a0\u00bb hover_enabled=\u00a0\u00bb0&Prime; global_colors_info=\u00a0\u00bb{}\u00a0\u00bb theme_builder_area=\u00a0\u00bbpost_content\u00a0\u00bb sticky_enabled=\u00a0\u00bb0&Prime;]<\/p>\n<div style=\"text-align: center\"><strong><span style=\"text-decoration: underline\">Il est compos\u00e9 de<\/span> :<\/strong><\/div>\n<div style=\"text-align: center\"><\/div>\n<div style=\"text-align: center\">Monsieur l&rsquo;Abb\u00e9 Jo\u00ebl Enama<\/div>\n<div style=\"text-align: center\">Madame Val\u00e9rie Matt\u00e9\u00ef (tr\u00e9sori\u00e8re)<\/div>\n<div style=\"text-align: center\">Madame V\u00e9ronique Chevallier (aide-tr\u00e9sori\u00e8re)<\/div>\n<div style=\"text-align: center\">Madame Christine Fi\u00e9vet (\u00e9criture comptable)<\/div>\n<div style=\"text-align: center\">Monsieur Edouard Jeulin (Conseil)<\/div>\n<div style=\"text-align: center\">Monsieur Jean Hartz (compteur qu\u00eate)<\/div>\n<div style=\"text-align: center\">Monsieur Jean-Marc Roujas (compteur qu\u00eate)<\/div>\n<div style=\"text-align: center\">Madame Ginette Roullin (ex-tr\u00e9sori\u00e8re)<\/div>\n<div style=\"text-align: center\"><\/div>\n<div style=\"text-align: center\"><\/div>\n<p>[\/et_pb_text][\/et_pb_column][\/et_pb_row][\/et_pb_section]<\/p>\n","protected":false},"excerpt":{"rendered":"<p>Le conseil \u00e9conomique est charg\u00e9 de la gestion mat\u00e9rielle et financi\u00e8re de la paroisse. Sous la conduite du cur\u00e9 et de l\u2019Equipe Pastorale, le Conseil \u00c9conomique a pour mission de [&hellip;]<\/p>\n","protected":false},"author":4,"featured_media":0,"parent":6856,"menu_order":0,"comment_status":"closed","ping_status":"closed","template":"","meta":{"_et_pb_use_builder":"on","_et_pb_old_content":"","_et_gb_content_width":"","footnotes":""},"class_list":["post-6848","page","type-page","status-publish","hentry"],"_links":{"self":[{"href":"https:\/\/catholiques17.fr\/saintes\/wp-json\/wp\/v2\/pages\/6848","targetHints":{"allow":["GET"]}}],"collection":[{"href":"https:\/\/catholiques17.fr\/saintes\/wp-json\/wp\/v2\/pages"}],"about":[{"href":"https:\/\/catholiques17.fr\/saintes\/wp-json\/wp\/v2\/types\/page"}],"author":[{"embeddable":true,"href":"https:\/\/catholiques17.fr\/saintes\/wp-json\/wp\/v2\/users\/4"}],"replies":[{"embeddable":true,"href":"https:\/\/catholiques17.fr\/saintes\/wp-json\/wp\/v2\/comments?post=6848"}],"version-history":[{"count":6,"href":"https:\/\/catholiques17.fr\/saintes\/wp-json\/wp\/v2\/pages\/6848\/revisions"}],"predecessor-version":[{"id":12937,"href":"https:\/\/catholiques17.fr\/saintes\/wp-json\/wp\/v2\/pages\/6848\/revisions\/12937"}],"up":[{"embeddable":true,"href":"https:\/\/catholiques17.fr\/saintes\/wp-json\/wp\/v2\/pages\/6856"}],"wp:attachment":[{"href":"https:\/\/catholiques17.fr\/saintes\/wp-json\/wp\/v2\/media?parent=6848"}],"curies":[{"name":"wp","href":"https:\/\/api.w.org\/{rel}","templated":true}]}}