{"id":6844,"date":"2022-11-10T14:23:41","date_gmt":"2022-11-10T13:23:41","guid":{"rendered":"https:\/\/catholiques17.fr\/saintes\/?page_id=6844"},"modified":"2025-10-21T13:57:07","modified_gmt":"2025-10-21T11:57:07","slug":"conseil-pastoral-rd","status":"publish","type":"page","link":"https:\/\/catholiques17.fr\/saintes\/paroisse-rive-droite\/conseil-pastoral-rd\/","title":{"rendered":"Conseil paroissial RD"},"content":{"rendered":"<p>[et_pb_section fb_built=\u00a0\u00bb1&Prime; _builder_version=\u00a0\u00bb4.17.6&Prime; _module_preset=\u00a0\u00bbdefault\u00a0\u00bb global_colors_info=\u00a0\u00bb{}\u00a0\u00bb theme_builder_area=\u00a0\u00bbpost_content\u00a0\u00bb][et_pb_row _builder_version=\u00a0\u00bb4.17.6&Prime; _module_preset=\u00a0\u00bbdefault\u00a0\u00bb global_colors_info=\u00a0\u00bb{}\u00a0\u00bb theme_builder_area=\u00a0\u00bbpost_content\u00a0\u00bb][et_pb_column type=\u00a0\u00bb4_4&Prime; _builder_version=\u00a0\u00bb4.17.6&Prime; _module_preset=\u00a0\u00bbdefault\u00a0\u00bb global_colors_info=\u00a0\u00bb{}\u00a0\u00bb theme_builder_area=\u00a0\u00bbpost_content\u00a0\u00bb][et_pb_image src=\u00a0\u00bbhttps:\/\/catholiques17.fr\/saintes\/wp-content\/uploads\/sites\/3\/2025\/10\/reunion-paroisse.png\u00a0\u00bb title_text=\u00a0\u00bbr\u00e9union paroisse\u00a0\u00bb align=\u00a0\u00bbcenter\u00a0\u00bb _builder_version=\u00a0\u00bb4.27.4&Prime; _module_preset=\u00a0\u00bbdefault\u00a0\u00bb background_color=\u00a0\u00bb#FFFFFF\u00a0\u00bb hover_enabled=\u00a0\u00bb0&Prime; global_colors_info=\u00a0\u00bb{}\u00a0\u00bb theme_builder_area=\u00a0\u00bbpost_content\u00a0\u00bb border_color_all=\u00a0\u00bb#60AF88&Prime; border_width_all=\u00a0\u00bb5px\u00a0\u00bb sticky_enabled=\u00a0\u00bb0&Prime;][\/et_pb_image][et_pb_text _builder_version=\u00a0\u00bb4.27.4&Prime; _module_preset=\u00a0\u00bbdefault\u00a0\u00bb global_colors_info=\u00a0\u00bb{}\u00a0\u00bb theme_builder_area=\u00a0\u00bbpost_content\u00a0\u00bb]<\/p>\n<div class=\"et_pb_row et_pb_row_1\">\n<div class=\"et_pb_column et_pb_column_4_4 et_pb_column_1  et_pb_css_mix_blend_mode_passthrough et-last-child\">\n<div class=\"et_pb_module et_pb_text et_pb_text_0  et_pb_text_align_left et_pb_bg_layout_light\">\n<div class=\"et_pb_text_inner\">\n<p><strong><span>Le conseil paroissial assiste le cur\u00e9 et l\u2019\u00e9quipe pastorale <\/span><\/strong><strong><span>dans leur mission de gouvernance.<\/span><\/strong><\/p>\n<p><span class=\"font_medium\">Le Conseil Paroissial (CP) est un lieu d\u2019engagement et de discernement. Ce conseil, n\u00e9 dans la foul\u00e9e du Concile Vatican II, permet de mettre en route le \u00ab concours de tous \u00bb au sein de la paroisse.\u00a0<\/span><span class=\"font_medium\">Pr\u00e9sid\u00e9 par le cur\u00e9 de la paroisse, le CP est un conseil constitu\u00e9 des diacres, de l\u2019\u00e9quipe d\u2019animation pastorale (EAP) et de la\u00efcs qui se r\u00e9unissent pour favoriser l\u2019activit\u00e9 de toute la communaut\u00e9 paroissiale et pour l\u2019aider \u00e0 \u00eatre une v\u00e9ritable communaut\u00e9 chr\u00e9tienne, fid\u00e8le \u00e0 l\u2019\u00c9vangile et f\u00e9conde dans la charit\u00e9.\u00a0<\/span><span class=\"font_medium\">Le CP est au service de la communaut\u00e9 chr\u00e9tienne pour permettre \u00e0 tous ses membres de r\u00e9aliser leur mission.<\/span><\/p>\n<p><span class=\"font_medium\">Son r\u00f4le est triple\u00a0:\u00a0<strong>\u00e9tudier<\/strong> ce qui touche l\u2019activit\u00e9 pastorale, <strong>l\u2019\u00e9valuer<\/strong>\u00a0et\u00a0<strong>proposer<\/strong>\u00a0des solutions pratiques.\u00a0<\/span><span class=\"font_medium\">La paroisse \u00e9tant une communaut\u00e9 chr\u00e9tienne parmi d\u2019autres dans le secteur pastoral, le CP est en lien \u00e9troit avec l\u2019\u00e9quipe pastorale et le conseil \u00e9conomique de la paroisse.<\/span><\/p>\n<p><span class=\"font_medium\"><strong>Le CP est un lieu de r\u00e9flexion missionnaire :<\/strong>\u00a0il se met \u00e0 l\u2019\u00e9coute de la vie des hommes, il recueille les id\u00e9es et les suggestions de la communaut\u00e9, il est attentif aux besoins nouveaux qui peuvent na\u00eetre dans la communaut\u00e9, aux questions d\u2019actualit\u00e9 qui interpellent une partie ou l\u2019ensemble de la communaut\u00e9. Il bouscule la communaut\u00e9 afin qu\u2019elle prenne ses responsabilit\u00e9 dans la mission de l\u2019Eglise. Toute la vie apport\u00e9e au CP est examin\u00e9e \u00e0 la lumi\u00e8re de l\u2019\u00c9vangile.\u00a0<\/span><span class=\"font_medium\">Le CP est une force de proposition : \u00e0 partir de son travail de r\u00e9flexion et d\u2019analyse, le CP propose des orientations, met en place des projets pour dynamiser la vie de la communaut\u00e9. Il rend compte de son travail \u00e0 la communaut\u00e9 soit par \u00e9crit, soit lors d\u2019une Assembl\u00e9e de paroisse.<\/span><\/p>\n<\/div>\n<\/div>\n<\/div>\n<\/div>\n<p>[\/et_pb_text][et_pb_divider divider_weight=\u00a0\u00bb2px\u00a0\u00bb _builder_version=\u00a0\u00bb4.27.4&Prime; _module_preset=\u00a0\u00bbdefault\u00a0\u00bb global_colors_info=\u00a0\u00bb{}\u00a0\u00bb theme_builder_area=\u00a0\u00bbpost_content\u00a0\u00bb][\/et_pb_divider][et_pb_text _builder_version=\u00a0\u00bb4.27.4&Prime; _module_preset=\u00a0\u00bbdefault\u00a0\u00bb global_colors_info=\u00a0\u00bb{}\u00a0\u00bb theme_builder_area=\u00a0\u00bbpost_content\u00a0\u00bb]<\/p>\n<p><strong>Le Conseil Paroissial est compos\u00e9 : du pr\u00eatre, de l&rsquo;Equipe Pastorale, d&rsquo;un membre du Conseil \u00e9conomique, de repr\u00e9sentants des services et de r\u00e9f\u00e9rents des clochers de notre paroisse :<\/strong><\/p>\n<p>Ren\u00e9 Bodard (Bapt\u00eame), Evelyne De Larquier (Mariage), Patrice Gaillou (Obs\u00e8ques), Anne-Melchiore de Bellabre (Animations liturgiques), Marie-Agn\u00e8s Gaillou (Temps festifs), Nicolas Dupuis (Temps fraternels), Fabienne Drieu la Rochelle (Permanence et secr\u00e9tariat), S\u00e9bastien Plus (invit\u00e9 permanent), Didier Wisselmann (invit\u00e9 permanent), Louisette Guicheteau (Saintes), Ren\u00e9 Bodard (Chaniers), V\u00e9ronique Gaillard (La Chapelle des Pots), Christine Bailly (Fontcouverte), Nicole Labb\u00e9 (Bussac\/Charente), Christian Barbier (St Vaize)\u00a0 \u00a0 &#8211;\u00a0 \u00a0Mis en place le 5 octobre 2025<\/p>\n<p>[\/et_pb_text][\/et_pb_column][\/et_pb_row][\/et_pb_section]<\/p>\n","protected":false},"excerpt":{"rendered":"<p>Le conseil paroissial assiste le cur\u00e9 et l\u2019\u00e9quipe pastorale dans leur mission de gouvernance. Le Conseil Paroissial (CP) est un lieu d\u2019engagement et de discernement. Ce conseil, n\u00e9 dans la [&hellip;]<\/p>\n","protected":false},"author":4,"featured_media":0,"parent":6856,"menu_order":0,"comment_status":"closed","ping_status":"closed","template":"","meta":{"_et_pb_use_builder":"on","_et_pb_old_content":"<!-- wp:divi\/placeholder \/-->","_et_gb_content_width":"","footnotes":""},"class_list":["post-6844","page","type-page","status-publish","hentry"],"_links":{"self":[{"href":"https:\/\/catholiques17.fr\/saintes\/wp-json\/wp\/v2\/pages\/6844","targetHints":{"allow":["GET"]}}],"collection":[{"href":"https:\/\/catholiques17.fr\/saintes\/wp-json\/wp\/v2\/pages"}],"about":[{"href":"https:\/\/catholiques17.fr\/saintes\/wp-json\/wp\/v2\/types\/page"}],"author":[{"embeddable":true,"href":"https:\/\/catholiques17.fr\/saintes\/wp-json\/wp\/v2\/users\/4"}],"replies":[{"embeddable":true,"href":"https:\/\/catholiques17.fr\/saintes\/wp-json\/wp\/v2\/comments?post=6844"}],"version-history":[{"count":9,"href":"https:\/\/catholiques17.fr\/saintes\/wp-json\/wp\/v2\/pages\/6844\/revisions"}],"predecessor-version":[{"id":12941,"href":"https:\/\/catholiques17.fr\/saintes\/wp-json\/wp\/v2\/pages\/6844\/revisions\/12941"}],"up":[{"embeddable":true,"href":"https:\/\/catholiques17.fr\/saintes\/wp-json\/wp\/v2\/pages\/6856"}],"wp:attachment":[{"href":"https:\/\/catholiques17.fr\/saintes\/wp-json\/wp\/v2\/media?parent=6844"}],"curies":[{"name":"wp","href":"https:\/\/api.w.org\/{rel}","templated":true}]}}