{"id":673,"date":"2019-09-23T22:36:39","date_gmt":"2019-09-23T20:36:39","guid":{"rendered":"https:\/\/catholiques17.fr\/saintes\/?page_id=673"},"modified":"2026-03-28T17:49:14","modified_gmt":"2026-03-28T16:49:14","slug":"le-secours-catholique","status":"publish","type":"page","link":"https:\/\/catholiques17.fr\/saintes\/servir-2\/le-secours-catholique\/","title":{"rendered":"Le Secours Catholique"},"content":{"rendered":"\n<p>10 rue Georges Clemenceau &#8211; 17100 Saintes<br> 05.46.94.38.28 ou 07-57-41-35-99<br><em>sc-saintes@wanadoo.fr<\/em><br> Responsables : Brigitte CAILLAUD et Laurence DERUSSIT <br><\/p>\n\n\n\n<p> Le&nbsp;\u00ab\u00a0<strong>Caf\u00e9 &#8211; causette\u00a0\u00bb<\/strong>&nbsp;est ouvert de 8h30 \u00e0 10h30 du lundi au vendredi (ouverture \u00e9galement dimanche de novembre \u00e0 mars): petit d\u00e9jeuner, moment convivial, douche et lessive, coiffure et petits travaux de couture. <\/p>\n\n\n\n<p><br> <strong>L&rsquo;accueil personnalis\u00e9<\/strong>  : \u00e9coute confidentielle et aide. Sur rendez-vous, s&rsquo;adresser au 07 57 41 35 99. <\/p>\n\n\n\n<figure class=\"wp-block-image alignwide size-full\"><img loading=\"lazy\" decoding=\"async\" width=\"496\" height=\"700\" src=\"https:\/\/catholiques17.fr\/saintes\/wp-content\/uploads\/sites\/3\/2022\/11\/image.png\" alt=\"\" class=\"wp-image-7251\" srcset=\"https:\/\/catholiques17.fr\/saintes\/wp-content\/uploads\/sites\/3\/2022\/11\/image.png 496w, https:\/\/catholiques17.fr\/saintes\/wp-content\/uploads\/sites\/3\/2022\/11\/image-480x677.png 480w\" sizes=\"(min-width: 0px) and (max-width: 480px) 480px, (min-width: 481px) 496px, 100vw\" \/><\/figure>\n\n\n\n<p><\/p>\n\n\n\n<p><\/p>\n\n\n\n<p><br> <\/p>\n\n\n\n<p><\/p>\n","protected":false},"excerpt":{"rendered":"<p>10 rue Georges Clemenceau &#8211; 17100 Saintes 05.46.94.38.28 ou 07-57-41-35-99sc-saintes@wanadoo.fr Responsables : Brigitte CAILLAUD et Laurence DERUSSIT Le&nbsp;\u00ab\u00a0Caf\u00e9 &#8211; causette\u00a0\u00bb&nbsp;est ouvert de 8h30 \u00e0 10h30 du lundi au vendredi (ouverture [&hellip;]<\/p>\n","protected":false},"author":1,"featured_media":0,"parent":6902,"menu_order":0,"comment_status":"closed","ping_status":"closed","template":"","meta":{"_et_pb_use_builder":"off","_et_pb_old_content":"<!-- wp:paragraph -->\n<p> 10 rue Georges Clemenceau - 17100 Saintes<br> 05.46.94.38.28 ou 07-57-41-35-99<br><em>sc-saintes@wanadoo.fr<\/em><br> Responsable : <strong>Daniel FOURTIER<\/strong> <br>  <\/p>\n<!-- \/wp:paragraph -->\n\n<!-- wp:paragraph -->\n<p> Le\u00a0\"<strong>Caf\u00e9 - causette\"<\/strong>\u00a0est ouvert de 8h30 \u00e0 10h30 du lundi au vendredi (ouverture \u00e9galement dimanche de novembre \u00e0 mars): petit d\u00e9jeuner, moment convivial, douche et lessive, coiffure et petits travaux de couture. <\/p>\n<!-- \/wp:paragraph -->\n\n<!-- wp:paragraph -->\n<p><br> <strong>L'accueil personnalis\u00e9<\/strong>  : \u00e9coute confidentielle et aide. Sur rendez-vous, s'adresser au 07 57 41 35 99. <\/p>\n<!-- \/wp:paragraph -->\n\n<!-- wp:image {\"align\":\"wide\",\"id\":7251,\"sizeSlug\":\"full\",\"linkDestination\":\"none\"} -->\n<figure class=\"wp-block-image alignwide size-full\"><img src=\"https:\/\/catholiques17.fr\/saintes\/wp-content\/uploads\/sites\/3\/2022\/11\/image.png\" alt=\"\" class=\"wp-image-7251\" \/><\/figure>\n<!-- \/wp:image -->\n\n<!-- wp:paragraph -->\n<p><\/p>\n<!-- \/wp:paragraph -->\n\n<!-- wp:paragraph -->\n<p><\/p>\n<!-- \/wp:paragraph -->\n\n<!-- wp:paragraph -->\n<p><br> <\/p>\n<!-- \/wp:paragraph -->\n\n<!-- wp:paragraph -->\n<p><\/p>\n<!-- \/wp:paragraph -->","_et_gb_content_width":"","footnotes":""},"class_list":["post-673","page","type-page","status-publish","hentry"],"_links":{"self":[{"href":"https:\/\/catholiques17.fr\/saintes\/wp-json\/wp\/v2\/pages\/673","targetHints":{"allow":["GET"]}}],"collection":[{"href":"https:\/\/catholiques17.fr\/saintes\/wp-json\/wp\/v2\/pages"}],"about":[{"href":"https:\/\/catholiques17.fr\/saintes\/wp-json\/wp\/v2\/types\/page"}],"author":[{"embeddable":true,"href":"https:\/\/catholiques17.fr\/saintes\/wp-json\/wp\/v2\/users\/1"}],"replies":[{"embeddable":true,"href":"https:\/\/catholiques17.fr\/saintes\/wp-json\/wp\/v2\/comments?post=673"}],"version-history":[{"count":13,"href":"https:\/\/catholiques17.fr\/saintes\/wp-json\/wp\/v2\/pages\/673\/revisions"}],"predecessor-version":[{"id":13817,"href":"https:\/\/catholiques17.fr\/saintes\/wp-json\/wp\/v2\/pages\/673\/revisions\/13817"}],"up":[{"embeddable":true,"href":"https:\/\/catholiques17.fr\/saintes\/wp-json\/wp\/v2\/pages\/6902"}],"wp:attachment":[{"href":"https:\/\/catholiques17.fr\/saintes\/wp-json\/wp\/v2\/media?parent=673"}],"curies":[{"name":"wp","href":"https:\/\/api.w.org\/{rel}","templated":true}]}}