{"id":3556,"date":"2020-09-23T16:06:28","date_gmt":"2020-09-23T14:06:28","guid":{"rendered":"https:\/\/catholiques17.fr\/saintes\/?page_id=3556"},"modified":"2024-06-04T19:26:39","modified_gmt":"2024-06-04T17:26:39","slug":"les-vendredis-a-laumonerie","status":"publish","type":"page","link":"https:\/\/catholiques17.fr\/saintes\/enfants-jeunes\/aumonerie-des-jeunes\/les-vendredis-a-laumonerie\/","title":{"rendered":"Les Vendredis \u00e0 l&rsquo;aum\u00f4nerie"},"content":{"rendered":"<p>[et_pb_section fb_built=\u00a0\u00bb1&Prime; _builder_version=\u00a0\u00bb4.16&Prime; global_colors_info=\u00a0\u00bb{}\u00a0\u00bb theme_builder_area=\u00a0\u00bbpost_content\u00a0\u00bb][et_pb_row _builder_version=\u00a0\u00bb4.16&Prime; background_size=\u00a0\u00bbinitial\u00a0\u00bb background_position=\u00a0\u00bbtop_left\u00a0\u00bb background_repeat=\u00a0\u00bbrepeat\u00a0\u00bb global_colors_info=\u00a0\u00bb{}\u00a0\u00bb theme_builder_area=\u00a0\u00bbpost_content\u00a0\u00bb][et_pb_column type=\u00a0\u00bb4_4&Prime; _builder_version=\u00a0\u00bb4.16&Prime; custom_padding=\u00a0\u00bb|||\u00a0\u00bb global_colors_info=\u00a0\u00bb{}\u00a0\u00bb custom_padding__hover=\u00a0\u00bb|||\u00a0\u00bb theme_builder_area=\u00a0\u00bbpost_content\u00a0\u00bb][et_pb_button button_url=\u00a0\u00bbhttps:\/\/catholiques17.fr\/saintes\/enfants-jeunes\/aumonerie-des-jeunes\/\u00a0\u00bb button_text=\u00a0\u00bbretour\u00a0\u00bb _builder_version=\u00a0\u00bb4.21.0&Prime; _module_preset=\u00a0\u00bbdefault\u00a0\u00bb custom_button=\u00a0\u00bbon\u00a0\u00bb button_text_color=\u00a0\u00bb#000000&Prime; button_bg_color=\u00a0\u00bb#0C71C3&Prime; button_icon=\u00a0\u00bb&#x48;||divi||400&Prime; button_icon_color=\u00a0\u00bb#000000&Prime; global_colors_info=\u00a0\u00bb{}\u00a0\u00bb theme_builder_area=\u00a0\u00bbpost_content\u00a0\u00bb][\/et_pb_button][et_pb_text _builder_version=\u00a0\u00bb4.21.0&Prime; _module_preset=\u00a0\u00bbdefault\u00a0\u00bb background_color=\u00a0\u00bb#0C71C3&Prime; hover_enabled=\u00a0\u00bb0&Prime; global_colors_info=\u00a0\u00bb{}\u00a0\u00bb theme_builder_area=\u00a0\u00bbpost_content\u00a0\u00bb sticky_enabled=\u00a0\u00bb0&Prime;]<\/p>\n<h1 style=\"text-align: center\"><\/h1>\n<h1 style=\"text-align: center\">Ce vendredi au Saloon : soir\u00e9e aum\u00f4nerie<\/h1>\n<p>[\/et_pb_text][et_pb_text _builder_version=\u00a0\u00bb4.21.0&Prime; background_size=\u00a0\u00bbinitial\u00a0\u00bb background_position=\u00a0\u00bbtop_left\u00a0\u00bb background_repeat=\u00a0\u00bbrepeat\u00a0\u00bb border_color_all=\u00a0\u00bb#3BBBC9&Prime; global_colors_info=\u00a0\u00bb{}\u00a0\u00bb theme_builder_area=\u00a0\u00bbpost_content\u00a0\u00bb]<\/p>\n<p><!-- divi:buttons --><\/p>\n<p><strong>C<\/strong><strong style=\"font-size: 14px\">e qui est fixe tous les vendredis :<\/strong><\/p>\n<p><strong>18h30:<\/strong> la messe \u00e0 l&rsquo;oratoire<br \/><strong>19h15: <\/strong>selon le menu de la semaine (rencontre aum\u00f4nerie \/ jeux &#8211; soci\u00e9t\u00e9s, billard, babyfoot, fl\u00e9chettes etc&#8230; \/ cin\u00e9-pizza )!<br \/>Dans tous les cas: <strong>possibilit\u00e9 de rencontrer un pr\u00eatre<\/strong>, se confesser, prier&#8230;<br \/><strong>22h00:<\/strong> fermeture du local<\/p>\n<p><strong><\/strong><\/p>\n<p><strong><\/strong><\/p>\n<p><strong>Les veill\u00e9es de pri\u00e8re du vendredi :<\/strong><\/p>\n<p>&nbsp;<\/p>\n<p><!-- divi:media-text {\"mediaId\":3633,\"mediaType\":\"image\",\"mediaWidth\":40} --><\/p>\n<div class=\"wp-block-media-text alignwide is-stacked-on-mobile\" style=\"grid-template-columns: 40% auto\">\n<figure class=\"wp-block-media-text__media\"><img decoding=\"async\" src=\"https:\/\/catholiques17.fr\/saintes\/wp-content\/uploads\/sites\/3\/2020\/09\/priere-intercesssion-delivrance-3.jpg\" alt=\"\" class=\"wp-image-3633 size-full\" \/><\/figure>\n<div class=\"wp-block-media-text__content\">\n<p><!-- divi:paragraph {\"align\":\"center\"} --><\/p>\n<p class=\"has-text-align-center\"><em>ouvertes \u00e0 tous, croyant ou non, \u00e0 l&rsquo;aum\u00f4nerie ou non!<\/em><\/p>\n<p><!-- \/divi:paragraph --> <!-- divi:paragraph {\"backgroundColor\":\"pale-cyan-blue\"} --><\/p>\n<p class=\"has-pale-cyan-blue-background-color has-background\"><em>organis\u00e9es par l&rsquo;aum\u00f4nerie, c&rsquo;est l&rsquo;occasion pour:<\/em><br \/>&#8211; faire l&rsquo;exp\u00e9rience de l&rsquo;Amour de Dieu pour toi!<br \/>&#8211; d\u00e9couvrir la joie et la puissance de la louange!<br \/>&#8211; chanter, danser<br \/>&#8211; faire des supers rencontres&#8230;<br \/>bref, une exp\u00e9rience unique dans le Seigneur!<\/p>\n<p><!-- \/divi:paragraph --><\/p>\n<\/div>\n<\/div>\n<p><strong style=\"font-size: 14px\">dates: <\/strong><span style=\"font-size: 14px\">01\/12 ; 15\/03 ; 24\/05.<\/span><\/p>\n<p><strong>lieu: <\/strong>Chapelle de Voiville, 7 rue de Voiville, Saintes.<\/p>\n<p><!-- \/divi:paragraph --><\/p>\n<p>[\/et_pb_text][\/et_pb_column][\/et_pb_row][et_pb_row _builder_version=\u00a0\u00bb4.17.6&Prime; _module_preset=\u00a0\u00bbdefault\u00a0\u00bb global_colors_info=\u00a0\u00bb{}\u00a0\u00bb theme_builder_area=\u00a0\u00bbpost_content\u00a0\u00bb][et_pb_column type=\u00a0\u00bb4_4&Prime; _builder_version=\u00a0\u00bb4.17.6&Prime; _module_preset=\u00a0\u00bbdefault\u00a0\u00bb global_colors_info=\u00a0\u00bb{}\u00a0\u00bb theme_builder_area=\u00a0\u00bbpost_content\u00a0\u00bb][\/et_pb_column][\/et_pb_row][\/et_pb_section]<\/p>\n","protected":false},"excerpt":{"rendered":"<p>Ce vendredi au Saloon : soir\u00e9e aum\u00f4nerie Ce qui est fixe tous les vendredis : 18h30: la messe \u00e0 l&rsquo;oratoire19h15: selon le menu de la semaine (rencontre aum\u00f4nerie \/ jeux [&hellip;]<\/p>\n","protected":false},"author":7,"featured_media":0,"parent":269,"menu_order":0,"comment_status":"closed","ping_status":"closed","template":"","meta":{"_et_pb_use_builder":"on","_et_pb_old_content":"<!-- wp:buttons -->\n<div class=\"wp-block-buttons\"><!-- wp:button {\"backgroundColor\":\"vivid-cyan-blue\"} -->\n<div class=\"wp-block-button\"><a class=\"wp-block-button__link has-vivid-cyan-blue-background-color has-background wp-element-button\" href=\"https:\/\/catholiques17.fr\/saintes\/pour-les-jeunes\/aumonerie-des-jeunes\/\">retour<\/a><\/div>\n<!-- \/wp:button --><\/div>\n<!-- \/wp:buttons -->\n\n<!-- wp:paragraph -->\n<p><strong>Tous les vendredis de la p\u00e9riode scolaire, l'aum\u00f4nerie t'accueille!<\/strong> <\/p>\n<!-- \/wp:paragraph -->\n\n<!-- wp:paragraph {\"align\":\"center\",\"backgroundColor\":\"vivid-cyan-blue\",\"fontSize\":\"medium\"} -->\n<p class=\"has-text-align-center has-vivid-cyan-blue-background-color has-background has-medium-font-size\">03\/02 : rencontre d'aum\u00f4nerie<\/p>\n<!-- \/wp:paragraph -->\n\n<!-- wp:paragraph -->\n<p><br><strong>Ce qui est fixe tous les vendredis:<\/strong><br><strong>18h30:<\/strong> la messe \u00e0 l'oratoire<br><strong>19h15: <\/strong>selon le menu de la semaine (rencontre aum\u00f4nerie \/ jeux - soci\u00e9t\u00e9s, billard, babyfoot, fl\u00e9chettes etc... \/ cin\u00e9-pizza )!<br>             Dans tous les cas: <strong>possibilit\u00e9 de rencontrer un pr\u00eatre<\/strong>, se confesser, prier...<br><strong>22h00:<\/strong> fermeture du local<br><br><br> <strong>Les veill\u00e9es de pri\u00e8re du vendredi :<\/strong> <\/p>\n<!-- \/wp:paragraph -->\n\n<!-- wp:media-text {\"mediaId\":3633,\"mediaType\":\"image\",\"mediaWidth\":40} -->\n<div class=\"wp-block-media-text alignwide is-stacked-on-mobile\" style=\"grid-template-columns:40% auto\"><figure class=\"wp-block-media-text__media\"><img src=\"https:\/\/catholiques17.fr\/saintes\/wp-content\/uploads\/sites\/3\/2020\/09\/priere-intercesssion-delivrance-3.jpg\" alt=\"\" class=\"wp-image-3633 size-full\"\/><\/figure><div class=\"wp-block-media-text__content\"><!-- wp:paragraph {\"align\":\"center\"} -->\n<p class=\"has-text-align-center\"><em>ouvertes \u00e0 tous, croyant ou non, \u00e0 l'aum\u00f4nerie ou non!<\/em><\/p>\n<!-- \/wp:paragraph -->\n\n<!-- wp:paragraph {\"backgroundColor\":\"pale-cyan-blue\"} -->\n<p class=\"has-pale-cyan-blue-background-color has-background\"> <em>organis\u00e9es par l'aum\u00f4nerie, c'est l'occasion pour:<\/em><br>- faire l'exp\u00e9rience de l'Amour de Dieu pour toi!<br>- d\u00e9couvrir la joie et la puissance de la louange!<br>- chanter, danser<br>- faire des supers rencontres...<br>bref, une exp\u00e9rience unique dans le Seigneur!<\/p>\n<!-- \/wp:paragraph --><\/div><\/div>\n<!-- \/wp:media-text -->\n\n<!-- wp:paragraph -->\n<p><strong>dates: <\/strong>09\/12 ; 17\/03 ; 09\/06<br><strong>lieu: <\/strong>Chapelle Sainte Eustelle, Saintes. <\/p>\n<!-- \/wp:paragraph -->","_et_gb_content_width":"","footnotes":""},"class_list":["post-3556","page","type-page","status-publish","hentry"],"_links":{"self":[{"href":"https:\/\/catholiques17.fr\/saintes\/wp-json\/wp\/v2\/pages\/3556","targetHints":{"allow":["GET"]}}],"collection":[{"href":"https:\/\/catholiques17.fr\/saintes\/wp-json\/wp\/v2\/pages"}],"about":[{"href":"https:\/\/catholiques17.fr\/saintes\/wp-json\/wp\/v2\/types\/page"}],"author":[{"embeddable":true,"href":"https:\/\/catholiques17.fr\/saintes\/wp-json\/wp\/v2\/users\/7"}],"replies":[{"embeddable":true,"href":"https:\/\/catholiques17.fr\/saintes\/wp-json\/wp\/v2\/comments?post=3556"}],"version-history":[{"count":83,"href":"https:\/\/catholiques17.fr\/saintes\/wp-json\/wp\/v2\/pages\/3556\/revisions"}],"predecessor-version":[{"id":10378,"href":"https:\/\/catholiques17.fr\/saintes\/wp-json\/wp\/v2\/pages\/3556\/revisions\/10378"}],"up":[{"embeddable":true,"href":"https:\/\/catholiques17.fr\/saintes\/wp-json\/wp\/v2\/pages\/269"}],"wp:attachment":[{"href":"https:\/\/catholiques17.fr\/saintes\/wp-json\/wp\/v2\/media?parent=3556"}],"curies":[{"name":"wp","href":"https:\/\/api.w.org\/{rel}","templated":true}]}}