{"id":248,"date":"2019-07-18T19:59:10","date_gmt":"2019-07-18T17:59:10","guid":{"rendered":"https:\/\/catholiques17.fr\/saintes\/?page_id=248"},"modified":"2025-12-23T14:34:23","modified_gmt":"2025-12-23T13:34:23","slug":"le-sacrement-des-malades","status":"publish","type":"page","link":"https:\/\/catholiques17.fr\/saintes\/vie-chretienne\/le-sacrement-des-malades\/","title":{"rendered":"Le Sacrement des malades"},"content":{"rendered":"<p>[et_pb_section fb_built=\u00a0\u00bb1&Prime; admin_label=\u00a0\u00bbsection\u00a0\u00bb _builder_version=\u00a0\u00bb4.16&Prime; custom_padding=\u00a0\u00bb27px|||||\u00a0\u00bb global_colors_info=\u00a0\u00bb{}\u00a0\u00bb][et_pb_row _builder_version=\u00a0\u00bb4.27.4&Prime; _module_preset=\u00a0\u00bbdefault\u00a0\u00bb custom_padding=\u00a0\u00bb6px|||||\u00a0\u00bb global_colors_info=\u00a0\u00bb{}\u00a0\u00bb][et_pb_column type=\u00a0\u00bb4_4&Prime; _builder_version=\u00a0\u00bb4.27.4&Prime; _module_preset=\u00a0\u00bbdefault\u00a0\u00bb global_colors_info=\u00a0\u00bb{}\u00a0\u00bb][et_pb_image src=\u00a0\u00bbhttps:\/\/catholiques17.fr\/saintes\/wp-content\/uploads\/sites\/3\/2025\/10\/Sacrement-des-malades.jpg\u00a0\u00bb title_text=\u00a0\u00bbSacrement-des-malades\u00a0\u00bb align=\u00a0\u00bbcenter\u00a0\u00bb force_fullwidth=\u00a0\u00bbon\u00a0\u00bb _builder_version=\u00a0\u00bb4.27.4&Prime; _module_preset=\u00a0\u00bbdefault\u00a0\u00bb global_colors_info=\u00a0\u00bb{}\u00a0\u00bb][\/et_pb_image][\/et_pb_column][\/et_pb_row][et_pb_row _builder_version=\u00a0\u00bb4.27.4&Prime; _module_preset=\u00a0\u00bbdefault\u00a0\u00bb global_colors_info=\u00a0\u00bb{}\u00a0\u00bb][et_pb_column type=\u00a0\u00bb4_4&Prime; _builder_version=\u00a0\u00bb4.27.4&Prime; _module_preset=\u00a0\u00bbdefault\u00a0\u00bb global_colors_info=\u00a0\u00bb{}\u00a0\u00bb][et_pb_text _builder_version=\u00a0\u00bb4.27.4&Prime; _module_preset=\u00a0\u00bbdefault\u00a0\u00bb global_colors_info=\u00a0\u00bb{}\u00a0\u00bb]<\/p>\n<p>Le Sacrement d\u2019onction des malades est un sacrement de gu\u00e9rison qui vise \u00e0 apporter la force spirituelle et physique aux personnes confront\u00e9es \u00e0 la maladie grave, \u00e0 la vieillesse ou \u00e0 d\u2019autres fragilit\u00e9s physiques ou psychologiques. Ce sacrement est \u00e9galement destin\u00e9 aux personnes qui sont sur le point de subir une op\u00e9ration importante. Tout fid\u00e8le catholique confront\u00e9 \u00e0 une maladie s\u00e9rieuse ou \u00e0 une fragilit\u00e9 physique peut recevoir le Sacrement d\u2019onction des malades. Ce sacrement est d\u00e9crit dans l\u2019\u00c9p\u00eetre de saint Jacques (Jacques 5, 14-15), o\u00f9 il est recommand\u00e9 aux malades d\u2019appeler les anciens de l\u2019\u00c9glise pour recevoir l\u2019onction et la pri\u00e8re de gu\u00e9rison.<\/p>\n<p><strong>Il peut \u00eatre re\u00e7u \u00e0 plusieurs reprises au cours de la vie<\/strong>, en fonction de la gravit\u00e9 de la maladie ou de la n\u00e9cessit\u00e9 de renouveler la gr\u00e2ce re\u00e7ue. Ce sacrement est un signe de la pr\u00e9sence de Dieu aux c\u00f4t\u00e9s des personnes souffrantes. Il constitue une source de r\u00e9confort et de force spirituelle pour faire face aux \u00e9preuves de la maladie et de la souffrance.<\/p>\n<p><strong>Pour recevoir ce sacrement dans nos paroisses<\/strong>, il est recommand\u00e9 de consulter le planning des c\u00e9l\u00e9brations ou de contacter les secr\u00e9tariats paroissiaux. Il sera probablement possible d&rsquo;organiser un moment propice pour l\u2019administration de ce sacrement en fonction des besoins et des disponibilit\u00e9s.<\/p>\n<p>[\/et_pb_text][\/et_pb_column][\/et_pb_row][et_pb_row _builder_version=\u00a0\u00bb4.27.4&Prime; _module_preset=\u00a0\u00bbdefault\u00a0\u00bb global_colors_info=\u00a0\u00bb{}\u00a0\u00bb][et_pb_column type=\u00a0\u00bb4_4&Prime; _builder_version=\u00a0\u00bb4.27.4&Prime; _module_preset=\u00a0\u00bbdefault\u00a0\u00bb global_colors_info=\u00a0\u00bb{}\u00a0\u00bb][et_pb_text _builder_version=\u00a0\u00bb4.27.4&Prime; _module_preset=\u00a0\u00bbdefault\u00a0\u00bb background_color=\u00a0\u00bb#F47A60&Prime; global_colors_info=\u00a0\u00bb{}\u00a0\u00bb]<\/p>\n<p style=\"text-align: center\">\n<p style=\"text-align: center\"><span style=\"color: #ffffff\">Abbaye aux Dames (Rive droite) : P. Enama : 07.52.29.33.74<\/span><\/p>\n<p style=\"text-align: center\">\n<p>[\/et_pb_text][et_pb_text _builder_version=\u00a0\u00bb4.27.4&Prime; _module_preset=\u00a0\u00bbdefault\u00a0\u00bb background_color=\u00a0\u00bb#60AF88&Prime; global_colors_info=\u00a0\u00bb{}\u00a0\u00bb]<\/p>\n<p style=\"text-align: center\">\n<p style=\"text-align: center\"><span style=\"color: #ffffff\">Cath\u00e9drale St Pierre (Rive gauche) : <em><\/em>05 46 92.86.77<\/span><\/p>\n<p style=\"text-align: center\">\n<p>[\/et_pb_text][\/et_pb_column][\/et_pb_row][\/et_pb_section]<\/p>\n","protected":false},"excerpt":{"rendered":"<p>Le Sacrement d\u2019onction des malades est un sacrement de gu\u00e9rison qui vise \u00e0 apporter la force spirituelle et physique aux personnes confront\u00e9es \u00e0 la maladie grave, \u00e0 la vieillesse ou [&hellip;]<\/p>\n","protected":false},"author":1,"featured_media":0,"parent":7764,"menu_order":0,"comment_status":"closed","ping_status":"closed","template":"","meta":{"_et_pb_use_builder":"on","_et_pb_old_content":"<!-- wp:paragraph -->\n<p>Le <a href=\"http:\/\/eglise.catholique.fr\/approfondir-sa-foi\/la-celebration-de-la-foi\/les-sacrements\/le-sacrement-des-malades\/\" target=\"_blank\" rel=\"noreferrer noopener\">sacrement des malades<\/a> (\u00e0 ne pas confondre avec l\u2019extr\u00eame\nonction) a pour but de donner une aide sp\u00e9ciale au chr\u00e9tien confront\u00e9 aux difficult\u00e9s\nd\u2019une maladie grave ou de la vieillesse.<\/p>\n<!-- \/wp:paragraph -->\n\n<!-- wp:paragraph {\"backgroundColor\":\"very-light-gray\"} -->\n<p class=\"has-very-light-gray-background-color has-background\"><em><strong>\u00ab&nbsp;Par cette onction sainte, que le\nSeigneur en sa grande bont\u00e9 vous r\u00e9conforte par la gr\u00e2ce de l\u2019Esprit Saint.\nAinsi, vous ayant lib\u00e9r\u00e9 de tous p\u00e9ch\u00e9s, qu\u2019il vous sauve et vous\nrel\u00e8ve.&nbsp;\u00bb<\/strong><\/em><\/p>\n<!-- \/wp:paragraph -->\n\n<!-- wp:paragraph -->\n<p>Contacts :<br>Abbaye aux Dames (Rive droite) : <strong>Marie-Agn\u00e8s GAILLOU<\/strong> : 05.46.74.44.01<br>Cath\u00e9drale St Pierre (Rive gauche) : <em> <\/em><strong>presbyt\u00e8re Saint Vivien <\/strong><em>: 05 46 93 09 92<\/em><\/p>\n<!-- \/wp:paragraph -->","_et_gb_content_width":"","footnotes":""},"class_list":["post-248","page","type-page","status-publish","hentry"],"_links":{"self":[{"href":"https:\/\/catholiques17.fr\/saintes\/wp-json\/wp\/v2\/pages\/248","targetHints":{"allow":["GET"]}}],"collection":[{"href":"https:\/\/catholiques17.fr\/saintes\/wp-json\/wp\/v2\/pages"}],"about":[{"href":"https:\/\/catholiques17.fr\/saintes\/wp-json\/wp\/v2\/types\/page"}],"author":[{"embeddable":true,"href":"https:\/\/catholiques17.fr\/saintes\/wp-json\/wp\/v2\/users\/1"}],"replies":[{"embeddable":true,"href":"https:\/\/catholiques17.fr\/saintes\/wp-json\/wp\/v2\/comments?post=248"}],"version-history":[{"count":7,"href":"https:\/\/catholiques17.fr\/saintes\/wp-json\/wp\/v2\/pages\/248\/revisions"}],"predecessor-version":[{"id":13259,"href":"https:\/\/catholiques17.fr\/saintes\/wp-json\/wp\/v2\/pages\/248\/revisions\/13259"}],"up":[{"embeddable":true,"href":"https:\/\/catholiques17.fr\/saintes\/wp-json\/wp\/v2\/pages\/7764"}],"wp:attachment":[{"href":"https:\/\/catholiques17.fr\/saintes\/wp-json\/wp\/v2\/media?parent=248"}],"curies":[{"name":"wp","href":"https:\/\/api.w.org\/{rel}","templated":true}]}}