{"id":235,"date":"2019-07-18T19:47:57","date_gmt":"2019-07-18T17:47:57","guid":{"rendered":"https:\/\/catholiques17.fr\/saintes\/?page_id=235"},"modified":"2025-10-07T09:25:52","modified_gmt":"2025-10-07T07:25:52","slug":"leucharistie","status":"publish","type":"page","link":"https:\/\/catholiques17.fr\/saintes\/vie-chretienne\/leucharistie\/","title":{"rendered":"L&rsquo;Eucharistie"},"content":{"rendered":"[et_pb_section fb_built=\u00a0\u00bb1&Prime; admin_label=\u00a0\u00bbsection\u00a0\u00bb _builder_version=\u00a0\u00bb4.16&Prime; global_colors_info=\u00a0\u00bb{}\u00a0\u00bb theme_builder_area=\u00a0\u00bbpost_content\u00a0\u00bb custom_padding=\u00a0\u00bb30px||15px|||\u00a0\u00bb][et_pb_row _builder_version=\u00a0\u00bb4.27.4&Prime; _module_preset=\u00a0\u00bbdefault\u00a0\u00bb theme_builder_area=\u00a0\u00bbpost_content\u00a0\u00bb custom_padding=\u00a0\u00bb0px|||||\u00a0\u00bb][et_pb_column _builder_version=\u00a0\u00bb4.27.4&Prime; _module_preset=\u00a0\u00bbdefault\u00a0\u00bb type=\u00a0\u00bb4_4&Prime; theme_builder_area=\u00a0\u00bbpost_content\u00a0\u00bb][et_pb_image src=\u00a0\u00bbhttps:\/\/catholiques17.fr\/saintes\/wp-content\/uploads\/sites\/3\/2025\/10\/Communion.jpg\u00a0\u00bb _builder_version=\u00a0\u00bb4.27.4&Prime; _module_preset=\u00a0\u00bbdefault\u00a0\u00bb theme_builder_area=\u00a0\u00bbpost_content\u00a0\u00bb title_text=\u00a0\u00bbCommunion\u00a0\u00bb align=\u00a0\u00bbcenter\u00a0\u00bb force_fullwidth=\u00a0\u00bbon\u00a0\u00bb hover_enabled=\u00a0\u00bb0&Prime; sticky_enabled=\u00a0\u00bb0&Prime;][\/et_pb_image][\/et_pb_column][\/et_pb_row][et_pb_row _builder_version=\u00a0\u00bb4.27.4&Prime; _module_preset=\u00a0\u00bbdefault\u00a0\u00bb theme_builder_area=\u00a0\u00bbpost_content\u00a0\u00bb][et_pb_column _builder_version=\u00a0\u00bb4.27.4&Prime; _module_preset=\u00a0\u00bbdefault\u00a0\u00bb type=\u00a0\u00bb4_4&Prime; theme_builder_area=\u00a0\u00bbpost_content\u00a0\u00bb][et_pb_text _builder_version=\u00a0\u00bb4.27.4&Prime; _module_preset=\u00a0\u00bbdefault\u00a0\u00bb theme_builder_area=\u00a0\u00bbpost_content\u00a0\u00bb hover_enabled=\u00a0\u00bb0&Prime; sticky_enabled=\u00a0\u00bb0&Prime;]<p>La premi\u00e8re des communions est un moment cl\u00e9 dans la vie d&rsquo;un chr\u00e9tien : c&rsquo;est en effet la premi\u00e8re fois qu&rsquo;il re\u00e7oit J\u00e9sus-Christ sous la forme\u00a0d&rsquo;une hostie\u00a0consacr\u00e9e au cours de la messe. Ce myst\u00e8re de l&rsquo;Eucharistie, instaur\u00e9 par J\u00e9sus lui-m\u00eame la veille de sa mort,\u00a0est\u00a0l&rsquo;un des sept sacrements de l&rsquo;Eglise catholique.\u00a0V\u00e9cu en communaut\u00e9, il initie le chr\u00e9tien \u00e0 la vie \u00ab\u00a0en communion\u00a0\u00bb avec le Christ, source de paix et de joie.<\/p>\n<p><!-- \/wp:post-content --><\/p>\n<p><!-- wp:paragraph --><span style=\"text-decoration: underline;\">Deux conditions sont n\u00e9cessaires pour communier<\/span> : <strong>\u00eatre baptis\u00e9 et vouloir vivre en amiti\u00e9 avec le Christ.<\/strong><\/p>\n<p>La premi\u00e8re des communions est le plus souvent propos\u00e9e aux enfants de CM1 apr\u00e8s un cheminement de 2 ans en cat\u00e9ch\u00e8se. Pour chaque demande particuli\u00e8re, les parents d\u00e9cideront avec les cat\u00e9chistes et le pr\u00eatre accompagnateur ce qui est le plus adapt\u00e9 pour leur enfant.<\/p>\n<p><!-- \/wp:paragraph --><\/p>\n<p><!-- wp:paragraph --><em>Ce sacrement n&rsquo;est pas r\u00e9serv\u00e9 aux enfants ! Les adultes\u00a0peuvent aussi s&rsquo;y pr\u00e9parer\u00a0\u00e0 travers le cat\u00e9chum\u00e9nat, souvent en parall\u00e8le d&rsquo;une pr\u00e9paration au bapt\u00eame.<\/em><\/p>[\/et_pb_text][\/et_pb_column][\/et_pb_row][\/et_pb_section]","protected":false},"excerpt":{"rendered":"<p>La premi\u00e8re des communions est un moment cl\u00e9 dans la vie d&rsquo;un chr\u00e9tien : c&rsquo;est en effet la premi\u00e8re fois qu&rsquo;il re\u00e7oit J\u00e9sus-Christ sous la forme\u00a0d&rsquo;une hostie\u00a0consacr\u00e9e au cours de [&hellip;]<\/p>\n","protected":false},"author":1,"featured_media":0,"parent":7764,"menu_order":0,"comment_status":"closed","ping_status":"closed","template":"","meta":{"_et_pb_use_builder":"on","_et_pb_old_content":"<!-- wp:paragraph {\"backgroundColor\":\"light-green-cyan\",\"textColor\":\"very-dark-gray\"} -->\n<p class=\"has-very-dark-gray-color has-light-green-cyan-background-color has-text-color has-background\"><strong>L'Eucharistie, premi\u00e8re des communions <\/strong><\/p>\n<!-- \/wp:paragraph -->\n\n<!-- wp:paragraph -->\n<p>La premi\u00e8re des communions est un moment cl\u00e9 dans la vie d'un chr\u00e9tien : c'est en effet la premi\u00e8re fois qu'il re\u00e7oit J\u00e9sus-Christ sous la forme&nbsp;d'une hostie&nbsp;consacr\u00e9e au cours de la messe. Ce myst\u00e8re de l'Eucharistie, instaur\u00e9 par J\u00e9sus lui-m\u00eame la veille de sa mort,&nbsp;est&nbsp;l'un des sept sacrements de l'Eglise catholique.&nbsp;V\u00e9cu en communaut\u00e9, il initie le chr\u00e9tien \u00e0 la vie \"en communion\" avec le Christ, source de paix et de joie.<\/p>\n<!-- \/wp:paragraph -->\n\n<!-- wp:paragraph -->\n<p>Deux conditions sont n\u00e9cessaires pour communier:\n<strong>\u00eatre baptis\u00e9 et vouloir vivre en amiti\u00e9 avec le Christ.&nbsp;<\/strong>La\npremi\u00e8re des communions est le plus souvent&nbsp;propos\u00e9e aux enfants de CM1\napr\u00e8s un cheminement de 2 ans en cat\u00e9ch\u00e8se. Pour chaque demande particuli\u00e8re,\nles parents d\u00e9cideront avec les cat\u00e9chistes et le pr\u00eatre accompagnateur ce qui\nest le plus adapt\u00e9 pour leur enfant.<\/p>\n<!-- \/wp:paragraph -->\n\n<!-- wp:paragraph -->\n<p><em>Ce sacrement n'est pas r\u00e9serv\u00e9 aux enfants ! Les adultes&nbsp;peuvent aussi s'y pr\u00e9parer&nbsp;\u00e0 travers le cat\u00e9chum\u00e9nat, souvent en parall\u00e8le d'une pr\u00e9paration au bapt\u00eame.<\/em><\/p>\n<!-- \/wp:paragraph -->","_et_gb_content_width":"","footnotes":""},"class_list":["post-235","page","type-page","status-publish","hentry"],"_links":{"self":[{"href":"https:\/\/catholiques17.fr\/saintes\/wp-json\/wp\/v2\/pages\/235","targetHints":{"allow":["GET"]}}],"collection":[{"href":"https:\/\/catholiques17.fr\/saintes\/wp-json\/wp\/v2\/pages"}],"about":[{"href":"https:\/\/catholiques17.fr\/saintes\/wp-json\/wp\/v2\/types\/page"}],"author":[{"embeddable":true,"href":"https:\/\/catholiques17.fr\/saintes\/wp-json\/wp\/v2\/users\/1"}],"replies":[{"embeddable":true,"href":"https:\/\/catholiques17.fr\/saintes\/wp-json\/wp\/v2\/comments?post=235"}],"version-history":[{"count":5,"href":"https:\/\/catholiques17.fr\/saintes\/wp-json\/wp\/v2\/pages\/235\/revisions"}],"predecessor-version":[{"id":12805,"href":"https:\/\/catholiques17.fr\/saintes\/wp-json\/wp\/v2\/pages\/235\/revisions\/12805"}],"up":[{"embeddable":true,"href":"https:\/\/catholiques17.fr\/saintes\/wp-json\/wp\/v2\/pages\/7764"}],"wp:attachment":[{"href":"https:\/\/catholiques17.fr\/saintes\/wp-json\/wp\/v2\/media?parent=235"}],"curies":[{"name":"wp","href":"https:\/\/api.w.org\/{rel}","templated":true}]}}