{"id":192,"date":"2019-07-18T18:48:54","date_gmt":"2019-07-18T16:48:54","guid":{"rendered":"https:\/\/catholiques17.fr\/saintes\/?page_id=192"},"modified":"2023-01-11T15:55:08","modified_gmt":"2023-01-11T14:55:08","slug":"maison-diocesaine","status":"publish","type":"page","link":"https:\/\/catholiques17.fr\/saintes\/maison-diocesaine\/","title":{"rendered":"La Maison dioc\u00e9saine de Saintes"},"content":{"rendered":"[et_pb_section fb_built=\u00a0\u00bb1&Prime; admin_label=\u00a0\u00bbsection\u00a0\u00bb _builder_version=\u00a0\u00bb4.16&Prime; global_colors_info=\u00a0\u00bb{}\u00a0\u00bb theme_builder_area=\u00a0\u00bbpost_content\u00a0\u00bb][et_pb_row admin_label=\u00a0\u00bbrow\u00a0\u00bb _builder_version=\u00a0\u00bb4.16&Prime; background_size=\u00a0\u00bbinitial\u00a0\u00bb background_position=\u00a0\u00bbtop_left\u00a0\u00bb background_repeat=\u00a0\u00bbrepeat\u00a0\u00bb global_colors_info=\u00a0\u00bb{}\u00a0\u00bb theme_builder_area=\u00a0\u00bbpost_content\u00a0\u00bb][et_pb_column type=\u00a0\u00bb4_4&Prime; _builder_version=\u00a0\u00bb4.16&Prime; custom_padding=\u00a0\u00bb|||\u00a0\u00bb global_colors_info=\u00a0\u00bb{}\u00a0\u00bb custom_padding__hover=\u00a0\u00bb|||\u00a0\u00bb theme_builder_area=\u00a0\u00bbpost_content\u00a0\u00bb][et_pb_text admin_label=\u00a0\u00bbText\u00a0\u00bb _builder_version=\u00a0\u00bb4.17.6&Prime; background_size=\u00a0\u00bbinitial\u00a0\u00bb background_position=\u00a0\u00bbtop_left\u00a0\u00bb background_repeat=\u00a0\u00bbrepeat\u00a0\u00bb global_colors_info=\u00a0\u00bb{}\u00a0\u00bb theme_builder_area=\u00a0\u00bbpost_content\u00a0\u00bb]<p><a href=\"https:\/\/catholiques17.fr\/maisondiocesaine\/\">La Maison Dioc\u00e9saine Robert Jacquinot<\/a> est un lieu de vie, de paix, de partage et de fraternit\u00e9. C\u2019est aussi un lieu de vie pour les pr\u00eatres a\u00een\u00e9s, pour les \u00e9tudiants, ainsi qu\u2019un lieu de r\u00e9union.<\/p>\n<p>Vous y trouverez la librairie Silo\u00eb, ouverte mardi, jeudi et vendredi de 9h \u00e0 12h30 et de 13h30 \u00e0 17h,<br \/>ainsi qu&rsquo;une biblioth\u00e8que ouverte mercredi et vendredi de 14h \u00e0 17h.<\/p>\n<p>\u00a0C\u2019est en 1892 que le Carmel de Saintes est transf\u00e9r\u00e9 et inaugur\u00e9 \u00e0 la \u201cPinellerie\u201d. Mais d\u00e8s 1901, en raison du contexte politique, les Carm\u00e9lites doivent trouver refuge en Belgique. Plus tard, elles s\u2019\u00e9tabliront en Vend\u00e9e (La Fouchardi\u00e8re \u2013 Chavagnes en Paillers). En 1918, les locaux deviendront le \u201cPetit S\u00e9minaire\u201d. En 1969, suite \u00e0 sa fermeture, le \u201cPetit S\u00e9minaire\u201d devient \u201cMaison dioc\u00e9saine\u201d.<\/p>\n<p><\/p>\n<p><!-- \/wp:post-content --><\/p>\n<p><!-- wp:paragraph {\"align\":\"center\",\"backgroundColor\":\"very-light-gray\"} --><\/p>\n<p class=\"has-background has-text-align-center has-very-light-gray-background-color\">La Maison dioc\u00e9saine, 6 all\u00e9e du s\u00e9minaire 17100 Saintes<br \/>Accueil : 05 46 93 03 29<\/p>\n<p><!-- \/wp:paragraph --><\/p>\n<p><!-- wp:image {\"id\":3571,\"sizeSlug\":\"large\"} --><\/p>\n<figure class=\"wp-block-image size-large\"><img decoding=\"async\" src=\"https:\/\/catholiques17.fr\/saintes\/wp-content\/uploads\/sites\/5\/2020\/09\/20200518_181611-1-2048x1536.jpg\" alt=\"\" class=\"wp-image-3571\" \/><\/figure>\n<p><!-- \/wp:image --><\/p>\n<p><!-- wp:paragraph --> <strong>Les services disponibles :<\/strong><\/p>\n<p><!-- \/wp:paragraph --><\/p>\n<p><!-- wp:list --><\/p>\n<ul>\n<li>Internet illimit\u00e9 ;<\/li>\n<li>Parking gratuit devant la maison ;<\/li>\n<li>Un parc de deux hectares ;<\/li>\n<li>Une chapelle ;<\/li>\n<li>Un oratoire ;<\/li>\n<li>Cuisines et salles de travail en commun ;<\/li>\n<li>Laverie.<\/li>\n<\/ul>\n<p><!-- \/wp:list --><\/p>\n<p><!-- wp:paragraph {\"backgroundColor\":\"very-light-gray\"} --><\/p>\n<p class=\"has-background has-very-light-gray-background-color\">Sandrine Guillaume, directrice de la Maison dioc\u00e9saine est au service de la maison de 8h \u00e0 18h.<br \/>Lydie Auriol, librairie Silo\u00eb, est pr\u00e9sente mardi, jeudi et vendredi de 9h \u00e0 12h30 et de 13h30 \u00e0 17h.<br \/>Christiane Pommier, bibioth\u00e9caire, vous accueille mercredi et vendredi de 14h \u00e0 17h.<!-- \/wp:paragraph --><\/p>\n<p><!-- wp:paragraph --> L\u2019accueil : du lundi au vendredi de 9:00 \u00e0 12:00 et de 13:30 \u00e0 17:00<\/p>\n<p><!-- \/wp:paragraph --><\/p>\n<p><!-- wp:paragraph -->R\u00e9servation des salles md@diocese17.fr<\/p>\n<p><!-- \/wp:paragraph --><\/p>[\/et_pb_text][et_pb_cta title=\u00a0\u00bbLe nouveau site de la Maison dioc\u00e9saine\u00a0\u00bb button_url=\u00a0\u00bbhttps:\/\/catholiques17.fr\/maisondiocesaine\u00a0\u00bb button_text=\u00a0\u00bbJe d\u00e9couvre\u00a0\u00bb _builder_version=\u00a0\u00bb4.17.6&Prime; _module_preset=\u00a0\u00bbdefault\u00a0\u00bb hover_enabled=\u00a0\u00bb0&Prime; locked=\u00a0\u00bboff\u00a0\u00bb global_colors_info=\u00a0\u00bb{}\u00a0\u00bb theme_builder_area=\u00a0\u00bbpost_content\u00a0\u00bb sticky_enabled=\u00a0\u00bb0&Prime;]<p style=\"text-align: center;\"><a href=\"https:\/\/catholiques17.fr\/maisondiocesaine\"><img loading=\"lazy\" decoding=\"async\" src=\"https:\/\/catholiques17.fr\/saintes\/wp-content\/uploads\/sites\/3\/2023\/01\/Logo-blanc-2-300x300.png\" width=\"300\" height=\"300\" alt=\"\" class=\"wp-image-7729 alignnone size-medium\" \/><\/a><\/p>\n<p style=\"text-align: center;\">D\u00e9couvrez les propositions de la Maison dioc\u00e9saine Robert Jacquinot : foyer d&rsquo;\u00e9tudiants, librairie Silo\u00e9, location de salles, biblioth\u00e8que dioc\u00e9saine&#8230;<\/p>[\/et_pb_cta][\/et_pb_column][\/et_pb_row][\/et_pb_section]","protected":false},"excerpt":{"rendered":"<p>La Maison Dioc\u00e9saine Robert Jacquinot est un lieu de vie, de paix, de partage et de fraternit\u00e9. C\u2019est aussi un lieu de vie pour les pr\u00eatres a\u00een\u00e9s, pour les \u00e9tudiants, [&hellip;]<\/p>\n","protected":false},"author":1,"featured_media":1324,"parent":0,"menu_order":0,"comment_status":"closed","ping_status":"closed","template":"","meta":{"_et_pb_use_builder":"on","_et_pb_old_content":"<!-- wp:paragraph -->\n<p>La <a href=\"https:\/\/catholiques17.fr\/wp-content\/uploads\/2020\/10\/Depliant-diocese-LR.pdf\">Maison Dioc\u00e9saine<\/a> Robert Jacquinot est un lieu de vie, de paix, de partage et de fraternit\u00e9. C\u2019est aussi un lieu de vie pour les pr\u00eatres a\u00een\u00e9s, pour les \u00e9tudiants, ainsi qu\u2019un lieu de r\u00e9unions. La maison est agr\u00e9ment\u00e9e de la librairie Silo\u00eb, ainsi qu\u2019une biblioth\u00e8que. Les services dioc\u00e9sains et les services administratifs du dioc\u00e8se y ont leurs bureaux.<\/p>\n<!-- \/wp:paragraph -->\n\n<!-- wp:paragraph -->\n<p>C\u2019est en 1892 que le Carmel de Saintes est transf\u00e9r\u00e9 et inaugur\u00e9 \u00e0 la \u201cPinellerie\u201d. Mais d\u00e8s 1901, en raison du contexte politique, les Carm\u00e9lites doivent trouver refuge en Belgique. Plus tard, elles s\u2019\u00e9tabliront en Vend\u00e9e (La Fouchardi\u00e8re \u2013 Chavagnes en Paillers). En 1918, les locaux deviendront le \u201cPetit S\u00e9minaire\u201d. En 1969, suite \u00e0 sa fermeture, le \u201cPetit S\u00e9minaire\u201d devient \u201cMaison dioc\u00e9saine\u201d.<\/p>\n<!-- \/wp:paragraph -->\n\n<!-- wp:paragraph {\"align\":\"center\",\"backgroundColor\":\"very-light-gray\"} -->\n<p class=\"has-background has-text-align-center has-very-light-gray-background-color\"> La Maison dioc\u00e9saine, 6 all\u00e9e du s\u00e9minaire 17100 Saintes&nbsp; <br> Accueil : 05 46 93 03 29<\/p>\n<!-- \/wp:paragraph -->\n\n<!-- wp:image {\"id\":3571,\"sizeSlug\":\"large\"} -->\n<figure class=\"wp-block-image size-large\"><img src=\"https:\/\/catholiques17.fr\/saintes\/wp-content\/uploads\/sites\/5\/2020\/09\/20200518_181611-1-2048x1536.jpg\" alt=\"\" class=\"wp-image-3571\" \/><\/figure>\n<!-- \/wp:image -->\n\n<!-- wp:paragraph -->\n<p> <strong>Les services disponibles :<\/strong><\/p>\n<!-- \/wp:paragraph -->\n\n<!-- wp:list -->\n<ul><li>Internet illimit\u00e9 ;<\/li><li>Parking gratuit devant la maison ;<\/li><li>Un parc de deux hectares ;<\/li><li>Une chapelle ;<\/li><li>Un oratoire ; <\/li><li>Cuisines et salles de travail en commun ;<\/li><li>Laverie. <\/li><\/ul>\n<!-- \/wp:list -->\n\n<!-- wp:paragraph {\"backgroundColor\":\"very-light-gray\"} -->\n<p class=\"has-background has-very-light-gray-background-color\">Sandrine Guillaume, directrice de la Maison dioc\u00e9saine est au service de la maison de 8:00 \u00e0 18:00.<\/p>\n<!-- \/wp:paragraph -->\n\n<!-- wp:paragraph -->\n<p> L\u2019accueil : du lundi au vendredi de 9:00 \u00e0 12:00 et de 13:30 \u00e0 17:00<\/p>\n<!-- \/wp:paragraph -->\n\n<!-- wp:paragraph -->\n<p>R\u00e9servation des salles  md@diocese17.fr<\/p>\n<!-- \/wp:paragraph -->","_et_gb_content_width":"","footnotes":""},"class_list":["post-192","page","type-page","status-publish","has-post-thumbnail","hentry"],"_links":{"self":[{"href":"https:\/\/catholiques17.fr\/saintes\/wp-json\/wp\/v2\/pages\/192","targetHints":{"allow":["GET"]}}],"collection":[{"href":"https:\/\/catholiques17.fr\/saintes\/wp-json\/wp\/v2\/pages"}],"about":[{"href":"https:\/\/catholiques17.fr\/saintes\/wp-json\/wp\/v2\/types\/page"}],"author":[{"embeddable":true,"href":"https:\/\/catholiques17.fr\/saintes\/wp-json\/wp\/v2\/users\/1"}],"replies":[{"embeddable":true,"href":"https:\/\/catholiques17.fr\/saintes\/wp-json\/wp\/v2\/comments?post=192"}],"version-history":[{"count":6,"href":"https:\/\/catholiques17.fr\/saintes\/wp-json\/wp\/v2\/pages\/192\/revisions"}],"predecessor-version":[{"id":7730,"href":"https:\/\/catholiques17.fr\/saintes\/wp-json\/wp\/v2\/pages\/192\/revisions\/7730"}],"wp:featuredmedia":[{"embeddable":true,"href":"https:\/\/catholiques17.fr\/saintes\/wp-json\/wp\/v2\/media\/1324"}],"wp:attachment":[{"href":"https:\/\/catholiques17.fr\/saintes\/wp-json\/wp\/v2\/media?parent=192"}],"curies":[{"name":"wp","href":"https:\/\/api.w.org\/{rel}","templated":true}]}}