{"id":108,"date":"2019-06-26T21:43:18","date_gmt":"2019-06-26T19:43:18","guid":{"rendered":"http:\/\/v2.catholiques17.fr\/saintes\/?page_id=108"},"modified":"2024-07-16T18:12:08","modified_gmt":"2024-07-16T16:12:08","slug":"aumoneries-des-hopitaux","status":"publish","type":"page","link":"https:\/\/catholiques17.fr\/saintes\/servir-2\/aumoneries-des-hopitaux\/","title":{"rendered":"Aum\u00f4neries des h\u00f4pitaux"},"content":{"rendered":"[et_pb_section fb_built=\u00a0\u00bb1&Prime; admin_label=\u00a0\u00bbsection\u00a0\u00bb _builder_version=\u00a0\u00bb4.16&Prime; global_colors_info=\u00a0\u00bb{}\u00a0\u00bb theme_builder_area=\u00a0\u00bbpost_content\u00a0\u00bb][et_pb_row admin_label=\u00a0\u00bbrow\u00a0\u00bb _builder_version=\u00a0\u00bb4.16&Prime; background_size=\u00a0\u00bbinitial\u00a0\u00bb background_position=\u00a0\u00bbtop_left\u00a0\u00bb background_repeat=\u00a0\u00bbrepeat\u00a0\u00bb global_colors_info=\u00a0\u00bb{}\u00a0\u00bb theme_builder_area=\u00a0\u00bbpost_content\u00a0\u00bb][et_pb_column type=\u00a0\u00bb4_4&Prime; _builder_version=\u00a0\u00bb4.16&Prime; custom_padding=\u00a0\u00bb|||\u00a0\u00bb global_colors_info=\u00a0\u00bb{}\u00a0\u00bb custom_padding__hover=\u00a0\u00bb|||\u00a0\u00bb theme_builder_area=\u00a0\u00bbpost_content\u00a0\u00bb][et_pb_text admin_label=\u00a0\u00bbText\u00a0\u00bb _builder_version=\u00a0\u00bb4.21.0&Prime; background_size=\u00a0\u00bbinitial\u00a0\u00bb background_position=\u00a0\u00bbtop_left\u00a0\u00bb background_repeat=\u00a0\u00bbrepeat\u00a0\u00bb hover_enabled=\u00a0\u00bb0&Prime; border_radii=\u00a0\u00bbon|2px|2px|2px|2px\u00a0\u00bb global_colors_info=\u00a0\u00bb{}\u00a0\u00bb theme_builder_area=\u00a0\u00bbpost_content\u00a0\u00bb sticky_enabled=\u00a0\u00bb0&Prime;]<p class=\"has-background has-pale-cyan-blue-background-color\"><strong><\/strong><\/p>\n<p class=\"has-background has-pale-cyan-blue-background-color\"><strong>AUM\u00d4NERIE DES H\u00d4PITAUX<\/strong><br \/>D\u00c9L\u00c9GU\u00c9E DIOC\u00c9SAINE DE LA PASTORALE DE LA SANT\u00c9<br \/>T\u00e9l. 05 46 41 25 10 \u2013 Mail : ddps-larochelle@diocese17.fr<br \/>7, place Foch \u2013 CS 41088 La Rochelle Cedex 02<\/p>\n<p><!-- \/wp:post-content --><\/p>\n<p><!-- wp:paragraph {\"backgroundColor\":\"pale-cyan-blue\"} --><\/p>\n<p class=\"has-background has-pale-cyan-blue-background-color\"><strong>Centre Hospitalier de Saintonge<\/strong><\/p>\n<p><!-- \/wp:paragraph --><\/p>\n<p><span style=\"color: #000000\"><!-- wp:paragraph --><\/span><\/p>\n<p><span style=\"color: #000000\"><strong>Aum\u00f4nier : <\/strong>Mme Sophie GRENIER &#8211; <a href=\"mailto:aumonerie@ch-saintonge.fr\" style=\"color: #000000\">aumonerie@ch-saintonge.fr<\/a>\u00a0 ou\u00a0 \u00a0<a href=\"mailto:aumonerie.saintes@gh-saintesangely.fr\" target=\"_blank\" rel=\"noopener\" style=\"color: #000000\">aumonerie.saintes@gh-saintesangely.fr<\/a><\/span><\/p>\n<p><span>05.46.95.14.35 \/ 06.27.77.74.95<\/span><br \/>Toute une \u00e9quipe se mobilise pour une visite sur demande.<br \/>Elle assure aussi l&rsquo;EHPAD AQUITANIA (messe vendredi 15h),<\/p>\n<p>ainsi que les R\u00e9sidences de Brumenard \u00e0 La Chapelle des Pots (messe une fois par mois)<\/p>\n<p>&nbsp;<\/p>\n<p><strong>Auxiliaires-B\u00e9n\u00e9voles :<\/strong> <span>Alain Keller, Jean-Luc Lalain, Marie-Clotilde d&rsquo;Ambri\u00e8re, Laurent Comby, Catherine Cardinal et Dominique Panel Saint Hilaire<\/span><\/p>\n<p><strong>Pr\u00eatre accompagnateur :\u00a0<\/strong><\/p>\n<p><strong><\/strong><\/p>\n<p><strong><\/strong><\/p>\n<p><strong><\/strong><\/p>\n<p><i>Le 20 juin dernier, une partie de l&rsquo;\u00e9quipe d&rsquo;aum\u00f4nerie de l&rsquo;h\u00f4pital de Saintes s&rsquo;est r\u00e9unie pour c\u00e9l\u00e9brer une messe dans les nouveaux locaux du service d&rsquo;aum\u00f4nerie. Ce service se trouve d\u00e9sormais face au parking visiteurs entre les urgences et l&rsquo;HAD (Hospitalisation \u00e0 domicile) et est accessible en journ\u00e9e directement depuis l&rsquo;ext\u00e9rieur. Une signal\u00e9tique \u00ab\u00a0Lieu de recueillement\u00a0\u00bb depuis le hall d&rsquo;accueil de l&rsquo;h\u00f4pital permet de s&rsquo;y rendre jour et nuit. L&rsquo;aum\u00f4ni\u00e8re est pr\u00e9sente du lundi au vendredi de 9h \u00e0 17h30. Si vous connaissez un ami, un voisin, un paroissien ou quelqu&rsquo;un de votre famille hospitalis\u00e9, croyant ou non, n&rsquo;h\u00e9sitez pas \u00e0 nous pr\u00e9venir ; nous irons lui rendre visite pour le soutenir dans le respect de ses croyances.<\/i><\/p>\n<p style=\"text-align: justify\"><img loading=\"lazy\" decoding=\"async\" src=\"https:\/\/catholiques17.fr\/saintes\/wp-content\/uploads\/sites\/3\/2024\/07\/20240620_125151_page-0001-212x300.jpg\" width=\"456\" height=\"645\" alt=\"\" class=\"wp-image-10677 alignnone size-medium\" \/><\/p>\n<p>&nbsp;<\/p>\n<p><strong><i><\/i><\/strong><\/p>\n<p><!-- \/wp:paragraph --><\/p>\n<p><!-- wp:paragraph --><\/p>\n<p><!-- \/wp:paragraph --><\/p>\n<p><!-- wp:paragraph {\"backgroundColor\":\"pale-cyan-blue\"} --><\/p>\n<p><!-- \/wp:paragraph --><\/p>\n<p><!-- wp:paragraph --><\/p>\n<p><!-- \/wp:paragraph --><\/p>[\/et_pb_text][\/et_pb_column][\/et_pb_row][\/et_pb_section]","protected":false},"excerpt":{"rendered":"<p>AUM\u00d4NERIE DES H\u00d4PITAUXD\u00c9L\u00c9GU\u00c9E DIOC\u00c9SAINE DE LA PASTORALE DE LA SANT\u00c9T\u00e9l. 05 46 41 25 10 \u2013 Mail : ddps-larochelle@diocese17.fr7, place Foch \u2013 CS 41088 La Rochelle Cedex 02 Centre Hospitalier [&hellip;]<\/p>\n","protected":false},"author":1,"featured_media":0,"parent":6902,"menu_order":0,"comment_status":"closed","ping_status":"closed","template":"","meta":{"_et_pb_use_builder":"on","_et_pb_old_content":"<!-- wp:paragraph {\"backgroundColor\":\"pale-cyan-blue\"} -->\n<p class=\"has-background has-pale-cyan-blue-background-color\"><strong>AUM\u00d4NERIE DES H\u00d4PITAUX<\/strong><br>D\u00c9L\u00c9GU\u00c9E DIOC\u00c9SAINE DE LA PASTORALE DE LA SANT\u00c9&nbsp;<br>T\u00e9l. 05 46 41 25 10 \u2013 Mail : ddps-larochelle@diocese17.fr<br>7, place Foch \u2013 CS 41088 La Rochelle Cedex 02<\/p>\n<!-- \/wp:paragraph -->\n\n<!-- wp:paragraph {\"backgroundColor\":\"pale-cyan-blue\"} -->\n<p class=\"has-background has-pale-cyan-blue-background-color\"><strong>Centre Hospitalier de Saintonge<\/strong><\/p>\n<!-- \/wp:paragraph -->\n\n<!-- wp:paragraph -->\n<p> <strong>Aum\u00f4nier:  <\/strong>Mme Sophie GRENIER - aumonerie@ch-saintonge.fr<br>Toute une \u00e9quipe se mobilise pour une visite sur demande.<br>Elle assure aussi AQUITANIA (messe mercredi 15h)<br>LES RESIDENCES DE BRUMENARD \u00e0 LA CHAPELLE DES POTS (messe un vendredi par mois)<br><strong>Auxiliaires-B\u00e9n\u00e9voles:<\/strong>  Mmes  Marie-Marthe Christy, Armelle Gallineau, V\u00e9ronique Rivi\u00e8re, Mich\u00e8le Maillet, Marie Clothilde d'Ambri\u00e8re,<br>  et Mrs Alain Keller, Jean Luc Lalain, <br><strong>Pr\u00eatre accompagnateur <\/strong>P\u00e8re Marcel HITAYEZU <\/p>\n<!-- \/wp:paragraph -->\n\n<!-- wp:paragraph -->\n<p><\/p>\n<!-- \/wp:paragraph -->\n\n<!-- wp:paragraph {\"backgroundColor\":\"pale-cyan-blue\"} -->\n<p class=\"has-background has-pale-cyan-blue-background-color\"><strong>Maison d'arr\u00eat de Saintes<\/strong><\/p>\n<!-- \/wp:paragraph -->\n\n<!-- wp:paragraph -->\n<p> <strong>Aum\u00f4nier : <\/strong>Mme Sophie Erhensberger <br> <strong>Aum\u00f4nier <\/strong>:  M. Micka\u00ebl Collas<\/p>\n<!-- \/wp:paragraph -->\n\n<!-- wp:paragraph -->\n<p><br> <\/p>\n<!-- \/wp:paragraph -->","_et_gb_content_width":"","footnotes":""},"class_list":["post-108","page","type-page","status-publish","hentry"],"_links":{"self":[{"href":"https:\/\/catholiques17.fr\/saintes\/wp-json\/wp\/v2\/pages\/108","targetHints":{"allow":["GET"]}}],"collection":[{"href":"https:\/\/catholiques17.fr\/saintes\/wp-json\/wp\/v2\/pages"}],"about":[{"href":"https:\/\/catholiques17.fr\/saintes\/wp-json\/wp\/v2\/types\/page"}],"author":[{"embeddable":true,"href":"https:\/\/catholiques17.fr\/saintes\/wp-json\/wp\/v2\/users\/1"}],"replies":[{"embeddable":true,"href":"https:\/\/catholiques17.fr\/saintes\/wp-json\/wp\/v2\/comments?post=108"}],"version-history":[{"count":10,"href":"https:\/\/catholiques17.fr\/saintes\/wp-json\/wp\/v2\/pages\/108\/revisions"}],"predecessor-version":[{"id":10681,"href":"https:\/\/catholiques17.fr\/saintes\/wp-json\/wp\/v2\/pages\/108\/revisions\/10681"}],"up":[{"embeddable":true,"href":"https:\/\/catholiques17.fr\/saintes\/wp-json\/wp\/v2\/pages\/6902"}],"wp:attachment":[{"href":"https:\/\/catholiques17.fr\/saintes\/wp-json\/wp\/v2\/media?parent=108"}],"curies":[{"name":"wp","href":"https:\/\/api.w.org\/{rel}","templated":true}]}}