{"id":10853,"date":"2024-10-14T17:09:42","date_gmt":"2024-10-14T15:09:42","guid":{"rendered":"https:\/\/catholiques17.fr\/saintbernardenaunis\/?page_id=10853"},"modified":"2024-10-16T11:34:15","modified_gmt":"2024-10-16T09:34:15","slug":"saint-sauveur-daunis","status":"publish","type":"page","link":"https:\/\/catholiques17.fr\/saintbernardenaunis\/nos-eglises\/saint-sauveur-daunis\/","title":{"rendered":"Saint Sauveur d&rsquo;Aunis"},"content":{"rendered":"<p>[et_pb_section fb_built=\u00a0\u00bb1&Prime; _builder_version=\u00a0\u00bb4.21.0&Prime; _module_preset=\u00a0\u00bbdefault\u00a0\u00bb custom_padding=\u00a0\u00bb5px|||||\u00a0\u00bb global_colors_info=\u00a0\u00bb{}\u00a0\u00bb theme_builder_area=\u00a0\u00bbet_body_layout\u00a0\u00bb][et_pb_row _builder_version=\u00a0\u00bb4.21.0&Prime; _module_preset=\u00a0\u00bbdefault\u00a0\u00bb custom_padding=\u00a0\u00bb0px|||||\u00a0\u00bb global_colors_info=\u00a0\u00bb{}\u00a0\u00bb theme_builder_area=\u00a0\u00bbet_body_layout\u00a0\u00bb][et_pb_column type=\u00a0\u00bb4_4&Prime; _builder_version=\u00a0\u00bb4.21.0&Prime; _module_preset=\u00a0\u00bbdefault\u00a0\u00bb global_colors_info=\u00a0\u00bb{}\u00a0\u00bb theme_builder_area=\u00a0\u00bbet_body_layout\u00a0\u00bb][et_pb_image src=\u00a0\u00bbhttps:\/\/catholiques17.fr\/saintbernardenaunis\/wp-content\/uploads\/sites\/13\/2024\/10\/St-Sauveur1.jpg\u00a0\u00bb title_text=\u00a0\u00bbSt Sauveur1&Prime; _builder_version=\u00a0\u00bb4.21.0&Prime; _module_preset=\u00a0\u00bbdefault\u00a0\u00bb hover_enabled=\u00a0\u00bb0&Prime; global_colors_info=\u00a0\u00bb{}\u00a0\u00bb theme_builder_area=\u00a0\u00bbet_body_layout\u00a0\u00bb align=\u00a0\u00bbcenter\u00a0\u00bb sticky_enabled=\u00a0\u00bb0&Prime;][\/et_pb_image][\/et_pb_column][\/et_pb_row][et_pb_row _builder_version=\u00a0\u00bb4.21.0&Prime; _module_preset=\u00a0\u00bbdefault\u00a0\u00bb global_colors_info=\u00a0\u00bb{}\u00a0\u00bb theme_builder_area=\u00a0\u00bbet_body_layout\u00a0\u00bb][et_pb_column type=\u00a0\u00bb4_4&Prime; _builder_version=\u00a0\u00bb4.21.0&Prime; _module_preset=\u00a0\u00bbdefault\u00a0\u00bb global_colors_info=\u00a0\u00bb{}\u00a0\u00bb theme_builder_area=\u00a0\u00bbet_body_layout\u00a0\u00bb][et_pb_text _builder_version=\u00a0\u00bb4.21.0&Prime; _module_preset=\u00a0\u00bbdefault\u00a0\u00bb hover_enabled=\u00a0\u00bb0&Prime; global_colors_info=\u00a0\u00bb{}\u00a0\u00bb theme_builder_area=\u00a0\u00bbet_body_layout\u00a0\u00bb sticky_enabled=\u00a0\u00bb0&Prime;]<\/p>\n<p><strong>Eglise de la Transfiguration \u00e0 St Sauveur-d&rsquo;Aunis<br \/><\/strong><\/p>\n<p><em>Contact locaux : Pierrette GIRAUD 05 46 01 92 97, Marie Joseph JUTTEAU 05 46 01 82 67 et Simone RENOUX\u00a0 05 46 68 11 82<\/em><\/p>\n<p>[\/et_pb_text][\/et_pb_column][\/et_pb_row][et_pb_row _builder_version=\u00a0\u00bb4.21.0&Prime; _module_preset=\u00a0\u00bbdefault\u00a0\u00bb global_colors_info=\u00a0\u00bb{}\u00a0\u00bb theme_builder_area=\u00a0\u00bbet_body_layout\u00a0\u00bb][et_pb_column type=\u00a0\u00bb4_4&Prime; _builder_version=\u00a0\u00bb4.21.0&Prime; _module_preset=\u00a0\u00bbdefault\u00a0\u00bb global_colors_info=\u00a0\u00bb{}\u00a0\u00bb theme_builder_area=\u00a0\u00bbet_body_layout\u00a0\u00bb][et_pb_text _builder_version=\u00a0\u00bb4.21.0&Prime; _module_preset=\u00a0\u00bbdefault\u00a0\u00bb hover_enabled=\u00a0\u00bb0&Prime; global_colors_info=\u00a0\u00bb{}\u00a0\u00bb theme_builder_area=\u00a0\u00bbet_body_layout\u00a0\u00bb sticky_enabled=\u00a0\u00bb0&Prime;]<\/p>\n<p>Cette \u00e9glise est un \u00e9difice roman constitu\u00e9 d\u2019une nef \u00e0 collat\u00e9raux sensiblement de m\u00eame hauteur, suivie de transept \u00e0 absidioles et d\u2019une abside.<br \/>La fa\u00e7ade initiale a fait place \u00e0 une restauration du XIXe si\u00e8cle, tr\u00e8s s\u00e8che, et c\u2019est l\u2019autre extr\u00e9mit\u00e9 de l\u2019\u00e9difice avec les \u00e9tagements des masses b\u00e2ties (ce que constituent le clocher, sa tourelle d\u2019escalier, les volumes arrondis des absides et absidioles) qui montre le caract\u00e8re le plus s\u00e9duisant.<br \/>Ceci \u00e9tant, l\u2019int\u00e9r\u00eat principal r\u00e9side dans l\u2019int\u00e9rieur de l\u2019\u00e9difice avec l\u2019archa\u00efsme des vo\u00fbtes d\u2019ogives des bas-c\u00f4t\u00e9s ou la coupole sur trompe du carr\u00e9 du clocher, m\u00eame si les alt\u00e9rations dues au feu ou encore \u00e0 la polychromie violente de certaines murailles en diminuent 1\u2019agr\u00e9ment.<br \/>Reste qu\u2019une s\u00e9rie de chapiteaux remarquables, qu\u2019ils soient \u00e0 d\u00e9cor g\u00e9om\u00e9trique ou figurent des sc\u00e8nes avec animaux ou personnages, m\u00e9rite l\u2019examen le plus attentif.<br \/>En Aunis et Saintonge, l\u2019hiver 1788-1798 fut caract\u00e9ris\u00e9 par sa longueur et sa dur\u00e9e. Les vignobles de la commune de Saint-Sauveur d\u00e9p\u00e9rissaient en raison des gel\u00e9es, des vers. Des centaines d\u2019hectares \u00e9taient plus ou moins infect\u00e9s. En 1832, la population accuse le maire de n\u00e9gligence malgr\u00e9 ses observations et ses recours aupr\u00e8s du Pr\u00e9fet.<br \/>En 1834, survint, non plus sur les cultures, mais les habitants eux-m\u00eames, une maladie : le chol\u00e9ra mobu. La commune la plus touch\u00e9e dans la r\u00e9gion fut Saint-Sauveur. On fit alors v\u0153ux d\u2019\u00e9lever une chapelle dans un lieu de la commune.<br \/>On oublia la chapelle promise, quoique dans les vignes les vers reprennent leur n\u00e9faste travail. En 1848, le maire demande des secours \u00e0 la pr\u00e9fecture. On ne pensait plus qu\u2019\u00e0 laisser les vignes \u00e0 l\u2019abandon. La terre, m\u00eame si on arrachait les ceps, \u00e9tait impropre \u00e0 cultiver le bl\u00e9.<br \/>Et voil\u00e0 que l\u2019on se rappela du v\u0153u. Le 8 juillet 1850, le conseil municipal donna son accord pour construction d\u2019une chapelle sur le territoire de la commune, gr\u00e2ce \u00e0 une souscription publique. Celle-ci s\u2019\u00e9tant av\u00e9r\u00e9e insuffisante pour la construction de l\u2019\u00e9difice, la pr\u00e9fecture prit \u00e0 sa charge le reste des frais. Le v\u0153u fut ainsi r\u00e9alis\u00e9. \u00ab Il a \u00e9t\u00e9 convenu qu\u2019\u00e0 l\u2019occasion de la destruction des vers qui ravageaient les vignes, il y a quelques ann\u00e9es, on ferait une chapelle votive pour remercier Dieu de la cassation de ce fl\u00e9au \u00bb (1849).<br \/>La chapelle fut termin\u00e9e en 1854. Monseigneur Villecours, \u00e9v\u00eaque de La Rochelle, vint la b\u00e9nir. A l\u2019int\u00e9rieur de cette chapelle se trouve une statue de Notre-Dame d\u2019Afrique.<\/p>\n<p>[\/et_pb_text][\/et_pb_column][\/et_pb_row][et_pb_row column_structure=\u00a0\u00bb1_3,1_3,1_3&Prime; _builder_version=\u00a0\u00bb4.21.0&Prime; _module_preset=\u00a0\u00bbdefault\u00a0\u00bb global_colors_info=\u00a0\u00bb{}\u00a0\u00bb theme_builder_area=\u00a0\u00bbet_body_layout\u00a0\u00bb][et_pb_column type=\u00a0\u00bb1_3&Prime; _builder_version=\u00a0\u00bb4.21.0&Prime; _module_preset=\u00a0\u00bbdefault\u00a0\u00bb global_colors_info=\u00a0\u00bb{}\u00a0\u00bb theme_builder_area=\u00a0\u00bbet_body_layout\u00a0\u00bb][et_pb_image src=\u00a0\u00bbhttps:\/\/catholiques17.fr\/saintbernardenaunis\/wp-content\/uploads\/sites\/13\/2024\/10\/St-Sauveur-2.jpg\u00a0\u00bb title_text=\u00a0\u00bbSt Sauveur 2&Prime; show_in_lightbox=\u00a0\u00bbon\u00a0\u00bb _builder_version=\u00a0\u00bb4.21.0&Prime; _module_preset=\u00a0\u00bbdefault\u00a0\u00bb animation_style=\u00a0\u00bbslide\u00a0\u00bb hover_enabled=\u00a0\u00bb0&Prime; box_shadow_style=\u00a0\u00bbpreset2&Prime; global_colors_info=\u00a0\u00bb{}\u00a0\u00bb theme_builder_area=\u00a0\u00bbet_body_layout\u00a0\u00bb sticky_enabled=\u00a0\u00bb0&Prime;][\/et_pb_image][\/et_pb_column][et_pb_column type=\u00a0\u00bb1_3&Prime; _builder_version=\u00a0\u00bb4.21.0&Prime; _module_preset=\u00a0\u00bbdefault\u00a0\u00bb global_colors_info=\u00a0\u00bb{}\u00a0\u00bb theme_builder_area=\u00a0\u00bbet_body_layout\u00a0\u00bb][et_pb_image src=\u00a0\u00bbhttps:\/\/catholiques17.fr\/saintbernardenaunis\/wp-content\/uploads\/sites\/13\/2024\/10\/St-Sauveur-3.jpg\u00a0\u00bb title_text=\u00a0\u00bbSt Sauveur 3&Prime; show_in_lightbox=\u00a0\u00bbon\u00a0\u00bb _builder_version=\u00a0\u00bb4.21.0&Prime; _module_preset=\u00a0\u00bbdefault\u00a0\u00bb animation_style=\u00a0\u00bbslide\u00a0\u00bb hover_enabled=\u00a0\u00bb0&Prime; box_shadow_style=\u00a0\u00bbpreset2&Prime; global_colors_info=\u00a0\u00bb{}\u00a0\u00bb theme_builder_area=\u00a0\u00bbet_body_layout\u00a0\u00bb sticky_enabled=\u00a0\u00bb0&Prime;][\/et_pb_image][\/et_pb_column][et_pb_column type=\u00a0\u00bb1_3&Prime; _builder_version=\u00a0\u00bb4.21.0&Prime; _module_preset=\u00a0\u00bbdefault\u00a0\u00bb global_colors_info=\u00a0\u00bb{}\u00a0\u00bb theme_builder_area=\u00a0\u00bbet_body_layout\u00a0\u00bb][et_pb_image src=\u00a0\u00bbhttps:\/\/catholiques17.fr\/saintbernardenaunis\/wp-content\/uploads\/sites\/13\/2024\/10\/St-SAuveur-4.jpg\u00a0\u00bb title_text=\u00a0\u00bbSt SAuveur 4&Prime; show_in_lightbox=\u00a0\u00bbon\u00a0\u00bb _builder_version=\u00a0\u00bb4.21.0&Prime; _module_preset=\u00a0\u00bbdefault\u00a0\u00bb animation_style=\u00a0\u00bbslide\u00a0\u00bb hover_enabled=\u00a0\u00bb0&Prime; box_shadow_style=\u00a0\u00bbpreset2&Prime; global_colors_info=\u00a0\u00bb{}\u00a0\u00bb theme_builder_area=\u00a0\u00bbet_body_layout\u00a0\u00bb sticky_enabled=\u00a0\u00bb0&Prime;][\/et_pb_image][\/et_pb_column][\/et_pb_row][et_pb_row _builder_version=\u00a0\u00bb4.21.0&Prime; _module_preset=\u00a0\u00bbdefault\u00a0\u00bb theme_builder_area=\u00a0\u00bbet_body_layout\u00a0\u00bb][et_pb_column _builder_version=\u00a0\u00bb4.21.0&Prime; _module_preset=\u00a0\u00bbdefault\u00a0\u00bb type=\u00a0\u00bb4_4&Prime; theme_builder_area=\u00a0\u00bbet_body_layout\u00a0\u00bb][et_pb_divider _builder_version=\u00a0\u00bb4.21.0&Prime; _module_preset=\u00a0\u00bbdefault\u00a0\u00bb theme_builder_area=\u00a0\u00bbet_body_layout\u00a0\u00bb hover_enabled=\u00a0\u00bb0&Prime; sticky_enabled=\u00a0\u00bb0&Prime;][\/et_pb_divider][\/et_pb_column][\/et_pb_row][et_pb_row _builder_version=\u00a0\u00bb4.21.0&Prime; _module_preset=\u00a0\u00bbdefault\u00a0\u00bb theme_builder_area=\u00a0\u00bbet_body_layout\u00a0\u00bb][et_pb_column _builder_version=\u00a0\u00bb4.21.0&Prime; _module_preset=\u00a0\u00bbdefault\u00a0\u00bb type=\u00a0\u00bb4_4&Prime; theme_builder_area=\u00a0\u00bbet_body_layout\u00a0\u00bb][et_pb_image src=\u00a0\u00bbhttps:\/\/catholiques17.fr\/saintbernardenaunis\/wp-content\/uploads\/sites\/13\/2024\/10\/Chapelle-Notre-dame-des-Champs.jpg\u00a0\u00bb _builder_version=\u00a0\u00bb4.21.0&Prime; _module_preset=\u00a0\u00bbdefault\u00a0\u00bb theme_builder_area=\u00a0\u00bbet_body_layout\u00a0\u00bb title_text=\u00a0\u00bbChapelle Notre dame des Champs\u00a0\u00bb align=\u00a0\u00bbcenter\u00a0\u00bb hover_enabled=\u00a0\u00bb0&Prime; sticky_enabled=\u00a0\u00bb0&Prime;][\/et_pb_image][\/et_pb_column][\/et_pb_row][et_pb_row _builder_version=\u00a0\u00bb4.21.0&Prime; _module_preset=\u00a0\u00bbdefault\u00a0\u00bb theme_builder_area=\u00a0\u00bbet_body_layout\u00a0\u00bb][et_pb_column _builder_version=\u00a0\u00bb4.21.0&Prime; _module_preset=\u00a0\u00bbdefault\u00a0\u00bb type=\u00a0\u00bb4_4&Prime; theme_builder_area=\u00a0\u00bbet_body_layout\u00a0\u00bb][et_pb_text _builder_version=\u00a0\u00bb4.21.0&Prime; _module_preset=\u00a0\u00bbdefault\u00a0\u00bb theme_builder_area=\u00a0\u00bbet_body_layout\u00a0\u00bb hover_enabled=\u00a0\u00bb0&Prime; sticky_enabled=\u00a0\u00bb0&Prime;]<\/p>\n<p><strong>Chapelle Notre-Dame des Champs<\/strong> (ouverte le 15 ao\u00fbt uniquement)<\/p>\n<p>Contacts locaux : Pierrette GIRAUD 05 46 01 92 97, Marie Joseph JUTTEAU 05 46 01 82 67 et Simone RENOUX\u00a0 05 46 68 11 82<\/p>\n<p>[\/et_pb_text][\/et_pb_column][\/et_pb_row][et_pb_row _builder_version=\u00a0\u00bb4.21.0&Prime; _module_preset=\u00a0\u00bbdefault\u00a0\u00bb theme_builder_area=\u00a0\u00bbet_body_layout\u00a0\u00bb][et_pb_column _builder_version=\u00a0\u00bb4.21.0&Prime; _module_preset=\u00a0\u00bbdefault\u00a0\u00bb type=\u00a0\u00bb4_4&Prime; theme_builder_area=\u00a0\u00bbet_body_layout\u00a0\u00bb][et_pb_text _builder_version=\u00a0\u00bb4.21.0&Prime; _module_preset=\u00a0\u00bbdefault\u00a0\u00bb theme_builder_area=\u00a0\u00bbet_body_layout\u00a0\u00bb hover_enabled=\u00a0\u00bb0&Prime; sticky_enabled=\u00a0\u00bb0&Prime;]<\/p>\n<p>En Aunis et Saintonge, l\u2019hiver 1788-1798 fut caract\u00e9ris\u00e9 par sa longueur et sa dur\u00e9e. Les vignobles de la commune de Saint-Sauveur d\u00e9p\u00e9rissaient en raison des gel\u00e9es, des vers. Des centaines d\u2019hectares \u00e9taient plus ou moins infect\u00e9s.<br \/>En 1832, la population accuse le maire de n\u00e9gligence malgr\u00e9 ses observations et ses recours aupr\u00e8s du Pr\u00e9fet.<br \/>En 1834, survint, non plus sur les cultures, mais les habitants eux-m\u00eames, une maladie: le chol\u00e9ra mobu. La commune la plus touch\u00e9e dans la r\u00e9gion fut Saint-Sauveur. On fit alors v\u0153ux d\u2019\u00e9lever une chapelle dans un lieu de la commune.<br \/>On oublia la chapelle promise, quoique dans les vignes les vers reprennent leur n\u00e9faste travail. En 1848, le maire demande des secours \u00e0 la pr\u00e9fecture. On ne pensait plus qu\u2019\u00e0 laisser les vignes \u00e0 l\u2019abandon. La terre, m\u00eame si on arrachait les ceps, \u00e9tait impropre \u00e0 cultiver le bl\u00e9.<br \/>Et voil\u00e0 que l\u2019on se rappela du v\u0153u. Le 8 juillet 1850, le conseil municipal donna son accord pour construction d\u2019une chapelle sur le territoire de la commune, gr\u00e2ce \u00e0 une souscription publique. Celle-ci s\u2019\u00e9tant av\u00e9r\u00e9e insuffisante pour la construction de l\u2019\u00e9difice, la pr\u00e9fecture prit \u00e0 sa charge le reste des frais. Le v\u0153u fut ainsi r\u00e9alis\u00e9.<br \/>\u00abIl a \u00e9t\u00e9 convenu qu\u2019\u00e0 l\u2019occasion de la destruction des vers qui ravageaient les vignes, il y a quelques ann\u00e9es, on ferait une chapelle votive pour remercier Dieu de la cassation de ce fl\u00e9au\u00bb (1849).<br \/>La chapelle fut termin\u00e9e en 1854. Monseigneur Villecours, \u00e9v\u00eaque de La Rochelle, vint la b\u00e9nir.<br \/>A l\u2019int\u00e9rieur de cette chapelle se trouve une statue de Notre-Dame d\u2019Afrique.<\/p>\n<p>[\/et_pb_text][\/et_pb_column][\/et_pb_row][\/et_pb_section]<\/p>\n","protected":false},"excerpt":{"rendered":"<p>Eglise de la Transfiguration \u00e0 St Sauveur-d&rsquo;Aunis Contact locaux : Pierrette GIRAUD 05 46 01 92 97, Marie Joseph JUTTEAU 05 46 01 82 67 et Simone RENOUX\u00a0 05 46 [&hellip;]<\/p>\n","protected":false},"author":4,"featured_media":0,"parent":4729,"menu_order":0,"comment_status":"closed","ping_status":"closed","template":"","meta":{"_et_pb_use_builder":"on","_et_pb_old_content":"","_et_gb_content_width":"","footnotes":""},"class_list":["post-10853","page","type-page","status-publish","hentry"],"_links":{"self":[{"href":"https:\/\/catholiques17.fr\/saintbernardenaunis\/wp-json\/wp\/v2\/pages\/10853","targetHints":{"allow":["GET"]}}],"collection":[{"href":"https:\/\/catholiques17.fr\/saintbernardenaunis\/wp-json\/wp\/v2\/pages"}],"about":[{"href":"https:\/\/catholiques17.fr\/saintbernardenaunis\/wp-json\/wp\/v2\/types\/page"}],"author":[{"embeddable":true,"href":"https:\/\/catholiques17.fr\/saintbernardenaunis\/wp-json\/wp\/v2\/users\/4"}],"replies":[{"embeddable":true,"href":"https:\/\/catholiques17.fr\/saintbernardenaunis\/wp-json\/wp\/v2\/comments?post=10853"}],"version-history":[{"count":3,"href":"https:\/\/catholiques17.fr\/saintbernardenaunis\/wp-json\/wp\/v2\/pages\/10853\/revisions"}],"predecessor-version":[{"id":10950,"href":"https:\/\/catholiques17.fr\/saintbernardenaunis\/wp-json\/wp\/v2\/pages\/10853\/revisions\/10950"}],"up":[{"embeddable":true,"href":"https:\/\/catholiques17.fr\/saintbernardenaunis\/wp-json\/wp\/v2\/pages\/4729"}],"wp:attachment":[{"href":"https:\/\/catholiques17.fr\/saintbernardenaunis\/wp-json\/wp\/v2\/media?parent=10853"}],"curies":[{"name":"wp","href":"https:\/\/api.w.org\/{rel}","templated":true}]}}