{"id":10630,"date":"2024-10-11T14:39:06","date_gmt":"2024-10-11T12:39:06","guid":{"rendered":"https:\/\/catholiques17.fr\/saintbernardenaunis\/?page_id=10630"},"modified":"2024-10-14T09:34:08","modified_gmt":"2024-10-14T07:34:08","slug":"adultes","status":"publish","type":"page","link":"https:\/\/catholiques17.fr\/saintbernardenaunis\/grandir-dans-la-foi\/adultes\/","title":{"rendered":"Adultes"},"content":{"rendered":"<p>[et_pb_section fb_built=\u00a0\u00bb1&Prime; theme_builder_area=\u00a0\u00bbpost_content\u00a0\u00bb _builder_version=\u00a0\u00bb4.21.0&Prime; _module_preset=\u00a0\u00bbdefault\u00a0\u00bb custom_padding=\u00a0\u00bb7px|||||\u00a0\u00bb][et_pb_row _builder_version=\u00a0\u00bb4.21.0&Prime; _module_preset=\u00a0\u00bbdefault\u00a0\u00bb theme_builder_area=\u00a0\u00bbpost_content\u00a0\u00bb custom_padding=\u00a0\u00bb3px|||||\u00a0\u00bb][et_pb_column _builder_version=\u00a0\u00bb4.21.0&Prime; _module_preset=\u00a0\u00bbdefault\u00a0\u00bb type=\u00a0\u00bb4_4&Prime; theme_builder_area=\u00a0\u00bbpost_content\u00a0\u00bb][et_pb_image src=\u00a0\u00bbhttps:\/\/catholiques17.fr\/saintbernardenaunis\/wp-content\/uploads\/sites\/13\/2024\/10\/Adultes-plage.jpg\u00a0\u00bb _builder_version=\u00a0\u00bb4.21.0&Prime; _module_preset=\u00a0\u00bbdefault\u00a0\u00bb theme_builder_area=\u00a0\u00bbpost_content\u00a0\u00bb align=\u00a0\u00bbcenter\u00a0\u00bb hover_enabled=\u00a0\u00bb0&Prime; sticky_enabled=\u00a0\u00bb0&Prime; title_text=\u00a0\u00bbAdultes-plage\u00a0\u00bb][\/et_pb_image][\/et_pb_column][\/et_pb_row][et_pb_row _builder_version=\u00a0\u00bb4.21.0&Prime; _module_preset=\u00a0\u00bbdefault\u00a0\u00bb theme_builder_area=\u00a0\u00bbpost_content\u00a0\u00bb][et_pb_column _builder_version=\u00a0\u00bb4.21.0&Prime; _module_preset=\u00a0\u00bbdefault\u00a0\u00bb type=\u00a0\u00bb4_4&Prime; theme_builder_area=\u00a0\u00bbpost_content\u00a0\u00bb][et_pb_text _builder_version=\u00a0\u00bb4.21.0&Prime; _module_preset=\u00a0\u00bbdefault\u00a0\u00bb theme_builder_area=\u00a0\u00bbpost_content\u00a0\u00bb hover_enabled=\u00a0\u00bb0&Prime; sticky_enabled=\u00a0\u00bb0&Prime;]<\/p>\n<p><strong>A tout \u00e2ge de la vie, il est possible de recevoir les sacrements du bapt\u00eame, de la confirmation et de l\u2019eucharistie (communion).<\/strong><\/p>\n<p>Le cat\u00e9chum\u00e9nat des\u00a0<strong>adultes<\/strong>\u00a0est un chemin propos\u00e9 par l\u2019\u00c9glise \u00e0 toute personne qui cherche Dieu et d\u00e9sire devenir chr\u00e9tien en se pr\u00e9parant aux sacrements de l\u2019Initiation\u00a0: bapt\u00eame, confirmation, eucharistie.<\/p>\n<p>Si on souhaite devenir chr\u00e9tien, disciple de J\u00e9sus-Christ, on peut demander le\u00a0<strong>bapt\u00eame \u00e0 tout \u00e2ge<\/strong>. Avant de recevoir le bapt\u00eame, on vit un temps de \u00ab\u00a0cat\u00e9chum\u00e9nat\u00a0\u00bb durant lequel on d\u00e9couvre l\u2019enseignement de J\u00e9sus, la relation \u00e0 Dieu dans la pri\u00e8re et la vie en \u00c9glise.<\/p>\n<p>Le groupe d\u2019accompagnement se r\u00e9unit r\u00e9guli\u00e8rement : c\u2019est un\u00a0 lieu de partage de la Parole de Dieu, d\u2019\u00e9changes o\u00f9 chacun se met \u00e0 l\u2019\u00e9coute de l\u2019autre et essaie d\u2019exprimer comment la Parole de Dieu le \u00abtouche\u00bb, comment Elle r\u00e9sonne en lui. Le cat\u00e9chum\u00e8ne d\u00e9couvre qu\u2019on n\u2019est pas chr\u00e9tien tout seul : dans la vie chr\u00e9tienne, on se reconna\u00eet filles et fils de Dieu \u2013 que nous appelons P\u00e8re et fr\u00e8res et s\u0153urs de J\u00e9sus-Christ. Cette nouveaut\u00e9 de relation trouve son fondement dans les t\u00e9moignages de foi qui sont \u00e9chang\u00e9s dans le groupe, dans la Parole qui interpelle, rassemble, rel\u00e8ve, invite au pardon.<\/p>\n<p class=\"has-vivid-cyan-blue-color has-text-color\"><span style=\"color: #ff6600;\">Si vous souhaitez recevoir un des sacrements de l\u2019initiation chr\u00e9tienne (bapt\u00eame, confirmation, communion) ou si vous souhaitez participer \u00e0 ce service en qualit\u00e9 d\u2019accompagnateur, vous pouvez prendre contact avec Isabelle Bertin par mail\u00a0 <a href=\"mailto:paroisse.st.bernard.en.aunis@gmail.com\" target=\"_blank\" rel=\"noopener\">paroisse.st.bernard.en.aunis@gmail.com<\/a><\/span><\/p>\n<p>[\/et_pb_text][\/et_pb_column][\/et_pb_row][\/et_pb_section]<\/p>\n","protected":false},"excerpt":{"rendered":"<p>A tout \u00e2ge de la vie, il est possible de recevoir les sacrements du bapt\u00eame, de la confirmation et de l\u2019eucharistie (communion). Le cat\u00e9chum\u00e9nat des\u00a0adultes\u00a0est un chemin propos\u00e9 par l\u2019\u00c9glise [&hellip;]<\/p>\n","protected":false},"author":4,"featured_media":0,"parent":10624,"menu_order":0,"comment_status":"closed","ping_status":"closed","template":"","meta":{"_et_pb_use_builder":"on","_et_pb_old_content":"<!-- wp:divi\/placeholder \/-->","_et_gb_content_width":"","footnotes":""},"class_list":["post-10630","page","type-page","status-publish","hentry"],"_links":{"self":[{"href":"https:\/\/catholiques17.fr\/saintbernardenaunis\/wp-json\/wp\/v2\/pages\/10630","targetHints":{"allow":["GET"]}}],"collection":[{"href":"https:\/\/catholiques17.fr\/saintbernardenaunis\/wp-json\/wp\/v2\/pages"}],"about":[{"href":"https:\/\/catholiques17.fr\/saintbernardenaunis\/wp-json\/wp\/v2\/types\/page"}],"author":[{"embeddable":true,"href":"https:\/\/catholiques17.fr\/saintbernardenaunis\/wp-json\/wp\/v2\/users\/4"}],"replies":[{"embeddable":true,"href":"https:\/\/catholiques17.fr\/saintbernardenaunis\/wp-json\/wp\/v2\/comments?post=10630"}],"version-history":[{"count":3,"href":"https:\/\/catholiques17.fr\/saintbernardenaunis\/wp-json\/wp\/v2\/pages\/10630\/revisions"}],"predecessor-version":[{"id":10776,"href":"https:\/\/catholiques17.fr\/saintbernardenaunis\/wp-json\/wp\/v2\/pages\/10630\/revisions\/10776"}],"up":[{"embeddable":true,"href":"https:\/\/catholiques17.fr\/saintbernardenaunis\/wp-json\/wp\/v2\/pages\/10624"}],"wp:attachment":[{"href":"https:\/\/catholiques17.fr\/saintbernardenaunis\/wp-json\/wp\/v2\/media?parent=10630"}],"curies":[{"name":"wp","href":"https:\/\/api.w.org\/{rel}","templated":true}]}}