{"id":9442,"date":"2024-12-05T14:50:18","date_gmt":"2024-12-05T13:50:18","guid":{"rendered":"https:\/\/catholiques17.fr\/saintagnant\/?page_id=9442"},"modified":"2024-12-05T17:13:41","modified_gmt":"2024-12-05T16:13:41","slug":"demande-de-concert","status":"publish","type":"page","link":"https:\/\/catholiques17.fr\/saintagnant\/?page_id=9442","title":{"rendered":"Demande de concert"},"content":{"rendered":"<p>[et_pb_section fb_built=\u00a0\u00bb1&Prime; admin_label=\u00a0\u00bbsection\u00a0\u00bb _builder_version=\u00a0\u00bb4.16&Prime; global_colors_info=\u00a0\u00bb{}\u00a0\u00bb theme_builder_area=\u00a0\u00bbpost_content\u00a0\u00bb][et_pb_row admin_label=\u00a0\u00bbrow\u00a0\u00bb _builder_version=\u00a0\u00bb4.16&Prime; background_size=\u00a0\u00bbinitial\u00a0\u00bb background_position=\u00a0\u00bbtop_left\u00a0\u00bb background_repeat=\u00a0\u00bbrepeat\u00a0\u00bb global_colors_info=\u00a0\u00bb{}\u00a0\u00bb theme_builder_area=\u00a0\u00bbpost_content\u00a0\u00bb][et_pb_column type=\u00a0\u00bb4_4&Prime; _builder_version=\u00a0\u00bb4.16&Prime; custom_padding=\u00a0\u00bb|||\u00a0\u00bb global_colors_info=\u00a0\u00bb{}\u00a0\u00bb custom_padding__hover=\u00a0\u00bb|||\u00a0\u00bb theme_builder_area=\u00a0\u00bbpost_content\u00a0\u00bb][et_pb_text admin_label=\u00a0\u00bbText\u00a0\u00bb _builder_version=\u00a0\u00bb4.21.0&Prime; background_size=\u00a0\u00bbinitial\u00a0\u00bb background_position=\u00a0\u00bbtop_left\u00a0\u00bb background_repeat=\u00a0\u00bbrepeat\u00a0\u00bb global_colors_info=\u00a0\u00bb{}\u00a0\u00bb theme_builder_area=\u00a0\u00bbpost_content\u00a0\u00bb]<\/p>\n<h1 style=\"text-align: center\"><span style=\"color: #ff6600\"><strong>DEMANDE DE CONCERT<\/strong><\/span><\/h1>\n<p>[\/et_pb_text][\/et_pb_column][\/et_pb_row][et_pb_row _builder_version=\u00a0\u00bb4.21.0&Prime; _module_preset=\u00a0\u00bbdefault\u00a0\u00bb global_colors_info=\u00a0\u00bb{}\u00a0\u00bb theme_builder_area=\u00a0\u00bbpost_content\u00a0\u00bb][et_pb_column type=\u00a0\u00bb4_4&Prime; _builder_version=\u00a0\u00bb4.21.0&Prime; _module_preset=\u00a0\u00bbdefault\u00a0\u00bb global_colors_info=\u00a0\u00bb{}\u00a0\u00bb theme_builder_area=\u00a0\u00bbpost_content\u00a0\u00bb][et_pb_image src=\u00a0\u00bbhttps:\/\/catholiques17.fr\/saintagnant\/wp-content\/uploads\/sites\/23\/2024\/12\/CONCERT.jpg\u00a0\u00bb title_text=\u00a0\u00bbCONCERT\u00a0\u00bb align=\u00a0\u00bbcenter\u00a0\u00bb _builder_version=\u00a0\u00bb4.21.0&Prime; _module_preset=\u00a0\u00bbdefault\u00a0\u00bb border_radii=\u00a0\u00bbon|20px|20px|20px|20px\u00a0\u00bb border_width_all=\u00a0\u00bb5px\u00a0\u00bb border_color_all=\u00a0\u00bb#FF8C00&Prime; global_colors_info=\u00a0\u00bb{}\u00a0\u00bb theme_builder_area=\u00a0\u00bbpost_content\u00a0\u00bb][\/et_pb_image][\/et_pb_column][\/et_pb_row][et_pb_row _builder_version=\u00a0\u00bb4.21.0&Prime; _module_preset=\u00a0\u00bbdefault\u00a0\u00bb global_colors_info=\u00a0\u00bb{}\u00a0\u00bb theme_builder_area=\u00a0\u00bbpost_content\u00a0\u00bb][et_pb_column type=\u00a0\u00bb4_4&Prime; _builder_version=\u00a0\u00bb4.21.0&Prime; _module_preset=\u00a0\u00bbdefault\u00a0\u00bb global_colors_info=\u00a0\u00bb{}\u00a0\u00bb theme_builder_area=\u00a0\u00bbpost_content\u00a0\u00bb][et_pb_text _builder_version=\u00a0\u00bb4.21.0&Prime; _module_preset=\u00a0\u00bbdefault\u00a0\u00bb hover_enabled=\u00a0\u00bb0&Prime; global_colors_info=\u00a0\u00bb{}\u00a0\u00bb theme_builder_area=\u00a0\u00bbpost_content\u00a0\u00bb sticky_enabled=\u00a0\u00bb0&Prime;]<\/p>\n<h3 style=\"text-align: center\"><span style=\"color: #993300\"><strong>Un concert dans l&rsquo;une de nos \u00e9glises c&rsquo;est possible, il vous suffit de t\u00e9l\u00e9charger la convention \u00e0 remplir, et vous munir d&rsquo;une attestation de responsabilit\u00e9s civiles, de nous pr\u00e9ciser l&rsquo;\u00e9glise de votre choix, la date, le jour et l&rsquo;heure.<\/strong><\/span><\/h3>\n<h3 style=\"text-align: center\"><span style=\"color: #993300\"><strong> Et de nous le renvoyer par mail <span style=\"color: #008000\">\u00a0<a href=\"mailto:paroissestagnant@gmail.com\" style=\"color: #008000\">ICI<\/a><\/span><\/strong><\/span><\/h3>\n<h3 style=\"text-align: center\"><span style=\"color: #993300\"><strong>Nous v\u00e9rifieront les disponibilit\u00e9s.<\/strong><\/span><\/h3>\n<p>[\/et_pb_text][et_pb_button button_url=\u00a0\u00bbhttps:\/\/catholiques17.fr\/saintagnant\/wp-content\/uploads\/sites\/23\/2024\/12\/Convention-pour-concert-dans-une-eglise.pdf\u00a0\u00bb button_text=\u00a0\u00bbT\u00e9l\u00e9chargez le PDF\u00a0\u00bb button_alignment=\u00a0\u00bbcenter\u00a0\u00bb _builder_version=\u00a0\u00bb4.21.0&Prime; _module_preset=\u00a0\u00bbdefault\u00a0\u00bb custom_button=\u00a0\u00bbon\u00a0\u00bb button_text_color=\u00a0\u00bb#FF8C00&Prime; global_colors_info=\u00a0\u00bb{}\u00a0\u00bb theme_builder_area=\u00a0\u00bbpost_content\u00a0\u00bb][\/et_pb_button][\/et_pb_column][\/et_pb_row][\/et_pb_section]<\/p>\n","protected":false},"excerpt":{"rendered":"<p>DEMANDE DE CONCERTUn concert dans l&rsquo;une de nos \u00e9glises c&rsquo;est possible, il vous suffit de t\u00e9l\u00e9charger la convention \u00e0 remplir, et vous munir d&rsquo;une attestation de responsabilit\u00e9s civiles, de nous [&hellip;]<\/p>\n","protected":false},"author":4,"featured_media":9481,"parent":9439,"menu_order":0,"comment_status":"closed","ping_status":"closed","template":"","meta":{"_et_pb_use_builder":"on","_et_pb_old_content":"<!-- wp:divi\/placeholder \/-->","_et_gb_content_width":"","footnotes":""},"class_list":["post-9442","page","type-page","status-publish","has-post-thumbnail","hentry"],"_links":{"self":[{"href":"https:\/\/catholiques17.fr\/saintagnant\/index.php?rest_route=\/wp\/v2\/pages\/9442","targetHints":{"allow":["GET"]}}],"collection":[{"href":"https:\/\/catholiques17.fr\/saintagnant\/index.php?rest_route=\/wp\/v2\/pages"}],"about":[{"href":"https:\/\/catholiques17.fr\/saintagnant\/index.php?rest_route=\/wp\/v2\/types\/page"}],"author":[{"embeddable":true,"href":"https:\/\/catholiques17.fr\/saintagnant\/index.php?rest_route=\/wp\/v2\/users\/4"}],"replies":[{"embeddable":true,"href":"https:\/\/catholiques17.fr\/saintagnant\/index.php?rest_route=%2Fwp%2Fv2%2Fcomments&post=9442"}],"version-history":[{"count":10,"href":"https:\/\/catholiques17.fr\/saintagnant\/index.php?rest_route=\/wp\/v2\/pages\/9442\/revisions"}],"predecessor-version":[{"id":9497,"href":"https:\/\/catholiques17.fr\/saintagnant\/index.php?rest_route=\/wp\/v2\/pages\/9442\/revisions\/9497"}],"up":[{"embeddable":true,"href":"https:\/\/catholiques17.fr\/saintagnant\/index.php?rest_route=\/wp\/v2\/pages\/9439"}],"wp:featuredmedia":[{"embeddable":true,"href":"https:\/\/catholiques17.fr\/saintagnant\/index.php?rest_route=\/wp\/v2\/media\/9481"}],"wp:attachment":[{"href":"https:\/\/catholiques17.fr\/saintagnant\/index.php?rest_route=%2Fwp%2Fv2%2Fmedia&parent=9442"}],"curies":[{"name":"wp","href":"https:\/\/api.w.org\/{rel}","templated":true}]}}