{"id":6026,"date":"2021-11-15T15:15:36","date_gmt":"2021-11-15T14:15:36","guid":{"rendered":"https:\/\/catholiques17.fr\/saintagnant\/?page_id=6026"},"modified":"2021-11-16T14:41:54","modified_gmt":"2021-11-16T13:41:54","slug":"echillais-3","status":"publish","type":"page","link":"https:\/\/catholiques17.fr\/saintagnant\/?page_id=6026","title":{"rendered":"Echillais &#8211; ND de l&rsquo;Assomption"},"content":{"rendered":"\n[et_pb_section fb_built=\u00a0\u00bb1&Prime; _builder_version=\u00a0\u00bb4.9.4&Prime; _module_preset=\u00a0\u00bbdefault\u00a0\u00bb global_colors_info=\u00a0\u00bb{}\u00a0\u00bb][et_pb_row _builder_version=\u00a0\u00bb4.11.1&Prime; _module_preset=\u00a0\u00bbdefault\u00a0\u00bb global_colors_info=\u00a0\u00bb{}\u00a0\u00bb][et_pb_column type=\u00a0\u00bb4_4&Prime; _builder_version=\u00a0\u00bb4.9.4&Prime; _module_preset=\u00a0\u00bbdefault\u00a0\u00bb global_colors_info=\u00a0\u00bb{}\u00a0\u00bb][et_pb_text _builder_version=\u00a0\u00bb4.11.1&Prime; _module_preset=\u00a0\u00bbdefault\u00a0\u00bb text_text_color=\u00a0\u00bb#00BAAD\u00a0\u00bb text_font_size=\u00a0\u00bb24px\u00a0\u00bb global_colors_info=\u00a0\u00bb{}\u00a0\u00bb]<p style=\"text-align: center\"><span style=\"text-decoration: underline\"><strong>LES EGLISES DE LA PAROISSE ST AGNANT<\/strong><\/span><\/p>[\/et_pb_text][\/et_pb_column][\/et_pb_row][et_pb_row _builder_version=\u00a0\u00bb4.11.1&Prime; _module_preset=\u00a0\u00bbdefault\u00a0\u00bb min_height=\u00a0\u00bb93.7px\u00a0\u00bb custom_margin=\u00a0\u00bb-6px|auto||auto||\u00a0\u00bb custom_padding=\u00a0\u00bb0px||43px|||\u00a0\u00bb global_colors_info=\u00a0\u00bb{}\u00a0\u00bb][et_pb_column type=\u00a0\u00bb4_4&Prime; _builder_version=\u00a0\u00bb4.11.1&Prime; _module_preset=\u00a0\u00bbdefault\u00a0\u00bb global_colors_info=\u00a0\u00bb{}\u00a0\u00bb][et_pb_divider show_divider=\u00a0\u00bboff\u00a0\u00bb _builder_version=\u00a0\u00bb4.11.1&Prime; _module_preset=\u00a0\u00bbdefault\u00a0\u00bb global_colors_info=\u00a0\u00bb{}\u00a0\u00bb][\/et_pb_divider][\/et_pb_column][\/et_pb_row][et_pb_row column_structure=\u00a0\u00bb2_5,3_5&Prime; _builder_version=\u00a0\u00bb4.11.1&Prime; _module_preset=\u00a0\u00bbdefault\u00a0\u00bb global_colors_info=\u00a0\u00bb{}\u00a0\u00bb][et_pb_column type=\u00a0\u00bb2_5&Prime; _builder_version=\u00a0\u00bb4.11.1&Prime; _module_preset=\u00a0\u00bbdefault\u00a0\u00bb global_colors_info=\u00a0\u00bb{}\u00a0\u00bb][et_pb_gallery gallery_ids=\u00a0\u00bb5373,5359,5360,5361,5362,5363,5364,5365,5366,5367,5368,5369,5370,5371,5372&Prime; fullwidth=\u00a0\u00bbon\u00a0\u00bb _builder_version=\u00a0\u00bb4.11.1&Prime; _module_preset=\u00a0\u00bbdefault\u00a0\u00bb border_radii=\u00a0\u00bbon|20px|20px|20px|20px\u00a0\u00bb global_colors_info=\u00a0\u00bb{}\u00a0\u00bb][\/et_pb_gallery][\/et_pb_column][et_pb_column type=\u00a0\u00bb3_5&Prime; _builder_version=\u00a0\u00bb4.11.1&Prime; _module_preset=\u00a0\u00bbdefault\u00a0\u00bb global_colors_info=\u00a0\u00bb{}\u00a0\u00bb][et_pb_text _builder_version=\u00a0\u00bb4.11.1&Prime; _module_preset=\u00a0\u00bbdefault\u00a0\u00bb global_colors_info=\u00a0\u00bb{}\u00a0\u00bb]<p><span style=\"color: #3366ff\"><strong>Eglise ND de L&rsquo;Assomption \u00e0 ECHILAIS<\/strong><\/span><\/p>\n<p style=\"text-align: justify\"><strong><span style=\"color: #000080\">Echillais,\u00e9glise Notre-Dame.<\/span><\/strong><br \/><strong><span style=\"color: #000080\">L\u2019extraordinaire fa\u00e7ade, rythm\u00e9e horizontalement par deux fortes corniches \u00e0 modillons,\u00e9voque la structure d&rsquo;un arc de triomphe romain.<\/span><\/strong><\/p>\n<p><strong><span style=\"color: #3366ff\"><a href=\"http:\/\/ch.lerolle.free.fr\/eglises17\/echillais_eglise_notre-dame.php\" style=\"color: #3366ff\">En savoir plus<\/a><\/span><\/strong><\/p>[\/et_pb_text][\/et_pb_column][\/et_pb_row][\/et_pb_section]\n","protected":false},"excerpt":{"rendered":"<p>LES EGLISES DE LA PAROISSE ST AGNANTEglise ND de L&rsquo;Assomption \u00e0 ECHILAIS Echillais,\u00e9glise Notre-Dame.L\u2019extraordinaire fa\u00e7ade, rythm\u00e9e horizontalement par deux fortes corniches \u00e0 modillons,\u00e9voque la structure d&rsquo;un arc de triomphe romain. [&hellip;]<\/p>\n","protected":false},"author":34,"featured_media":6116,"parent":5159,"menu_order":0,"comment_status":"closed","ping_status":"closed","template":"","meta":{"_et_pb_use_builder":"on","_et_pb_old_content":"","_et_gb_content_width":"","footnotes":""},"class_list":["post-6026","page","type-page","status-publish","has-post-thumbnail","hentry"],"_links":{"self":[{"href":"https:\/\/catholiques17.fr\/saintagnant\/index.php?rest_route=\/wp\/v2\/pages\/6026","targetHints":{"allow":["GET"]}}],"collection":[{"href":"https:\/\/catholiques17.fr\/saintagnant\/index.php?rest_route=\/wp\/v2\/pages"}],"about":[{"href":"https:\/\/catholiques17.fr\/saintagnant\/index.php?rest_route=\/wp\/v2\/types\/page"}],"author":[{"embeddable":true,"href":"https:\/\/catholiques17.fr\/saintagnant\/index.php?rest_route=\/wp\/v2\/users\/34"}],"replies":[{"embeddable":true,"href":"https:\/\/catholiques17.fr\/saintagnant\/index.php?rest_route=%2Fwp%2Fv2%2Fcomments&post=6026"}],"version-history":[{"count":5,"href":"https:\/\/catholiques17.fr\/saintagnant\/index.php?rest_route=\/wp\/v2\/pages\/6026\/revisions"}],"predecessor-version":[{"id":6117,"href":"https:\/\/catholiques17.fr\/saintagnant\/index.php?rest_route=\/wp\/v2\/pages\/6026\/revisions\/6117"}],"up":[{"embeddable":true,"href":"https:\/\/catholiques17.fr\/saintagnant\/index.php?rest_route=\/wp\/v2\/pages\/5159"}],"wp:featuredmedia":[{"embeddable":true,"href":"https:\/\/catholiques17.fr\/saintagnant\/index.php?rest_route=\/wp\/v2\/media\/6116"}],"wp:attachment":[{"href":"https:\/\/catholiques17.fr\/saintagnant\/index.php?rest_route=%2Fwp%2Fv2%2Fmedia&parent=6026"}],"curies":[{"name":"wp","href":"https:\/\/api.w.org\/{rel}","templated":true}]}}