{"id":13379,"date":"2025-05-26T15:40:14","date_gmt":"2025-05-26T13:40:14","guid":{"rendered":"https:\/\/catholiques17.fr\/oratoire\/?page_id=13379"},"modified":"2025-09-03T16:47:34","modified_gmt":"2025-09-03T14:47:34","slug":"mardi-des-mamans","status":"publish","type":"page","link":"https:\/\/catholiques17.fr\/oratoire\/mardi-des-mamans\/","title":{"rendered":"Mardi des mamans"},"content":{"rendered":"<p>[et_pb_section fb_built=\u00a0\u00bb1&Prime; _builder_version=\u00a0\u00bb4.27.4&Prime; _module_preset=\u00a0\u00bbdefault\u00a0\u00bb global_colors_info=\u00a0\u00bb{}\u00a0\u00bb theme_builder_area=\u00a0\u00bbpost_content\u00a0\u00bb][et_pb_row _builder_version=\u00a0\u00bb4.27.4&Prime; _module_preset=\u00a0\u00bbdefault\u00a0\u00bb global_colors_info=\u00a0\u00bb{}\u00a0\u00bb theme_builder_area=\u00a0\u00bbpost_content\u00a0\u00bb][et_pb_column type=\u00a0\u00bb4_4&Prime; _builder_version=\u00a0\u00bb4.27.4&Prime; _module_preset=\u00a0\u00bbdefault\u00a0\u00bb global_colors_info=\u00a0\u00bb{}\u00a0\u00bb theme_builder_area=\u00a0\u00bbpost_content\u00a0\u00bb][et_pb_text _builder_version=\u00a0\u00bb4.27.4&Prime; _module_preset=\u00a0\u00bbdefault\u00a0\u00bb global_colors_info=\u00a0\u00bb{}\u00a0\u00bb theme_builder_area=\u00a0\u00bbpost_content\u00a0\u00bb]<\/p>\n<h2><strong>Besoin d&rsquo;une pause ? Le mardi des mamans est fait pour toi !<\/strong><\/h2>\n<p>[\/et_pb_text][\/et_pb_column][\/et_pb_row][et_pb_row _builder_version=\u00a0\u00bb4.27.4&Prime; _module_preset=\u00a0\u00bbdefault\u00a0\u00bb global_colors_info=\u00a0\u00bb{}\u00a0\u00bb theme_builder_area=\u00a0\u00bbpost_content\u00a0\u00bb][et_pb_column type=\u00a0\u00bb4_4&Prime; _builder_version=\u00a0\u00bb4.27.4&Prime; _module_preset=\u00a0\u00bbdefault\u00a0\u00bb global_colors_info=\u00a0\u00bb{}\u00a0\u00bb theme_builder_area=\u00a0\u00bbpost_content\u00a0\u00bb][et_pb_text _builder_version=\u00a0\u00bb4.27.4&Prime; _module_preset=\u00a0\u00bbdefault\u00a0\u00bb global_colors_info=\u00a0\u00bb{}\u00a0\u00bb theme_builder_area=\u00a0\u00bbpost_content\u00a0\u00bb]<\/p>\n<h3 style=\"text-align: center\"><strong>Une journ\u00e9e spirituelle \u00e0 destination des mamans.<\/strong><\/h3>\n<p>[\/et_pb_text][\/et_pb_column][\/et_pb_row][et_pb_row column_structure=\u00a0\u00bb1_2,1_2&Prime; _builder_version=\u00a0\u00bb4.27.4&Prime; _module_preset=\u00a0\u00bbdefault\u00a0\u00bb global_colors_info=\u00a0\u00bb{}\u00a0\u00bb theme_builder_area=\u00a0\u00bbpost_content\u00a0\u00bb][et_pb_column type=\u00a0\u00bb1_2&Prime; _builder_version=\u00a0\u00bb4.27.4&Prime; _module_preset=\u00a0\u00bbdefault\u00a0\u00bb global_colors_info=\u00a0\u00bb{}\u00a0\u00bb theme_builder_area=\u00a0\u00bbpost_content\u00a0\u00bb][et_pb_text _builder_version=\u00a0\u00bb4.27.4&Prime; _module_preset=\u00a0\u00bbdefault\u00a0\u00bb hover_enabled=\u00a0\u00bb0&Prime; global_colors_info=\u00a0\u00bb{}\u00a0\u00bb theme_builder_area=\u00a0\u00bbpost_content\u00a0\u00bb sticky_enabled=\u00a0\u00bb0&Prime;]<\/p>\n<p><span style=\"text-decoration: underline\"><strong>Au programme :<\/strong><\/span><\/p>\n<p><span style=\"text-decoration: underline\"><strong><\/strong><\/span><\/p>\n<p><span style=\"text-decoration: underline\"><strong><\/strong><\/span><\/p>\n<p><strong>9h00 : accueil chaleureux (et petit d\u00e8j) !<\/strong><\/p>\n<p><strong>10h00 : enseignement<\/strong><\/p>\n<p><strong>11h : pause &#8211; silence<\/strong><\/p>\n<p><strong>11h30 : messe<\/strong><\/p>\n<p><strong>12h00 : repas &#8211; pause<\/strong><\/p>\n<p><strong>14h30 : reprise enseignement<\/strong><\/p>\n<p><strong>15h30 : fin<\/strong><\/p>\n<p>[\/et_pb_text][et_pb_text _builder_version=\u00a0\u00bb4.27.4&Prime; _module_preset=\u00a0\u00bbdefault\u00a0\u00bb global_colors_info=\u00a0\u00bb{}\u00a0\u00bb theme_builder_area=\u00a0\u00bbpost_content\u00a0\u00bb]<\/p>\n<p><span style=\"text-decoration: underline\"><strong><\/strong><\/span><\/p>\n<p><span style=\"text-decoration: underline\"><strong><\/strong><\/span><\/p>\n<p><span style=\"text-decoration: underline\"><strong><\/strong><\/span><\/p>\n<p><span style=\"text-decoration: underline\"><strong>D\u00e2tes :<\/strong><\/span> 07 octobre ; 09 d\u00e9cembre ; 03 f\u00e9vrier ; 19 mai.<\/p>\n<p>[\/et_pb_text][\/et_pb_column][et_pb_column type=\u00a0\u00bb1_2&Prime; _builder_version=\u00a0\u00bb4.27.4&Prime; _module_preset=\u00a0\u00bbdefault\u00a0\u00bb global_colors_info=\u00a0\u00bb{}\u00a0\u00bb theme_builder_area=\u00a0\u00bbpost_content\u00a0\u00bb][et_pb_image src=\u00a0\u00bbhttps:\/\/catholiques17.fr\/oratoire\/wp-content\/uploads\/sites\/46\/2025\/05\/WhatsApp-Image-2025-05-27-a-13.24.16_04587ab2.jpg\u00a0\u00bb title_text=\u00a0\u00bbWhatsApp Image 2025-05-27 \u00e0 13.24.16_04587ab2&Prime; _builder_version=\u00a0\u00bb4.27.4&Prime; _module_preset=\u00a0\u00bbdefault\u00a0\u00bb global_colors_info=\u00a0\u00bb{}\u00a0\u00bb theme_builder_area=\u00a0\u00bbpost_content\u00a0\u00bb][\/et_pb_image][\/et_pb_column][\/et_pb_row][et_pb_row _builder_version=\u00a0\u00bb4.27.4&Prime; _module_preset=\u00a0\u00bbdefault\u00a0\u00bb global_colors_info=\u00a0\u00bb{}\u00a0\u00bb theme_builder_area=\u00a0\u00bbpost_content\u00a0\u00bb][et_pb_column type=\u00a0\u00bb4_4&Prime; _builder_version=\u00a0\u00bb4.27.4&Prime; _module_preset=\u00a0\u00bbdefault\u00a0\u00bb global_colors_info=\u00a0\u00bb{}\u00a0\u00bb theme_builder_area=\u00a0\u00bbpost_content\u00a0\u00bb][et_pb_text _builder_version=\u00a0\u00bb4.27.4&Prime; _module_preset=\u00a0\u00bbdefault\u00a0\u00bb global_colors_info=\u00a0\u00bb{}\u00a0\u00bb theme_builder_area=\u00a0\u00bbpost_content\u00a0\u00bb]<\/p>\n<p>Possibilt\u00e9 de confession, de profiter d&rsquo;un parc de 7Ha, d&rsquo;avoir une chambre&#8230; Venez mettre les pieds sous la table, tout est pr\u00eat ! Le Seigneur vous attend !<\/p>\n<p>[\/et_pb_text][\/et_pb_column][\/et_pb_row][\/et_pb_section]<\/p>\n","protected":false},"excerpt":{"rendered":"<p>Besoin d&rsquo;une pause ? Le mardi des mamans est fait pour toi !Une journ\u00e9e spirituelle \u00e0 destination des mamans.Au programme : 9h00 : accueil chaleureux (et petit d\u00e8j) ! 10h00 [&hellip;]<\/p>\n","protected":false},"author":83,"featured_media":0,"parent":0,"menu_order":0,"comment_status":"closed","ping_status":"closed","template":"","meta":{"_et_pb_use_builder":"on","_et_pb_old_content":"<!-- wp:divi\/placeholder \/-->","_et_gb_content_width":"","footnotes":""},"class_list":["post-13379","page","type-page","status-publish","hentry"],"_links":{"self":[{"href":"https:\/\/catholiques17.fr\/oratoire\/wp-json\/wp\/v2\/pages\/13379","targetHints":{"allow":["GET"]}}],"collection":[{"href":"https:\/\/catholiques17.fr\/oratoire\/wp-json\/wp\/v2\/pages"}],"about":[{"href":"https:\/\/catholiques17.fr\/oratoire\/wp-json\/wp\/v2\/types\/page"}],"author":[{"embeddable":true,"href":"https:\/\/catholiques17.fr\/oratoire\/wp-json\/wp\/v2\/users\/83"}],"replies":[{"embeddable":true,"href":"https:\/\/catholiques17.fr\/oratoire\/wp-json\/wp\/v2\/comments?post=13379"}],"version-history":[{"count":6,"href":"https:\/\/catholiques17.fr\/oratoire\/wp-json\/wp\/v2\/pages\/13379\/revisions"}],"predecessor-version":[{"id":13586,"href":"https:\/\/catholiques17.fr\/oratoire\/wp-json\/wp\/v2\/pages\/13379\/revisions\/13586"}],"wp:attachment":[{"href":"https:\/\/catholiques17.fr\/oratoire\/wp-json\/wp\/v2\/media?parent=13379"}],"curies":[{"name":"wp","href":"https:\/\/api.w.org\/{rel}","templated":true}]}}