{"id":13102,"date":"2025-05-13T14:42:34","date_gmt":"2025-05-13T12:42:34","guid":{"rendered":"https:\/\/catholiques17.fr\/oratoire\/?page_id=13102"},"modified":"2025-09-03T16:42:55","modified_gmt":"2025-09-03T14:42:55","slug":"notre-projet-doratoire","status":"publish","type":"page","link":"https:\/\/catholiques17.fr\/oratoire\/notre-projet-doratoire\/","title":{"rendered":"Notre projet d&rsquo;Oratoire"},"content":{"rendered":"<p>[et_pb_section fb_built=\u00a0\u00bb1&Prime; _builder_version=\u00a0\u00bb4.27.4&Prime; _module_preset=\u00a0\u00bbdefault\u00a0\u00bb global_colors_info=\u00a0\u00bb{}\u00a0\u00bb theme_builder_area=\u00a0\u00bbpost_content\u00a0\u00bb][et_pb_row column_structure=\u00a0\u00bb1_2,1_2&Prime; _builder_version=\u00a0\u00bb4.27.4&Prime; _module_preset=\u00a0\u00bbdefault\u00a0\u00bb global_colors_info=\u00a0\u00bb{}\u00a0\u00bb theme_builder_area=\u00a0\u00bbpost_content\u00a0\u00bb][et_pb_column type=\u00a0\u00bb1_2&Prime; _builder_version=\u00a0\u00bb4.27.4&Prime; _module_preset=\u00a0\u00bbdefault\u00a0\u00bb global_colors_info=\u00a0\u00bb{}\u00a0\u00bb theme_builder_area=\u00a0\u00bbpost_content\u00a0\u00bb][et_pb_text _builder_version=\u00a0\u00bb4.27.4&Prime; _module_preset=\u00a0\u00bbdefault\u00a0\u00bb global_colors_info=\u00a0\u00bb{}\u00a0\u00bb theme_builder_area=\u00a0\u00bbpost_content\u00a0\u00bb]<\/p>\n<h1><strong>Petit historique !<\/strong><\/h1>\n<p>[\/et_pb_text][et_pb_text _builder_version=\u00a0\u00bb4.27.4&Prime; _module_preset=\u00a0\u00bbdefault\u00a0\u00bb global_colors_info=\u00a0\u00bb{}\u00a0\u00bb theme_builder_area=\u00a0\u00bbpost_content\u00a0\u00bb]<\/p>\n<p style=\"text-align: justify\">C\u2019est \u00e0 no\u00ebl 2022 que l\u2019\u00e9v\u00eaque du dioc\u00e8se contacte le p. Jean-Eudes et Martin, encore s\u00e9minariste, pour leur proposer de r\u00e9fl\u00e9chir \u00e0 un projet d\u2019Oratoire de Saint Philippe N\u00e9ri. En effet, Les p\u00e8res Jean-Eudes et Martin avaient exprim\u00e9s leur d\u00e9sir de vie communautaire d\u00e8s leur arriv\u00e9e dans le dioc\u00e8se \u00e0 partir de 2019. Apr\u00e8s un temps de discernement, il leur est apparu que cela correspondait parfaitement au d\u00e9sir de leur c\u0153ur. La vie familiale et joyeuse entre pr\u00eatres unis par le seul lien de la charit\u00e9 selon le charisme de saint Philippe, qui caract\u00e9rise l\u2019Oratoire, vient raisonner en eux. En janvier 2024, ils sont reconnus officiellement comme \u00ab projet d\u2019Oratoire de saint Philippe N\u00e9ri \u00bb et sont accompagn\u00e9s par le p. Jacques Bombardier de l\u2019Oratoire de Nancy. Enfin, en 2025 l\u2019\u00e9tude et la pr\u00e9paration des travaux pour r\u00e9nover le b\u00e2timent du futur Oratoire commencent.<\/p>\n<p>[\/et_pb_text][\/et_pb_column][et_pb_column type=\u00a0\u00bb1_2&Prime; _builder_version=\u00a0\u00bb4.27.4&Prime; _module_preset=\u00a0\u00bbdefault\u00a0\u00bb global_colors_info=\u00a0\u00bb{}\u00a0\u00bb theme_builder_area=\u00a0\u00bbpost_content\u00a0\u00bb][et_pb_image src=\u00a0\u00bbhttps:\/\/catholiques17.fr\/oratoire\/wp-content\/uploads\/sites\/46\/2025\/05\/20241023_164142-768&#215;1024-1.jpg\u00a0\u00bb title_text=\u00a0\u00bb20241023_164142-768&#215;1024 (1)\u00a0\u00bb _builder_version=\u00a0\u00bb4.27.4&Prime; _module_preset=\u00a0\u00bbdefault\u00a0\u00bb global_colors_info=\u00a0\u00bb{}\u00a0\u00bb theme_builder_area=\u00a0\u00bbpost_content\u00a0\u00bb][\/et_pb_image][\/et_pb_column][\/et_pb_row][et_pb_row _builder_version=\u00a0\u00bb4.27.4&Prime; _module_preset=\u00a0\u00bbdefault\u00a0\u00bb global_colors_info=\u00a0\u00bb{}\u00a0\u00bb theme_builder_area=\u00a0\u00bbpost_content\u00a0\u00bb][et_pb_column type=\u00a0\u00bb4_4&Prime; _builder_version=\u00a0\u00bb4.27.4&Prime; _module_preset=\u00a0\u00bbdefault\u00a0\u00bb global_colors_info=\u00a0\u00bb{}\u00a0\u00bb theme_builder_area=\u00a0\u00bbpost_content\u00a0\u00bb][et_pb_divider color=\u00a0\u00bb#000000&Prime; divider_weight=\u00a0\u00bb3px\u00a0\u00bb _builder_version=\u00a0\u00bb4.27.4&Prime; _module_preset=\u00a0\u00bbdefault\u00a0\u00bb global_colors_info=\u00a0\u00bb{}\u00a0\u00bb theme_builder_area=\u00a0\u00bbpost_content\u00a0\u00bb][\/et_pb_divider][et_pb_text _builder_version=\u00a0\u00bb4.27.4&Prime; _module_preset=\u00a0\u00bbdefault\u00a0\u00bb global_colors_info=\u00a0\u00bb{}\u00a0\u00bb theme_builder_area=\u00a0\u00bbpost_content\u00a0\u00bb]<\/p>\n<h1><strong>Mais alors, c&rsquo;est quoi un Oratorien ?<\/strong><\/h1>\n<p>[\/et_pb_text][et_pb_image src=\u00a0\u00bbhttps:\/\/catholiques17.fr\/oratoire\/wp-content\/uploads\/sites\/46\/2025\/05\/martin-Philippe-et-moi-modifie.jpg\u00a0\u00bb title_text=\u00a0\u00bbmartin Philippe et moi modifie\u00a0\u00bb align=\u00a0\u00bbcenter\u00a0\u00bb _builder_version=\u00a0\u00bb4.27.4&Prime; _module_preset=\u00a0\u00bbdefault\u00a0\u00bb width=\u00a0\u00bb48%\u00a0\u00bb max_width=\u00a0\u00bb100%\u00a0\u00bb global_colors_info=\u00a0\u00bb{}\u00a0\u00bb theme_builder_area=\u00a0\u00bbpost_content\u00a0\u00bb][\/et_pb_image][et_pb_text _builder_version=\u00a0\u00bb4.27.4&Prime; _module_preset=\u00a0\u00bbdefault\u00a0\u00bb text_text_color=\u00a0\u00bb#000000&Prime; background_color=\u00a0\u00bb#F2E6D4&Prime; global_colors_info=\u00a0\u00bb{}\u00a0\u00bb theme_builder_area=\u00a0\u00bbpost_content\u00a0\u00bb]<\/p>\n<ul>\n<li>C\u2019est \u00eatre <strong>fils de saint Philippe<\/strong>, un p\u00e8re au c\u0153ur brulant d\u2019amour. Il s\u2019agit de vivre de la spiritualit\u00e9 de Saint Philippe, sa simplicit\u00e9, son amour du Saint Esprit et de la Vierge Marie, l\u2019\u00e9vang\u00e9lisation par la charit\u00e9\u00a0;<\/li>\n<li>C\u2019est <strong>un pr\u00eatre ou un fr\u00e8re<\/strong> qui m\u00e8ne une <strong>vie communautaire<\/strong> familiale et joyeuse\u00a0;<\/li>\n<li>C\u2019est une <strong>vie de pri\u00e8re<\/strong> communautaire ;<\/li>\n<li>C\u2019est une <strong>vie stable<\/strong> : un m\u00eame lieu et des m\u00eames fr\u00e8res pour toute notre vie ;<\/li>\n<li>C\u2019est se mettre <strong>au service de la mission<\/strong> \u00e0 travers l\u2019Oratoire s\u00e9culier ou encore le dioc\u00e8se. L&rsquo;Oratoire s\u00e9culier consiste en tous ceux qui sont proches de la congr\u00e9gation de l\u2019Oratoire<em>\u00a0<\/em>;<\/li>\n<\/ul>\n<p><strong>Les oratoriens sont unis par la charit\u00e9.<\/strong> Cela signifie que les membres se choisissent et se donnent comme priorit\u00e9 l\u2019attention mutuelle, avec la note de <strong>joie<\/strong> propre \u00e0 Saint Philippe. Dans l\u2019apostolat, la seule \u00ab marque de fabrique \u00bb visible est la cordialit\u00e9 et la pr\u00e9f\u00e9rence donn\u00e9e au contact personnel pour aider les \u00e2mes \u00e0 entrer dans l\u2019amiti\u00e9 divine.<\/p>\n<p>[\/et_pb_text][et_pb_divider color=\u00a0\u00bb#000000&Prime; divider_weight=\u00a0\u00bb3px\u00a0\u00bb _builder_version=\u00a0\u00bb4.27.4&Prime; _module_preset=\u00a0\u00bbdefault\u00a0\u00bb global_colors_info=\u00a0\u00bb{}\u00a0\u00bb theme_builder_area=\u00a0\u00bbpost_content\u00a0\u00bb][\/et_pb_divider][et_pb_text _builder_version=\u00a0\u00bb4.27.4&Prime; _module_preset=\u00a0\u00bbdefault\u00a0\u00bb global_colors_info=\u00a0\u00bb{}\u00a0\u00bb theme_builder_area=\u00a0\u00bbpost_content\u00a0\u00bb]<\/p>\n<h1><strong>Les membres du projet.<\/strong><\/h1>\n<p>[\/et_pb_text][\/et_pb_column][\/et_pb_row][et_pb_row column_structure=\u00a0\u00bb2_5,3_5&Prime; _builder_version=\u00a0\u00bb4.27.4&Prime; _module_preset=\u00a0\u00bbdefault\u00a0\u00bb global_colors_info=\u00a0\u00bb{}\u00a0\u00bb theme_builder_area=\u00a0\u00bbpost_content\u00a0\u00bb][et_pb_column type=\u00a0\u00bb2_5&Prime; _builder_version=\u00a0\u00bb4.27.4&Prime; _module_preset=\u00a0\u00bbdefault\u00a0\u00bb global_colors_info=\u00a0\u00bb{}\u00a0\u00bb theme_builder_area=\u00a0\u00bbpost_content\u00a0\u00bb][et_pb_image src=\u00a0\u00bbhttps:\/\/catholiques17.fr\/oratoire\/wp-content\/uploads\/sites\/46\/2025\/05\/P1011211-modifie.jpg\u00a0\u00bb title_text=\u00a0\u00bbOLYMPUS DIGITAL CAMERA\u00a0\u00bb _builder_version=\u00a0\u00bb4.27.4&Prime; _module_preset=\u00a0\u00bbdefault\u00a0\u00bb global_colors_info=\u00a0\u00bb{}\u00a0\u00bb theme_builder_area=\u00a0\u00bbpost_content\u00a0\u00bb][\/et_pb_image][\/et_pb_column][et_pb_column type=\u00a0\u00bb3_5&Prime; _builder_version=\u00a0\u00bb4.27.4&Prime; _module_preset=\u00a0\u00bbdefault\u00a0\u00bb global_colors_info=\u00a0\u00bb{}\u00a0\u00bb theme_builder_area=\u00a0\u00bbpost_content\u00a0\u00bb][et_pb_text _builder_version=\u00a0\u00bb4.27.4&Prime; _module_preset=\u00a0\u00bbdefault\u00a0\u00bb custom_padding=\u00a0\u00bb0px||7px||false|false\u00a0\u00bb global_colors_info=\u00a0\u00bb{}\u00a0\u00bb theme_builder_area=\u00a0\u00bbpost_content\u00a0\u00bb]<\/p>\n<h4><strong>P\u00e8re Jean-Eudes de Chalain &#8211; mod\u00e9rateur<\/strong><\/h4>\n<p>[\/et_pb_text][et_pb_text _builder_version=\u00a0\u00bb4.27.4&Prime; _module_preset=\u00a0\u00bbdefault\u00a0\u00bb custom_margin=\u00a0\u00bb-35px||||false|false\u00a0\u00bb global_colors_info=\u00a0\u00bb{}\u00a0\u00bb theme_builder_area=\u00a0\u00bbpost_content\u00a0\u00bb]<\/p>\n<p>Pr\u00eatre du dioc\u00e8se de La Rochelle.<\/p>\n<p>Responsable de la Pastorale des jeunes du dioc\u00e8se.<\/p>\n<p>Pr\u00eatre r\u00e9f\u00e9rent de l\u2019ensemble scolaire Jeanne d\u2019Arc\/Recouvrance \u00e0 Saintes.<\/p>\n<p>Aum\u00f4nier national et pour Saintes de la Compagnie Secouriste Sainte Barbe (\u0153uvre d\u2019\u00e9vang\u00e9lisation et d\u2019\u00e9ducation).<\/p>\n<p>Aum\u00f4nier de Bethabara Saintes (retraites spirituelles pour adolescents).<\/p>\n<p>Directeur du patronage de Voiville.<\/p>\n<p>[\/et_pb_text][\/et_pb_column][\/et_pb_row][et_pb_row _builder_version=\u00a0\u00bb4.27.4&Prime; _module_preset=\u00a0\u00bbdefault\u00a0\u00bb global_colors_info=\u00a0\u00bb{}\u00a0\u00bb theme_builder_area=\u00a0\u00bbpost_content\u00a0\u00bb][et_pb_column type=\u00a0\u00bb4_4&Prime; _builder_version=\u00a0\u00bb4.27.4&Prime; _module_preset=\u00a0\u00bbdefault\u00a0\u00bb global_colors_info=\u00a0\u00bb{}\u00a0\u00bb theme_builder_area=\u00a0\u00bbpost_content\u00a0\u00bb][et_pb_divider show_divider=\u00a0\u00bboff\u00a0\u00bb _builder_version=\u00a0\u00bb4.27.4&Prime; _module_preset=\u00a0\u00bbdefault\u00a0\u00bb global_colors_info=\u00a0\u00bb{}\u00a0\u00bb theme_builder_area=\u00a0\u00bbpost_content\u00a0\u00bb][\/et_pb_divider][\/et_pb_column][\/et_pb_row][et_pb_row column_structure=\u00a0\u00bb2_5,3_5&Prime; _builder_version=\u00a0\u00bb4.27.4&Prime; _module_preset=\u00a0\u00bbdefault\u00a0\u00bb global_colors_info=\u00a0\u00bb{}\u00a0\u00bb theme_builder_area=\u00a0\u00bbpost_content\u00a0\u00bb][et_pb_column type=\u00a0\u00bb2_5&Prime; _builder_version=\u00a0\u00bb4.27.4&Prime; _module_preset=\u00a0\u00bbdefault\u00a0\u00bb global_colors_info=\u00a0\u00bb{}\u00a0\u00bb theme_builder_area=\u00a0\u00bbpost_content\u00a0\u00bb][et_pb_image src=\u00a0\u00bbhttps:\/\/catholiques17.fr\/oratoire\/wp-content\/uploads\/sites\/46\/2025\/05\/P1011635-modifie.jpg\u00a0\u00bb title_text=\u00a0\u00bbP1011635 modifie\u00a0\u00bb _builder_version=\u00a0\u00bb4.27.4&Prime; _module_preset=\u00a0\u00bbdefault\u00a0\u00bb global_colors_info=\u00a0\u00bb{}\u00a0\u00bb theme_builder_area=\u00a0\u00bbpost_content\u00a0\u00bb][\/et_pb_image][\/et_pb_column][et_pb_column type=\u00a0\u00bb3_5&Prime; _builder_version=\u00a0\u00bb4.27.4&Prime; _module_preset=\u00a0\u00bbdefault\u00a0\u00bb global_colors_info=\u00a0\u00bb{}\u00a0\u00bb theme_builder_area=\u00a0\u00bbpost_content\u00a0\u00bb][et_pb_text _builder_version=\u00a0\u00bb4.27.4&Prime; _module_preset=\u00a0\u00bbdefault\u00a0\u00bb custom_margin=\u00a0\u00bb0px||||false|false\u00a0\u00bb custom_padding=\u00a0\u00bb0px||0px||false|false\u00a0\u00bb global_colors_info=\u00a0\u00bb{}\u00a0\u00bb theme_builder_area=\u00a0\u00bbpost_content\u00a0\u00bb]<\/p>\n<h3><strong>P\u00e8re Martin Chauvet<\/strong><\/h3>\n<p>Aum\u00f4nier de l\u2019enseignement Public de Saintes.<\/p>\n<p>Vicaire \u00e0 la paroisse Saintes Rive-gauche.<\/p>\n<p>Aum\u00f4nier du Village de la Vie.<\/p>\n<p>Aum\u00f4nier du patronage de Voiville.<\/p>\n<p>Aum\u00f4nier national de Bethabara (retraites spirituelles pour adolescents).<\/p>\n<p>R\u00e9f\u00e9rent \u0153cum\u00e9nisme pour Saintes.<\/p>\n<p>[\/et_pb_text][\/et_pb_column][\/et_pb_row][et_pb_row _builder_version=\u00a0\u00bb4.27.4&Prime; _module_preset=\u00a0\u00bbdefault\u00a0\u00bb global_colors_info=\u00a0\u00bb{}\u00a0\u00bb theme_builder_area=\u00a0\u00bbpost_content\u00a0\u00bb][et_pb_column type=\u00a0\u00bb4_4&Prime; _builder_version=\u00a0\u00bb4.27.4&Prime; _module_preset=\u00a0\u00bbdefault\u00a0\u00bb global_colors_info=\u00a0\u00bb{}\u00a0\u00bb theme_builder_area=\u00a0\u00bbpost_content\u00a0\u00bb][et_pb_divider color=\u00a0\u00bb#000000&Prime; divider_weight=\u00a0\u00bb3px\u00a0\u00bb _builder_version=\u00a0\u00bb4.27.4&Prime; _module_preset=\u00a0\u00bbdefault\u00a0\u00bb custom_margin=\u00a0\u00bb9px|||||\u00a0\u00bb global_colors_info=\u00a0\u00bb{}\u00a0\u00bb theme_builder_area=\u00a0\u00bbpost_content\u00a0\u00bb][\/et_pb_divider][et_pb_text _builder_version=\u00a0\u00bb4.27.4&Prime; _module_preset=\u00a0\u00bbdefault\u00a0\u00bb global_colors_info=\u00a0\u00bb{}\u00a0\u00bb theme_builder_area=\u00a0\u00bbpost_content\u00a0\u00bb]<\/p>\n<h1><strong>Un rayonnement pour Saintes et le dioc\u00e8se !<\/strong><\/h1>\n<p>[\/et_pb_text][et_pb_text _builder_version=\u00a0\u00bb4.27.4&Prime; _module_preset=\u00a0\u00bbdefault\u00a0\u00bb global_colors_info=\u00a0\u00bb{}\u00a0\u00bb theme_builder_area=\u00a0\u00bbpost_content\u00a0\u00bb]<\/p>\n<p>Le projet d&rsquo;Oratoire Saint Philippe N\u00e9ri \u00e0 Saintes promet d\u2019\u00eatre <strong>un signe d\u2019esp\u00e9rance pour le dioc\u00e8se<\/strong>, incarnant la joie de l\u2019\u00c9vangile et une fraternit\u00e9 sacerdotale accessible et authentique.<\/p>\n<p>La stabilit\u00e9 des membres de l\u2019oratoire permet <strong>d\u2019assurer des pr\u00eatres \u00e0 vie sur Saintes<\/strong> au service de la jeunesse, des paroisses et du dioc\u00e8se (services et missions dioc\u00e9sains divers).<\/p>\n<p>A travers le projet du Village de la Vie dont ils assurent la dimension spirituelle, c\u2019est un lieu d\u2019accueil permanent et un <strong>outil formidable d\u2019\u00e9vang\u00e9lisation et d\u2019\u00e9ducation<\/strong> pour les enfants, les adolescents et les familles qui rayonne d\u00e9j\u00e0 localement\u00a0!<\/p>\n<p>[\/et_pb_text][et_pb_divider color=\u00a0\u00bb#000000&Prime; divider_weight=\u00a0\u00bb3px\u00a0\u00bb _builder_version=\u00a0\u00bb4.27.4&Prime; _module_preset=\u00a0\u00bbdefault\u00a0\u00bb custom_margin=\u00a0\u00bb9px|||||\u00a0\u00bb global_colors_info=\u00a0\u00bb{}\u00a0\u00bb theme_builder_area=\u00a0\u00bbpost_content\u00a0\u00bb][\/et_pb_divider][et_pb_text _builder_version=\u00a0\u00bb4.27.4&Prime; _module_preset=\u00a0\u00bbdefault\u00a0\u00bb global_colors_info=\u00a0\u00bb{}\u00a0\u00bb theme_builder_area=\u00a0\u00bbpost_content\u00a0\u00bb]<\/p>\n<h1><strong>Un projet immobilier !<\/strong><\/h1>\n<p>[\/et_pb_text][et_pb_text _builder_version=\u00a0\u00bb4.27.4&Prime; _module_preset=\u00a0\u00bbdefault\u00a0\u00bb global_colors_info=\u00a0\u00bb{}\u00a0\u00bb theme_builder_area=\u00a0\u00bbpost_content\u00a0\u00bb]<\/p>\n<p>Pour que nous puissions \u00eatre canoniquement \u00e9rig\u00e9 en Oratoire de St Philippe N\u00e9ri et donc nous implanter d\u00e9finitevement dans le dioc\u00e8se \u00e0 Saintes, nous devons r\u00e9nover la long\u00e8re de Voiville !<\/p>\n<p>[\/et_pb_text][\/et_pb_column][\/et_pb_row][et_pb_row column_structure=\u00a0\u00bb1_2,1_2&Prime; _builder_version=\u00a0\u00bb4.27.4&Prime; _module_preset=\u00a0\u00bbdefault\u00a0\u00bb global_colors_info=\u00a0\u00bb{}\u00a0\u00bb theme_builder_area=\u00a0\u00bbpost_content\u00a0\u00bb][et_pb_column type=\u00a0\u00bb1_2&Prime; _builder_version=\u00a0\u00bb4.27.4&Prime; _module_preset=\u00a0\u00bbdefault\u00a0\u00bb global_colors_info=\u00a0\u00bb{}\u00a0\u00bb theme_builder_area=\u00a0\u00bbpost_content\u00a0\u00bb][et_pb_image src=\u00a0\u00bbhttps:\/\/catholiques17.fr\/oratoire\/wp-content\/uploads\/sites\/46\/2025\/05\/WhatsApp-Image-2025-05-25-a-17.45.23_1b165e39.jpg\u00a0\u00bb title_text=\u00a0\u00bbWhatsApp Image 2025-05-25 \u00e0 17.45.23_1b165e39&Prime; _builder_version=\u00a0\u00bb4.27.4&Prime; _module_preset=\u00a0\u00bbdefault\u00a0\u00bb width=\u00a0\u00bb90%\u00a0\u00bb global_colors_info=\u00a0\u00bb{}\u00a0\u00bb theme_builder_area=\u00a0\u00bbpost_content\u00a0\u00bb][\/et_pb_image][\/et_pb_column][et_pb_column type=\u00a0\u00bb1_2&Prime; _builder_version=\u00a0\u00bb4.27.4&Prime; _module_preset=\u00a0\u00bbdefault\u00a0\u00bb global_colors_info=\u00a0\u00bb{}\u00a0\u00bb theme_builder_area=\u00a0\u00bbpost_content\u00a0\u00bb][et_pb_button button_url=\u00a0\u00bbhttps:\/\/catholiques17.fr\/oratoire\/13534-2\/\u00a0\u00bb button_text=\u00a0\u00bbPlus d&rsquo;information\u00a0\u00bb button_alignment=\u00a0\u00bbcenter\u00a0\u00bb _builder_version=\u00a0\u00bb4.27.4&Prime; _module_preset=\u00a0\u00bbdefault\u00a0\u00bb custom_button=\u00a0\u00bbon\u00a0\u00bb button_text_color=\u00a0\u00bb#FFFFFF\u00a0\u00bb button_bg_color=\u00a0\u00bb#E02B20&Prime; button_border_width=\u00a0\u00bb0px\u00a0\u00bb button_font=\u00a0\u00bb&#8211;et_global_body_font||||||||\u00a0\u00bb custom_margin=\u00a0\u00bb111px||0px||false|false\u00a0\u00bb global_colors_info=\u00a0\u00bb{}\u00a0\u00bb theme_builder_area=\u00a0\u00bbpost_content\u00a0\u00bb][\/et_pb_button][\/et_pb_column][\/et_pb_row][\/et_pb_section]<\/p>\n","protected":false},"excerpt":{"rendered":"<p>Petit historique !C\u2019est \u00e0 no\u00ebl 2022 que l\u2019\u00e9v\u00eaque du dioc\u00e8se contacte le p. Jean-Eudes et Martin, encore s\u00e9minariste, pour leur proposer de r\u00e9fl\u00e9chir \u00e0 un projet d\u2019Oratoire de Saint Philippe [&hellip;]<\/p>\n","protected":false},"author":41,"featured_media":0,"parent":0,"menu_order":0,"comment_status":"closed","ping_status":"closed","template":"","meta":{"_et_pb_use_builder":"on","_et_pb_old_content":"","_et_gb_content_width":"","footnotes":""},"class_list":["post-13102","page","type-page","status-publish","hentry"],"_links":{"self":[{"href":"https:\/\/catholiques17.fr\/oratoire\/wp-json\/wp\/v2\/pages\/13102","targetHints":{"allow":["GET"]}}],"collection":[{"href":"https:\/\/catholiques17.fr\/oratoire\/wp-json\/wp\/v2\/pages"}],"about":[{"href":"https:\/\/catholiques17.fr\/oratoire\/wp-json\/wp\/v2\/types\/page"}],"author":[{"embeddable":true,"href":"https:\/\/catholiques17.fr\/oratoire\/wp-json\/wp\/v2\/users\/41"}],"replies":[{"embeddable":true,"href":"https:\/\/catholiques17.fr\/oratoire\/wp-json\/wp\/v2\/comments?post=13102"}],"version-history":[{"count":14,"href":"https:\/\/catholiques17.fr\/oratoire\/wp-json\/wp\/v2\/pages\/13102\/revisions"}],"predecessor-version":[{"id":13583,"href":"https:\/\/catholiques17.fr\/oratoire\/wp-json\/wp\/v2\/pages\/13102\/revisions\/13583"}],"wp:attachment":[{"href":"https:\/\/catholiques17.fr\/oratoire\/wp-json\/wp\/v2\/media?parent=13102"}],"curies":[{"name":"wp","href":"https:\/\/api.w.org\/{rel}","templated":true}]}}