{"id":13090,"date":"2025-05-13T14:36:09","date_gmt":"2025-05-13T12:36:09","guid":{"rendered":"https:\/\/catholiques17.fr\/oratoire\/?page_id=13090"},"modified":"2025-09-03T11:24:57","modified_gmt":"2025-09-03T09:24:57","slug":"les-amis-de-loratoire","status":"publish","type":"page","link":"https:\/\/catholiques17.fr\/oratoire\/les-amis-de-loratoire\/","title":{"rendered":"Les Amis de l&rsquo;Oratoire"},"content":{"rendered":"<p>[et_pb_section fb_built=\u00a0\u00bb1&Prime; _builder_version=\u00a0\u00bb4.27.4&Prime; _module_preset=\u00a0\u00bbdefault\u00a0\u00bb global_colors_info=\u00a0\u00bb{}\u00a0\u00bb theme_builder_area=\u00a0\u00bbpost_content\u00a0\u00bb][et_pb_row _builder_version=\u00a0\u00bb4.27.4&Prime; _module_preset=\u00a0\u00bbdefault\u00a0\u00bb global_colors_info=\u00a0\u00bb{}\u00a0\u00bb theme_builder_area=\u00a0\u00bbpost_content\u00a0\u00bb][et_pb_column type=\u00a0\u00bb4_4&Prime; _builder_version=\u00a0\u00bb4.27.4&Prime; _module_preset=\u00a0\u00bbdefault\u00a0\u00bb global_colors_info=\u00a0\u00bb{}\u00a0\u00bb theme_builder_area=\u00a0\u00bbpost_content\u00a0\u00bb][et_pb_text _builder_version=\u00a0\u00bb4.27.4&Prime; _module_preset=\u00a0\u00bbdefault\u00a0\u00bb hover_enabled=\u00a0\u00bb0&Prime; global_colors_info=\u00a0\u00bb{}\u00a0\u00bb theme_builder_area=\u00a0\u00bbpost_content\u00a0\u00bb sticky_enabled=\u00a0\u00bb0&Prime;]<\/p>\n<p>Les amis de l&rsquo;oratoire est une association loi 1901 fond\u00e9e pour soutenir le projet d&rsquo;Oratoire de Saintes. Elle l&rsquo;aide notamment dans son projet immobilier et sa recherche de fonds.<\/p>\n<p>&nbsp;<\/p>\n<p><em>Cette page sera bient\u00f4t compl\u00e9t\u00e9e.<\/em><\/p>\n<p>[\/et_pb_text][\/et_pb_column][\/et_pb_row][et_pb_row _builder_version=\u00a0\u00bb4.27.4&Prime; _module_preset=\u00a0\u00bbdefault\u00a0\u00bb global_colors_info=\u00a0\u00bb{}\u00a0\u00bb theme_builder_area=\u00a0\u00bbpost_content\u00a0\u00bb][et_pb_column type=\u00a0\u00bb4_4&Prime; _builder_version=\u00a0\u00bb4.27.4&Prime; _module_preset=\u00a0\u00bbdefault\u00a0\u00bb global_colors_info=\u00a0\u00bb{}\u00a0\u00bb theme_builder_area=\u00a0\u00bbpost_content\u00a0\u00bb][et_pb_image src=\u00a0\u00bbhttps:\/\/catholiques17.fr\/oratoire\/wp-content\/uploads\/sites\/46\/2025\/05\/IMG-20241205-WA00131.jpg\u00a0\u00bb title_text=\u00a0\u00bbIMG-20241205-WA0013%911%93&Prime; _builder_version=\u00a0\u00bb4.27.4&Prime; _module_preset=\u00a0\u00bbdefault\u00a0\u00bb global_colors_info=\u00a0\u00bb{}\u00a0\u00bb theme_builder_area=\u00a0\u00bbpost_content\u00a0\u00bb][\/et_pb_image][\/et_pb_column][\/et_pb_row][\/et_pb_section]<\/p>\n","protected":false},"excerpt":{"rendered":"<p>Les amis de l&rsquo;oratoire est une association loi 1901 fond\u00e9e pour soutenir le projet d&rsquo;Oratoire de Saintes. Elle l&rsquo;aide notamment dans son projet immobilier et sa recherche de fonds. &nbsp; [&hellip;]<\/p>\n","protected":false},"author":41,"featured_media":0,"parent":0,"menu_order":0,"comment_status":"closed","ping_status":"closed","template":"","meta":{"_et_pb_use_builder":"on","_et_pb_old_content":"<!-- wp:divi\/placeholder \/-->","_et_gb_content_width":"","footnotes":""},"class_list":["post-13090","page","type-page","status-publish","hentry"],"_links":{"self":[{"href":"https:\/\/catholiques17.fr\/oratoire\/wp-json\/wp\/v2\/pages\/13090","targetHints":{"allow":["GET"]}}],"collection":[{"href":"https:\/\/catholiques17.fr\/oratoire\/wp-json\/wp\/v2\/pages"}],"about":[{"href":"https:\/\/catholiques17.fr\/oratoire\/wp-json\/wp\/v2\/types\/page"}],"author":[{"embeddable":true,"href":"https:\/\/catholiques17.fr\/oratoire\/wp-json\/wp\/v2\/users\/41"}],"replies":[{"embeddable":true,"href":"https:\/\/catholiques17.fr\/oratoire\/wp-json\/wp\/v2\/comments?post=13090"}],"version-history":[{"count":4,"href":"https:\/\/catholiques17.fr\/oratoire\/wp-json\/wp\/v2\/pages\/13090\/revisions"}],"predecessor-version":[{"id":13499,"href":"https:\/\/catholiques17.fr\/oratoire\/wp-json\/wp\/v2\/pages\/13090\/revisions\/13499"}],"wp:attachment":[{"href":"https:\/\/catholiques17.fr\/oratoire\/wp-json\/wp\/v2\/media?parent=13090"}],"curies":[{"name":"wp","href":"https:\/\/api.w.org\/{rel}","templated":true}]}}