{"id":13088,"date":"2025-05-13T14:35:51","date_gmt":"2025-05-13T12:35:51","guid":{"rendered":"https:\/\/catholiques17.fr\/oratoire\/?page_id=13088"},"modified":"2025-09-03T11:24:56","modified_gmt":"2025-09-03T09:24:56","slug":"formations","status":"publish","type":"page","link":"https:\/\/catholiques17.fr\/oratoire\/formations\/","title":{"rendered":"Formations"},"content":{"rendered":"<p>[et_pb_section fb_built=\u00a0\u00bb1&Prime; _builder_version=\u00a0\u00bb4.27.4&Prime; _module_preset=\u00a0\u00bbdefault\u00a0\u00bb global_colors_info=\u00a0\u00bb{}\u00a0\u00bb theme_builder_area=\u00a0\u00bbpost_content\u00a0\u00bb][et_pb_row column_structure=\u00a0\u00bb1_2,1_2&Prime; _builder_version=\u00a0\u00bb4.27.4&Prime; _module_preset=\u00a0\u00bbdefault\u00a0\u00bb global_colors_info=\u00a0\u00bb{}\u00a0\u00bb theme_builder_area=\u00a0\u00bbpost_content\u00a0\u00bb][et_pb_column type=\u00a0\u00bb1_2&Prime; _builder_version=\u00a0\u00bb4.27.4&Prime; _module_preset=\u00a0\u00bbdefault\u00a0\u00bb global_colors_info=\u00a0\u00bb{}\u00a0\u00bb theme_builder_area=\u00a0\u00bbpost_content\u00a0\u00bb][et_pb_text _builder_version=\u00a0\u00bb4.27.4&Prime; _module_preset=\u00a0\u00bbdefault\u00a0\u00bb custom_padding=\u00a0\u00bb||0px|||\u00a0\u00bb global_colors_info=\u00a0\u00bb{}\u00a0\u00bb theme_builder_area=\u00a0\u00bbpost_content\u00a0\u00bb]<\/p>\n<h1 style=\"text-align: center\"><span style=\"text-decoration: underline\"><strong><\/strong><\/span><\/h1>\n<h1 style=\"text-align: center\"><span style=\"text-decoration: underline\"><strong><\/strong><\/span><\/h1>\n<h1 style=\"text-align: center\"><span style=\"text-decoration: underline\"><strong><\/strong><\/span><strong>NOUVEAUTE<\/strong> !<\/h1>\n<h1 style=\"text-align: center\"><span style=\"text-decoration: underline\"><strong><\/strong><\/span><\/h1>\n<h1 style=\"text-align: center\"><span style=\"text-decoration: underline\"><strong><\/strong><\/span><\/h1>\n<h1 style=\"text-align: center\"><span style=\"text-decoration: underline\"><strong><\/strong><\/span><\/h1>\n<h1 style=\"text-align: center\"><span style=\"text-decoration: underline\"><strong><\/strong><\/span><\/h1>\n<h1 style=\"text-align: center\"><span style=\"text-decoration: underline\"><strong><\/strong><\/span><\/h1>\n<h2 style=\"text-align: center\"><span style=\"text-decoration: underline\"><strong><\/strong><\/span><\/h2>\n<h2 style=\"text-align: center\"><span style=\"text-decoration: underline\"><strong><\/strong><\/span><\/h2>\n<h2 style=\"text-align: center\"><span style=\"text-decoration: underline\"><strong>ECOLE DE VIE DANS L&rsquo;ESPRIT<\/strong><\/span><\/h2>\n<p>[\/et_pb_text][\/et_pb_column][et_pb_column type=\u00a0\u00bb1_2&Prime; _builder_version=\u00a0\u00bb4.27.4&Prime; _module_preset=\u00a0\u00bbdefault\u00a0\u00bb global_colors_info=\u00a0\u00bb{}\u00a0\u00bb theme_builder_area=\u00a0\u00bbpost_content\u00a0\u00bb][et_pb_image src=\u00a0\u00bbhttps:\/\/catholiques17.fr\/oratoire\/wp-content\/uploads\/sites\/46\/2025\/09\/Le-projet-dOratoire-a-un-nouveau-site.jpg\u00a0\u00bb title_text=\u00a0\u00bbLe projet d\u2019Oratoire a un nouveau site\u00a0\u00bb align=\u00a0\u00bbcenter\u00a0\u00bb _builder_version=\u00a0\u00bb4.27.4&Prime; _module_preset=\u00a0\u00bbdefault\u00a0\u00bb width=\u00a0\u00bb37%\u00a0\u00bb global_colors_info=\u00a0\u00bb{}\u00a0\u00bb theme_builder_area=\u00a0\u00bbpost_content\u00a0\u00bb][\/et_pb_image][\/et_pb_column][\/et_pb_row][et_pb_row _builder_version=\u00a0\u00bb4.27.4&Prime; _module_preset=\u00a0\u00bbdefault\u00a0\u00bb global_colors_info=\u00a0\u00bb{}\u00a0\u00bb theme_builder_area=\u00a0\u00bbpost_content\u00a0\u00bb][et_pb_column type=\u00a0\u00bb4_4&Prime; _builder_version=\u00a0\u00bb4.27.4&Prime; _module_preset=\u00a0\u00bbdefault\u00a0\u00bb global_colors_info=\u00a0\u00bb{}\u00a0\u00bb theme_builder_area=\u00a0\u00bbpost_content\u00a0\u00bb][et_pb_text _builder_version=\u00a0\u00bb4.27.4&Prime; _module_preset=\u00a0\u00bbdefault\u00a0\u00bb background_color=\u00a0\u00bb#0400F0&Prime; global_colors_info=\u00a0\u00bb{}\u00a0\u00bb theme_builder_area=\u00a0\u00bbpost_content\u00a0\u00bb]<\/p>\n<p style=\"text-align: center\"><span style=\"color: #ffffff\">UN AN POUR UNE VIE SPIRITUELLE TRANSFORMEE !<\/span><\/p>\n<p>[\/et_pb_text][\/et_pb_column][\/et_pb_row][et_pb_row _builder_version=\u00a0\u00bb4.27.4&Prime; _module_preset=\u00a0\u00bbdefault\u00a0\u00bb global_colors_info=\u00a0\u00bb{}\u00a0\u00bb theme_builder_area=\u00a0\u00bbpost_content\u00a0\u00bb][et_pb_column type=\u00a0\u00bb4_4&Prime; _builder_version=\u00a0\u00bb4.27.4&Prime; _module_preset=\u00a0\u00bbdefault\u00a0\u00bb global_colors_info=\u00a0\u00bb{}\u00a0\u00bb theme_builder_area=\u00a0\u00bbpost_content\u00a0\u00bb][et_pb_text _builder_version=\u00a0\u00bb4.27.4&Prime; _module_preset=\u00a0\u00bbdefault\u00a0\u00bb global_colors_info=\u00a0\u00bb{}\u00a0\u00bb theme_builder_area=\u00a0\u00bbpost_content\u00a0\u00bb]<\/p>\n<p>Rejoins-nous \u00e0 Voiville pour vivre cette formation en \u00e9quipe fraternelle !<\/p>\n<p>&nbsp;<\/p>\n<div id=\"comp-lk1bz4t2\" class=\"Z_l5lU ku3DBC zQ9jDz qvSjx3 Vq6kJx comp-lk1bz4t2 wixui-rich-text\" data-testid=\"richTextElement\">\n<p class=\"font_8 wixui-rich-text__text\">\n<\/div>\n<p>[\/et_pb_text][et_pb_text _builder_version=\u00a0\u00bb4.27.4&Prime; _module_preset=\u00a0\u00bbdefault\u00a0\u00bb background_color=\u00a0\u00bb#0400F0&Prime; custom_padding=\u00a0\u00bb||1px|||\u00a0\u00bb global_colors_info=\u00a0\u00bb{}\u00a0\u00bb theme_builder_area=\u00a0\u00bbpost_content\u00a0\u00bb]<\/p>\n<p style=\"text-align: center\"><span style=\"color: #ffffff\">ET CONCRETEMENT, DE QUOI S&rsquo;AGIT-IL ?<\/span><\/p>\n<p>[\/et_pb_text][et_pb_text _builder_version=\u00a0\u00bb4.27.4&Prime; _module_preset=\u00a0\u00bbdefault\u00a0\u00bb global_colors_info=\u00a0\u00bb{}\u00a0\u00bb theme_builder_area=\u00a0\u00bbpost_content\u00a0\u00bb]<\/p>\n<div id=\"bgLayers_comp-jwep180v\" data-hook=\"bgLayers\" data-motion-part=\"BG_LAYER comp-jwep180v\" class=\"MW5IWV\">\n<div id=\"bgMedia_comp-jwep180v\" data-motion-part=\"BG_MEDIA comp-jwep180v\" class=\"VgO9Yg\"><\/div>\n<\/div>\n<div data-mesh-id=\"comp-jwep180vinlineContent\" data-testid=\"inline-content\" class=\"\">\n<div data-mesh-id=\"comp-jwep180vinlineContent-gridContainer\" data-testid=\"mesh-container-content\">\n<div id=\"comp-lk1bz4sv\" class=\"Z_l5lU ku3DBC zQ9jDz qvSjx3 Vq6kJx comp-lk1bz4sv wixui-rich-text\" data-testid=\"richTextElement\">\n<p class=\"font_8 wixui-rich-text__text\"><span class=\"color_37 wixui-rich-text__text\"><span class=\"wixui-rich-text__text\">La lib\u00e9ration et l\u2019activation des charismes est au c\u0153ur de cette formation. Gr\u00e2ce \u00e0 une<span>\u00a0<\/span>alternance<span>\u00a0<\/span>entre les<span>\u00a0<\/span><\/span><\/span><span class=\"color_44 wixui-rich-text__text\"><span class=\"wixui-rich-text__text\">enseignements<\/span><\/span><span class=\"color_37 wixui-rich-text__text\"><span class=\"wixui-rich-text__text\"><span>\u00a0<\/span>et les nombreux<span>\u00a0<\/span><\/span><\/span><span class=\"color_44 wixui-rich-text__text\"><span class=\"wixui-rich-text__text\">exercices pratiques<\/span><\/span><span class=\"color_37 wixui-rich-text__text\"><span class=\"wixui-rich-text__text\">, chaque participant sera encourag\u00e9 \u00e0 se lancer et \u00e0 exp\u00e9rimenter personnellement la puissance du Saint-Esprit.<\/span><\/span><\/p>\n<p class=\"font_8 wixui-rich-text__text\"><span class=\"color_37 wixui-rich-text__text\"><span class=\"wixui-rich-text__text\"><\/span><\/span><\/p>\n<\/div>\n<div id=\"comp-lk1bz4t2\" class=\"Z_l5lU ku3DBC zQ9jDz qvSjx3 Vq6kJx comp-lk1bz4t2 wixui-rich-text\" data-testid=\"richTextElement\">\n<p class=\"font_8 wixui-rich-text__text\"><span class=\"color_37 wixui-rich-text__text\"><span class=\"wixui-rich-text__text\">L\u2019enjeu est de<span>\u00a0<\/span><\/span><\/span><span class=\"color_44 wixui-rich-text__text\"><span class=\"wixui-rich-text__text\">lib\u00e9rer l\u2019audace<\/span><\/span><span class=\"color_37 wixui-rich-text__text\"><span class=\"wixui-rich-text__text\"><span>\u00a0<\/span>de la foi tout en d\u00e9ployant<span>\u00a0<\/span><\/span><\/span><span class=\"color_44 wixui-rich-text__text\"><span class=\"wixui-rich-text__text\">une<span>\u00a0<\/span>vie spirituelle \u00e9quilibr\u00e9e,<\/span><\/span><span class=\"color_37 wixui-rich-text__text\"><span class=\"wixui-rich-text__text\"><span>\u00a0<\/span>enracin\u00e9e dans la Parole de Dieu. L\u2019\u00c9cole fran\u00e7aise de la Vie dans l\u2019Esprit<span>\u00a0<\/span>est donc plus qu\u2019une \u00ab \u00e9cole des charismes \u00bb ; elle permet une<span>\u00a0<\/span><\/span><\/span><span class=\"color_44 wixui-rich-text__text\"><span class=\"wixui-rich-text__text\">int\u00e9gration profonde<\/span><\/span><span class=\"color_37 wixui-rich-text__text\"><span class=\"wixui-rich-text__text\"><span>\u00a0<\/span>de la vie charismatique<span>\u00a0<\/span>dans<span>\u00a0<\/span><\/span><\/span><span class=\"wixui-rich-text__text\"><span class=\"color_44 wixui-rich-text__text\">l\u2019ensemble de la vie chr\u00e9tienne<\/span><span>\u00a0<\/span><\/span><span class=\"color_37 wixui-rich-text__text\"><span class=\"wixui-rich-text__text\">: vie mystique et contemplative, vie fraternelle et eccl\u00e9siale, vie asc\u00e9tique et combat spirituel, vie missionnaire.<\/span><\/span><\/p>\n<\/div>\n<\/div>\n<\/div>\n<div id=\"comp-lk1bz4t2\" class=\"Z_l5lU ku3DBC zQ9jDz qvSjx3 Vq6kJx comp-lk1bz4t2 wixui-rich-text\" data-testid=\"richTextElement\">\n<p class=\"font_8 wixui-rich-text__text\">\n<\/div>\n<p>[\/et_pb_text][et_pb_text _builder_version=\u00a0\u00bb4.27.4&Prime; _module_preset=\u00a0\u00bbdefault\u00a0\u00bb background_color=\u00a0\u00bb#0400F0&Prime; custom_padding=\u00a0\u00bb||1px|||\u00a0\u00bb global_colors_info=\u00a0\u00bb{}\u00a0\u00bb theme_builder_area=\u00a0\u00bbpost_content\u00a0\u00bb]<\/p>\n<p style=\"text-align: center\"><span style=\"color: #ffffff\">ORGANISE PAR QUI ?<\/span><\/p>\n<p>[\/et_pb_text][et_pb_text _builder_version=\u00a0\u00bb4.27.4&Prime; _module_preset=\u00a0\u00bbdefault\u00a0\u00bb global_colors_info=\u00a0\u00bb{}\u00a0\u00bb theme_builder_area=\u00a0\u00bbpost_content\u00a0\u00bb]<\/p>\n<div id=\"bgLayers_comp-jwep180v\" data-hook=\"bgLayers\" data-motion-part=\"BG_LAYER comp-jwep180v\" class=\"MW5IWV\">\n<div id=\"bgMedia_comp-jwep180v\" data-motion-part=\"BG_MEDIA comp-jwep180v\" class=\"VgO9Yg\">\n<p class=\"font_7 wixui-rich-text__text\"><span class=\"wixui-rich-text__text\">L&rsquo;\u00c9cole fran\u00e7aise de vie dans l&rsquo;Esprit est organis\u00e9e par le P\u00f4le Mission du dioc\u00e8se de Paris.\u00a0<\/span><\/p>\n<p class=\"font_7 wixui-rich-text__text\"><span class=\"wixui-rich-text__text\">Une \u00e9quipe de b\u00e9n\u00e9voles accompagne chaque ann\u00e9e les participants pour les aider \u00e0 vivre une r\u00e9elle transformation spirituelle pendant l&rsquo;ann\u00e9e de l&rsquo;\u00c9cole fran\u00e7aise de vie dans l&rsquo;Esprit.<\/span><\/p>\n<\/div>\n<\/div>\n<p>[\/et_pb_text][et_pb_text _builder_version=\u00a0\u00bb4.27.4&Prime; _module_preset=\u00a0\u00bbdefault\u00a0\u00bb background_color=\u00a0\u00bb#0400F0&Prime; custom_padding=\u00a0\u00bb||1px|||\u00a0\u00bb global_colors_info=\u00a0\u00bb{}\u00a0\u00bb theme_builder_area=\u00a0\u00bbpost_content\u00a0\u00bb]<\/p>\n<p style=\"text-align: center\"><span style=\"color: #ffffff\">INFOS PRATIQUES<\/span><\/p>\n<p>[\/et_pb_text][et_pb_text _builder_version=\u00a0\u00bb4.27.4&Prime; _module_preset=\u00a0\u00bbdefault\u00a0\u00bb hover_enabled=\u00a0\u00bb0&Prime; global_colors_info=\u00a0\u00bb{}\u00a0\u00bb theme_builder_area=\u00a0\u00bbpost_content\u00a0\u00bb sticky_enabled=\u00a0\u00bb0&Prime;]<\/p>\n<div id=\"bgLayers_comp-jwep180v\" data-hook=\"bgLayers\" data-motion-part=\"BG_LAYER comp-jwep180v\" class=\"MW5IWV\">\n<div id=\"bgMedia_comp-jwep180v\" data-motion-part=\"BG_MEDIA comp-jwep180v\" class=\"VgO9Yg\">\n<p class=\"font_7 wixui-rich-text__text\">Il s&rsquo;agit de former une \u00e9quipe pour vivre la formation ensemble :<\/p>\n<ul>\n<li class=\"font_7 wixui-rich-text__text\">Tous les mercredis soirs de 20h15 \u00e0 22h ;<\/li>\n<li class=\"font_7 wixui-rich-text__text\">en visio au Village de la Vie<\/li>\n<li class=\"font_7 wixui-rich-text__text\">d\u00e9but le 8 octobre<\/li>\n<li class=\"font_7 wixui-rich-text__text\">\u00e0 partir de 200\u20ac<\/li>\n<li class=\"font_7 wixui-rich-text__text\">pour s&rsquo;incrire, prendre contact avec le p. Martin<\/li>\n<\/ul>\n<\/div>\n<\/div>\n<p>[\/et_pb_text][et_pb_button button_url=\u00a0\u00bbhttps:\/\/www.viedanslesprit.fr\/\u00a0\u00bb button_text=\u00a0\u00bb+ d&rsquo;infos sur leur site\u00a0\u00bb button_alignment=\u00a0\u00bbcenter\u00a0\u00bb _builder_version=\u00a0\u00bb4.27.4&Prime; _module_preset=\u00a0\u00bbdefault\u00a0\u00bb custom_button=\u00a0\u00bbon\u00a0\u00bb button_text_color=\u00a0\u00bb#FFFFFF\u00a0\u00bb button_bg_color=\u00a0\u00bb#0400F0&Prime; global_colors_info=\u00a0\u00bb{}\u00a0\u00bb theme_builder_area=\u00a0\u00bbpost_content\u00a0\u00bb][\/et_pb_button][\/et_pb_column][\/et_pb_row][\/et_pb_section]<\/p>\n","protected":false},"excerpt":{"rendered":"<p>NOUVEAUTE ! ECOLE DE VIE DANS L&rsquo;ESPRITUN AN POUR UNE VIE SPIRITUELLE TRANSFORMEE !Rejoins-nous \u00e0 Voiville pour vivre cette formation en \u00e9quipe fraternelle ! &nbsp; ET CONCRETEMENT, DE QUOI S&rsquo;AGIT-IL [&hellip;]<\/p>\n","protected":false},"author":41,"featured_media":0,"parent":0,"menu_order":0,"comment_status":"closed","ping_status":"closed","template":"","meta":{"_et_pb_use_builder":"on","_et_pb_old_content":"<!-- wp:divi\/placeholder \/-->","_et_gb_content_width":"","footnotes":""},"class_list":["post-13088","page","type-page","status-publish","hentry"],"_links":{"self":[{"href":"https:\/\/catholiques17.fr\/oratoire\/wp-json\/wp\/v2\/pages\/13088","targetHints":{"allow":["GET"]}}],"collection":[{"href":"https:\/\/catholiques17.fr\/oratoire\/wp-json\/wp\/v2\/pages"}],"about":[{"href":"https:\/\/catholiques17.fr\/oratoire\/wp-json\/wp\/v2\/types\/page"}],"author":[{"embeddable":true,"href":"https:\/\/catholiques17.fr\/oratoire\/wp-json\/wp\/v2\/users\/41"}],"replies":[{"embeddable":true,"href":"https:\/\/catholiques17.fr\/oratoire\/wp-json\/wp\/v2\/comments?post=13088"}],"version-history":[{"count":10,"href":"https:\/\/catholiques17.fr\/oratoire\/wp-json\/wp\/v2\/pages\/13088\/revisions"}],"predecessor-version":[{"id":13578,"href":"https:\/\/catholiques17.fr\/oratoire\/wp-json\/wp\/v2\/pages\/13088\/revisions\/13578"}],"wp:attachment":[{"href":"https:\/\/catholiques17.fr\/oratoire\/wp-json\/wp\/v2\/media?parent=13088"}],"curies":[{"name":"wp","href":"https:\/\/api.w.org\/{rel}","templated":true}]}}