{"id":7365,"date":"2022-03-18T09:02:32","date_gmt":"2022-03-18T08:02:32","guid":{"rendered":"https:\/\/catholiques17.fr\/oleron\/?page_id=7365"},"modified":"2022-07-10T09:51:15","modified_gmt":"2022-07-10T07:51:15","slug":"salles-de-reunion","status":"publish","type":"page","link":"https:\/\/catholiques17.fr\/oleron\/salles-de-reunion\/","title":{"rendered":"Salle de r\u00e9union"},"content":{"rendered":"\n[et_pb_section fb_built=\u00a0\u00bb1&Prime; _builder_version=\u00a0\u00bb4.11.1&Prime; _module_preset=\u00a0\u00bbdefault\u00a0\u00bb custom_padding=\u00a0\u00bb0px|||||\u00a0\u00bb global_colors_info=\u00a0\u00bb{}\u00a0\u00bb][et_pb_row _builder_version=\u00a0\u00bb4.11.1&Prime; _module_preset=\u00a0\u00bbdefault\u00a0\u00bb global_colors_info=\u00a0\u00bb{}\u00a0\u00bb][et_pb_column type=\u00a0\u00bb4_4&Prime; _builder_version=\u00a0\u00bb4.11.1&Prime; _module_preset=\u00a0\u00bbdefault\u00a0\u00bb global_colors_info=\u00a0\u00bb{}\u00a0\u00bb][et_pb_text _builder_version=\u00a0\u00bb4.11.1&Prime; _module_preset=\u00a0\u00bbdefault\u00a0\u00bb hover_enabled=\u00a0\u00bb0&Prime; global_colors_info=\u00a0\u00bb{}\u00a0\u00bb sticky_enabled=\u00a0\u00bb0&Prime;]<p><span style=\"color: #008080\"><span style=\"font-family: Arial, sans-serif\"><span style=\"font-size: large\"><u><b>Salles de r\u00e9union<\/b><\/u><\/span><\/span><span style=\"font-family: Arial, sans-serif\"><span style=\"font-size: large\"><u><b>s du Ch\u00e2teau d\u2019Ol\u00e9ron<\/b><\/u><\/span><\/span><\/span><\/p>\n<p><span style=\"font-family: Arial, sans-serif\"><span style=\"font-size: large\"><\/span><\/span><\/p>\n<p><span style=\"font-family: Arial, sans-serif\"><span style=\"font-size: large\">Au Ch\u00e2teau, la salle Saint Jacques se situe derri\u00e8re l\u2019\u00e9glise.<\/span><\/span><\/p>\n<p><span style=\"font-family: Arial, sans-serif\"><span style=\"font-size: large\">Elle est compos\u00e9e d\u2019une salle (en rez de chauss\u00e9e) pouvant contenir environ 25 places assises et une salle (plus petite) \u00e0 l\u2019\u00e9tage. Les toilettes publiques sont devant l\u2019entr\u00e9e du presbyt\u00e8re.<\/span><\/span><\/p>\n<p><span style=\"font-family: Arial, sans-serif\"><span style=\"font-size: large\"><\/span><\/span><\/p>\n<p><span style=\"font-family: Arial, sans-serif\"><\/span><\/p>\n<p><span style=\"font-family: Arial, sans-serif\"><\/span><\/p>\n<p><span style=\"font-family: Arial, sans-serif\"><\/span><\/p>\n<p><span style=\"font-family: Arial, sans-serif\"><span style=\"font-size: large\"><\/span><\/span><\/p>\n<p><span style=\"font-family: Arial, sans-serif;color: #008080\"><span style=\"font-size: large\"><u><b>Salles de r\u00e9union<\/b><\/u><u><b>s de Dolus d\u2019Ol\u00e9ron<\/b><\/u><\/span><\/span><\/p>\n<p><span style=\"font-family: Arial, sans-serif\"><span style=\"font-size: large\"><\/span><\/span><\/p>\n<p><span style=\"font-family: Arial, sans-serif\"><span style=\"font-size: large\">A Dolus, la salle est polyvalente, on y acc\u00e8de par le parking situ\u00e9 entre l\u2019\u00e9glise et le cimeti\u00e8re.<\/span><\/span><\/p>\n<p><span style=\"font-family: Arial, sans-serif\"><span style=\"font-size: large\">Elle est utilis\u00e9e pour des r\u00e9unions ou des rencontres paroissiales.<\/span><\/span><\/p>\n<p><span style=\"font-family: Arial, sans-serif\"><span style=\"font-size: large\">Elle est modulable en trois salles, avec cuisine et sanitaires.<br \/><\/span><\/span><\/p>\n<p>&nbsp;<\/p>\n<p><span style=\"font-family: Arial, sans-serif\">\u00a0<\/span><\/p>[\/et_pb_text][\/et_pb_column][\/et_pb_row][et_pb_row column_structure=\u00a0\u00bb1_4,1_4,1_4,1_4&Prime; _builder_version=\u00a0\u00bb4.11.1&Prime; _module_preset=\u00a0\u00bbdefault\u00a0\u00bb global_colors_info=\u00a0\u00bb{}\u00a0\u00bb][et_pb_column type=\u00a0\u00bb1_4&Prime; _builder_version=\u00a0\u00bb4.11.1&Prime; _module_preset=\u00a0\u00bbdefault\u00a0\u00bb global_colors_info=\u00a0\u00bb{}\u00a0\u00bb][\/et_pb_column][et_pb_column type=\u00a0\u00bb1_4&Prime; _builder_version=\u00a0\u00bb4.11.1&Prime; _module_preset=\u00a0\u00bbdefault\u00a0\u00bb global_colors_info=\u00a0\u00bb{}\u00a0\u00bb][\/et_pb_column][et_pb_column type=\u00a0\u00bb1_4&Prime; _builder_version=\u00a0\u00bb4.11.1&Prime; _module_preset=\u00a0\u00bbdefault\u00a0\u00bb global_colors_info=\u00a0\u00bb{}\u00a0\u00bb][\/et_pb_column][et_pb_column type=\u00a0\u00bb1_4&Prime; _builder_version=\u00a0\u00bb4.11.1&Prime; _module_preset=\u00a0\u00bbdefault\u00a0\u00bb global_colors_info=\u00a0\u00bb{}\u00a0\u00bb][\/et_pb_column][\/et_pb_row][\/et_pb_section]\n","protected":false},"excerpt":{"rendered":"<p>Salles de r\u00e9unions du Ch\u00e2teau d\u2019Ol\u00e9ron Au Ch\u00e2teau, la salle Saint Jacques se situe derri\u00e8re l\u2019\u00e9glise. Elle est compos\u00e9e d\u2019une salle (en rez de chauss\u00e9e) pouvant contenir environ 25 places [&hellip;]<\/p>\n","protected":false},"author":4,"featured_media":0,"parent":0,"menu_order":0,"comment_status":"closed","ping_status":"closed","template":"","meta":{"_et_pb_use_builder":"on","_et_pb_old_content":"","_et_gb_content_width":"","footnotes":""},"class_list":["post-7365","page","type-page","status-publish","hentry"],"_links":{"self":[{"href":"https:\/\/catholiques17.fr\/oleron\/wp-json\/wp\/v2\/pages\/7365","targetHints":{"allow":["GET"]}}],"collection":[{"href":"https:\/\/catholiques17.fr\/oleron\/wp-json\/wp\/v2\/pages"}],"about":[{"href":"https:\/\/catholiques17.fr\/oleron\/wp-json\/wp\/v2\/types\/page"}],"author":[{"embeddable":true,"href":"https:\/\/catholiques17.fr\/oleron\/wp-json\/wp\/v2\/users\/4"}],"replies":[{"embeddable":true,"href":"https:\/\/catholiques17.fr\/oleron\/wp-json\/wp\/v2\/comments?post=7365"}],"version-history":[{"count":6,"href":"https:\/\/catholiques17.fr\/oleron\/wp-json\/wp\/v2\/pages\/7365\/revisions"}],"predecessor-version":[{"id":7971,"href":"https:\/\/catholiques17.fr\/oleron\/wp-json\/wp\/v2\/pages\/7365\/revisions\/7971"}],"wp:attachment":[{"href":"https:\/\/catholiques17.fr\/oleron\/wp-json\/wp\/v2\/media?parent=7365"}],"curies":[{"name":"wp","href":"https:\/\/api.w.org\/{rel}","templated":true}]}}