{"id":7319,"date":"2022-03-18T08:45:32","date_gmt":"2022-03-18T07:45:32","guid":{"rendered":"https:\/\/catholiques17.fr\/oleron\/?page_id=7319"},"modified":"2024-12-13T14:08:48","modified_gmt":"2024-12-13T13:08:48","slug":"ecologie","status":"publish","type":"page","link":"https:\/\/catholiques17.fr\/oleron\/les-services\/ecologie\/","title":{"rendered":"Ecologie"},"content":{"rendered":"<p>[et_pb_section fb_built=\u00a0\u00bb1&Prime; _builder_version=\u00a0\u00bb4.16&Prime; _module_preset=\u00a0\u00bbdefault\u00a0\u00bb custom_padding=\u00a0\u00bb4px|||||\u00a0\u00bb global_colors_info=\u00a0\u00bb{}\u00a0\u00bb theme_builder_area=\u00a0\u00bbpost_content\u00a0\u00bb][et_pb_row column_structure=\u00a0\u00bb2_5,3_5&Prime; _builder_version=\u00a0\u00bb4.16&Prime; _module_preset=\u00a0\u00bbdefault\u00a0\u00bb custom_padding=\u00a0\u00bb0px|||||\u00a0\u00bb global_colors_info=\u00a0\u00bb{}\u00a0\u00bb theme_builder_area=\u00a0\u00bbpost_content\u00a0\u00bb][et_pb_column type=\u00a0\u00bb2_5&Prime; _builder_version=\u00a0\u00bb4.16&Prime; _module_preset=\u00a0\u00bbdefault\u00a0\u00bb global_colors_info=\u00a0\u00bb{}\u00a0\u00bb theme_builder_area=\u00a0\u00bbpost_content\u00a0\u00bb][et_pb_image src=\u00a0\u00bbhttps:\/\/catholiques17.fr\/oleron\/wp-content\/uploads\/sites\/30\/2021\/12\/Catechese2019-edited.jpg\u00a0\u00bb title_text=\u00a0\u00bbCatechese2019-edited\u00a0\u00bb _builder_version=\u00a0\u00bb4.16&Prime; _module_preset=\u00a0\u00bbdefault\u00a0\u00bb custom_padding=\u00a0\u00bb0px||||false|false\u00a0\u00bb custom_padding_tablet=\u00a0\u00bb\u00a0\u00bb custom_padding_phone=\u00a0\u00bb\u00a0\u00bb custom_padding_last_edited=\u00a0\u00bbon|desktop\u00a0\u00bb border_radii=\u00a0\u00bbon|20px|20px|20px|20px\u00a0\u00bb global_colors_info=\u00a0\u00bb{}\u00a0\u00bb theme_builder_area=\u00a0\u00bbpost_content\u00a0\u00bb][\/et_pb_image][\/et_pb_column][et_pb_column type=\u00a0\u00bb3_5&Prime; _builder_version=\u00a0\u00bb4.16&Prime; _module_preset=\u00a0\u00bbdefault\u00a0\u00bb global_colors_info=\u00a0\u00bb{}\u00a0\u00bb theme_builder_area=\u00a0\u00bbpost_content\u00a0\u00bb][et_pb_text _builder_version=\u00a0\u00bb4.16&Prime; _module_preset=\u00a0\u00bbdefault\u00a0\u00bb global_colors_info=\u00a0\u00bb{}\u00a0\u00bb theme_builder_area=\u00a0\u00bbpost_content\u00a0\u00bb]<\/p>\n<blockquote>\n<p>\u00ab Au c\u0153ur de ce monde, le Seigneur de la vie qui nous aime tant, continue d\u2019\u00eatre pr\u00e9sent. Il ne nous abandonne pas, il ne nous laisse pas seuls, parce qu\u2019il s\u2019est d\u00e9finitivement uni \u00e0 notre terre, et son amour nous porte toujours \u00e0 trouver de nouveaux chemins. Lou\u00e9 soit-il ! \u00bb <em>Pape Fran\u00e7ois (Laudato Si\u2019 244-245)<\/em><\/p>\n<\/blockquote>\n<p>&nbsp;<\/p>\n<div align=\"justify\"><\/div>\n<p>[\/et_pb_text][\/et_pb_column][\/et_pb_row][et_pb_row _builder_version=\u00a0\u00bb4.16&Prime; _module_preset=\u00a0\u00bbdefault\u00a0\u00bb custom_padding=\u00a0\u00bb4px|||||\u00a0\u00bb global_colors_info=\u00a0\u00bb{}\u00a0\u00bb theme_builder_area=\u00a0\u00bbpost_content\u00a0\u00bb][et_pb_column type=\u00a0\u00bb4_4&Prime; _builder_version=\u00a0\u00bb4.16&Prime; _module_preset=\u00a0\u00bbdefault\u00a0\u00bb global_colors_info=\u00a0\u00bb{}\u00a0\u00bb theme_builder_area=\u00a0\u00bbpost_content\u00a0\u00bb][et_pb_text _builder_version=\u00a0\u00bb4.16&Prime; _module_preset=\u00a0\u00bbdefault\u00a0\u00bb global_colors_info=\u00a0\u00bb{}\u00a0\u00bb theme_builder_area=\u00a0\u00bbpost_content\u00a0\u00bb]<\/p>\n<p><span style=\"color: #008080\">En mai 2015, le pape Fran\u00e7ois publiait sa premi\u00e8re encyclique de son pontificat : \u00ab\u00a0Laudato Si'\u00a0\u00bb, qui traite de la sauvegarde de ntre plan\u00e8te&#8230; \u00ab\u00a0notre maison commune\u00a0\u00bb, comme pr\u00e9f\u00e8re l&rsquo;appeler le Pape Fran\u00e7ois !<\/span><\/p>\n<p>[\/et_pb_text][\/et_pb_column][\/et_pb_row][et_pb_row _builder_version=\u00a0\u00bb4.16&Prime; _module_preset=\u00a0\u00bbdefault\u00a0\u00bb custom_padding=\u00a0\u00bb3px|||||\u00a0\u00bb global_colors_info=\u00a0\u00bb{}\u00a0\u00bb theme_builder_area=\u00a0\u00bbpost_content\u00a0\u00bb][et_pb_column type=\u00a0\u00bb4_4&Prime; _builder_version=\u00a0\u00bb4.16&Prime; _module_preset=\u00a0\u00bbdefault\u00a0\u00bb global_colors_info=\u00a0\u00bb{}\u00a0\u00bb theme_builder_area=\u00a0\u00bbpost_content\u00a0\u00bb][et_pb_text _builder_version=\u00a0\u00bb4.16&Prime; _module_preset=\u00a0\u00bbdefault\u00a0\u00bb global_colors_info=\u00a0\u00bb{}\u00a0\u00bb theme_builder_area=\u00a0\u00bbpost_content\u00a0\u00bb]<\/p>\n<p>Notre dioc\u00e8se a mis en place une \u00e9quipe dioc\u00e9saine \u00e0 l\u2019\u00e9cologie int\u00e9grale, dont la mission est d\u2019accompagner les communaut\u00e9s et les paroisses dans leur engagement et leur r\u00e9flexion en ce domaine qui impacte toutes les activit\u00e9s humaines. \u00ab\u00a0Tout est li\u00e9, tout est fragile, tout est donn\u00e9\u00a0\u00bb.<\/p>\n<p>[\/et_pb_text][\/et_pb_column][\/et_pb_row][et_pb_row _builder_version=\u00a0\u00bb4.16&Prime; _module_preset=\u00a0\u00bbdefault\u00a0\u00bb global_colors_info=\u00a0\u00bb{}\u00a0\u00bb theme_builder_area=\u00a0\u00bbpost_content\u00a0\u00bb][et_pb_column type=\u00a0\u00bb4_4&Prime; _builder_version=\u00a0\u00bb4.16&Prime; _module_preset=\u00a0\u00bbdefault\u00a0\u00bb global_colors_info=\u00a0\u00bb{}\u00a0\u00bb theme_builder_area=\u00a0\u00bbpost_content\u00a0\u00bb][et_pb_divider color=\u00a0\u00bb#00BAAD\u00a0\u00bb divider_position=\u00a0\u00bbcenter\u00a0\u00bb _builder_version=\u00a0\u00bb4.16&Prime; _module_preset=\u00a0\u00bbdefault\u00a0\u00bb global_colors_info=\u00a0\u00bb{}\u00a0\u00bb theme_builder_area=\u00a0\u00bbpost_content\u00a0\u00bb][\/et_pb_divider][\/et_pb_column][\/et_pb_row][et_pb_row column_structure=\u00a0\u00bb2_5,3_5&Prime; _builder_version=\u00a0\u00bb4.16&Prime; _module_preset=\u00a0\u00bbdefault\u00a0\u00bb custom_padding=\u00a0\u00bb0px|||||\u00a0\u00bb global_colors_info=\u00a0\u00bb{}\u00a0\u00bb theme_builder_area=\u00a0\u00bbpost_content\u00a0\u00bb][et_pb_column type=\u00a0\u00bb2_5&Prime; _builder_version=\u00a0\u00bb4.16&Prime; _module_preset=\u00a0\u00bbdefault\u00a0\u00bb global_colors_info=\u00a0\u00bb{}\u00a0\u00bb theme_builder_area=\u00a0\u00bbpost_content\u00a0\u00bb][et_pb_image src=\u00a0\u00bbhttps:\/\/catholiques17.fr\/oleron\/wp-content\/uploads\/sites\/30\/2022\/06\/Photo-EC17-Parcours-de-conversion-ecologique-2022-23.jpg\u00a0\u00bb title_text=\u00a0\u00bbPhoto EC17 Parcours de conversion \u00e9cologique 2022-23&Prime; show_in_lightbox=\u00a0\u00bbon\u00a0\u00bb force_fullwidth=\u00a0\u00bbon\u00a0\u00bb _builder_version=\u00a0\u00bb4.16&Prime; _module_preset=\u00a0\u00bbdefault\u00a0\u00bb max_height_tablet=\u00a0\u00bb\u00a0\u00bb max_height_phone=\u00a0\u00bb\u00a0\u00bb max_height_last_edited=\u00a0\u00bbon|desktop\u00a0\u00bb custom_padding=\u00a0\u00bb9px||||false|false\u00a0\u00bb custom_padding_tablet=\u00a0\u00bb\u00a0\u00bb custom_padding_phone=\u00a0\u00bb\u00a0\u00bb custom_padding_last_edited=\u00a0\u00bbon|desktop\u00a0\u00bb border_radii=\u00a0\u00bbon|20px|20px|20px|20px\u00a0\u00bb global_colors_info=\u00a0\u00bb{}\u00a0\u00bb theme_builder_area=\u00a0\u00bbpost_content\u00a0\u00bb][\/et_pb_image][\/et_pb_column][et_pb_column type=\u00a0\u00bb3_5&Prime; _builder_version=\u00a0\u00bb4.16&Prime; _module_preset=\u00a0\u00bbdefault\u00a0\u00bb global_colors_info=\u00a0\u00bb{}\u00a0\u00bb theme_builder_area=\u00a0\u00bbpost_content\u00a0\u00bb][et_pb_text _builder_version=\u00a0\u00bb4.16&Prime; _module_preset=\u00a0\u00bbdefault\u00a0\u00bb global_colors_info=\u00a0\u00bb{}\u00a0\u00bb theme_builder_area=\u00a0\u00bbpost_content\u00a0\u00bb]<\/p>\n<p class=\"western\" style=\"font-weight: normal\"><span style=\"font-family: Arial, sans-serif\"><span style=\"font-size: medium\"><\/span><\/span><\/p>\n<p class=\"western\" style=\"font-weight: normal\"><strong><span style=\"font-family: Arial, sans-serif;color: #008080\"><span style=\"font-size: large\">Le <\/span><\/span><\/strong><span style=\"color: #008080\"><span style=\"font-family: Arial, sans-serif\"><span style=\"font-size: large\"><b>r\u00e9seau Eco Chr\u00e9tiens 17<\/b><\/span><\/span><\/span><span style=\"color: #38761d\"><span style=\"font-family: Arial, sans-serif\"><span style=\"font-size: large\"><b> <\/b><\/span><\/span><\/span><span style=\"font-family: Arial, sans-serif\"><span style=\"font-size: large\">a le plaisir de vous inviter \u00e0 un parcours pour une v\u00e9ritable conversion \u00e9cologique.<\/span><\/span><\/p>\n<p><span style=\"font-family: Arial, sans-serif\"><span style=\"font-size: large\">Nous vous proposons de vous laisser guider, toucher pour une conversion plus int\u00e9rieure, en lien avec d&rsquo;autres en chemin, avec Dieu, avec la Nature.<\/span><\/span><\/p>\n<p><span style=\"font-family: Arial, sans-serif\"><span style=\"font-size: large\">Retenez les dates si vous \u00eates int\u00e9ress\u00e9s et n&rsquo;oubliez pas de vous inscrire pour recevoir les informations pour nos rencontres.\u00a0<\/span><\/span><\/p>\n<p><span style=\"font-family: Arial, sans-serif\"><span style=\"font-size: large\">A bient\u00f4t<\/span><\/span><\/p>\n<p class=\"western\" style=\"margin-bottom: 0cm;line-height: 100%\">\n<p>[\/et_pb_text][\/et_pb_column][\/et_pb_row][et_pb_row _builder_version=\u00a0\u00bb4.16&Prime; _module_preset=\u00a0\u00bbdefault\u00a0\u00bb global_colors_info=\u00a0\u00bb{}\u00a0\u00bb theme_builder_area=\u00a0\u00bbpost_content\u00a0\u00bb][et_pb_column type=\u00a0\u00bb4_4&Prime; _builder_version=\u00a0\u00bb4.16&Prime; _module_preset=\u00a0\u00bbdefault\u00a0\u00bb global_colors_info=\u00a0\u00bb{}\u00a0\u00bb theme_builder_area=\u00a0\u00bbpost_content\u00a0\u00bb][et_pb_text _builder_version=\u00a0\u00bb4.16&Prime; _module_preset=\u00a0\u00bbdefault\u00a0\u00bb background_color=\u00a0\u00bb#00BAAD\u00a0\u00bb min_height=\u00a0\u00bb135.2px\u00a0\u00bb global_colors_info=\u00a0\u00bb{}\u00a0\u00bb theme_builder_area=\u00a0\u00bbpost_content\u00a0\u00bb]<\/p>\n<p class=\"western\" style=\"font-weight: normal\"><span style=\"font-family: Arial, sans-serif\"><span style=\"font-size: medium\">\u00a0<\/span><\/span><\/p>\n<p class=\"western\" style=\"font-weight: normal;text-align: center\"><span style=\"font-family: Arial, sans-serif;color: #ffffff\"><span style=\"font-size: medium\">Rejoindre les membres d\u2019Eco Chr\u00e9tiens 17<\/span><\/span><\/p>\n<p class=\"western\" style=\"text-align: center\"><span style=\"font-family: Arial, sans-serif;color: #ffffff\"><span style=\"text-decoration: underline\">Contact<\/span> : Marie REMY &#8211; t\u00e9l 06 65 69 41 88 &#8211; <\/span><span style=\"font-family: Arial, sans-serif;color: #ffffff\">ecochretiens17@gmail.com<\/span><\/p>\n<p>[\/et_pb_text][\/et_pb_column][\/et_pb_row][\/et_pb_section]<\/p>\n","protected":false},"excerpt":{"rendered":"<p>\u00ab Au c\u0153ur de ce monde, le Seigneur de la vie qui nous aime tant, continue d\u2019\u00eatre pr\u00e9sent. Il ne nous abandonne pas, il ne nous laisse pas seuls, parce [&hellip;]<\/p>\n","protected":false},"author":4,"featured_media":0,"parent":6623,"menu_order":0,"comment_status":"closed","ping_status":"closed","template":"","meta":{"_et_pb_use_builder":"on","_et_pb_old_content":"","_et_gb_content_width":"","footnotes":""},"class_list":["post-7319","page","type-page","status-publish","hentry"],"_links":{"self":[{"href":"https:\/\/catholiques17.fr\/oleron\/wp-json\/wp\/v2\/pages\/7319","targetHints":{"allow":["GET"]}}],"collection":[{"href":"https:\/\/catholiques17.fr\/oleron\/wp-json\/wp\/v2\/pages"}],"about":[{"href":"https:\/\/catholiques17.fr\/oleron\/wp-json\/wp\/v2\/types\/page"}],"author":[{"embeddable":true,"href":"https:\/\/catholiques17.fr\/oleron\/wp-json\/wp\/v2\/users\/4"}],"replies":[{"embeddable":true,"href":"https:\/\/catholiques17.fr\/oleron\/wp-json\/wp\/v2\/comments?post=7319"}],"version-history":[{"count":8,"href":"https:\/\/catholiques17.fr\/oleron\/wp-json\/wp\/v2\/pages\/7319\/revisions"}],"predecessor-version":[{"id":10257,"href":"https:\/\/catholiques17.fr\/oleron\/wp-json\/wp\/v2\/pages\/7319\/revisions\/10257"}],"up":[{"embeddable":true,"href":"https:\/\/catholiques17.fr\/oleron\/wp-json\/wp\/v2\/pages\/6623"}],"wp:attachment":[{"href":"https:\/\/catholiques17.fr\/oleron\/wp-json\/wp\/v2\/media?parent=7319"}],"curies":[{"name":"wp","href":"https:\/\/api.w.org\/{rel}","templated":true}]}}