{"id":6631,"date":"2021-12-27T09:28:57","date_gmt":"2021-12-27T08:28:57","guid":{"rendered":"https:\/\/catholiques17.fr\/oleron\/?page_id=6631"},"modified":"2023-03-11T15:39:42","modified_gmt":"2023-03-11T14:39:42","slug":"musique-et-chants","status":"publish","type":"page","link":"https:\/\/catholiques17.fr\/oleron\/les-services\/musique-et-chants\/","title":{"rendered":"Musique et chants"},"content":{"rendered":"<p>[et_pb_section fb_built=\u00a0\u00bb1&Prime; _builder_version=\u00a0\u00bb4.16&Prime; _module_preset=\u00a0\u00bbdefault\u00a0\u00bb custom_padding=\u00a0\u00bb0px|||||\u00a0\u00bb global_colors_info=\u00a0\u00bb{}\u00a0\u00bb theme_builder_area=\u00a0\u00bbpost_content\u00a0\u00bb][et_pb_row _builder_version=\u00a0\u00bb4.16&Prime; _module_preset=\u00a0\u00bbdefault\u00a0\u00bb custom_padding=\u00a0\u00bb7px|||||\u00a0\u00bb global_colors_info=\u00a0\u00bb{}\u00a0\u00bb theme_builder_area=\u00a0\u00bbpost_content\u00a0\u00bb][et_pb_column type=\u00a0\u00bb4_4&Prime; _builder_version=\u00a0\u00bb4.16&Prime; _module_preset=\u00a0\u00bbdefault\u00a0\u00bb global_colors_info=\u00a0\u00bb{}\u00a0\u00bb theme_builder_area=\u00a0\u00bbpost_content\u00a0\u00bb][et_pb_image src=\u00a0\u00bbhttps:\/\/catholiques17.fr\/oleron\/wp-content\/uploads\/sites\/30\/2021\/12\/piano-1655558_1280.jpg\u00a0\u00bb title_text=\u00a0\u00bbpiano-1655558_1280&Prime; align=\u00a0\u00bbcenter\u00a0\u00bb _builder_version=\u00a0\u00bb4.16&Prime; _module_preset=\u00a0\u00bbdefault\u00a0\u00bb animation_style=\u00a0\u00bbslide\u00a0\u00bb border_radii=\u00a0\u00bbon|20px|20px|20px|20px\u00a0\u00bb global_colors_info=\u00a0\u00bb{}\u00a0\u00bb theme_builder_area=\u00a0\u00bbpost_content\u00a0\u00bb][\/et_pb_image][\/et_pb_column][\/et_pb_row][et_pb_row _builder_version=\u00a0\u00bb4.16&Prime; _module_preset=\u00a0\u00bbdefault\u00a0\u00bb global_colors_info=\u00a0\u00bb{}\u00a0\u00bb theme_builder_area=\u00a0\u00bbpost_content\u00a0\u00bb][et_pb_column type=\u00a0\u00bb4_4&Prime; _builder_version=\u00a0\u00bb4.16&Prime; _module_preset=\u00a0\u00bbdefault\u00a0\u00bb global_colors_info=\u00a0\u00bb{}\u00a0\u00bb theme_builder_area=\u00a0\u00bbpost_content\u00a0\u00bb][et_pb_text _builder_version=\u00a0\u00bb4.16&Prime; _module_preset=\u00a0\u00bbdefault\u00a0\u00bb global_colors_info=\u00a0\u00bb{}\u00a0\u00bb theme_builder_area=\u00a0\u00bbpost_content\u00a0\u00bb]<\/p>\n<p><span style=\"color: #008080\"><strong>HHL&rsquo;animation des messes est assur\u00e9e par :<\/strong><\/span><\/p>\n<ul>\n<li><span style=\"font-family: Arial, sans-serif\"><span style=\"font-size: large\">Agn\u00e8s FAVIER <\/span><\/span><span style=\"text-decoration: none\"><span style=\"font-family: Arial, sans-serif\"><span style=\"font-size: large\"><span style=\"font-style: normal\"><span style=\"font-weight: normal\">(r\u00e9f\u00e9rent Ol\u00e9ron Sud)<\/span><\/span><\/span><\/span><\/span><\/li>\n<li><span style=\"text-decoration: none\"><span style=\"font-family: Arial, sans-serif\"><span style=\"font-size: large\"><span style=\"font-style: normal\"><span style=\"font-weight: normal\"><\/span><\/span><\/span><\/span><\/span><span style=\"font-family: Arial, sans-serif\"><span style=\"font-size: large\">Marie-Christine CHARPENTIER <\/span><\/span><span style=\"text-decoration: none\"><span style=\"font-family: Arial, sans-serif\"><span style=\"font-size: large\"><span style=\"font-style: normal\"><span style=\"font-weight: normal\">(r\u00e9f\u00e9rent Ol\u00e9ron Centre)<\/span><\/span><\/span><\/span><\/span><\/li>\n<li><span style=\"text-decoration: none\"><span style=\"font-family: Arial, sans-serif\"><span style=\"font-size: large\"><span style=\"font-style: normal\"><span style=\"font-weight: normal\"><\/span><\/span><\/span><\/span><\/span><span style=\"font-family: Arial, sans-serif\"><span style=\"font-size: large\">Florence ZELLER (r\u00e9f\u00e9rent Ol\u00e9ron Nord)<\/span><\/span><\/li>\n<li><span style=\"font-family: Arial, sans-serif\"><span style=\"font-size: large\"><\/span><\/span><span style=\"font-family: Arial, sans-serif\"><span style=\"font-size: large\">Jean-Fran\u00e7ois GOUTEYRON<\/span><\/span><\/li>\n<li><span style=\"font-family: Arial, sans-serif\"><span style=\"font-size: large\"><\/span><\/span><span style=\"font-family: Arial, sans-serif\"><span style=\"font-size: large\">Nathalie LEGAND<\/span><\/span><\/li>\n<li><span style=\"font-family: Arial, sans-serif\"><span style=\"font-size: large\"><\/span><\/span><span style=\"font-family: Arial, sans-serif\"><span style=\"font-size: large\">Clotilde BRUGER<\/span><\/span><\/li>\n<li><span style=\"font-family: Arial, sans-serif\"><span style=\"font-size: large\"><\/span><\/span><span style=\"font-family: Arial, sans-serif\"><span style=\"font-size: large\">B\u00e9atrice LEROY<\/span><\/span><\/li>\n<li><span style=\"font-family: Arial, sans-serif\"><span style=\"font-size: large\"><\/span><\/span><span style=\"font-family: Arial, sans-serif\"><span style=\"font-size: large\">Pierre FAVIER<\/span><\/span><\/li>\n<li><span style=\"font-family: Arial, sans-serif\"><span style=\"font-size: large\"><\/span><\/span><span style=\"font-family: Arial, sans-serif\"><span style=\"font-size: large\"><\/span><\/span><span style=\"font-family: Arial, sans-serif\"><span style=\"font-size: large\">Jean-No\u00ebl REMANDET<\/span><\/span><span style=\"font-family: Arial, sans-serif\"><span style=\"font-size: large\"><\/span><\/span><span style=\"font-family: Arial, sans-serif\"><span style=\"font-size: large\"><br \/><\/span><\/span><\/li>\n<li><span style=\"font-family: Arial, sans-serif\"><span style=\"font-size: large\">Pascal SELLIER<br \/><\/span><\/span><\/li>\n<li><span style=\"font-family: Arial, sans-serif\"><span style=\"font-size: large\"><\/span><\/span><span style=\"font-family: Arial, sans-serif\"><span style=\"font-size: large\">Marie-H\u00e9l\u00e8ne VAVON (en \u00e9t\u00e9)<\/span><\/span><span style=\"font-family: Arial, sans-serif\"><span style=\"font-size: large\"><\/span><\/span><span style=\"font-family: Arial, sans-serif\"><span style=\"font-size: large\"><br \/><\/span><\/span><\/li>\n<li><span style=\"font-family: Arial, sans-serif\"><span style=\"font-size: large\"><\/span><\/span><span style=\"font-family: Arial, sans-serif\"><span style=\"font-size: large\">G\u00e9rald F<\/span><\/span><\/li>\n<\/ul>\n<p>&nbsp;<\/p>\n<p><strong><span style=\"color: #008080\">Les orgues sont tenues par :<\/span><\/strong><\/p>\n<ul>\n<li><span style=\"font-family: Arial, sans-serif\"><span style=\"font-size: large\">Michel BOITEUX<\/span><\/span><\/li>\n<li><span style=\"font-family: Arial, sans-serif\"><span style=\"font-size: large\">Marie-Christine CHARPENTIER<\/span><\/span><\/li>\n<li><span style=\"font-family: Arial, sans-serif\"><span style=\"font-size: large\">Jean-Michel ELOIRE<\/span><\/span><\/li>\n<li><span style=\"font-family: Arial, sans-serif\"><span style=\"font-size: large\">Patrick LEGAND<\/span><\/span><\/li>\n<li><span style=\"font-family: Arial, sans-serif\"><span style=\"font-size: large\">Simon WARIN<\/span><\/span><span style=\"font-family: Arial, sans-serif\"><span style=\"font-size: large\"><br \/><\/span><\/span><\/li>\n<\/ul>\n<p>&nbsp;<\/p>\n<p><span style=\"color: #008080\"><strong>Chorale liturgique :<\/strong><\/span><\/p>\n<p>Le petit ch\u0153ur Ecl\u00e9sia (St Pierre d&rsquo;Ol\u00e9ron)<\/p>\n<p>Contact :\u00a0 Marie-Christine C<\/p>\n<p>[\/et_pb_text][\/et_pb_column][\/et_pb_row][\/et_pb_section]<\/p>\n","protected":false},"excerpt":{"rendered":"<p>HHL&rsquo;animation des messes est assur\u00e9e par : Agn\u00e8s FAVIER (r\u00e9f\u00e9rent Ol\u00e9ron Sud) Marie-Christine CHARPENTIER (r\u00e9f\u00e9rent Ol\u00e9ron Centre) Florence ZELLER (r\u00e9f\u00e9rent Ol\u00e9ron Nord) Jean-Fran\u00e7ois GOUTEYRON Nathalie LEGAND Clotilde BRUGER B\u00e9atrice LEROY [&hellip;]<\/p>\n","protected":false},"author":4,"featured_media":0,"parent":6623,"menu_order":0,"comment_status":"closed","ping_status":"closed","template":"","meta":{"_et_pb_use_builder":"on","_et_pb_old_content":"","_et_gb_content_width":"","footnotes":""},"class_list":["post-6631","page","type-page","status-publish","hentry"],"_links":{"self":[{"href":"https:\/\/catholiques17.fr\/oleron\/wp-json\/wp\/v2\/pages\/6631","targetHints":{"allow":["GET"]}}],"collection":[{"href":"https:\/\/catholiques17.fr\/oleron\/wp-json\/wp\/v2\/pages"}],"about":[{"href":"https:\/\/catholiques17.fr\/oleron\/wp-json\/wp\/v2\/types\/page"}],"author":[{"embeddable":true,"href":"https:\/\/catholiques17.fr\/oleron\/wp-json\/wp\/v2\/users\/4"}],"replies":[{"embeddable":true,"href":"https:\/\/catholiques17.fr\/oleron\/wp-json\/wp\/v2\/comments?post=6631"}],"version-history":[{"count":13,"href":"https:\/\/catholiques17.fr\/oleron\/wp-json\/wp\/v2\/pages\/6631\/revisions"}],"predecessor-version":[{"id":8912,"href":"https:\/\/catholiques17.fr\/oleron\/wp-json\/wp\/v2\/pages\/6631\/revisions\/8912"}],"up":[{"embeddable":true,"href":"https:\/\/catholiques17.fr\/oleron\/wp-json\/wp\/v2\/pages\/6623"}],"wp:attachment":[{"href":"https:\/\/catholiques17.fr\/oleron\/wp-json\/wp\/v2\/media?parent=6631"}],"curies":[{"name":"wp","href":"https:\/\/api.w.org\/{rel}","templated":true}]}}