{"id":6654,"date":"2021-12-27T09:32:47","date_gmt":"2021-12-27T08:32:47","guid":{"rendered":"https:\/\/catholiques17.fr\/nieul\/?page_id=6654"},"modified":"2021-12-30T09:51:28","modified_gmt":"2021-12-30T08:51:28","slug":"lagord","status":"publish","type":"page","link":"https:\/\/catholiques17.fr\/nieul\/histoire-et-patrimoine\/lagord\/","title":{"rendered":"Lagord"},"content":{"rendered":"<p>[et_pb_section fb_built=\u00a0\u00bb1&Prime; _builder_version=\u00a0\u00bb4.11.1&Prime; _module_preset=\u00a0\u00bbdefault\u00a0\u00bb global_colors_info=\u00a0\u00bb{}\u00a0\u00bb custom_padding=\u00a0\u00bb0px|||||\u00a0\u00bb][et_pb_row _builder_version=\u00a0\u00bb4.11.1&Prime; _module_preset=\u00a0\u00bbdefault\u00a0\u00bb global_colors_info=\u00a0\u00bb{}\u00a0\u00bb custom_padding=\u00a0\u00bb0px|||||\u00a0\u00bb][et_pb_column type=\u00a0\u00bb4_4&Prime; _builder_version=\u00a0\u00bb4.11.1&Prime; _module_preset=\u00a0\u00bbdefault\u00a0\u00bb global_colors_info=\u00a0\u00bb{}\u00a0\u00bb][et_pb_image src=\u00a0\u00bbhttps:\/\/catholiques17.fr\/nieul\/wp-content\/uploads\/sites\/29\/2021\/12\/Lagord1.jpg\u00a0\u00bb title_text=\u00a0\u00bbLagord1&Prime; align=\u00a0\u00bbcenter\u00a0\u00bb _builder_version=\u00a0\u00bb4.11.1&Prime; _module_preset=\u00a0\u00bbdefault\u00a0\u00bb animation_style=\u00a0\u00bbslide\u00a0\u00bb border_radii=\u00a0\u00bbon|20px|20px|20px|20px\u00a0\u00bb global_colors_info=\u00a0\u00bb{}\u00a0\u00bb][\/et_pb_image][\/et_pb_column][\/et_pb_row][et_pb_row _builder_version=\u00a0\u00bb4.11.1&Prime; _module_preset=\u00a0\u00bbdefault\u00a0\u00bb global_colors_info=\u00a0\u00bb{}\u00a0\u00bb][et_pb_column type=\u00a0\u00bb4_4&Prime; _builder_version=\u00a0\u00bb4.11.1&Prime; _module_preset=\u00a0\u00bbdefault\u00a0\u00bb global_colors_info=\u00a0\u00bb{}\u00a0\u00bb][et_pb_text _builder_version=\u00a0\u00bb4.11.1&Prime; _module_preset=\u00a0\u00bbdefault\u00a0\u00bb text_font_size=\u00a0\u00bb17px\u00a0\u00bb global_colors_info=\u00a0\u00bb{}\u00a0\u00bb]<\/p>\n<p style=\"text-align: center;\"><span style=\"color: #008080;\"><strong>\u00a0\u00c9GLISE NOTRE DAME DE L&rsquo;ASSOMPTION DE LAGORD<\/strong><\/span><\/p>\n<p>[\/et_pb_text][\/et_pb_column][\/et_pb_row][et_pb_row _builder_version=\u00a0\u00bb4.11.1&Prime; _module_preset=\u00a0\u00bbdefault\u00a0\u00bb global_colors_info=\u00a0\u00bb{}\u00a0\u00bb][et_pb_column type=\u00a0\u00bb4_4&Prime; _builder_version=\u00a0\u00bb4.11.1&Prime; _module_preset=\u00a0\u00bbdefault\u00a0\u00bb global_colors_info=\u00a0\u00bb{}\u00a0\u00bb][et_pb_text _builder_version=\u00a0\u00bb4.11.1&Prime; _module_preset=\u00a0\u00bbdefault\u00a0\u00bb global_colors_info=\u00a0\u00bb{}\u00a0\u00bb]<\/p>\n<p>Situ\u00e9e dans la proche banlieue de La Rochelle, l&rsquo;\u00e9glise Notre-Dame de Lagord fut donn\u00e9e en 1195 par l\u2019\u00e9v\u00eaque de Saintes \u00e0 l\u2019abbaye angoumoisine de La Couronne.Elle sortit tr\u00e8s ruin\u00e9e des guerres de Religion et fut relev\u00e9e au milieu du XVIIe si\u00e8cle, puisqu&rsquo;en 1652 on note qu\u2019 elle \u00ab a est\u00e9 bastie depuis un an en d&rsquo;assez belle longueur quoiqu&rsquo; elle ne soit pas du tout si longue qu&rsquo; estoit l&rsquo;ancienne \u00e9glise \u00bb<br \/>Au XIX e si\u00e8cle, cet \u00e9difice se r\u00e9v\u00e9lant trop exigu, l&rsquo;abb\u00e9 Fleurimon r\u00e9clama un agrandissement qui se traduisit par une reconstruction presque totale en 1840, deux bas-c\u00f4t\u00e9s ayant \u00e9t\u00e9 \u00e9lev\u00e9s sur des terrains donn\u00e9s par les ursulines de La Rochelle. Le clocher fut reconstruit en 1855. L\u2019\u00e9glise fut encore beaucoup r\u00e9par\u00e9e en 1866 et 1886. A l\u2019int\u00e9rieur, le style n\u00e9o-classique avait \u00e9t\u00e9 retenu. Des colonnes ioniques s\u00e9paraient les nefs. Deux marquises de vitrail \u00e9clairaient la nef centrale. Un retable architectur\u00e9 encadrait une toile de L&rsquo;Assomption, patronne de la paroisse. Tout ce d\u00e9cor disparut dans l&rsquo;incendie du 1er janvier 1939. L&rsquo;\u00e9difice, relev\u00e9 de ses ruines en sept mois, t\u00e9moigne aujourd&rsquo;hui d&rsquo;une extr\u00eame simplicit\u00e9.<br \/>Trois nefs sans aucun style sont s\u00e9par\u00e9es par des colonnes rev\u00eatues de lambris de bois. L`extr\u00e9mit\u00e9 ouest de la vieille nef a cependant subsist\u00e9 sur quelques m\u00e8tres en avant de ce triple vaisseau. Une corniche \u00e0 six modillons nus se remarque au sud. Le portail est \u00e0 trois voussures toriques reposant sur des colonnettes assez maigres, par l&rsquo;interm\u00e9diaire de chapiteaux orn\u00e9s de palmettes prolong\u00e9es par des galons perl\u00e9s qui s&rsquo;entrecroisent. Tout cela est assez tardif, et accuse sans doute d\u00e9j\u00e0 le XIIIe si\u00e8cle. Les r\u00e9serves du mus\u00e9e arch\u00e9ologique de La Rochelle rec\u00e8lent sept modillons orn\u00e9s de masques grima\u00e7ants, baptis\u00e9s \u00ab p\u00e9ch\u00e9s capitaux \u203a\u203a, et qui proviendraient de l&rsquo;ancienne \u00e9glise.<\/p>\n<p>Un calvaire, dat\u00e9 de 1618, se dresse en avant de la fa\u00e7ade.<\/p>\n<p>[\/et_pb_text][\/et_pb_column][\/et_pb_row][et_pb_row _builder_version=\u00a0\u00bb4.11.1&Prime; _module_preset=\u00a0\u00bbdefault\u00a0\u00bb global_colors_info=\u00a0\u00bb{}\u00a0\u00bb][et_pb_column type=\u00a0\u00bb4_4&Prime; _builder_version=\u00a0\u00bb4.11.1&Prime; _module_preset=\u00a0\u00bbdefault\u00a0\u00bb global_colors_info=\u00a0\u00bb{}\u00a0\u00bb][et_pb_text _builder_version=\u00a0\u00bb4.11.1&Prime; _module_preset=\u00a0\u00bbdefault\u00a0\u00bb global_colors_info=\u00a0\u00bb{}\u00a0\u00bb]<\/p>\n<p>Il existait sur cette paroisse deux autres prieur\u00e9s. Le premier, au Verger, relevait de La Couronne comme le prieur\u00e9-cure. Le second, au Lignon, d\u00e9pendait quant \u00e0 lui de l&rsquo;abbaye Moreau-en-Poitou. Leurs chapelles \u00e9taient d\u00e9j\u00e0 toutes deux ruin\u00e9es en 1665.<\/p>\n<p>[\/et_pb_text][\/et_pb_column][\/et_pb_row][et_pb_row column_structure=\u00a0\u00bb1_3,1_3,1_3&Prime; _builder_version=\u00a0\u00bb4.11.1&Prime; _module_preset=\u00a0\u00bbdefault\u00a0\u00bb global_colors_info=\u00a0\u00bb{}\u00a0\u00bb][et_pb_column type=\u00a0\u00bb1_3&Prime; _builder_version=\u00a0\u00bb4.11.1&Prime; _module_preset=\u00a0\u00bbdefault\u00a0\u00bb global_colors_info=\u00a0\u00bb{}\u00a0\u00bb][et_pb_image src=\u00a0\u00bbhttps:\/\/catholiques17.fr\/nieul\/wp-content\/uploads\/sites\/29\/2021\/12\/Lagord2.jpg\u00a0\u00bb title_text=\u00a0\u00bbLagord2&Prime; show_in_lightbox=\u00a0\u00bbon\u00a0\u00bb align=\u00a0\u00bbcenter\u00a0\u00bb _builder_version=\u00a0\u00bb4.11.1&Prime; _module_preset=\u00a0\u00bbdefault\u00a0\u00bb animation_style=\u00a0\u00bbzoom\u00a0\u00bb border_radii=\u00a0\u00bbon|20px|20px|20px|20px\u00a0\u00bb global_colors_info=\u00a0\u00bb{}\u00a0\u00bb][\/et_pb_image][\/et_pb_column][et_pb_column type=\u00a0\u00bb1_3&Prime; _builder_version=\u00a0\u00bb4.11.1&Prime; _module_preset=\u00a0\u00bbdefault\u00a0\u00bb global_colors_info=\u00a0\u00bb{}\u00a0\u00bb][et_pb_image src=\u00a0\u00bbhttps:\/\/catholiques17.fr\/nieul\/wp-content\/uploads\/sites\/29\/2021\/12\/Lagord3.jpg\u00a0\u00bb title_text=\u00a0\u00bbLagord3&Prime; show_in_lightbox=\u00a0\u00bbon\u00a0\u00bb align=\u00a0\u00bbcenter\u00a0\u00bb _builder_version=\u00a0\u00bb4.11.1&Prime; _module_preset=\u00a0\u00bbdefault\u00a0\u00bb animation_style=\u00a0\u00bbzoom\u00a0\u00bb border_radii=\u00a0\u00bbon|20px|20px|20px|20px\u00a0\u00bb global_colors_info=\u00a0\u00bb{}\u00a0\u00bb][\/et_pb_image][\/et_pb_column][et_pb_column type=\u00a0\u00bb1_3&Prime; _builder_version=\u00a0\u00bb4.11.1&Prime; _module_preset=\u00a0\u00bbdefault\u00a0\u00bb global_colors_info=\u00a0\u00bb{}\u00a0\u00bb][et_pb_image src=\u00a0\u00bbhttps:\/\/catholiques17.fr\/nieul\/wp-content\/uploads\/sites\/29\/2021\/12\/Lagord4.jpg\u00a0\u00bb title_text=\u00a0\u00bbLagord4&Prime; show_in_lightbox=\u00a0\u00bbon\u00a0\u00bb align=\u00a0\u00bbcenter\u00a0\u00bb _builder_version=\u00a0\u00bb4.11.1&Prime; _module_preset=\u00a0\u00bbdefault\u00a0\u00bb animation_style=\u00a0\u00bbzoom\u00a0\u00bb border_radii=\u00a0\u00bbon|20px|20px|20px|20px\u00a0\u00bb global_colors_info=\u00a0\u00bb{}\u00a0\u00bb][\/et_pb_image][\/et_pb_column][\/et_pb_row][\/et_pb_section]<\/p>\n","protected":false},"excerpt":{"rendered":"<p>\u00a0\u00c9GLISE NOTRE DAME DE L&rsquo;ASSOMPTION DE LAGORDSitu\u00e9e dans la proche banlieue de La Rochelle, l&rsquo;\u00e9glise Notre-Dame de Lagord fut donn\u00e9e en 1195 par l\u2019\u00e9v\u00eaque de Saintes \u00e0 l\u2019abbaye angoumoisine de [&hellip;]<\/p>\n","protected":false},"author":4,"featured_media":0,"parent":6644,"menu_order":0,"comment_status":"closed","ping_status":"closed","template":"","meta":{"_et_pb_use_builder":"on","_et_pb_old_content":"","_et_gb_content_width":"","footnotes":""},"class_list":["post-6654","page","type-page","status-publish","hentry"],"_links":{"self":[{"href":"https:\/\/catholiques17.fr\/nieul\/wp-json\/wp\/v2\/pages\/6654","targetHints":{"allow":["GET"]}}],"collection":[{"href":"https:\/\/catholiques17.fr\/nieul\/wp-json\/wp\/v2\/pages"}],"about":[{"href":"https:\/\/catholiques17.fr\/nieul\/wp-json\/wp\/v2\/types\/page"}],"author":[{"embeddable":true,"href":"https:\/\/catholiques17.fr\/nieul\/wp-json\/wp\/v2\/users\/4"}],"replies":[{"embeddable":true,"href":"https:\/\/catholiques17.fr\/nieul\/wp-json\/wp\/v2\/comments?post=6654"}],"version-history":[{"count":3,"href":"https:\/\/catholiques17.fr\/nieul\/wp-json\/wp\/v2\/pages\/6654\/revisions"}],"predecessor-version":[{"id":6863,"href":"https:\/\/catholiques17.fr\/nieul\/wp-json\/wp\/v2\/pages\/6654\/revisions\/6863"}],"up":[{"embeddable":true,"href":"https:\/\/catholiques17.fr\/nieul\/wp-json\/wp\/v2\/pages\/6644"}],"wp:attachment":[{"href":"https:\/\/catholiques17.fr\/nieul\/wp-json\/wp\/v2\/media?parent=6654"}],"curies":[{"name":"wp","href":"https:\/\/api.w.org\/{rel}","templated":true}]}}