{"id":6606,"date":"2021-12-27T09:22:52","date_gmt":"2021-12-27T08:22:52","guid":{"rendered":"https:\/\/catholiques17.fr\/nieul\/?page_id=6606"},"modified":"2025-09-18T16:02:23","modified_gmt":"2025-09-18T14:02:23","slug":"mariage","status":"publish","type":"page","link":"https:\/\/catholiques17.fr\/nieul\/vie-chretienne\/mariage\/","title":{"rendered":"Mariage"},"content":{"rendered":"<p>[et_pb_section fb_built=\u00a0\u00bb1&Prime; _builder_version=\u00a0\u00bb4.16&Prime; _module_preset=\u00a0\u00bbdefault\u00a0\u00bb custom_padding=\u00a0\u00bb5px||28px|||\u00a0\u00bb global_colors_info=\u00a0\u00bb{}\u00a0\u00bb theme_builder_area=\u00a0\u00bbpost_content\u00a0\u00bb][et_pb_row _builder_version=\u00a0\u00bb4.27.4&Prime; _module_preset=\u00a0\u00bbdefault\u00a0\u00bb theme_builder_area=\u00a0\u00bbpost_content\u00a0\u00bb][et_pb_column _builder_version=\u00a0\u00bb4.27.4&Prime; _module_preset=\u00a0\u00bbdefault\u00a0\u00bb type=\u00a0\u00bb4_4&Prime; theme_builder_area=\u00a0\u00bbpost_content\u00a0\u00bb][et_pb_image src=\u00a0\u00bbhttps:\/\/catholiques17.fr\/nieul\/wp-content\/uploads\/sites\/29\/2025\/09\/Mariage.jpg\u00a0\u00bb _builder_version=\u00a0\u00bb4.27.4&Prime; _module_preset=\u00a0\u00bbdefault\u00a0\u00bb theme_builder_area=\u00a0\u00bbpost_content\u00a0\u00bb title_text=\u00a0\u00bbMariage\u00a0\u00bb align=\u00a0\u00bbcenter\u00a0\u00bb force_fullwidth=\u00a0\u00bbon\u00a0\u00bb hover_enabled=\u00a0\u00bb0&Prime; sticky_enabled=\u00a0\u00bb0&Prime;][\/et_pb_image][\/et_pb_column][\/et_pb_row][et_pb_row _builder_version=\u00a0\u00bb4.16&Prime; _module_preset=\u00a0\u00bbdefault\u00a0\u00bb custom_padding=\u00a0\u00bb3px||3px|||\u00a0\u00bb global_colors_info=\u00a0\u00bb{}\u00a0\u00bb theme_builder_area=\u00a0\u00bbpost_content\u00a0\u00bb][et_pb_column type=\u00a0\u00bb4_4&Prime; _builder_version=\u00a0\u00bb4.16&Prime; _module_preset=\u00a0\u00bbdefault\u00a0\u00bb global_colors_info=\u00a0\u00bb{}\u00a0\u00bb theme_builder_area=\u00a0\u00bbpost_content\u00a0\u00bb][et_pb_text _builder_version=\u00a0\u00bb4.27.4&Prime; _module_preset=\u00a0\u00bbdefault\u00a0\u00bb hover_enabled=\u00a0\u00bb0&Prime; global_colors_info=\u00a0\u00bb{}\u00a0\u00bb theme_builder_area=\u00a0\u00bbpost_content\u00a0\u00bb sticky_enabled=\u00a0\u00bb0&Prime;]<\/p>\n<p>Les demandes de mariages \u00e0 l\u2019\u00c9glise doivent \u00eatre faites au presbyt\u00e8re <strong>AU PLUS TARD 9 MOIS AVANT LA DATE ENVISAGEE POUR LE MARIAGE<\/strong>.<\/p>\n<p>La pr\u00e9paration comporte plusieurs rencontres avec le pr\u00eatre, ainsi qu&rsquo;une journ\u00e9e de r\u00e9flexion avec d&rsquo;autres couples (appel\u00e9e rencontre <b>CPM <\/b>= <b>C<\/b>entre de <b>P<\/b>r\u00e9paration au <b>M<\/b>ariage), qui a lieu sur l&rsquo;agglom\u00e9ration rochelaise, au Centre Jean Baptiste SOUZY aux Minimes, suivant un calendrier qui sera communiqu\u00e9 aux personnes int\u00e9ress\u00e9es d\u00e8s<br \/>la premi\u00e8re rencontre.<\/p>\n<p>[\/et_pb_text][\/et_pb_column][\/et_pb_row][et_pb_row _builder_version=\u00a0\u00bb4.16&Prime; _module_preset=\u00a0\u00bbdefault\u00a0\u00bb global_colors_info=\u00a0\u00bb{}\u00a0\u00bb theme_builder_area=\u00a0\u00bbpost_content\u00a0\u00bb][et_pb_column type=\u00a0\u00bb4_4&Prime; _builder_version=\u00a0\u00bb4.16&Prime; _module_preset=\u00a0\u00bbdefault\u00a0\u00bb global_colors_info=\u00a0\u00bb{}\u00a0\u00bb theme_builder_area=\u00a0\u00bbpost_content\u00a0\u00bb][et_pb_text _builder_version=\u00a0\u00bb4.27.4&Prime; _module_preset=\u00a0\u00bbdefault\u00a0\u00bb hover_enabled=\u00a0\u00bb0&Prime; global_colors_info=\u00a0\u00bb{}\u00a0\u00bb theme_builder_area=\u00a0\u00bbpost_content\u00a0\u00bb sticky_enabled=\u00a0\u00bb0&Prime;]<\/p>\n<p>Les mariages sont normalement c\u00e9l\u00e9br\u00e9s le <b>SAMEDI apr\u00e8s-midi<\/b>, apr\u00e8s la c\u00e9r\u00e9monie civile. Au cas o\u00f9 il y aurait plusieurs mariages le m\u00eame jour, il peut arriver qu&rsquo;on demande aux couples de revoir un peu les horaires qu&rsquo;ils avaient pr\u00e9vus, pour rendre possible la c\u00e9l\u00e9bration des diff\u00e9rents mariages.<\/p>\n<p>[\/et_pb_text][\/et_pb_column][\/et_pb_row][et_pb_row _builder_version=\u00a0\u00bb4.16&Prime; _module_preset=\u00a0\u00bbdefault\u00a0\u00bb custom_padding=\u00a0\u00bb0px|||||\u00a0\u00bb global_colors_info=\u00a0\u00bb{}\u00a0\u00bb theme_builder_area=\u00a0\u00bbpost_content\u00a0\u00bb][et_pb_column type=\u00a0\u00bb4_4&Prime; _builder_version=\u00a0\u00bb4.16&Prime; _module_preset=\u00a0\u00bbdefault\u00a0\u00bb global_colors_info=\u00a0\u00bb{}\u00a0\u00bb theme_builder_area=\u00a0\u00bbpost_content\u00a0\u00bb][et_pb_text _builder_version=\u00a0\u00bb4.27.4&Prime; _module_preset=\u00a0\u00bbdefault\u00a0\u00bb hover_enabled=\u00a0\u00bb0&Prime; global_colors_info=\u00a0\u00bb{}\u00a0\u00bb theme_builder_area=\u00a0\u00bbpost_content\u00a0\u00bb sticky_enabled=\u00a0\u00bb0&Prime;]<\/p>\n<p style=\"text-align: center;\"><strong><\/strong><\/p>\n<p style=\"text-align: center;\"><strong>Vous pouvez d\u00e9poser votre demande aux heures de permanence (le mercredi et le vendredi de 14h30 \u00e0 17h) <\/strong><\/p>\n<p style=\"text-align: center;\"><strong>par t\u00e9l\u00e9phone au 05.46.37.40.29 ou par courriel \u00e0 <\/strong><a href=\"mailto:psaintgabriel.17@gmail.com\"><strong>psaintgabriel.17@gmail.com<\/strong><\/a><\/p>\n<p>[\/et_pb_text][\/et_pb_column][\/et_pb_row][\/et_pb_section]<\/p>\n","protected":false},"excerpt":{"rendered":"<p>Les demandes de mariages \u00e0 l\u2019\u00c9glise doivent \u00eatre faites au presbyt\u00e8re AU PLUS TARD 9 MOIS AVANT LA DATE ENVISAGEE POUR LE MARIAGE. La pr\u00e9paration comporte plusieurs rencontres avec le [&hellip;]<\/p>\n","protected":false},"author":4,"featured_media":0,"parent":6602,"menu_order":0,"comment_status":"closed","ping_status":"closed","template":"","meta":{"_et_pb_use_builder":"on","_et_pb_old_content":"","_et_gb_content_width":"","footnotes":""},"class_list":["post-6606","page","type-page","status-publish","hentry"],"_links":{"self":[{"href":"https:\/\/catholiques17.fr\/nieul\/wp-json\/wp\/v2\/pages\/6606","targetHints":{"allow":["GET"]}}],"collection":[{"href":"https:\/\/catholiques17.fr\/nieul\/wp-json\/wp\/v2\/pages"}],"about":[{"href":"https:\/\/catholiques17.fr\/nieul\/wp-json\/wp\/v2\/types\/page"}],"author":[{"embeddable":true,"href":"https:\/\/catholiques17.fr\/nieul\/wp-json\/wp\/v2\/users\/4"}],"replies":[{"embeddable":true,"href":"https:\/\/catholiques17.fr\/nieul\/wp-json\/wp\/v2\/comments?post=6606"}],"version-history":[{"count":6,"href":"https:\/\/catholiques17.fr\/nieul\/wp-json\/wp\/v2\/pages\/6606\/revisions"}],"predecessor-version":[{"id":10454,"href":"https:\/\/catholiques17.fr\/nieul\/wp-json\/wp\/v2\/pages\/6606\/revisions\/10454"}],"up":[{"embeddable":true,"href":"https:\/\/catholiques17.fr\/nieul\/wp-json\/wp\/v2\/pages\/6602"}],"wp:attachment":[{"href":"https:\/\/catholiques17.fr\/nieul\/wp-json\/wp\/v2\/media?parent=6606"}],"curies":[{"name":"wp","href":"https:\/\/api.w.org\/{rel}","templated":true}]}}