{"id":10813,"date":"2026-01-08T11:19:13","date_gmt":"2026-01-08T10:19:13","guid":{"rendered":"https:\/\/catholiques17.fr\/nieul\/?page_id=10813"},"modified":"2026-01-08T12:18:33","modified_gmt":"2026-01-08T11:18:33","slug":"chemin-neocatechumenal","status":"publish","type":"page","link":"https:\/\/catholiques17.fr\/nieul\/les-services\/chemin-neocatechumenal\/","title":{"rendered":"Chemin n\u00e9ocat\u00e9chum\u00e9nal"},"content":{"rendered":"<p>[et_pb_section fb_built=\u00a0\u00bb1&Prime; _builder_version=\u00a0\u00bb4.27.4&Prime; _module_preset=\u00a0\u00bbdefault\u00a0\u00bb custom_padding=\u00a0\u00bb5px|||||\u00a0\u00bb global_colors_info=\u00a0\u00bb{}\u00a0\u00bb theme_builder_area=\u00a0\u00bbpost_content\u00a0\u00bb][et_pb_row _builder_version=\u00a0\u00bb4.27.4&Prime; _module_preset=\u00a0\u00bbdefault\u00a0\u00bb custom_padding=\u00a0\u00bb3px|||||\u00a0\u00bb global_colors_info=\u00a0\u00bb{}\u00a0\u00bb theme_builder_area=\u00a0\u00bbpost_content\u00a0\u00bb][et_pb_column type=\u00a0\u00bb4_4&Prime; _builder_version=\u00a0\u00bb4.27.4&Prime; _module_preset=\u00a0\u00bbdefault\u00a0\u00bb global_colors_info=\u00a0\u00bb{}\u00a0\u00bb theme_builder_area=\u00a0\u00bbpost_content\u00a0\u00bb][et_pb_image src=\u00a0\u00bbhttps:\/\/catholiques17.fr\/nieul\/wp-content\/uploads\/sites\/29\/2026\/01\/Eau-main.jpg\u00a0\u00bb title_text=\u00a0\u00bbEau main\u00a0\u00bb align=\u00a0\u00bbcenter\u00a0\u00bb force_fullwidth=\u00a0\u00bbon\u00a0\u00bb _builder_version=\u00a0\u00bb4.27.4&Prime; _module_preset=\u00a0\u00bbdefault\u00a0\u00bb global_colors_info=\u00a0\u00bb{}\u00a0\u00bb theme_builder_area=\u00a0\u00bbpost_content\u00a0\u00bb][\/et_pb_image][\/et_pb_column][\/et_pb_row][et_pb_row _builder_version=\u00a0\u00bb4.27.4&Prime; _module_preset=\u00a0\u00bbdefault\u00a0\u00bb global_colors_info=\u00a0\u00bb{}\u00a0\u00bb theme_builder_area=\u00a0\u00bbpost_content\u00a0\u00bb][et_pb_column type=\u00a0\u00bb4_4&Prime; _builder_version=\u00a0\u00bb4.27.4&Prime; _module_preset=\u00a0\u00bbdefault\u00a0\u00bb global_colors_info=\u00a0\u00bb{}\u00a0\u00bb theme_builder_area=\u00a0\u00bbpost_content\u00a0\u00bb][et_pb_text _builder_version=\u00a0\u00bb4.27.4&Prime; _module_preset=\u00a0\u00bbdefault\u00a0\u00bb global_colors_info=\u00a0\u00bb{}\u00a0\u00bb theme_builder_area=\u00a0\u00bbpost_content\u00a0\u00bb]<\/p>\n<p style=\"text-align: center;\"><strong>Pourquoi est-il n\u00e9cessaire, dans notre paroisse, de vivre <\/strong><strong>\u00a0une cat\u00e9ch\u00e8se pour adultes, <\/strong><\/p>\n<p style=\"text-align: center;\"><strong>qui reprend la r\u00e9alit\u00e9 de notre bapt\u00eame\u00a0?<\/strong><\/p>\n<p>[\/et_pb_text][\/et_pb_column][\/et_pb_row][et_pb_row _builder_version=\u00a0\u00bb4.27.4&Prime; _module_preset=\u00a0\u00bbdefault\u00a0\u00bb global_colors_info=\u00a0\u00bb{}\u00a0\u00bb theme_builder_area=\u00a0\u00bbpost_content\u00a0\u00bb][et_pb_column type=\u00a0\u00bb4_4&Prime; _builder_version=\u00a0\u00bb4.27.4&Prime; _module_preset=\u00a0\u00bbdefault\u00a0\u00bb global_colors_info=\u00a0\u00bb{}\u00a0\u00bb theme_builder_area=\u00a0\u00bbpost_content\u00a0\u00bb][et_pb_text _builder_version=\u00a0\u00bb4.27.4&Prime; _module_preset=\u00a0\u00bbdefault\u00a0\u00bb global_colors_info=\u00a0\u00bb{}\u00a0\u00bb theme_builder_area=\u00a0\u00bbpost_content\u00a0\u00bb]<\/p>\n<p style=\"text-align: justify;\">Le moteur et la mission m\u00eame de la paroisse sont \u00ab\u00a0les paroissiens\u00a0\u00bb, hommes et femmes qui vivent sur le territoire de Lagord, Nieul sur Mer, L\u2019Houmeau et Marsilly.<\/p>\n<p style=\"text-align: justify;\">Parmi eux, certains ont re\u00e7u le bapt\u00eame, quand ils \u00e9taient enfants ou adultes. Lors du bapt\u00eame, l\u2019\u00c9glise a pris en charge \u00e0 travers l\u2019\u00e9ducation chr\u00e9tienne que nous avons re\u00e7ue (cat\u00e9chisme, premi\u00e8re communion, profession de foi, confirmation, &#8230;) le fait de nous porter \u00e0 la \u00ab\u00a0maturit\u00e9 de la foi\u00a0\u00bb, c\u2019est-\u00e0-dire de manifester dans notre vie ce que le bapt\u00eame signifie. Or souvent et \u00e0 cause des changements d\u2019\u00e9poque et des traditions, nous sommes rest\u00e9s avec l\u2019affirmation que le bapt\u00eame nous a fait devenir \u00ab\u00a0fils de Dieu\u00a0\u00bb, sans tout mettre en \u0153uvre pour que cela soit visible.<\/p>\n<p>[\/et_pb_text][\/et_pb_column][\/et_pb_row][et_pb_row _builder_version=\u00a0\u00bb4.27.4&Prime; _module_preset=\u00a0\u00bbdefault\u00a0\u00bb global_colors_info=\u00a0\u00bb{}\u00a0\u00bb theme_builder_area=\u00a0\u00bbpost_content\u00a0\u00bb][et_pb_column type=\u00a0\u00bb4_4&Prime; _builder_version=\u00a0\u00bb4.27.4&Prime; _module_preset=\u00a0\u00bbdefault\u00a0\u00bb global_colors_info=\u00a0\u00bb{}\u00a0\u00bb theme_builder_area=\u00a0\u00bbpost_content\u00a0\u00bb][et_pb_text _builder_version=\u00a0\u00bb4.27.4&Prime; _module_preset=\u00a0\u00bbdefault\u00a0\u00bb global_colors_info=\u00a0\u00bb{}\u00a0\u00bb theme_builder_area=\u00a0\u00bbpost_content\u00a0\u00bb]<\/p>\n<p><span style=\"color: #ff6600;\"><strong>Que nous dit la Parole de Dieu \u00e0 propos du bapt\u00eame ?<\/strong><\/span><\/p>\n<p>C\u2019est vrai que la Parole de Dieu dit que nous sommes \u00ab\u00a0fils de Dieu\u00a0\u00bb. Mais qu\u2019est-ce que signifie cela\u00a0?<\/p>\n<p>Saint Paul explique dans ses lettres\u00a0:<\/p>\n<p><em>\u00ab\u00a0Mais vous, ce n\u2019est pas ainsi que l\u2019on vous a appris \u00e0 conna\u00eetre le Christ, si du moins l\u2019annonce et l\u2019enseignement que vous avez re\u00e7us \u00e0 son sujet s\u2019accordent \u00e0 la v\u00e9rit\u00e9 qui est en J\u00e9sus. Il vous faut abandonner votre premier genre de vie et d\u00e9pouiller le vieil homme qui va se corrompant au fil des convoitises d\u00e9cevantes, pour vous renouveler par une transformation spirituelle de votre jugement et rev\u00eatir l\u2019Homme Nouveau qui a \u00e9t\u00e9 cr\u00e9\u00e9 selon Dieu dans la justice et la saintet\u00e9 de la v\u00e9rit\u00e9\u00a0\u00bb (Eph\u00e9siens 4,20-24). <\/em><\/p>\n<p><em>\u00ab\u00a0Nous le savons\u00a0: l\u2019homme ancien qui est en nous a \u00e9t\u00e9 fix\u00e9 \u00e0 la croix avec lui pour que le corps du p\u00e9ch\u00e9 soit r\u00e9duit \u00e0 rien, et qu\u2019ainsi nous ne soyons plus esclaves du p\u00e9ch\u00e9. Car celui qui est mort est affranchi du p\u00e9ch\u00e9. Et si nous sommes pass\u00e9s par la mort avec le Christ, nous croyons que nous vivrons aussi avec lui.\u00a0\u00bb (Romains 6,6-8)<\/em><\/p>\n<p><em>\u00ab\u00a0Plus de mensonge entre vous\u00a0: vous vous \u00eates d\u00e9barrass\u00e9s de l\u2019homme ancien qui \u00e9tait en vous et de ses fa\u00e7ons d\u2019agir, et vous vous \u00eates rev\u00eatus de l\u2019homme nouveau qui, pour se conformer \u00e0 l\u2019image de son Cr\u00e9ateur, se renouvelle sans cesse en vue de la pleine connaissance.\u00a0\u00bb (Colossiens 3,9-10)<\/em><\/p>\n<p>Pour r\u00e9aliser ce passage du\u00a0<em>vieil homme<\/em> \u00e0 l\u2019<em>homme nouveau<\/em>, l\u2019\u00c9glise primitive appelait ce temps \u00ab\u00a0<em>cat\u00e9chum\u00e9nat<\/em>\u00a0\u00bb.<\/p>\n<p>Le \u00ab\u00a0bapt\u00eame\u00a0\u00bb signifie \u00ab\u00a0plong\u00e9e, immersion\u00a0\u00bb dans la mort du Christ. Il \u00e9tait signifi\u00e9 par l\u2019immersion de tout le corps dans une piscine baptismale pour signifier que nous avons \u00e9t\u00e9 d\u00e9pouill\u00e9s de notre corps de p\u00e9ch\u00e9. En sortant de l\u2019eau, on rev\u00eatait les nouveaux baptis\u00e9s d\u2019un v\u00eatement blanc pour signifier la nature nouvelle du Christ.<\/p>\n<p>Cette caract\u00e9ristique du bapt\u00eame qui consiste \u00e0 d\u00e9pouiller le <em>vieil homme<\/em> (orgueil, attachement \u00e0 l\u2019argent, luxure, col\u00e8re, avidit\u00e9, envie, rejet des choses de Dieu) n\u2019a pas \u00e9t\u00e9 souvent prise en compte dans l\u2019initiation chr\u00e9tienne et dans la formation des chr\u00e9tiens comme dans l\u2019\u00c9glise primitive. Il faut aussi savoir que l\u2019Eglise a d\u00fb faire face \u00e0 des changements soci\u00e9taux tr\u00e8s graves, qui ont mis \u00e0 la lumi\u00e8re ce manque.<\/p>\n<p>[\/et_pb_text][\/et_pb_column][\/et_pb_row][et_pb_row _builder_version=\u00a0\u00bb4.27.4&Prime; _module_preset=\u00a0\u00bbdefault\u00a0\u00bb global_colors_info=\u00a0\u00bb{}\u00a0\u00bb theme_builder_area=\u00a0\u00bbpost_content\u00a0\u00bb][et_pb_column type=\u00a0\u00bb4_4&Prime; _builder_version=\u00a0\u00bb4.27.4&Prime; _module_preset=\u00a0\u00bbdefault\u00a0\u00bb global_colors_info=\u00a0\u00bb{}\u00a0\u00bb theme_builder_area=\u00a0\u00bbpost_content\u00a0\u00bb][et_pb_text _builder_version=\u00a0\u00bb4.27.4&Prime; _module_preset=\u00a0\u00bbdefault\u00a0\u00bb global_colors_info=\u00a0\u00bb{}\u00a0\u00bb theme_builder_area=\u00a0\u00bbpost_content\u00a0\u00bb]<\/p>\n<p><span style=\"color: #ff6600;\"><strong>Pourquoi l\u2019\u00c9glise, dans le Concile Vatican II, <\/strong><strong>a demand\u00e9 de r\u00e9tablir le cat\u00e9chum\u00e9nat, m\u00eame pour les baptis\u00e9s\u00a0?<\/strong><\/span><\/p>\n<p>Face aux changements de la soci\u00e9t\u00e9 et le constat que la plupart des baptis\u00e9s vit avec cette conscience que le bapt\u00eame nous a faits \u00ab\u00a0fils de Dieu\u00a0\u00bb mais sans que cela soit une r\u00e9alit\u00e9 visible et missionnaire, l&rsquo;\u00c9glise, lors du Concile Vatican II (et \u00e0 travers les documents qui ont suivi, comme le <em>Rituel de l&rsquo;Initiation Chr\u00e9tienne des Adultes<\/em>), a red\u00e9couvert que le bapt\u00eame n&rsquo;est pas un \u00e9v\u00e9nement magique et isol\u00e9, mais le d\u00e9but d&rsquo;un cheminement qui dure toute la vie.<\/p>\n<p>Le <em>cat\u00e9chum\u00e9nat<\/em>, qui \u00e9tait \u00e0 l&rsquo;origine une pr\u00e9paration au sacrement du bapt\u00eame, est d\u00e9sormais consid\u00e9r\u00e9 <em>comme une initiation chr\u00e9tienne permanente, destin\u00e9e aussi bien aux baptis\u00e9s qu\u2019aux non-baptis\u00e9s<\/em>, o\u00f9 il ne s\u2019agit plus d\u2019une \u00e9tiquette, mais d\u2019une v\u00e9ritable d\u00e9cision consciente.<\/p>\n<p>Dans ce cheminement, l\u2019\u00c9glise nous enseigne ainsi \u00e0 vivre pleinement notre bapt\u00eame et notre filiation divine avec joie, chaque jour, m\u00eame face aux \u00e9preuves, \u00e0 la maladie et aux difficult\u00e9s quotidiennes.<\/p>\n<p>Le cat\u00e9chum\u00e9nat insiste sur la <em>conversion des m\u0153urs<\/em>. Si le bapt\u00eame nous fait \u00ab\u00a0fils de Dieu\u00a0\u00bb, le cat\u00e9chum\u00e9nat nous apprend \u00e0 agir en fils de Dieu. Le Concile a voulu que les chr\u00e9tiens soient des signes clairs pour le monde. Pour que ce signe soit visible, il faut une formation solide qui aide \u00e0 transformer la mani\u00e8re de vivre, de travailler et d&rsquo;aimer.<\/p>\n<p>[\/et_pb_text][\/et_pb_column][\/et_pb_row][et_pb_row _builder_version=\u00a0\u00bb4.27.4&Prime; _module_preset=\u00a0\u00bbdefault\u00a0\u00bb global_colors_info=\u00a0\u00bb{}\u00a0\u00bb theme_builder_area=\u00a0\u00bbpost_content\u00a0\u00bb][et_pb_column type=\u00a0\u00bb4_4&Prime; _builder_version=\u00a0\u00bb4.27.4&Prime; _module_preset=\u00a0\u00bbdefault\u00a0\u00bb global_colors_info=\u00a0\u00bb{}\u00a0\u00bb theme_builder_area=\u00a0\u00bbpost_content\u00a0\u00bb][et_pb_text _builder_version=\u00a0\u00bb4.27.4&Prime; _module_preset=\u00a0\u00bbdefault\u00a0\u00bb global_colors_info=\u00a0\u00bb{}\u00a0\u00bb theme_builder_area=\u00a0\u00bbpost_content\u00a0\u00bb]<\/p>\n<p><span style=\"color: #ff6600;\"><strong>Pourquoi avons-nous besoin de cat\u00e9ch\u00e8ses pour adultes\u00a0<\/strong><strong>et qu\u2019est-ce que le Chemin N\u00e9ocat\u00e9chum\u00e9nal<\/strong>\u00a0?<\/span><\/p>\n<p>Le Chemin N\u00e9ocat\u00e9chum\u00e9nal, \u00ab\u00a0<em>comme un itin\u00e9raire de formation catholique valide pour la soci\u00e9t\u00e9 et les temps actuels<\/em> \u00bb (Jean-Paul II, Lettre Ogniqualvolta, 30 ao\u00fbt 1990, in AAS 82, (1990) 1515), propose de reparcourir les \u00e9tapes de notre bapt\u00eame, en commen\u00e7ant par une cat\u00e9ch\u00e8se pour adultes.<\/p>\n<p>En parcourant les m\u00eames \u00e9tapes que les premiers chr\u00e9tiens vivaient dans le cat\u00e9chum\u00e9nat, nous pourrons dans une petite communaut\u00e9 d\u00e9couvrir ainsi la richesse immense que notre bapt\u00eame peut nous donner dans la vie de tous les jours.<\/p>\n<p>[\/et_pb_text][\/et_pb_column][\/et_pb_row][et_pb_row _builder_version=\u00a0\u00bb4.27.4&Prime; _module_preset=\u00a0\u00bbdefault\u00a0\u00bb theme_builder_area=\u00a0\u00bbpost_content\u00a0\u00bb][et_pb_column _builder_version=\u00a0\u00bb4.27.4&Prime; _module_preset=\u00a0\u00bbdefault\u00a0\u00bb type=\u00a0\u00bb4_4&Prime; theme_builder_area=\u00a0\u00bbpost_content\u00a0\u00bb][et_pb_image src=\u00a0\u00bbhttps:\/\/catholiques17.fr\/nieul\/wp-content\/uploads\/sites\/29\/2026\/01\/invitation-catechese-2026-jpg.png\u00a0\u00bb _builder_version=\u00a0\u00bb4.27.4&Prime; _module_preset=\u00a0\u00bbdefault\u00a0\u00bb theme_builder_area=\u00a0\u00bbpost_content\u00a0\u00bb title_text=\u00a0\u00bbinvitation catechese 2026 jpg\u00a0\u00bb align=\u00a0\u00bbcenter\u00a0\u00bb show_in_lightbox=\u00a0\u00bbon\u00a0\u00bb hover_enabled=\u00a0\u00bb0&Prime; sticky_enabled=\u00a0\u00bb0&Prime;][\/et_pb_image][\/et_pb_column][\/et_pb_row][et_pb_row _builder_version=\u00a0\u00bb4.27.4&Prime; _module_preset=\u00a0\u00bbdefault\u00a0\u00bb global_colors_info=\u00a0\u00bb{}\u00a0\u00bb theme_builder_area=\u00a0\u00bbpost_content\u00a0\u00bb][et_pb_column type=\u00a0\u00bb4_4&Prime; _builder_version=\u00a0\u00bb4.27.4&Prime; _module_preset=\u00a0\u00bbdefault\u00a0\u00bb global_colors_info=\u00a0\u00bb{}\u00a0\u00bb theme_builder_area=\u00a0\u00bbpost_content\u00a0\u00bb][et_pb_text _builder_version=\u00a0\u00bb4.27.4&Prime; _module_preset=\u00a0\u00bbdefault\u00a0\u00bb background_color=\u00a0\u00bb#FF8C00&Prime; custom_padding=\u00a0\u00bb20px||20px||true|false\u00a0\u00bb custom_padding_tablet=\u00a0\u00bb20px||20px||true|false\u00a0\u00bb custom_padding_phone=\u00a0\u00bb20px||20px||true|false\u00a0\u00bb custom_padding_last_edited=\u00a0\u00bbon|desktop\u00a0\u00bb global_colors_info=\u00a0\u00bb{}\u00a0\u00bb theme_builder_area=\u00a0\u00bbpost_content\u00a0\u00bb]<\/p>\n<p style=\"text-align: center;\"><strong><span style=\"color: #ffffff;\"><a href=\"http:\/\/www.neocatechumenaleiter.org\/fr\/\" target=\"_blank\" rel=\"noopener\" style=\"color: #ffffff;\">www.neocatechumenaleiter.org\/fr\/<\/a><\/span><\/strong><\/p>\n<p>[\/et_pb_text][\/et_pb_column][\/et_pb_row][\/et_pb_section]<\/p>\n","protected":false},"excerpt":{"rendered":"<p>Pourquoi est-il n\u00e9cessaire, dans notre paroisse, de vivre \u00a0une cat\u00e9ch\u00e8se pour adultes, qui reprend la r\u00e9alit\u00e9 de notre bapt\u00eame\u00a0?Le moteur et la mission m\u00eame de la paroisse sont \u00ab\u00a0les paroissiens\u00a0\u00bb, [&hellip;]<\/p>\n","protected":false},"author":4,"featured_media":0,"parent":6623,"menu_order":0,"comment_status":"closed","ping_status":"closed","template":"","meta":{"_et_pb_use_builder":"on","_et_pb_old_content":"","_et_gb_content_width":"","footnotes":""},"class_list":["post-10813","page","type-page","status-publish","hentry"],"_links":{"self":[{"href":"https:\/\/catholiques17.fr\/nieul\/wp-json\/wp\/v2\/pages\/10813","targetHints":{"allow":["GET"]}}],"collection":[{"href":"https:\/\/catholiques17.fr\/nieul\/wp-json\/wp\/v2\/pages"}],"about":[{"href":"https:\/\/catholiques17.fr\/nieul\/wp-json\/wp\/v2\/types\/page"}],"author":[{"embeddable":true,"href":"https:\/\/catholiques17.fr\/nieul\/wp-json\/wp\/v2\/users\/4"}],"replies":[{"embeddable":true,"href":"https:\/\/catholiques17.fr\/nieul\/wp-json\/wp\/v2\/comments?post=10813"}],"version-history":[{"count":4,"href":"https:\/\/catholiques17.fr\/nieul\/wp-json\/wp\/v2\/pages\/10813\/revisions"}],"predecessor-version":[{"id":10831,"href":"https:\/\/catholiques17.fr\/nieul\/wp-json\/wp\/v2\/pages\/10813\/revisions\/10831"}],"up":[{"embeddable":true,"href":"https:\/\/catholiques17.fr\/nieul\/wp-json\/wp\/v2\/pages\/6623"}],"wp:attachment":[{"href":"https:\/\/catholiques17.fr\/nieul\/wp-json\/wp\/v2\/media?parent=10813"}],"curies":[{"name":"wp","href":"https:\/\/api.w.org\/{rel}","templated":true}]}}