{"id":4766,"date":"2021-03-25T14:27:58","date_gmt":"2021-03-25T13:27:58","guid":{"rendered":"https:\/\/catholiques17.fr\/montlieu\/?page_id=4766"},"modified":"2023-03-16T15:22:02","modified_gmt":"2023-03-16T14:22:02","slug":"chants","status":"publish","type":"page","link":"https:\/\/catholiques17.fr\/montlieu\/homelies-prieres-chants\/chants\/","title":{"rendered":"Chants"},"content":{"rendered":"\n<ul class=\"wp-block-list\">\n<li><strong><a href=\"https:\/\/www.youtube.com\/watch?v=RNJn4PPXVpg\" target=\"_blank\" rel=\"noreferrer noopener\">Allez, Dieu, vous envoie<\/a><\/strong><\/li>\n\n\n\n<li><strong><a rel=\"noreferrer noopener\" href=\"https:\/\/www.youtube.com\/watch?v=qlugL3hCV2Y\" target=\"_blank\">Souffle impr\u00e9visible<\/a><\/strong><\/li>\n\n\n\n<li><strong><a rel=\"noreferrer noopener\" href=\"https:\/\/www.youtube.com\/watch?v=zU6JHDvNAfc\" target=\"_blank\">Jubilez, criez de joie.<\/a><\/strong><\/li>\n\n\n\n<li><strong><a rel=\"noreferrer noopener\" href=\"https:\/\/www.youtube.com\/watch?v=8hMy5XexSz0\" target=\"_blank\">Vous qui cherchez Dieu<\/a><\/strong><\/li>\n\n\n\n<li><strong><a rel=\"noreferrer noopener\" href=\"https:\/\/www.youtube.com\/watch?v=L9gmrWXjHeE\" target=\"_blank\">Je veux chanter ton amour, Seigneur<\/a><\/strong><\/li>\n\n\n\n<li><strong><a rel=\"noreferrer noopener\" href=\"https:\/\/www.youtube.com\/watch?v=Qh6fa5aoMXQ\" target=\"_blank\">Je vous salue Saint Joseph<\/a><\/strong><\/li>\n\n\n\n<li><strong><a rel=\"noreferrer noopener\" href=\"https:\/\/www.youtube.com\/watch?v=ZUqce3Q0iy8\" target=\"_blank\">Seigneur, avec Toi, nous irons au d\u00e9sert<\/a><\/strong><\/li>\n\n\n\n<li><strong><a rel=\"noreferrer noopener\" href=\"https:\/\/www.youtube.com\/watch?v=OMSMbouMYO8\" target=\"_blank\">Il est venu marcher sur nos routes.<\/a><\/strong><\/li>\n\n\n\n<li><strong><a rel=\"noreferrer noopener\" href=\"https:\/\/www.youtube.com\/watch?v=-WojtG_x1Ak\" target=\"_blank\">Une main qui s\u2019ouvre<\/a><\/strong><\/li>\n\n\n\n<li><strong><a rel=\"noreferrer noopener\" href=\"https:\/\/www.youtube.com\/watch?v=eTH89bRWf5U\" target=\"_blank\">Si le P\u00e8re vous appelle.<\/a><\/strong><\/li>\n\n\n\n<li><strong><a rel=\"noreferrer noopener\" href=\"https:\/\/www.youtube.com\/watch?v=U2Mu370T_40\" target=\"_blank\">Donne-nous le pain<\/a><\/strong><\/li>\n\n\n\n<li><strong><a rel=\"noreferrer noopener\" href=\"https:\/\/www.youtube.com\/watch?v=t5U_-gPeBqw\" target=\"_blank\">L\u2019\u00e9piphanie du Dieu de gloire<\/a><\/strong><\/li>\n\n\n\n<li><strong><a rel=\"noreferrer noopener\" href=\"https:\/\/www.youtube.com\/watch?v=6dlCmAWZ8q4\" target=\"_blank\">Regarde vers l\u2019\u00e9toile.<\/a><\/strong><\/li>\n\n\n\n<li><strong><a rel=\"noreferrer noopener\" href=\"https:\/\/www.youtube.com\/watch?v=T1rS4ruWg58\" target=\"_blank\">Pr\u00e9parez \u00e0 travers le d\u00e9sert, le chemin du Seigneur.<\/a><\/strong><\/li>\n\n\n\n<li><strong><a rel=\"noreferrer noopener\" href=\"https:\/\/www.youtube.com\/watch?v=K0tC02lpjQ0\" target=\"_blank\">Le monde a besoin de toi.<\/a><\/strong><\/li>\n\n\n\n<li><strong><a rel=\"noreferrer noopener\" href=\"https:\/\/www.youtube.com\/watch?v=mAaqi9sir7w\" target=\"_blank\">Couronn\u00e9e d\u2019\u00e9toiles<\/a><\/strong><\/li>\n\n\n\n<li><strong><a rel=\"noreferrer noopener\" href=\"https:\/\/www.youtube.com\/watch?v=gXv7vTYkJVo\" target=\"_blank\">Il a pour nom, mis\u00e9ricorde<\/a><\/strong><\/li>\n\n\n\n<li><strong><a rel=\"noreferrer noopener\" href=\"https:\/\/www.youtube.com\/watch?v=lTEqBRPVnFI\" target=\"_blank\">Table dress\u00e9e sur nos chemins<\/a><\/strong><\/li>\n\n\n\n<li><strong><a rel=\"noreferrer noopener\" href=\"https:\/\/www.youtube.com\/watch?v=P_36ESGoz2I\" target=\"_blank\">Psaume de la Cr\u00e9ation<\/a><\/strong><\/li>\n\n\n\n<li><a rel=\"noreferrer noopener\" href=\"https:\/\/www.youtube.com\/watch?v=cJGJHUzzhEk\" target=\"_blank\"><strong>Une porte ouverte sur le ciel<\/strong><\/a><\/li>\n\n\n\n<li><strong><a rel=\"noreferrer noopener\" href=\"https:\/\/www.youtube.com\/watch?v=ZxTVetBayCE\" target=\"_blank\">Trouver dans ma vie ta pr\u00e9sence<\/a><\/strong><\/li>\n\n\n\n<li><strong><a rel=\"noreferrer noopener\" href=\"https:\/\/www.youtube.com\/watch?v=GIW6iFdmwDk\" target=\"_blank\">Aimer, c\u2019est tout donner<\/a><\/strong><\/li>\n\n\n\n<li><strong><a rel=\"noreferrer noopener\" href=\"https:\/\/www.youtube.com\/watch?v=EyYGIYtXtHc\" target=\"_blank\">Ta nuit sera lumi\u00e8re de midi<\/a><\/strong><\/li>\n\n\n\n<li><strong><a rel=\"noreferrer noopener\" href=\"https:\/\/www.youtube.com\/watch?v=jSZWltWuSdo\" target=\"_blank\">Laisserons-nous \u00e0 notre table<\/a><\/strong><\/li>\n\n\n\n<li><strong><a rel=\"noreferrer noopener\" href=\"https:\/\/www.youtube.com\/watch?v=ofKOEtPmTl8\" target=\"_blank\">Pain pour l\u2019homme<\/a><\/strong><\/li>\n\n\n\n<li><strong><a rel=\"noreferrer noopener\" href=\"https:\/\/www.youtube.com\/watch?v=UIEw0OT9988\" target=\"_blank\">Comme un souffle fragile<\/a><\/strong><\/li>\n\n\n\n<li><strong><a rel=\"noreferrer noopener\" href=\"https:\/\/www.youtube.com\/watch?v=Tel5rvuWAYo\" target=\"_blank\">Aube nouvelle<\/a><\/strong><\/li>\n\n\n\n<li><strong><a rel=\"noreferrer noopener\" href=\"https:\/\/www.youtube.com\/watch?v=bQxBEBMwVPs\" target=\"_blank\">Sur les routes de l\u2019alliance<\/a><\/strong><\/li>\n\n\n\n<li><strong><a rel=\"noreferrer noopener\" href=\"https:\/\/www.youtube.com\/watch?v=aT64N85i7VY\" target=\"_blank\">Vous m\u2019avez reconnu \u00e0 la fraction du pain<\/a><\/strong><\/li>\n\n\n\n<li><strong><a rel=\"noreferrer noopener\" href=\"https:\/\/www.youtube.com\/watch?v=oGyRZD8tLps&amp;list=RDoGyRZD8tLps&amp;start_radio=1\" target=\"_blank\">Hallelujah confin\u00e9<\/a><\/strong><\/li>\n\n\n\n<li><strong><a rel=\"noreferrer noopener\" href=\"https:\/\/www.youtube.com\/watch?v=cP3V6JJYuT4\" target=\"_blank\">N\u2019aie pas peur<\/a><\/strong><\/li>\n\n\n\n<li><strong><a rel=\"noreferrer noopener\" href=\"https:\/\/www.youtube.com\/watch?v=mi8i5iyyJo4\" target=\"_blank\">Tu fais ta demeure en nous, Seigneur<\/a><\/strong><\/li>\n\n\n\n<li><strong><a rel=\"noreferrer noopener\" href=\"https:\/\/www.youtube.com\/watch?v=PNpp-NBhiXM\" target=\"_blank\">Venez \u00e0 moi, vous tous qui peinez<\/a><\/strong><\/li>\n\n\n\n<li><strong><a rel=\"noreferrer noopener\" href=\"https:\/\/www.youtube.com\/watch?v=BNA_92DrXSE\" target=\"_blank\">Hosanna, b\u00e9ni celui qui vient<\/a><\/strong><\/li>\n\n\n\n<li><strong><a rel=\"noreferrer noopener\" href=\"https:\/\/www.youtube.com\/watch?v=GchHMJe_MSs\" target=\"_blank\">Comme Lui<\/a><\/strong><\/li>\n\n\n\n<li><strong><a rel=\"noreferrer noopener\" href=\"https:\/\/www.youtube.com\/watch?v=Czf4E5R1lVs\" target=\"_blank\">Quand J\u00e9sus se l\u00e8ve de table<\/a><\/strong><\/li>\n\n\n\n<li><strong><a rel=\"noreferrer noopener\" href=\"https:\/\/www.youtube.com\/watch?v=vqbYbgaWuoI\" target=\"_blank\">Voici mon corps livr\u00e9 pour vous<\/a><\/strong><\/li>\n<\/ul>\n","protected":false},"excerpt":{"rendered":"","protected":false},"author":31,"featured_media":0,"parent":5637,"menu_order":0,"comment_status":"closed","ping_status":"closed","template":"","meta":{"_et_pb_use_builder":"off","_et_pb_old_content":"<!-- wp:list -->\n<ul><!-- wp:list-item -->\n<li><strong><a href=\"https:\/\/www.youtube.com\/watch?v=RNJn4PPXVpg\" target=\"_blank\" rel=\"noreferrer noopener\">Allez, Dieu, vous envoie<\/a><\/strong><\/li>\n<!-- \/wp:list-item -->\n\n<!-- wp:list-item -->\n<li><strong><a rel=\"noreferrer noopener\" href=\"https:\/\/www.youtube.com\/watch?v=qlugL3hCV2Y\" target=\"_blank\">Souffle impr\u00e9visible<\/a><\/strong><\/li>\n<!-- \/wp:list-item -->\n\n<!-- wp:list-item -->\n<li><strong><a rel=\"noreferrer noopener\" href=\"https:\/\/www.youtube.com\/watch?v=zU6JHDvNAfc\" target=\"_blank\">Jubilez, criez de joie.<\/a><\/strong><\/li>\n<!-- \/wp:list-item -->\n\n<!-- wp:list-item -->\n<li><strong><a rel=\"noreferrer noopener\" href=\"https:\/\/www.youtube.com\/watch?v=8hMy5XexSz0\" target=\"_blank\">Vous qui cherchez Dieu<\/a><\/strong><\/li>\n<!-- \/wp:list-item -->\n\n<!-- wp:list-item -->\n<li><strong><a rel=\"noreferrer noopener\" href=\"https:\/\/www.youtube.com\/watch?v=L9gmrWXjHeE\" target=\"_blank\">Je veux chanter ton amour, Seigneur<\/a><\/strong><\/li>\n<!-- \/wp:list-item -->\n\n<!-- wp:list-item -->\n<li><strong><a rel=\"noreferrer noopener\" href=\"https:\/\/www.youtube.com\/watch?v=Qh6fa5aoMXQ\" target=\"_blank\">Je vous salue Saint Joseph<\/a><\/strong><\/li>\n<!-- \/wp:list-item -->\n\n<!-- wp:list-item -->\n<li><strong><a rel=\"noreferrer noopener\" href=\"https:\/\/www.youtube.com\/watch?v=ZUqce3Q0iy8\" target=\"_blank\">Seigneur, avec Toi, nous irons au d\u00e9sert<\/a><\/strong><\/li>\n<!-- \/wp:list-item -->\n\n<!-- wp:list-item -->\n<li><strong><a rel=\"noreferrer noopener\" href=\"https:\/\/www.youtube.com\/watch?v=OMSMbouMYO8\" target=\"_blank\">Il est venu marcher sur nos routes.<\/a><\/strong><\/li>\n<!-- \/wp:list-item -->\n\n<!-- wp:list-item -->\n<li><strong><a rel=\"noreferrer noopener\" href=\"https:\/\/www.youtube.com\/watch?v=-WojtG_x1Ak\" target=\"_blank\">Une main qui s\u2019ouvre<\/a><\/strong><\/li>\n<!-- \/wp:list-item -->\n\n<!-- wp:list-item -->\n<li><strong><a rel=\"noreferrer noopener\" href=\"https:\/\/www.youtube.com\/watch?v=eTH89bRWf5U\" target=\"_blank\">Si le P\u00e8re vous appelle.<\/a><\/strong><\/li>\n<!-- \/wp:list-item -->\n\n<!-- wp:list-item -->\n<li><strong><a rel=\"noreferrer noopener\" href=\"https:\/\/www.youtube.com\/watch?v=U2Mu370T_40\" target=\"_blank\">Donne-nous le pain<\/a><\/strong><\/li>\n<!-- \/wp:list-item -->\n\n<!-- wp:list-item -->\n<li><strong><a rel=\"noreferrer noopener\" href=\"https:\/\/www.youtube.com\/watch?v=t5U_-gPeBqw\" target=\"_blank\">L\u2019\u00e9piphanie du Dieu de gloire<\/a><\/strong><\/li>\n<!-- \/wp:list-item -->\n\n<!-- wp:list-item -->\n<li><strong><a rel=\"noreferrer noopener\" href=\"https:\/\/www.youtube.com\/watch?v=6dlCmAWZ8q4\" target=\"_blank\">Regarde vers l\u2019\u00e9toile.<\/a><\/strong><\/li>\n<!-- \/wp:list-item -->\n\n<!-- wp:list-item -->\n<li><strong><a rel=\"noreferrer noopener\" href=\"https:\/\/www.youtube.com\/watch?v=T1rS4ruWg58\" target=\"_blank\">Pr\u00e9parez \u00e0 travers le d\u00e9sert, le chemin du Seigneur.<\/a><\/strong><\/li>\n<!-- \/wp:list-item -->\n\n<!-- wp:list-item -->\n<li><strong><a rel=\"noreferrer noopener\" href=\"https:\/\/www.youtube.com\/watch?v=K0tC02lpjQ0\" target=\"_blank\">Le monde a besoin de toi.<\/a><\/strong><\/li>\n<!-- \/wp:list-item -->\n\n<!-- wp:list-item -->\n<li><strong><a rel=\"noreferrer noopener\" href=\"https:\/\/www.youtube.com\/watch?v=mAaqi9sir7w\" target=\"_blank\">Couronn\u00e9e d\u2019\u00e9toiles<\/a><\/strong><\/li>\n<!-- \/wp:list-item -->\n\n<!-- wp:list-item -->\n<li><strong><a rel=\"noreferrer noopener\" href=\"https:\/\/www.youtube.com\/watch?v=gXv7vTYkJVo\" target=\"_blank\">Il a pour nom, mis\u00e9ricorde<\/a><\/strong><\/li>\n<!-- \/wp:list-item -->\n\n<!-- wp:list-item -->\n<li><strong><a rel=\"noreferrer noopener\" href=\"https:\/\/www.youtube.com\/watch?v=lTEqBRPVnFI\" target=\"_blank\">Table dress\u00e9e sur nos chemins<\/a><\/strong><\/li>\n<!-- \/wp:list-item -->\n\n<!-- wp:list-item -->\n<li><strong><a rel=\"noreferrer noopener\" href=\"https:\/\/www.youtube.com\/watch?v=P_36ESGoz2I\" target=\"_blank\">Psaume de la Cr\u00e9ation<\/a><\/strong><\/li>\n<!-- \/wp:list-item -->\n\n<!-- wp:list-item -->\n<li><a rel=\"noreferrer noopener\" href=\"https:\/\/www.youtube.com\/watch?v=cJGJHUzzhEk\" target=\"_blank\"><strong>Une porte ouverte sur le ciel<\/strong><\/a><\/li>\n<!-- \/wp:list-item -->\n\n<!-- wp:list-item -->\n<li><strong><a rel=\"noreferrer noopener\" href=\"https:\/\/www.youtube.com\/watch?v=ZxTVetBayCE\" target=\"_blank\">Trouver dans ma vie ta pr\u00e9sence<\/a><\/strong><\/li>\n<!-- \/wp:list-item -->\n\n<!-- wp:list-item -->\n<li><strong><a rel=\"noreferrer noopener\" href=\"https:\/\/www.youtube.com\/watch?v=GIW6iFdmwDk\" target=\"_blank\">Aimer, c\u2019est tout donner<\/a><\/strong><\/li>\n<!-- \/wp:list-item -->\n\n<!-- wp:list-item -->\n<li><strong><a rel=\"noreferrer noopener\" href=\"https:\/\/www.youtube.com\/watch?v=EyYGIYtXtHc\" target=\"_blank\">Ta nuit sera lumi\u00e8re de midi<\/a><\/strong><\/li>\n<!-- \/wp:list-item -->\n\n<!-- wp:list-item -->\n<li><strong><a rel=\"noreferrer noopener\" href=\"https:\/\/www.youtube.com\/watch?v=jSZWltWuSdo\" target=\"_blank\">Laisserons-nous \u00e0 notre table<\/a><\/strong><\/li>\n<!-- \/wp:list-item -->\n\n<!-- wp:list-item -->\n<li><strong><a rel=\"noreferrer noopener\" href=\"https:\/\/www.youtube.com\/watch?v=ofKOEtPmTl8\" target=\"_blank\">Pain pour l\u2019homme<\/a><\/strong><\/li>\n<!-- \/wp:list-item -->\n\n<!-- wp:list-item -->\n<li><strong><a rel=\"noreferrer noopener\" href=\"https:\/\/www.youtube.com\/watch?v=UIEw0OT9988\" target=\"_blank\">Comme un souffle fragile<\/a><\/strong><\/li>\n<!-- \/wp:list-item -->\n\n<!-- wp:list-item -->\n<li><strong><a rel=\"noreferrer noopener\" href=\"https:\/\/www.youtube.com\/watch?v=Tel5rvuWAYo\" target=\"_blank\">Aube nouvelle<\/a><\/strong><\/li>\n<!-- \/wp:list-item -->\n\n<!-- wp:list-item -->\n<li><strong><a rel=\"noreferrer noopener\" href=\"https:\/\/www.youtube.com\/watch?v=bQxBEBMwVPs\" target=\"_blank\">Sur les routes de l\u2019alliance<\/a><\/strong><\/li>\n<!-- \/wp:list-item -->\n\n<!-- wp:list-item -->\n<li><strong><a rel=\"noreferrer noopener\" href=\"https:\/\/www.youtube.com\/watch?v=aT64N85i7VY\" target=\"_blank\">Vous m\u2019avez reconnu \u00e0 la fraction du pain<\/a><\/strong><\/li>\n<!-- \/wp:list-item -->\n\n<!-- wp:list-item -->\n<li><strong><a rel=\"noreferrer noopener\" href=\"https:\/\/www.youtube.com\/watch?v=oGyRZD8tLps&amp;list=RDoGyRZD8tLps&amp;start_radio=1\" target=\"_blank\">Hallelujah confin\u00e9<\/a><\/strong><\/li>\n<!-- \/wp:list-item -->\n\n<!-- wp:list-item -->\n<li><strong><a rel=\"noreferrer noopener\" href=\"https:\/\/www.youtube.com\/watch?v=cP3V6JJYuT4\" target=\"_blank\">N\u2019aie pas peur<\/a><\/strong><\/li>\n<!-- \/wp:list-item -->\n\n<!-- wp:list-item -->\n<li><strong><a rel=\"noreferrer noopener\" href=\"https:\/\/www.youtube.com\/watch?v=mi8i5iyyJo4\" target=\"_blank\">Tu fais ta demeure en nous, Seigneur<\/a><\/strong><\/li>\n<!-- \/wp:list-item -->\n\n<!-- wp:list-item -->\n<li><strong><a rel=\"noreferrer noopener\" href=\"https:\/\/www.youtube.com\/watch?v=PNpp-NBhiXM\" target=\"_blank\">Venez \u00e0 moi, vous tous qui peinez<\/a><\/strong><\/li>\n<!-- \/wp:list-item -->\n\n<!-- wp:list-item -->\n<li><strong><a rel=\"noreferrer noopener\" href=\"https:\/\/www.youtube.com\/watch?v=BNA_92DrXSE\" target=\"_blank\">Hosanna, b\u00e9ni celui qui vient<\/a><\/strong><\/li>\n<!-- \/wp:list-item -->\n\n<!-- wp:list-item -->\n<li><strong><a rel=\"noreferrer noopener\" href=\"https:\/\/www.youtube.com\/watch?v=GchHMJe_MSs\" target=\"_blank\">Comme Lui<\/a><\/strong><\/li>\n<!-- \/wp:list-item -->\n\n<!-- wp:list-item -->\n<li><strong><a rel=\"noreferrer noopener\" href=\"https:\/\/www.youtube.com\/watch?v=Czf4E5R1lVs\" target=\"_blank\">Quand J\u00e9sus se l\u00e8ve de table<\/a><\/strong><\/li>\n<!-- \/wp:list-item -->\n\n<!-- wp:list-item -->\n<li><strong><a rel=\"noreferrer noopener\" href=\"https:\/\/www.youtube.com\/watch?v=vqbYbgaWuoI\" target=\"_blank\">Voici mon corps livr\u00e9 pour vous<\/a><\/strong><\/li>\n<!-- \/wp:list-item --><\/ul>\n<!-- \/wp:list -->","_et_gb_content_width":"","footnotes":""},"class_list":["post-4766","page","type-page","status-publish","hentry"],"_links":{"self":[{"href":"https:\/\/catholiques17.fr\/montlieu\/wp-json\/wp\/v2\/pages\/4766","targetHints":{"allow":["GET"]}}],"collection":[{"href":"https:\/\/catholiques17.fr\/montlieu\/wp-json\/wp\/v2\/pages"}],"about":[{"href":"https:\/\/catholiques17.fr\/montlieu\/wp-json\/wp\/v2\/types\/page"}],"author":[{"embeddable":true,"href":"https:\/\/catholiques17.fr\/montlieu\/wp-json\/wp\/v2\/users\/31"}],"replies":[{"embeddable":true,"href":"https:\/\/catholiques17.fr\/montlieu\/wp-json\/wp\/v2\/comments?post=4766"}],"version-history":[{"count":10,"href":"https:\/\/catholiques17.fr\/montlieu\/wp-json\/wp\/v2\/pages\/4766\/revisions"}],"predecessor-version":[{"id":5848,"href":"https:\/\/catholiques17.fr\/montlieu\/wp-json\/wp\/v2\/pages\/4766\/revisions\/5848"}],"up":[{"embeddable":true,"href":"https:\/\/catholiques17.fr\/montlieu\/wp-json\/wp\/v2\/pages\/5637"}],"wp:attachment":[{"href":"https:\/\/catholiques17.fr\/montlieu\/wp-json\/wp\/v2\/media?parent=4766"}],"curies":[{"name":"wp","href":"https:\/\/api.w.org\/{rel}","templated":true}]}}