{"id":4764,"date":"2021-03-25T14:27:34","date_gmt":"2021-03-25T13:27:34","guid":{"rendered":"https:\/\/catholiques17.fr\/montlieu\/?page_id=4764"},"modified":"2022-12-02T13:53:30","modified_gmt":"2022-12-02T12:53:30","slug":"prieres","status":"publish","type":"page","link":"https:\/\/catholiques17.fr\/montlieu\/prieres\/","title":{"rendered":"Pri\u00e8res"},"content":{"rendered":"<p>[et_pb_section fb_built=\u00a0\u00bb1&Prime; _builder_version=\u00a0\u00bb3.22&Prime;][et_pb_row _builder_version=\u00a0\u00bb3.25&Prime; background_size=\u00a0\u00bbinitial\u00a0\u00bb background_position=\u00a0\u00bbtop_left\u00a0\u00bb background_repeat=\u00a0\u00bbrepeat\u00a0\u00bb][et_pb_column type=\u00a0\u00bb4_4&Prime; _builder_version=\u00a0\u00bb3.25&Prime; custom_padding=\u00a0\u00bb|||\u00a0\u00bb custom_padding__hover=\u00a0\u00bb|||\u00a0\u00bb][et_pb_cta title=\u00a0\u00bbD\u00e9posez votre intention de pri\u00e8re\u00a0\u00bb button_url=\u00a0\u00bbmailto:paroisse.saintetheresemontlieu@gmail.com\u00a0\u00bb url_new_window=\u00a0\u00bbon\u00a0\u00bb button_text=\u00a0\u00bbD\u00e9posez votre intention ici\u00a0\u00bb _builder_version=\u00a0\u00bb4.9.3&Prime; _module_preset=\u00a0\u00bbdefault\u00a0\u00bb max_width=\u00a0\u00bb50%\u00a0\u00bb module_alignment=\u00a0\u00bbcenter\u00a0\u00bb border_radii=\u00a0\u00bbon|20px|20px|20px|20px\u00a0\u00bb]<\/p>\n<p>Vous souhaitez que le groupe de pri\u00e8res sur la paroisse lise et exprime votre pri\u00e8re en votre nom ?<\/p>\n<p>[\/et_pb_cta][et_pb_text _builder_version=\u00a0\u00bb3.27.4&Prime; background_size=\u00a0\u00bbinitial\u00a0\u00bb background_position=\u00a0\u00bbtop_left\u00a0\u00bb background_repeat=\u00a0\u00bbrepeat\u00a0\u00bb]<!-- divi:paragraph --><!-- \/divi:paragraph --><\/p>\n<p>\u00a0<strong style=\"color: #333333;font-size: 18px\">Pri\u00e8res \u00e0 m\u00e9diter<\/strong><\/p>\n<p><!-- \/divi:heading --><!-- divi:list --><\/p>\n<ul>\n<li><strong><a href=\"https:\/\/catholiques17.fr\/haute-saintonge\/paroisses\/conte-malien\/\" target=\"_blank\" rel=\"noreferrer noopener\">Conte Malien en lien avec la parabole des talents<\/a><\/strong><\/li>\n<li><strong><a rel=\"noreferrer noopener\" href=\"https:\/\/catholiques17.fr\/haute-saintonge\/paroisses\/priere-a-loccasion-de-la-semaine-missionnaire-mondiale\/\" target=\"_blank\">Pri\u00e8re \u00e0 l\u2019occasion de la semaine missionnaire mondiale<\/a><\/strong><\/li>\n<li><strong><a rel=\"noreferrer noopener\" href=\"https:\/\/catholiques17.fr\/haute-saintonge\/paroisses\/intention-de-priere-du-pape-pour-septembre-2020\/\" target=\"_blank\">Intention de pri\u00e8res universelles pour septembre 2020<\/a><\/strong><\/li>\n<li><strong><a rel=\"noreferrer noopener\" href=\"https:\/\/catholiques17.fr\/haute-saintonge\/paroisses\/priere-du-pape-francois-a-notre-dame-du-divin-amour-face-a-lepidemie\/\" target=\"_blank\">Pri\u00e8re du Pape Fran\u00e7ois \u00e0 Notre Dame du Divin Amour<\/a><\/strong><\/li>\n<li><a rel=\"noreferrer noopener\" href=\"https:\/\/catholiques17.fr\/haute-saintonge\/prieres-tej\/a-laube-des-recommencements\/\" target=\"_blank\">A L\u2019AUBE DES RECOMMENCEMENTS<\/a><\/li>\n<li><a rel=\"noreferrer noopener\" href=\"https:\/\/catholiques17.fr\/haute-saintonge\/prieres-tej\/a-lesprit-qui-eveille-leglise\/\" target=\"_blank\">A L\u2019ESPRIT QUI \u00c9VEILLE L\u2019EGLISE<\/a><\/li>\n<li><a rel=\"noreferrer noopener\" href=\"https:\/\/catholiques17.fr\/haute-saintonge\/prieres-tej\/priere-a-nore-dame-du-sacre-coeur-a-lheure-de-la-solitude\/\" target=\"_blank\">PRI\u00c8RE A NOTRE DAME DU SACRE C\u0152UR A L\u2019HEURE DE LA SOLITUDE<\/a><\/li>\n<li><a rel=\"noreferrer noopener\" href=\"https:\/\/catholiques17.fr\/haute-saintonge\/prieres-tej\/a-marie-pour-les-malades\/\" target=\"_blank\">A MARIE, POUR LES MALADES<\/a><\/li>\n<li><a rel=\"noreferrer noopener\" href=\"https:\/\/catholiques17.fr\/haute-saintonge\/prieres-tej\/a-tous-les-saints\/\" target=\"_blank\">A TOUS LES SAINTS<\/a><\/li>\n<li><a rel=\"noreferrer noopener\" href=\"https:\/\/catholiques17.fr\/haute-saintonge\/prieres-tej\/o-mon-dieu-trinite-bienheureuse\/\" target=\"_blank\">\u00d4, mon Dieu, trinit\u00e9 bienheureuse<\/a><\/li>\n<li><a rel=\"noreferrer noopener\" href=\"https:\/\/catholiques17.fr\/haute-saintonge\/prieres-tej\/avec-mes-ombres-et-mes-lumieres\/\" target=\"_blank\">Avec mes ombres et mes lumi\u00e8res<\/a><\/li>\n<li><a rel=\"noreferrer noopener\" href=\"https:\/\/catholiques17.fr\/haute-saintonge\/prieres-tej\/vois-jesus-les-peuples-des-vertes-forets\/\" target=\"_blank\">Vois, J\u00e9sus, les peuples des vertes for\u00eats,<\/a><\/li>\n<li><a rel=\"noreferrer noopener\" href=\"https:\/\/catholiques17.fr\/haute-saintonge\/prieres-tej\/vois-jesus\/\" target=\"_blank\">Vois J\u00e9sus<\/a><\/li>\n<li><a rel=\"noreferrer noopener\" href=\"https:\/\/catholiques17.fr\/haute-saintonge\/prieres-tej\/de-frere-roger-taize\/\" target=\"_blank\">De Fr\u00e8re Roger (Taiz\u00e9)<\/a><\/li>\n<li><a rel=\"noreferrer noopener\" href=\"https:\/\/catholiques17.fr\/haute-saintonge\/prieres-tej\/demandes-denfants\/\" target=\"_blank\">Demandes d\u2019enfants<\/a><\/li>\n<li><a rel=\"noreferrer noopener\" href=\"https:\/\/catholiques17.fr\/haute-saintonge\/prieres-tej\/devenir-lumiere\/\" target=\"_blank\">Devenir lumi\u00e8re<\/a><\/li>\n<li><a rel=\"noreferrer noopener\" href=\"https:\/\/catholiques17.fr\/haute-saintonge\/prieres-tej\/devenir-lumiere\/\" target=\"_blank\">Donne ta lumi\u00e8re<\/a><\/li>\n<li><a rel=\"noreferrer noopener\" href=\"https:\/\/catholiques17.fr\/haute-saintonge\/prieres-tej\/donne-ta-paix-priere-oecumenique\/\" target=\"_blank\">Donne ta paix (pri\u00e8re oecumenique)<\/a><\/li>\n<li><a rel=\"noreferrer noopener\" href=\"https:\/\/catholiques17.fr\/haute-saintonge\/prieres-tej\/eclaire-ma-journee-passee\/\" target=\"_blank\">\u00c9claire ma journ\u00e9e pass\u00e9e<\/a><\/li>\n<li><a rel=\"noreferrer noopener\" href=\"https:\/\/catholiques17.fr\/haute-saintonge\/prieres-tej\/en-attente-dun-amour\/\" target=\"_blank\">En attente d\u2019un amour<\/a><\/li>\n<li><a rel=\"noreferrer noopener\" href=\"https:\/\/catholiques17.fr\/haute-saintonge\/prieres-tej\/priere-desperance-de-soeur-emmanuelle\/\" target=\"_blank\">Pri\u00e8re d\u2019esp\u00e9rance de S\u0153ur Emmanuelle<\/a><\/li>\n<li><a rel=\"noreferrer noopener\" href=\"https:\/\/catholiques17.fr\/haute-saintonge\/prieres-tej\/esperance\/\" target=\"_blank\">Esp\u00e9rance<\/a><\/li>\n<\/ul>\n<p>&nbsp;<\/p>\n<p>&nbsp;<\/p>\n<p>&nbsp;<\/p>\n<p>&nbsp;<\/p>\n<p>&nbsp;<\/p>\n<p><!-- \/divi:list -->[\/et_pb_text][\/et_pb_column][\/et_pb_row][\/et_pb_section]<\/p>\n","protected":false},"excerpt":{"rendered":"<p>Vous souhaitez que le groupe de pri\u00e8res sur la paroisse lise et exprime votre pri\u00e8re en votre nom ? \u00a0Pri\u00e8res \u00e0 m\u00e9diter Conte Malien en lien avec la parabole des [&hellip;]<\/p>\n","protected":false},"author":31,"featured_media":0,"parent":0,"menu_order":0,"comment_status":"closed","ping_status":"closed","template":"","meta":{"_et_pb_use_builder":"on","_et_pb_old_content":"<!-- wp:paragraph -->\n<p>Vous souhaitez que le groupe de pri\u00e8res sur la paroisse lise et exprime votre pri\u00e8re en votre nom, alors d\u00e9posez celle-ci dans le lien ci-dessous, merci.<\/p>\n<!-- \/wp:paragraph -->\n\n<!-- wp:paragraph -->\n<p><strong>D\u00e9posez votre intention de pri\u00e8re<\/strong><\/p>\n<!-- \/wp:paragraph -->\n\n<!-- wp:heading {\"level\":4} -->\n<h4><strong>Pri\u00e8res \u00e0 m\u00e9diter<\/strong><\/h4>\n<!-- \/wp:heading -->\n\n<!-- wp:list -->\n<ul><li><strong><a href=\"https:\/\/catholiques17.fr\/haute-saintonge\/paroisses\/conte-malien\/\" target=\"_blank\" rel=\"noreferrer noopener\">Conte Malien en lien avec la parabole des talents<\/a><\/strong><\/li><li><strong><a rel=\"noreferrer noopener\" href=\"https:\/\/catholiques17.fr\/haute-saintonge\/paroisses\/priere-a-loccasion-de-la-semaine-missionnaire-mondiale\/\" target=\"_blank\">Pri\u00e8re \u00e0 l\u2019occasion de la semaine missionnaire mondiale<\/a><\/strong><\/li><li><strong><a rel=\"noreferrer noopener\" href=\"https:\/\/catholiques17.fr\/haute-saintonge\/paroisses\/intention-de-priere-du-pape-pour-septembre-2020\/\" target=\"_blank\">Intention de pri\u00e8res universelles pour septembre 2020<\/a><\/strong><\/li><li><strong><a rel=\"noreferrer noopener\" href=\"https:\/\/catholiques17.fr\/haute-saintonge\/paroisses\/priere-du-pape-francois-a-notre-dame-du-divin-amour-face-a-lepidemie\/\" target=\"_blank\">Pri\u00e8re du Pape Fran\u00e7ois \u00e0 Notre Dame du Divin Amour<\/a><\/strong><\/li><li><a rel=\"noreferrer noopener\" href=\"https:\/\/catholiques17.fr\/haute-saintonge\/prieres-tej\/a-laube-des-recommencements\/\" target=\"_blank\">A L\u2019AUBE DES RECOMMENCEMENTS<\/a><\/li><li><a rel=\"noreferrer noopener\" href=\"https:\/\/catholiques17.fr\/haute-saintonge\/prieres-tej\/a-lesprit-qui-eveille-leglise\/\" target=\"_blank\">A L\u2019ESPRIT QUI \u00c9VEILLE L\u2019EGLISE<\/a><\/li><li><a rel=\"noreferrer noopener\" href=\"https:\/\/catholiques17.fr\/haute-saintonge\/prieres-tej\/priere-a-nore-dame-du-sacre-coeur-a-lheure-de-la-solitude\/\" target=\"_blank\">PRI\u00c8RE A NOTRE DAME DU SACRE C\u0152UR A L\u2019HEURE DE LA SOLITUDE<\/a><\/li><li><a rel=\"noreferrer noopener\" href=\"https:\/\/catholiques17.fr\/haute-saintonge\/prieres-tej\/a-marie-pour-les-malades\/\" target=\"_blank\">A MARIE, POUR LES MALADES<\/a><\/li><li><a rel=\"noreferrer noopener\" href=\"https:\/\/catholiques17.fr\/haute-saintonge\/prieres-tej\/a-tous-les-saints\/\" target=\"_blank\">A TOUS LES SAINTS<\/a><\/li><li><a rel=\"noreferrer noopener\" href=\"https:\/\/catholiques17.fr\/haute-saintonge\/prieres-tej\/o-mon-dieu-trinite-bienheureuse\/\" target=\"_blank\">\u00d4, mon Dieu, trinit\u00e9 bienheureuse<\/a><\/li><li><a rel=\"noreferrer noopener\" href=\"https:\/\/catholiques17.fr\/haute-saintonge\/prieres-tej\/avec-mes-ombres-et-mes-lumieres\/\" target=\"_blank\">Avec mes ombres et mes lumi\u00e8res<\/a><\/li><li><a rel=\"noreferrer noopener\" href=\"https:\/\/catholiques17.fr\/haute-saintonge\/prieres-tej\/vois-jesus-les-peuples-des-vertes-forets\/\" target=\"_blank\">Vois, J\u00e9sus, les peuples des vertes for\u00eats,<\/a><\/li><li><a rel=\"noreferrer noopener\" href=\"https:\/\/catholiques17.fr\/haute-saintonge\/prieres-tej\/vois-jesus\/\" target=\"_blank\">Vois J\u00e9sus<\/a><\/li><li><a rel=\"noreferrer noopener\" href=\"https:\/\/catholiques17.fr\/haute-saintonge\/prieres-tej\/de-frere-roger-taize\/\" target=\"_blank\">De Fr\u00e8re Roger (Taiz\u00e9)<\/a><\/li><li><a rel=\"noreferrer noopener\" href=\"https:\/\/catholiques17.fr\/haute-saintonge\/prieres-tej\/demandes-denfants\/\" target=\"_blank\">Demandes d\u2019enfants<\/a><\/li><li><a rel=\"noreferrer noopener\" href=\"https:\/\/catholiques17.fr\/haute-saintonge\/prieres-tej\/devenir-lumiere\/\" target=\"_blank\">Devenir lumi\u00e8re<\/a><\/li><li><a rel=\"noreferrer noopener\" href=\"https:\/\/catholiques17.fr\/haute-saintonge\/prieres-tej\/devenir-lumiere\/\" target=\"_blank\">Donne ta lumi\u00e8re<\/a><\/li><li><a rel=\"noreferrer noopener\" href=\"https:\/\/catholiques17.fr\/haute-saintonge\/prieres-tej\/donne-ta-paix-priere-oecumenique\/\" target=\"_blank\">Donne ta paix (pri\u00e8re oecumenique)<\/a><\/li><li><a rel=\"noreferrer noopener\" href=\"https:\/\/catholiques17.fr\/haute-saintonge\/prieres-tej\/eclaire-ma-journee-passee\/\" target=\"_blank\">\u00c9claire ma journ\u00e9e pass\u00e9e<\/a><\/li><li><a rel=\"noreferrer noopener\" href=\"https:\/\/catholiques17.fr\/haute-saintonge\/prieres-tej\/en-attente-dun-amour\/\" target=\"_blank\">En attente d\u2019un amour<\/a><\/li><li><a rel=\"noreferrer noopener\" href=\"https:\/\/catholiques17.fr\/haute-saintonge\/prieres-tej\/priere-desperance-de-soeur-emmanuelle\/\" target=\"_blank\">Pri\u00e8re d\u2019esp\u00e9rance de S\u0153ur Emmanuelle<\/a><\/li><li><a rel=\"noreferrer noopener\" href=\"https:\/\/catholiques17.fr\/haute-saintonge\/prieres-tej\/esperance\/\" target=\"_blank\">Esp\u00e9rance<\/a><\/li><\/ul>\n<!-- \/wp:list -->","_et_gb_content_width":"","footnotes":""},"class_list":["post-4764","page","type-page","status-publish","hentry"],"_links":{"self":[{"href":"https:\/\/catholiques17.fr\/montlieu\/wp-json\/wp\/v2\/pages\/4764","targetHints":{"allow":["GET"]}}],"collection":[{"href":"https:\/\/catholiques17.fr\/montlieu\/wp-json\/wp\/v2\/pages"}],"about":[{"href":"https:\/\/catholiques17.fr\/montlieu\/wp-json\/wp\/v2\/types\/page"}],"author":[{"embeddable":true,"href":"https:\/\/catholiques17.fr\/montlieu\/wp-json\/wp\/v2\/users\/31"}],"replies":[{"embeddable":true,"href":"https:\/\/catholiques17.fr\/montlieu\/wp-json\/wp\/v2\/comments?post=4764"}],"version-history":[{"count":7,"href":"https:\/\/catholiques17.fr\/montlieu\/wp-json\/wp\/v2\/pages\/4764\/revisions"}],"predecessor-version":[{"id":5612,"href":"https:\/\/catholiques17.fr\/montlieu\/wp-json\/wp\/v2\/pages\/4764\/revisions\/5612"}],"wp:attachment":[{"href":"https:\/\/catholiques17.fr\/montlieu\/wp-json\/wp\/v2\/media?parent=4764"}],"curies":[{"name":"wp","href":"https:\/\/api.w.org\/{rel}","templated":true}]}}