{"id":4736,"date":"2021-03-25T13:27:40","date_gmt":"2021-03-25T12:27:40","guid":{"rendered":"https:\/\/catholiques17.fr\/montlieu\/?page_id=4736"},"modified":"2023-07-09T10:30:51","modified_gmt":"2023-07-09T08:30:51","slug":"les-equipes-liturgiques","status":"publish","type":"page","link":"https:\/\/catholiques17.fr\/montlieu\/les-groupes-paroissiaux\/les-equipes-liturgiques\/","title":{"rendered":"Les \u00e9quipes liturgiques"},"content":{"rendered":"\n<p>Plusieurs \u00e9quipes pr\u00e9parent les c\u00e9l\u00e9brations dans la paroisse et se retrouvent pour les rendre vivantes et priantes. Elles impriment un caract\u00e8re \u00e0 la c\u00e9l\u00e9bration et donne une \u00e2me \u00e0 la liturgie.<\/p>\n\n\n\n<p>La parole de Dieu est au c\u0153ur de ces rencontres.<\/p>\n\n\n\n<p><strong>1\u00b0 dimanche du mois\u00a0: Chepniers \u2013 Chevanceaux \u2013 Montlieu la Garde<\/strong><br>Dominique Bossuet (Chevanceaux)<br>Guilaine Lietard <br>Nicole Ambaud (Chevanceaux)<br>\u00a0\u00a0\u00a0\u00a0\u00a0 \u00a0\u00a0\u00a0\u00a0\u00a0<em>Animatrice\u00a0: Dominique Bossuet<\/em><\/p>\n\n\n\n<p><strong>2\u00b0 dimanche du mois&nbsp;: Cl\u00e9rac<\/strong><br>Monique Paill\u00e9 (Cl\u00e9rac)<br>Marie-Jo Bellot (Cl\u00e9rac)<br>&nbsp;&nbsp;&nbsp;&nbsp;<em>Animatrice&nbsp;: Monique Paill\u00e9<\/em><\/p>\n\n\n\n<p><strong>3\u00b0 dimanche du mois&nbsp;: Neuvicq \u2013 Boresse \u2013 Montguyon \u2013 St Martin d\u2019Ary<\/strong><br>Germaine Musseau (Neuvicq)<br>Jean-Jacques Preuilh (Neuvicq)<br>Nelly Couchouron (Saint Martin d\u2019Ary)<br>Anne-Marie Couchouron (Saint Martin d\u2019Ary)<br>&nbsp;&nbsp;&nbsp;&nbsp;&nbsp;&nbsp;&nbsp;&nbsp;&nbsp;&nbsp;&nbsp;&nbsp;&nbsp;&nbsp;&nbsp;&nbsp;<em>Animateur&nbsp;: Jean-Jacques Preuilh<\/em><\/p>\n\n\n\n<p><strong>4\u00b0 et 5\u00b0 dimanche du mois&nbsp;: Cercoux \u2013 St Pierre du Palais<\/strong><br>Mauricette B\u00e9bin (Cercoux)<br>Fran\u00e7oise Piquet (Cercoux)<br>Fran\u00e7oise Blanc (Cercoux)<br>Gabrielle PINTO<br><em>Animateur&nbsp;: Jacques Piquet<\/em><\/p>\n","protected":false},"excerpt":{"rendered":"<p>Plusieurs \u00e9quipes pr\u00e9parent les c\u00e9l\u00e9brations dans la paroisse et se retrouvent pour les rendre vivantes et priantes. Elles impriment un caract\u00e8re \u00e0 la c\u00e9l\u00e9bration et donne une \u00e2me \u00e0 la [&hellip;]<\/p>\n","protected":false},"author":31,"featured_media":0,"parent":5627,"menu_order":0,"comment_status":"closed","ping_status":"closed","template":"","meta":{"_et_pb_use_builder":"off","_et_pb_old_content":"<!-- wp:paragraph -->\n<p>Plusieurs \u00e9quipes pr\u00e9parent les c\u00e9l\u00e9brations dans la paroisse et se retrouvent pour les rendre vivantes et priantes. Elles impriment un caract\u00e8re \u00e0 la c\u00e9l\u00e9bration et donne une \u00e2me \u00e0 la liturgie.<\/p>\n<!-- \/wp:paragraph -->\n\n<!-- wp:paragraph -->\n<p>La parole de Dieu est au c\u0153ur de ces rencontres.<\/p>\n<!-- \/wp:paragraph -->\n\n<!-- wp:paragraph -->\n<p><strong>1\u00b0 dimanche du mois&nbsp;: Chepniers \u2013 Chevanceaux \u2013 Montlieu la Garde<\/strong><br>Nicole Ambaud (Chevanceaux)<br>Dominique Bossuet (Chevanceaux)<br>&nbsp;&nbsp;&nbsp;&nbsp;&nbsp; &nbsp;&nbsp;&nbsp;&nbsp;&nbsp;<em>Animatrice&nbsp;: Dominique Bossuet<\/em><\/p>\n<!-- \/wp:paragraph -->\n\n<!-- wp:paragraph -->\n<p><strong>2\u00b0 dimanche du mois&nbsp;: Cl\u00e9rac<\/strong><br>Monique Paill\u00e9 (Cl\u00e9rac)<br>Marie-Jo Bellot (Cl\u00e9rac)<br>&nbsp;&nbsp;&nbsp;&nbsp;<em>Animatrice&nbsp;: Monique Paill\u00e9<\/em><\/p>\n<!-- \/wp:paragraph -->\n\n<!-- wp:paragraph -->\n<p><strong>3\u00b0 dimanche du mois&nbsp;: Neuvicq \u2013 Boresse \u2013 Montguyon \u2013 St Martin d\u2019Ary<\/strong><br>Germaine Musseau (Neuvicq)<br>Jean-Jacques Preuilh (Neuvicq)<br>Nelly Couchouron (Saint Martin d\u2019Ary)<br>Anne-Marie Couchouron (Saint Martin d\u2019Ary)<br>&nbsp;&nbsp;&nbsp;&nbsp;&nbsp;&nbsp;&nbsp;&nbsp;&nbsp;&nbsp;&nbsp;&nbsp;&nbsp;&nbsp;&nbsp;&nbsp;<em>Animateur&nbsp;: Jean-Jacques Preuilh<\/em><\/p>\n<!-- \/wp:paragraph -->\n\n<!-- wp:paragraph -->\n<p><strong>4\u00b0 et 5\u00b0 dimanche du mois\u00a0: Cercoux \u2013 St Pierre du Palais<\/strong><br>Mauricette B\u00e9bin (Cercoux)<br>Fran\u00e7oise Piquet (Cercoux)<br>Fran\u00e7oise Blanc (Cercoux)<br>Gabrielle PINTO<br><em>Animateur\u00a0: Jacques Piquet<\/em><\/p>\n<!-- \/wp:paragraph -->","_et_gb_content_width":"","footnotes":""},"class_list":["post-4736","page","type-page","status-publish","hentry"],"_links":{"self":[{"href":"https:\/\/catholiques17.fr\/montlieu\/wp-json\/wp\/v2\/pages\/4736","targetHints":{"allow":["GET"]}}],"collection":[{"href":"https:\/\/catholiques17.fr\/montlieu\/wp-json\/wp\/v2\/pages"}],"about":[{"href":"https:\/\/catholiques17.fr\/montlieu\/wp-json\/wp\/v2\/types\/page"}],"author":[{"embeddable":true,"href":"https:\/\/catholiques17.fr\/montlieu\/wp-json\/wp\/v2\/users\/31"}],"replies":[{"embeddable":true,"href":"https:\/\/catholiques17.fr\/montlieu\/wp-json\/wp\/v2\/comments?post=4736"}],"version-history":[{"count":17,"href":"https:\/\/catholiques17.fr\/montlieu\/wp-json\/wp\/v2\/pages\/4736\/revisions"}],"predecessor-version":[{"id":6308,"href":"https:\/\/catholiques17.fr\/montlieu\/wp-json\/wp\/v2\/pages\/4736\/revisions\/6308"}],"up":[{"embeddable":true,"href":"https:\/\/catholiques17.fr\/montlieu\/wp-json\/wp\/v2\/pages\/5627"}],"wp:attachment":[{"href":"https:\/\/catholiques17.fr\/montlieu\/wp-json\/wp\/v2\/media?parent=4736"}],"curies":[{"name":"wp","href":"https:\/\/api.w.org\/{rel}","templated":true}]}}