{"id":4675,"date":"2021-03-25T12:55:16","date_gmt":"2021-03-25T11:55:16","guid":{"rendered":"https:\/\/catholiques17.fr\/montlieu\/?page_id=4675"},"modified":"2023-04-08T12:54:54","modified_gmt":"2023-04-08T10:54:54","slug":"eglise-de-sainte-colombe","status":"publish","type":"page","link":"https:\/\/catholiques17.fr\/montlieu\/nos-eglises\/eglise-de-sainte-colombe\/","title":{"rendered":"Eglise de Sainte-Colombe"},"content":{"rendered":"<p>[et_pb_section fb_built=\u00a0\u00bb1&Prime; _builder_version=\u00a0\u00bb4.17.6&Prime; _module_preset=\u00a0\u00bbdefault\u00a0\u00bb custom_padding=\u00a0\u00bb8px|||||\u00a0\u00bb global_colors_info=\u00a0\u00bb{}\u00a0\u00bb theme_builder_area=\u00a0\u00bbet_body_layout\u00a0\u00bb][et_pb_row _builder_version=\u00a0\u00bb4.17.6&Prime; _module_preset=\u00a0\u00bbdefault\u00a0\u00bb custom_padding=\u00a0\u00bb14px|||||\u00a0\u00bb global_colors_info=\u00a0\u00bb{}\u00a0\u00bb theme_builder_area=\u00a0\u00bbet_body_layout\u00a0\u00bb][et_pb_column type=\u00a0\u00bb4_4&Prime; _builder_version=\u00a0\u00bb4.17.6&Prime; _module_preset=\u00a0\u00bbdefault\u00a0\u00bb global_colors_info=\u00a0\u00bb{}\u00a0\u00bb theme_builder_area=\u00a0\u00bbet_body_layout\u00a0\u00bb][et_pb_image src=\u00a0\u00bbhttps:\/\/catholiques17.fr\/montlieu\/wp-content\/uploads\/sites\/22\/2023\/04\/499_02.jpg\u00a0\u00bb title_text=\u00a0\u00bb499_02&Prime; align=\u00a0\u00bbcenter\u00a0\u00bb _builder_version=\u00a0\u00bb4.17.6&Prime; _module_preset=\u00a0\u00bbdefault\u00a0\u00bb animation_style=\u00a0\u00bbslide\u00a0\u00bb hover_enabled=\u00a0\u00bb0&Prime; border_radii=\u00a0\u00bbon|20px|20px|20px|20px\u00a0\u00bb global_colors_info=\u00a0\u00bb{}\u00a0\u00bb theme_builder_area=\u00a0\u00bbet_body_layout\u00a0\u00bb sticky_enabled=\u00a0\u00bb0&Prime;][\/et_pb_image][\/et_pb_column][\/et_pb_row][et_pb_row _builder_version=\u00a0\u00bb4.17.6&Prime; _module_preset=\u00a0\u00bbdefault\u00a0\u00bb global_colors_info=\u00a0\u00bb{}\u00a0\u00bb theme_builder_area=\u00a0\u00bbet_body_layout\u00a0\u00bb][et_pb_column type=\u00a0\u00bb4_4&Prime; _builder_version=\u00a0\u00bb4.17.6&Prime; _module_preset=\u00a0\u00bbdefault\u00a0\u00bb global_colors_info=\u00a0\u00bb{}\u00a0\u00bb theme_builder_area=\u00a0\u00bbet_body_layout\u00a0\u00bb][et_pb_text _builder_version=\u00a0\u00bb4.17.6&Prime; _module_preset=\u00a0\u00bbdefault\u00a0\u00bb hover_enabled=\u00a0\u00bb0&Prime; global_colors_info=\u00a0\u00bb{}\u00a0\u00bb theme_builder_area=\u00a0\u00bbet_body_layout\u00a0\u00bb sticky_enabled=\u00a0\u00bb0&Prime;]<\/p>\n<p>Sainte-Colombe, \u00e9glise SaintEutrope.<br \/>Isol\u00e9e dans la campagne, c\u2019est une des rares \u00e9glises de la r\u00e9gion avec Neuvicq et Saint-Martin-d\u2019Avy \u00e0 avoir gard\u00e9 une fa\u00e7ade romane presque intacte.<\/p>\n<p><strong>Un peu d\u2019histoire\u00a0:<\/strong><\/p>\n<p>Notre commune doit son nom, de la sainte \u00e9ponyme, vierge et martyre de Sens au III\u00b0 si\u00e8cle. Sainte Colombe est pour la premi\u00e8re fois mentionn\u00e9 dans un acte du cartulaire de Baignes, lorsque Foucaud d\u2019Archiac a fait un don \u00e0 la paroisse, don confirm\u00e9 par son neveu Ad\u00e9mar entre 1098 et 1109. La paroisse \u00e9tait en partie dans la seigneurie de Montlieu et de Chaux et relevait de l\u2019\u00e9v\u00eaque de Saintes. En 1698, l\u2019imposition de la paroisse \u00e9tait de 125 livres et le seigneur en \u00e9tait la princesse d\u2019Epinoy, dame de Montlieu. De 1794 \u00e0 1796, Sainte Colombe a \u00e9t\u00e9 rebaptis\u00e9e Bellair. C\u2019est en 1831 que la population a \u00e9t\u00e9 la plus nombreuse avec 329 habitants.<\/p>\n<p>C&rsquo;est sans doute parce qu&rsquo;elle est \u00e9loign\u00e9e des grands axes qu\u2019elle a \u00e9t\u00e9 \u00e9pargn\u00e9e par les guerres. \u00c0 contrario, c&rsquo;est sans doute pour les m\u00eames raisons, mais aussi parce qu&rsquo;elle se dresse sur une colline expos\u00e9e aux intemp\u00e9ries que ses pierres sont \u00e9rod\u00e9es.<br \/>Sa fa\u00e7ade se caract\u00e9rise principalement par la superposition de deux registres avec n\u00e9anmoins quelques particularit\u00e9s.<br \/>L&rsquo;arcature de la porte occupe toute la longueur de la fa\u00e7ade. Les trois voussures, l\u00e9g\u00e8rement moulur\u00e9es, sont soulign\u00e9es d&rsquo;un cordon \u00e0 fleurs et \u00e0 \u00e9toiles fortement alt\u00e9r\u00e9es. Le cordon ext\u00e9rieur se retourne horizontalement et se prolonge sur l&#8217;embase des contreforts plats jusque sur les c\u00f4t\u00e9s. Six colonnettes annel\u00e9es supportent les arcs.<br \/>Le deuxi\u00e8me registre est d&rsquo;une proportion tr\u00e8s \u00e9lev\u00e9e. Cinq arcs sur de hautes colonnes surmont\u00e9es d\u2019une corniche \u00e0 encadrement s&rsquo;inscrivent dans le pignon. Chaque cintre est accompagn\u00e9 d&rsquo;un onglet orn\u00e9 de motifs simples.<br \/>Chacun repose sur des colonnettes \u00e0 chapiteaux sculpt\u00e9s de feuillages et de rayures. L&rsquo;arc central porte la trace d&rsquo;une petite baie mur\u00e9e avec une pierre \u00e9trangement perc\u00e9e de petits trous.<br \/>Les murs lat\u00e9raux ainsi que le clocher ont \u00e9t\u00e9 reconstruits en moellons. Le clocher massif avec ses petites ouvertures n&rsquo;a gard\u00e9 de son origine que la base de la tour d&rsquo;escalier, le reste ayant \u00e9t\u00e9 d\u00e9truit par la chute de l&rsquo;ancien clocher.<br \/>La nef, d\u00e9sax\u00e9e par rapport au clocher, est d\u00e9pourvue de colonnes et d&rsquo;ornements. Le chevet droit prend jour \u00e0 l&rsquo;est par une large baie ogivale \u00e0 meneau. Au niveau du ch\u0153ur subsistent des vestiges de rots de colonnes. Derri\u00e8re les murs blanchis \u00e0 la chaux, un d\u00e9cor peint, ruban et fleurs rouges et bleues probablement du XIXe si\u00e8cle.<br \/>L&rsquo;entr\u00e9e de l&rsquo;\u00e9difice se fait par le c\u00f4t\u00e9 dans une rang\u00e9e de constructions rurales accol\u00e9es \u00e0 l&rsquo;\u00e9glise.<\/p>\n<p>La fa\u00e7ade occidentale \u00e0 \u00e9t\u00e9 inscrite \u00e0 l\u2019inventaire des monuments historiques le 8 octobre 1986.<br \/>Cuve baptismale en pierre sculpt\u00e9e du XIIe si\u00e8cle<br \/>B\u00e9nitier en pierre, table de communion.<\/p>\n<p>[\/et_pb_text][\/et_pb_column][\/et_pb_row][et_pb_row column_structure=\u00a0\u00bb1_3,1_3,1_3&Prime; _builder_version=\u00a0\u00bb4.17.6&Prime; _module_preset=\u00a0\u00bbdefault\u00a0\u00bb global_colors_info=\u00a0\u00bb{}\u00a0\u00bb theme_builder_area=\u00a0\u00bbet_body_layout\u00a0\u00bb][et_pb_column type=\u00a0\u00bb1_3&Prime; _builder_version=\u00a0\u00bb4.17.6&Prime; _module_preset=\u00a0\u00bbdefault\u00a0\u00bb global_colors_info=\u00a0\u00bb{}\u00a0\u00bb theme_builder_area=\u00a0\u00bbet_body_layout\u00a0\u00bb][et_pb_image src=\u00a0\u00bbhttps:\/\/catholiques17.fr\/montlieu\/wp-content\/uploads\/sites\/22\/2023\/04\/Eglise-Sainte-Colombe-1536&#215;1147-1.jpeg\u00a0\u00bb title_text=\u00a0\u00bbEglise-Sainte-Colombe-1536&#215;1147-1&Prime; show_in_lightbox=\u00a0\u00bbon\u00a0\u00bb align=\u00a0\u00bbcenter\u00a0\u00bb _builder_version=\u00a0\u00bb4.17.6&Prime; _module_preset=\u00a0\u00bbdefault\u00a0\u00bb hover_enabled=\u00a0\u00bb0&Prime; border_radii=\u00a0\u00bbon|20px|20px|20px|20px\u00a0\u00bb border_width_all=\u00a0\u00bb1px\u00a0\u00bb border_color_all=\u00a0\u00bb#FF8C00&Prime; global_colors_info=\u00a0\u00bb{}\u00a0\u00bb theme_builder_area=\u00a0\u00bbet_body_layout\u00a0\u00bb sticky_enabled=\u00a0\u00bb0&Prime;][\/et_pb_image][\/et_pb_column][et_pb_column type=\u00a0\u00bb1_3&Prime; _builder_version=\u00a0\u00bb4.17.6&Prime; _module_preset=\u00a0\u00bbdefault\u00a0\u00bb global_colors_info=\u00a0\u00bb{}\u00a0\u00bb theme_builder_area=\u00a0\u00bbet_body_layout\u00a0\u00bb][et_pb_image src=\u00a0\u00bbhttps:\/\/catholiques17.fr\/montlieu\/wp-content\/uploads\/sites\/22\/2023\/04\/telechargement.jpg\u00a0\u00bb title_text=\u00a0\u00bbt\u00e9l\u00e9chargement\u00a0\u00bb show_in_lightbox=\u00a0\u00bbon\u00a0\u00bb align=\u00a0\u00bbcenter\u00a0\u00bb _builder_version=\u00a0\u00bb4.17.6&Prime; _module_preset=\u00a0\u00bbdefault\u00a0\u00bb hover_enabled=\u00a0\u00bb0&Prime; border_radii=\u00a0\u00bbon|20px|20px|20px|20px\u00a0\u00bb border_width_all=\u00a0\u00bb1px\u00a0\u00bb border_color_all=\u00a0\u00bb#FF8C00&Prime; global_colors_info=\u00a0\u00bb{}\u00a0\u00bb theme_builder_area=\u00a0\u00bbet_body_layout\u00a0\u00bb sticky_enabled=\u00a0\u00bb0&Prime;][\/et_pb_image][\/et_pb_column][et_pb_column type=\u00a0\u00bb1_3&Prime; _builder_version=\u00a0\u00bb4.17.6&Prime; _module_preset=\u00a0\u00bbdefault\u00a0\u00bb global_colors_info=\u00a0\u00bb{}\u00a0\u00bb theme_builder_area=\u00a0\u00bbet_body_layout\u00a0\u00bb][et_pb_image src=\u00a0\u00bbhttps:\/\/catholiques17.fr\/montlieu\/wp-content\/uploads\/sites\/22\/2023\/04\/499_01.jpg\u00a0\u00bb title_text=\u00a0\u00bb499_01&Prime; show_in_lightbox=\u00a0\u00bbon\u00a0\u00bb align=\u00a0\u00bbcenter\u00a0\u00bb _builder_version=\u00a0\u00bb4.17.6&Prime; _module_preset=\u00a0\u00bbdefault\u00a0\u00bb hover_enabled=\u00a0\u00bb0&Prime; border_radii=\u00a0\u00bbon|20px|20px|20px|20px\u00a0\u00bb border_width_all=\u00a0\u00bb1px\u00a0\u00bb border_color_all=\u00a0\u00bb#FF8C00&Prime; global_colors_info=\u00a0\u00bb{}\u00a0\u00bb theme_builder_area=\u00a0\u00bbet_body_layout\u00a0\u00bb sticky_enabled=\u00a0\u00bb0&Prime;][\/et_pb_image][\/et_pb_column][\/et_pb_row][\/et_pb_section]<\/p>\n","protected":false},"excerpt":{"rendered":"<p>Sainte-Colombe, \u00e9glise SaintEutrope.Isol\u00e9e dans la campagne, c\u2019est une des rares \u00e9glises de la r\u00e9gion avec Neuvicq et Saint-Martin-d\u2019Avy \u00e0 avoir gard\u00e9 une fa\u00e7ade romane presque intacte. Un peu d\u2019histoire\u00a0: Notre [&hellip;]<\/p>\n","protected":false},"author":31,"featured_media":0,"parent":4622,"menu_order":0,"comment_status":"closed","ping_status":"closed","template":"","meta":{"_et_pb_use_builder":"on","_et_pb_old_content":"<!-- wp:paragraph -->\n<p><strong>EGLISE DE SAINTE COLOMBE&nbsp; (17210)<\/strong><\/p>\n<!-- \/wp:paragraph -->\n\n<!-- wp:paragraph -->\n<p><strong>Un peu d\u2019histoire\u00a0:<\/strong><\/p>\n<!-- \/wp:paragraph -->\n\n<!-- wp:paragraph -->\n<p>Notre commune doit son nom, de la sainte \u00e9ponyme, vierge et martyre de Sens au III\u00b0 si\u00e8cle. Sainte Colombe est pour la premi\u00e8re fois mentionn\u00e9 dans un acte du cartulaire de Baignes, lorsque Foucaud d\u2019Archiac a fait un don \u00e0 la paroisse, don confirm\u00e9 par son neveu Ad\u00e9mar entre 1098 et 1109. La paroisse \u00e9tait en partie dans la seigneurie de Montlieu et de Chaux et relevait de l\u2019\u00e9v\u00eaque de Saintes. En 1698, l\u2019imposition de la paroisse \u00e9tait de 125 livres et le seigneur en \u00e9tait la princesse d\u2019Epinoy, dame de Montlieu. De 1794 \u00e0 1796, Sainte Colombe a \u00e9t\u00e9 rebaptis\u00e9e Bellair. C\u2019est en 1831 que la population a \u00e9t\u00e9 la plus nombreuse avec 329 habitants.<\/p>\n<!-- \/wp:paragraph -->\n\n<!-- wp:image {\"align\":\"center\",\"id\":4676,\"sizeSlug\":\"large\",\"linkDestination\":\"none\"} -->\n<div class=\"wp-block-image\"><figure class=\"aligncenter size-large\"><img src=\"https:\/\/catholiques17.fr\/montlieu\/wp-content\/uploads\/sites\/22\/2021\/03\/Eglise-Sainte-Colombe-1536x1147-1.jpeg\" alt=\"\" class=\"wp-image-4676\" \/><\/figure><\/div>\n<!-- \/wp:image -->\n\n<!-- wp:paragraph -->\n<p><strong>L \u2019\u00e9glise de Sainte Colombe\u00a0:<\/strong> (XII\u00b0 et XV\u00b0 si\u00e8cle)<\/p>\n<!-- \/wp:paragraph -->\n\n<!-- wp:paragraph -->\n<p>L\u2019\u00e9glise de Sainte Colombe, d\u00e9di\u00e9e \u00e0 St Sylvestre, a \u00e9t\u00e9 construite au XII\u00b0 si\u00e8cle. Elle fut restaur\u00e9e au XV\u00b0 si\u00e8cle\u00a0; sa fa\u00e7ade occidentale romane est inscrite \u00e0 l\u2019inventaire suppl\u00e9mentaire des monuments historiques depuis 1986. Encore entour\u00e9e de son cimeti\u00e8re, cette \u00e9glise pr\u00e9sente un ch\u0153ur d\u00e9sax\u00e9 par rapport \u00e0 la nef, ce qui peut s\u2019expliquer par une construction ou une reconstruction post\u00e9rieure \u00e0 la nef, la base des piliers sous clocher et la grande fen\u00eatre axiale marquant un gothique tr\u00e8s tardif.<\/p>\n<!-- \/wp:paragraph -->\n\n<!-- wp:paragraph -->\n<p>La fa\u00e7ade romane est perc\u00e9e d\u2019un portail \u00e0 trois voussures, ferm\u00e9 par une porte pos\u00e9e en 1716. Cette porte a \u00e9t\u00e9 command\u00e9e par le cur\u00e9 Marchand \u00e0 Pierre Petit, menuisier, moyennant la somme de 58 livres. Elle est form\u00e9e de planches pos\u00e9es \u00e0 la verticale \u00e0 l\u2019ext\u00e9rieur, doubl\u00e9e de planches horizontales \u00e0 l\u2019int\u00e9rieur. L\u2019ensemble est tenu par des clous forg\u00e9s et \u00e9tait ferm\u00e9e\u00a0 par une serrure en bois, une vol\u00e9e.<\/p>\n<!-- \/wp:paragraph -->\n\n<!-- wp:paragraph -->\n<p><strong>Peintures murales\u00a0:<\/strong>\u00a0(XVII\u00b0 et XVIII\u00b0 si\u00e8cles)<\/p>\n<!-- \/wp:paragraph -->\n\n<!-- wp:paragraph -->\n<p>L\u2019\u00e9glise de Sainte Colombe poss\u00e8de des traces de peintures murales dans le ch\u0153ur et sur le mur nord de la nef, o\u00f9 sont encore visibles les restes d\u2019une litre aux armes des Melun d\u2019Espinoy, devenus seigneurs de Montlieu et de Sainte Colombe en 1688 par le mariage d\u2019Alexandre-Guillaume d\u2019Espinoy avec Jeanne-P\u00e9lagie de Rohan-Chabot, dame de Montlieu.<\/p>\n<!-- \/wp:paragraph -->","_et_gb_content_width":"","footnotes":""},"class_list":["post-4675","page","type-page","status-publish","hentry"],"_links":{"self":[{"href":"https:\/\/catholiques17.fr\/montlieu\/wp-json\/wp\/v2\/pages\/4675","targetHints":{"allow":["GET"]}}],"collection":[{"href":"https:\/\/catholiques17.fr\/montlieu\/wp-json\/wp\/v2\/pages"}],"about":[{"href":"https:\/\/catholiques17.fr\/montlieu\/wp-json\/wp\/v2\/types\/page"}],"author":[{"embeddable":true,"href":"https:\/\/catholiques17.fr\/montlieu\/wp-json\/wp\/v2\/users\/31"}],"replies":[{"embeddable":true,"href":"https:\/\/catholiques17.fr\/montlieu\/wp-json\/wp\/v2\/comments?post=4675"}],"version-history":[{"count":4,"href":"https:\/\/catholiques17.fr\/montlieu\/wp-json\/wp\/v2\/pages\/4675\/revisions"}],"predecessor-version":[{"id":6138,"href":"https:\/\/catholiques17.fr\/montlieu\/wp-json\/wp\/v2\/pages\/4675\/revisions\/6138"}],"up":[{"embeddable":true,"href":"https:\/\/catholiques17.fr\/montlieu\/wp-json\/wp\/v2\/pages\/4622"}],"wp:attachment":[{"href":"https:\/\/catholiques17.fr\/montlieu\/wp-json\/wp\/v2\/media?parent=4675"}],"curies":[{"name":"wp","href":"https:\/\/api.w.org\/{rel}","templated":true}]}}