{"id":4640,"date":"2021-03-25T12:32:05","date_gmt":"2021-03-25T11:32:05","guid":{"rendered":"https:\/\/catholiques17.fr\/montlieu\/?page_id=4640"},"modified":"2023-04-08T13:56:44","modified_gmt":"2023-04-08T11:56:44","slug":"saint-vivien","status":"publish","type":"page","link":"https:\/\/catholiques17.fr\/montlieu\/nos-eglises\/saint-vivien\/","title":{"rendered":"Saint-Vivien"},"content":{"rendered":"<p>[et_pb_section fb_built=\u00a0\u00bb1&Prime; _builder_version=\u00a0\u00bb4.17.6&Prime; _module_preset=\u00a0\u00bbdefault\u00a0\u00bb custom_padding=\u00a0\u00bb8px|||||\u00a0\u00bb global_colors_info=\u00a0\u00bb{}\u00a0\u00bb theme_builder_area=\u00a0\u00bbet_body_layout\u00a0\u00bb][et_pb_row _builder_version=\u00a0\u00bb4.17.6&Prime; _module_preset=\u00a0\u00bbdefault\u00a0\u00bb custom_padding=\u00a0\u00bb14px|||||\u00a0\u00bb global_colors_info=\u00a0\u00bb{}\u00a0\u00bb theme_builder_area=\u00a0\u00bbet_body_layout\u00a0\u00bb][et_pb_column type=\u00a0\u00bb4_4&Prime; _builder_version=\u00a0\u00bb4.17.6&Prime; _module_preset=\u00a0\u00bbdefault\u00a0\u00bb global_colors_info=\u00a0\u00bb{}\u00a0\u00bb theme_builder_area=\u00a0\u00bbet_body_layout\u00a0\u00bb][et_pb_image src=\u00a0\u00bbhttps:\/\/catholiques17.fr\/montlieu\/wp-content\/uploads\/sites\/22\/2023\/04\/Eglise-Saint-Vivien.jpg\u00a0\u00bb title_text=\u00a0\u00bbEglise Saint Vivien\u00a0\u00bb align=\u00a0\u00bbcenter\u00a0\u00bb _builder_version=\u00a0\u00bb4.17.6&Prime; _module_preset=\u00a0\u00bbdefault\u00a0\u00bb animation_style=\u00a0\u00bbslide\u00a0\u00bb border_radii=\u00a0\u00bbon|20px|20px|20px|20px\u00a0\u00bb global_colors_info=\u00a0\u00bb{}\u00a0\u00bb theme_builder_area=\u00a0\u00bbet_body_layout\u00a0\u00bb hover_enabled=\u00a0\u00bb0&Prime; sticky_enabled=\u00a0\u00bb0&Prime;][\/et_pb_image][\/et_pb_column][\/et_pb_row][et_pb_row _builder_version=\u00a0\u00bb4.17.6&Prime; _module_preset=\u00a0\u00bbdefault\u00a0\u00bb global_colors_info=\u00a0\u00bb{}\u00a0\u00bb theme_builder_area=\u00a0\u00bbet_body_layout\u00a0\u00bb][et_pb_column type=\u00a0\u00bb4_4&Prime; _builder_version=\u00a0\u00bb4.17.6&Prime; _module_preset=\u00a0\u00bbdefault\u00a0\u00bb global_colors_info=\u00a0\u00bb{}\u00a0\u00bb theme_builder_area=\u00a0\u00bbet_body_layout\u00a0\u00bb][et_pb_text _builder_version=\u00a0\u00bb4.17.6&Prime; _module_preset=\u00a0\u00bbdefault\u00a0\u00bb global_colors_info=\u00a0\u00bb{}\u00a0\u00bb theme_builder_area=\u00a0\u00bbet_body_layout\u00a0\u00bb hover_enabled=\u00a0\u00bb0&Prime; sticky_enabled=\u00a0\u00bb0&Prime;]<\/p>\n<p><span>Entour\u00e9e de son cimeti\u00e8re, au milieu de la campagne&#8230;<\/span><br \/><span>C&rsquo;est l&rsquo;\u00e9glise la plus ancienne de la commune( fin XIe- d\u00e9but XII<\/span><span>e si\u00e8cle).<\/span><\/p>\n<p>Sur la commune de Montlieu la Garde<br \/>Petite \u00e9glise toute simple, construite sur le bord d\u2019un petit ravin, Saint Vivien conserve une architecture romane malgr\u00e9 les r\u00e9fections subies durant des si\u00e8cles.<\/p>\n<p>On remarquera notamment les petites fen\u00eatres romanes des murs sud et nord qui ont la caract\u00e9ristique d\u2019\u00eatre largement \u00e9bras\u00e9es vers l\u2019int\u00e9rieur.<\/p>\n<p>La fa\u00e7ade ouest \u00e0 sept arcades a \u00e9t\u00e9 reconstruite dans le style roman au d\u00e9but du XIX\u00b0 si\u00e8cle avec un premier registre tripartie, deux arcs lat\u00e9raux entourant la porte en plein cintre, surmont\u00e9e d\u2019arcature sur colonnette, la fa\u00e7ade se terminant par un campanile abritant la cloche datant de 1846.<\/p>\n<p>Ma\u00eetre autel\u00a0: XVIII\u00b0 si\u00e8cle<\/p>\n<p>Sainte Table et b\u00e9nitier en pierre.<\/p>\n<p><span>Avec sa toiture juste refaite (en 2010) et sa cloche restaur\u00e9e avec le plus grand soin par l&rsquo;un de nos employ\u00e9s communaux, Saint Vivien semble pr\u00eate \u00e0 affronter un nouveau mill\u00e9naire d&rsquo;existence&#8230;<\/span><\/p>\n<p>[\/et_pb_text][\/et_pb_column][\/et_pb_row][et_pb_row _builder_version=\u00a0\u00bb4.17.6&Prime; _module_preset=\u00a0\u00bbdefault\u00a0\u00bb global_colors_info=\u00a0\u00bb{}\u00a0\u00bb theme_builder_area=\u00a0\u00bbet_body_layout\u00a0\u00bb][et_pb_column type=\u00a0\u00bb4_4&Prime; _builder_version=\u00a0\u00bb4.17.6&Prime; _module_preset=\u00a0\u00bbdefault\u00a0\u00bb global_colors_info=\u00a0\u00bb{}\u00a0\u00bb theme_builder_area=\u00a0\u00bbet_body_layout\u00a0\u00bb][et_pb_image src=\u00a0\u00bbhttps:\/\/catholiques17.fr\/montlieu\/wp-content\/uploads\/sites\/22\/2023\/04\/Interieur-eglise-St-Vivien.jpg\u00a0\u00bb title_text=\u00a0\u00bbInt\u00e9rieur \u00e9glise St Vivien\u00a0\u00bb show_in_lightbox=\u00a0\u00bbon\u00a0\u00bb align=\u00a0\u00bbcenter\u00a0\u00bb _builder_version=\u00a0\u00bb4.17.6&Prime; _module_preset=\u00a0\u00bbdefault\u00a0\u00bb border_radii=\u00a0\u00bbon|20px|20px|20px|20px\u00a0\u00bb border_width_all=\u00a0\u00bb1px\u00a0\u00bb border_color_all=\u00a0\u00bb#FF8C00&Prime; global_colors_info=\u00a0\u00bb{}\u00a0\u00bb theme_builder_area=\u00a0\u00bbet_body_layout\u00a0\u00bb hover_enabled=\u00a0\u00bb0&Prime; sticky_enabled=\u00a0\u00bb0&Prime;][\/et_pb_image][\/et_pb_column][\/et_pb_row][\/et_pb_section]<\/p>\n","protected":false},"excerpt":{"rendered":"<p>Entour\u00e9e de son cimeti\u00e8re, au milieu de la campagne&#8230;C&rsquo;est l&rsquo;\u00e9glise la plus ancienne de la commune( fin XIe- d\u00e9but XIIe si\u00e8cle). Sur la commune de Montlieu la GardePetite \u00e9glise toute [&hellip;]<\/p>\n","protected":false},"author":31,"featured_media":0,"parent":4622,"menu_order":0,"comment_status":"closed","ping_status":"closed","template":"","meta":{"_et_pb_use_builder":"on","_et_pb_old_content":"<!-- wp:paragraph -->\n<p>Sur la commune de Montlieu la Garde<br>Petite \u00e9glise toute simple, construite sur le bord d\u2019un petit ravin, Saint Vivien conserve une architecture romane malgr\u00e9 les r\u00e9fections subies durant des si\u00e8cles.<\/p>\n<!-- \/wp:paragraph -->\n\n<!-- wp:paragraph -->\n<p>On remarquera notamment les petites fen\u00eatres romanes des murs sud et nord qui ont la caract\u00e9ristique d\u2019\u00eatre largement \u00e9bras\u00e9es vers l\u2019int\u00e9rieur.<\/p>\n<!-- \/wp:paragraph -->\n\n<!-- wp:paragraph -->\n<p>La fa\u00e7ade ouest a \u00e9t\u00e9 reconstruite dans le style roman au d\u00e9but du XIX\u00b0 si\u00e8cle avec un premier registre tripartie, deux arcs lat\u00e9raux entourant la porte en plein cintre, surmont\u00e9e d\u2019arcature sur colonnette, la fa\u00e7ade se terminant par un campanile abritant la cloche.<\/p>\n<!-- \/wp:paragraph -->\n\n<!-- wp:paragraph -->\n<p>Ma\u00eetre autel&nbsp;: XVIII\u00b0 si\u00e8cle<\/p>\n<!-- \/wp:paragraph -->\n\n<!-- wp:paragraph -->\n<p>Sainte Table et b\u00e9nitier en pierre.<\/p>\n<!-- \/wp:paragraph -->","_et_gb_content_width":"","footnotes":""},"class_list":["post-4640","page","type-page","status-publish","hentry"],"_links":{"self":[{"href":"https:\/\/catholiques17.fr\/montlieu\/wp-json\/wp\/v2\/pages\/4640","targetHints":{"allow":["GET"]}}],"collection":[{"href":"https:\/\/catholiques17.fr\/montlieu\/wp-json\/wp\/v2\/pages"}],"about":[{"href":"https:\/\/catholiques17.fr\/montlieu\/wp-json\/wp\/v2\/types\/page"}],"author":[{"embeddable":true,"href":"https:\/\/catholiques17.fr\/montlieu\/wp-json\/wp\/v2\/users\/31"}],"replies":[{"embeddable":true,"href":"https:\/\/catholiques17.fr\/montlieu\/wp-json\/wp\/v2\/comments?post=4640"}],"version-history":[{"count":4,"href":"https:\/\/catholiques17.fr\/montlieu\/wp-json\/wp\/v2\/pages\/4640\/revisions"}],"predecessor-version":[{"id":6146,"href":"https:\/\/catholiques17.fr\/montlieu\/wp-json\/wp\/v2\/pages\/4640\/revisions\/6146"}],"up":[{"embeddable":true,"href":"https:\/\/catholiques17.fr\/montlieu\/wp-json\/wp\/v2\/pages\/4622"}],"wp:attachment":[{"href":"https:\/\/catholiques17.fr\/montlieu\/wp-json\/wp\/v2\/media?parent=4640"}],"curies":[{"name":"wp","href":"https:\/\/api.w.org\/{rel}","templated":true}]}}