{"id":8964,"date":"2025-12-03T14:39:02","date_gmt":"2025-12-03T13:39:02","guid":{"rendered":"https:\/\/catholiques17.fr\/mir-sg\/?page_id=8964"},"modified":"2026-02-08T15:57:49","modified_gmt":"2026-02-08T14:57:49","slug":"semoussac","status":"publish","type":"page","link":"https:\/\/catholiques17.fr\/mir-sg\/nos-eglises\/semoussac\/","title":{"rendered":"Semoussac"},"content":{"rendered":"<p>[et_pb_section fb_built=\u00a0\u00bb1&Prime; theme_builder_area=\u00a0\u00bbpost_content\u00a0\u00bb _builder_version=\u00a0\u00bb4.27.5&Prime; _module_preset=\u00a0\u00bbdefault\u00a0\u00bb][et_pb_row _builder_version=\u00a0\u00bb4.27.5&Prime; _module_preset=\u00a0\u00bbdefault\u00a0\u00bb theme_builder_area=\u00a0\u00bbpost_content\u00a0\u00bb][et_pb_column _builder_version=\u00a0\u00bb4.27.5&Prime; _module_preset=\u00a0\u00bbdefault\u00a0\u00bb type=\u00a0\u00bb4_4&Prime; theme_builder_area=\u00a0\u00bbpost_content\u00a0\u00bb][et_pb_text _builder_version=\u00a0\u00bb4.27.5&Prime; _module_preset=\u00a0\u00bbdefault\u00a0\u00bb theme_builder_area=\u00a0\u00bbpost_content\u00a0\u00bb hover_enabled=\u00a0\u00bb0&Prime; sticky_enabled=\u00a0\u00bb0&Prime;]<\/p>\n<p><strong>Eglise Saint-Pierre<\/strong><\/p>\n<p><span>Sur une place ombrag\u00e9e, cette \u00e9glise du XIIe si\u00e8cle a \u00e9t\u00e9 comme beaucoup d&rsquo;entre elles remani\u00e9e \u00e0 l&rsquo;\u00e9poque gothique.<\/span><br \/><span>Sa petite fa\u00e7ade romane \u00e0 pignon est orn\u00e9 d\u2019un portail unique \u00e0 deux voussures, dress\u00e9 sur un mur en saillie position que l\u2019on rencontre aussi \u00e0 Saint-Georges-des-Ago\u00fbts.<\/span><br \/><span>Au-dessus se d\u00e9roulait une arcature de six arcs \u00e9gaux. Les deux du centre ont \u00e9t\u00e9 r\u00e9unis par un arc tr\u00e8s \u00e9largi et aplati encadrant une petite baie. Une corniche \u00e0 modillons surmonte l&rsquo;ensemble.<\/span><br \/><span>La nef est un simple rectangle couvert d&rsquo;un plafond cintr\u00e9. Une coupole sur trompes recouvre le faux carr\u00e9. Elle est port\u00e9e par des arcs \u00e0 double ressaut qui reposent sur des pilastres avec une frise de fleurs et de palmettes entrelac\u00e9es.<\/span><br \/><span>Le chevet plat au gothique flamboyant est reconstruit lors de l&rsquo;adjonction au XVe si\u00e8cle des deux chapelles lat\u00e9rales sud.<\/span><br \/><span>Les chapelles et le ch\u0153ur sont vo\u00fbt\u00e9s sur crois\u00e9es d&rsquo;ogives. Les nervures se croisent sur des cl\u00e9s \u00e0 \u00e9cusson puis se terminent par des colonnes ou en cul-de-lampe.<\/span><br \/><span>Le clocher consolid\u00e9 aux angles par des colonnes demi-adoss\u00e9es est perc\u00e9 au premier \u00e9tage de deux baies en plein cintre \u00e0 colonnettes, et d&rsquo;une seule baie au second \u00e9tage. Il subsiste une ligne de fort<\/span><em>s<span>\u00a0<\/span><\/em><span>modillons sur la souche massive du clocher.<\/span><strong><\/strong><\/p>\n<p><strong><\/strong><\/p>\n<p>[\/et_pb_text][\/et_pb_column][\/et_pb_row][et_pb_row _builder_version=\u00a0\u00bb4.27.5&Prime; _module_preset=\u00a0\u00bbdefault\u00a0\u00bb theme_builder_area=\u00a0\u00bbpost_content\u00a0\u00bb column_structure=\u00a0\u00bb1_3,1_3,1_3&Prime;][et_pb_column _builder_version=\u00a0\u00bb4.27.5&Prime; _module_preset=\u00a0\u00bbdefault\u00a0\u00bb type=\u00a0\u00bb1_3&Prime; theme_builder_area=\u00a0\u00bbpost_content\u00a0\u00bb][et_pb_image src=\u00a0\u00bbhttps:\/\/catholiques17.fr\/mir-sg\/wp-content\/uploads\/sites\/27\/2026\/02\/515_03.jpg\u00a0\u00bb _builder_version=\u00a0\u00bb4.27.5&Prime; _module_preset=\u00a0\u00bbdefault\u00a0\u00bb theme_builder_area=\u00a0\u00bbpost_content\u00a0\u00bb title_text=\u00a0\u00bb515_03&Prime; show_in_lightbox=\u00a0\u00bbon\u00a0\u00bb hover_enabled=\u00a0\u00bb0&Prime; sticky_enabled=\u00a0\u00bb0&Prime;][\/et_pb_image][\/et_pb_column][et_pb_column _builder_version=\u00a0\u00bb4.27.5&Prime; _module_preset=\u00a0\u00bbdefault\u00a0\u00bb type=\u00a0\u00bb1_3&Prime; theme_builder_area=\u00a0\u00bbpost_content\u00a0\u00bb][et_pb_image src=\u00a0\u00bbhttps:\/\/catholiques17.fr\/mir-sg\/wp-content\/uploads\/sites\/27\/2026\/02\/515_05.jpg\u00a0\u00bb _builder_version=\u00a0\u00bb4.27.5&Prime; _module_preset=\u00a0\u00bbdefault\u00a0\u00bb theme_builder_area=\u00a0\u00bbpost_content\u00a0\u00bb title_text=\u00a0\u00bb515_05&Prime; show_in_lightbox=\u00a0\u00bbon\u00a0\u00bb hover_enabled=\u00a0\u00bb0&Prime; sticky_enabled=\u00a0\u00bb0&Prime;][\/et_pb_image][\/et_pb_column][et_pb_column _builder_version=\u00a0\u00bb4.27.5&Prime; _module_preset=\u00a0\u00bbdefault\u00a0\u00bb type=\u00a0\u00bb1_3&Prime; theme_builder_area=\u00a0\u00bbpost_content\u00a0\u00bb][et_pb_image src=\u00a0\u00bbhttps:\/\/catholiques17.fr\/mir-sg\/wp-content\/uploads\/sites\/27\/2026\/02\/515_08.jpg\u00a0\u00bb _builder_version=\u00a0\u00bb4.27.5&Prime; _module_preset=\u00a0\u00bbdefault\u00a0\u00bb theme_builder_area=\u00a0\u00bbpost_content\u00a0\u00bb title_text=\u00a0\u00bb515_08&Prime; show_in_lightbox=\u00a0\u00bbon\u00a0\u00bb hover_enabled=\u00a0\u00bb0&Prime; sticky_enabled=\u00a0\u00bb0&Prime;][\/et_pb_image][\/et_pb_column][\/et_pb_row][et_pb_row _builder_version=\u00a0\u00bb4.27.5&Prime; _module_preset=\u00a0\u00bbdefault\u00a0\u00bb theme_builder_area=\u00a0\u00bbpost_content\u00a0\u00bb column_structure=\u00a0\u00bb1_3,1_3,1_3&Prime;][et_pb_column _builder_version=\u00a0\u00bb4.27.5&Prime; _module_preset=\u00a0\u00bbdefault\u00a0\u00bb type=\u00a0\u00bb1_3&Prime; theme_builder_area=\u00a0\u00bbpost_content\u00a0\u00bb][et_pb_image src=\u00a0\u00bbhttps:\/\/catholiques17.fr\/mir-sg\/wp-content\/uploads\/sites\/27\/2026\/02\/515_11.jpg\u00a0\u00bb _builder_version=\u00a0\u00bb4.27.5&Prime; _module_preset=\u00a0\u00bbdefault\u00a0\u00bb theme_builder_area=\u00a0\u00bbpost_content\u00a0\u00bb title_text=\u00a0\u00bb515_11&Prime; show_in_lightbox=\u00a0\u00bbon\u00a0\u00bb hover_enabled=\u00a0\u00bb0&Prime; sticky_enabled=\u00a0\u00bb0&Prime;][\/et_pb_image][\/et_pb_column][et_pb_column _builder_version=\u00a0\u00bb4.27.5&Prime; _module_preset=\u00a0\u00bbdefault\u00a0\u00bb type=\u00a0\u00bb1_3&Prime; theme_builder_area=\u00a0\u00bbpost_content\u00a0\u00bb][et_pb_image src=\u00a0\u00bbhttps:\/\/catholiques17.fr\/mir-sg\/wp-content\/uploads\/sites\/27\/2026\/02\/515_12.jpg\u00a0\u00bb _builder_version=\u00a0\u00bb4.27.5&Prime; _module_preset=\u00a0\u00bbdefault\u00a0\u00bb theme_builder_area=\u00a0\u00bbpost_content\u00a0\u00bb title_text=\u00a0\u00bb515_12&Prime; show_in_lightbox=\u00a0\u00bbon\u00a0\u00bb hover_enabled=\u00a0\u00bb0&Prime; sticky_enabled=\u00a0\u00bb0&Prime;][\/et_pb_image][\/et_pb_column][et_pb_column _builder_version=\u00a0\u00bb4.27.5&Prime; _module_preset=\u00a0\u00bbdefault\u00a0\u00bb type=\u00a0\u00bb1_3&Prime; theme_builder_area=\u00a0\u00bbpost_content\u00a0\u00bb][et_pb_image src=\u00a0\u00bbhttps:\/\/catholiques17.fr\/mir-sg\/wp-content\/uploads\/sites\/27\/2026\/02\/515_13.jpg\u00a0\u00bb _builder_version=\u00a0\u00bb4.27.5&Prime; _module_preset=\u00a0\u00bbdefault\u00a0\u00bb theme_builder_area=\u00a0\u00bbpost_content\u00a0\u00bb title_text=\u00a0\u00bb515_13&Prime; show_in_lightbox=\u00a0\u00bbon\u00a0\u00bb hover_enabled=\u00a0\u00bb0&Prime; sticky_enabled=\u00a0\u00bb0&Prime;][\/et_pb_image][\/et_pb_column][\/et_pb_row][\/et_pb_section]<\/p>\n","protected":false},"excerpt":{"rendered":"<p>Eglise Saint-Pierre Sur une place ombrag\u00e9e, cette \u00e9glise du XIIe si\u00e8cle a \u00e9t\u00e9 comme beaucoup d&rsquo;entre elles remani\u00e9e \u00e0 l&rsquo;\u00e9poque gothique.Sa petite fa\u00e7ade romane \u00e0 pignon est orn\u00e9 d\u2019un portail [&hellip;]<\/p>\n","protected":false},"author":4,"featured_media":9679,"parent":8897,"menu_order":0,"comment_status":"closed","ping_status":"closed","template":"","meta":{"_et_pb_use_builder":"on","_et_pb_old_content":"","_et_gb_content_width":"","footnotes":""},"class_list":["post-8964","page","type-page","status-publish","has-post-thumbnail","hentry"],"_links":{"self":[{"href":"https:\/\/catholiques17.fr\/mir-sg\/wp-json\/wp\/v2\/pages\/8964","targetHints":{"allow":["GET"]}}],"collection":[{"href":"https:\/\/catholiques17.fr\/mir-sg\/wp-json\/wp\/v2\/pages"}],"about":[{"href":"https:\/\/catholiques17.fr\/mir-sg\/wp-json\/wp\/v2\/types\/page"}],"author":[{"embeddable":true,"href":"https:\/\/catholiques17.fr\/mir-sg\/wp-json\/wp\/v2\/users\/4"}],"replies":[{"embeddable":true,"href":"https:\/\/catholiques17.fr\/mir-sg\/wp-json\/wp\/v2\/comments?post=8964"}],"version-history":[{"count":3,"href":"https:\/\/catholiques17.fr\/mir-sg\/wp-json\/wp\/v2\/pages\/8964\/revisions"}],"predecessor-version":[{"id":9687,"href":"https:\/\/catholiques17.fr\/mir-sg\/wp-json\/wp\/v2\/pages\/8964\/revisions\/9687"}],"up":[{"embeddable":true,"href":"https:\/\/catholiques17.fr\/mir-sg\/wp-json\/wp\/v2\/pages\/8897"}],"wp:featuredmedia":[{"embeddable":true,"href":"https:\/\/catholiques17.fr\/mir-sg\/wp-json\/wp\/v2\/media\/9679"}],"wp:attachment":[{"href":"https:\/\/catholiques17.fr\/mir-sg\/wp-json\/wp\/v2\/media?parent=8964"}],"curies":[{"name":"wp","href":"https:\/\/api.w.org\/{rel}","templated":true}]}}