{"id":8946,"date":"2025-12-03T14:35:23","date_gmt":"2025-12-03T13:35:23","guid":{"rendered":"https:\/\/catholiques17.fr\/mir-sg\/?page_id=8946"},"modified":"2026-02-08T15:42:40","modified_gmt":"2026-02-08T14:42:40","slug":"saint-martial-de-mirambeau","status":"publish","type":"page","link":"https:\/\/catholiques17.fr\/mir-sg\/nos-eglises\/saint-martial-de-mirambeau\/","title":{"rendered":"Saint Martial-de-Mirambeau"},"content":{"rendered":"<p>[et_pb_section fb_built=\u00a0\u00bb1&Prime; theme_builder_area=\u00a0\u00bbpost_content\u00a0\u00bb _builder_version=\u00a0\u00bb4.27.5&Prime; _module_preset=\u00a0\u00bbdefault\u00a0\u00bb][et_pb_row _builder_version=\u00a0\u00bb4.27.5&Prime; _module_preset=\u00a0\u00bbdefault\u00a0\u00bb theme_builder_area=\u00a0\u00bbpost_content\u00a0\u00bb][et_pb_column _builder_version=\u00a0\u00bb4.27.5&Prime; _module_preset=\u00a0\u00bbdefault\u00a0\u00bb type=\u00a0\u00bb4_4&Prime; theme_builder_area=\u00a0\u00bbpost_content\u00a0\u00bb][et_pb_text _builder_version=\u00a0\u00bb4.27.5&Prime; _module_preset=\u00a0\u00bbdefault\u00a0\u00bb theme_builder_area=\u00a0\u00bbpost_content\u00a0\u00bb hover_enabled=\u00a0\u00bb0&Prime; sticky_enabled=\u00a0\u00bb0&Prime;]<\/p>\n<p><strong>Eglise Saint-Martial<\/strong><\/p>\n<p>Sur la place d\u00e9gag\u00e9e du village, l&rsquo;\u00e9glise Saint-Martial s&rsquo;impose, \u00e9difi\u00e9e aux XII et XIIIe si\u00e8cles puis modifi\u00e9e \u00e0 l&rsquo;\u00e9poque gothique.<br \/>Pr\u00e9c\u00e9d\u00e9 de quatre marches, le portail en arc bris\u00e9 de la fa\u00e7ade est soulign\u00e9 d&rsquo;un cordon ouvrag\u00e9 surmont\u00e9 d&rsquo;un fleuron garni de feuilles de choux. Une petite baie simple et \u00e9troite s&rsquo;ouvre au-dessus.<br \/>La nef longue et haute est ajour\u00e9e au sud par quelques baies \u00e9troites. Plac\u00e9es en hauteur sur le mur nord, des petites ouvertures romanes \u00e0 linteau monolithe grav\u00e9 sont significatives de l&rsquo;anciennet\u00e9 de la nef. Au bas de ce m\u00eame mur, une porte seigneuriale subsiste sous un linteau monolithe grav\u00e9 de faux claveaux.<br \/>L\u2019imposant clocher de deux \u00e9tages a gard\u00e9 sur les faces lat\u00e9rales la trace de grands arcs, r\u00e9v\u00e9lant l&rsquo;existence d&rsquo;un ancien transept. Le premier niveau d\u00e9veloppe une arcature de six baies aveugles en plein cintre, alors que le niveau sup\u00e9rieur d\u00e9veloppe cinq baies dont certaines sont ouvertes. On peut toutefois remarquer que chaque face du clocher compte onze baies, composition rare. Deux lourds contreforts ont \u00e9t\u00e9 ajout\u00e9s au nord, on peut y voir le r\u00e9emploi d&rsquo;une colonne incluse dans la ma\u00e7onnerie.<br \/>A l&rsquo;int\u00e9rieur la trav\u00e9e sous clocher est couverte d&rsquo;une coupole octogonale sur trompes reposant sur des chapiteaux de colonnes romanes.<br \/>Le grand arc bris\u00e9 donnant acc\u00e8s au ch\u0153ur s&rsquo;appuie de chaque c\u00f4t\u00e9 sur un groupe de trois colonnettes \u00e0 chapiteaux dont les f\u00fbts sont taill\u00e9s en pointe.<br \/>Les deux trav\u00e9es du ch\u0153ur du XIIIe si\u00e8cle sont couvertes d&rsquo;une vo\u00fbte d&rsquo;ogives avec cl\u00e9s et formerets. Les nervures sont port\u00e9es par des faisceaux de colonnettes \u00e0 chapiteaux orn\u00e9s de feuillages.<br \/>Le mur du chevet est perc\u00e9 \u00e0 l&rsquo;orient d&rsquo;un grand fenestrage \u00e0 deux meneaux.<br \/>Sous le ch\u0153ur existe une profonde crypte carr\u00e9e vo\u00fbt\u00e9e sur crois\u00e9e d&rsquo;ogives.<strong><\/strong><\/p>\n<p><strong><\/strong><\/p>\n<p>[\/et_pb_text][\/et_pb_column][\/et_pb_row][et_pb_row _builder_version=\u00a0\u00bb4.27.5&Prime; _module_preset=\u00a0\u00bbdefault\u00a0\u00bb theme_builder_area=\u00a0\u00bbpost_content\u00a0\u00bb column_structure=\u00a0\u00bb1_3,1_3,1_3&Prime;][et_pb_column _builder_version=\u00a0\u00bb4.27.5&Prime; _module_preset=\u00a0\u00bbdefault\u00a0\u00bb type=\u00a0\u00bb1_3&Prime; theme_builder_area=\u00a0\u00bbpost_content\u00a0\u00bb][et_pb_image src=\u00a0\u00bbhttps:\/\/catholiques17.fr\/mir-sg\/wp-content\/uploads\/sites\/27\/2026\/02\/453_02.jpg\u00a0\u00bb _builder_version=\u00a0\u00bb4.27.5&Prime; _module_preset=\u00a0\u00bbdefault\u00a0\u00bb theme_builder_area=\u00a0\u00bbpost_content\u00a0\u00bb title_text=\u00a0\u00bb453_02&Prime; show_in_lightbox=\u00a0\u00bbon\u00a0\u00bb hover_enabled=\u00a0\u00bb0&Prime; sticky_enabled=\u00a0\u00bb0&Prime;][\/et_pb_image][\/et_pb_column][et_pb_column _builder_version=\u00a0\u00bb4.27.5&Prime; _module_preset=\u00a0\u00bbdefault\u00a0\u00bb type=\u00a0\u00bb1_3&Prime; theme_builder_area=\u00a0\u00bbpost_content\u00a0\u00bb][et_pb_image src=\u00a0\u00bbhttps:\/\/catholiques17.fr\/mir-sg\/wp-content\/uploads\/sites\/27\/2026\/02\/453_15.jpg\u00a0\u00bb _builder_version=\u00a0\u00bb4.27.5&Prime; _module_preset=\u00a0\u00bbdefault\u00a0\u00bb theme_builder_area=\u00a0\u00bbpost_content\u00a0\u00bb title_text=\u00a0\u00bb453_15&Prime; show_in_lightbox=\u00a0\u00bbon\u00a0\u00bb hover_enabled=\u00a0\u00bb0&Prime; sticky_enabled=\u00a0\u00bb0&Prime;][\/et_pb_image][\/et_pb_column][et_pb_column _builder_version=\u00a0\u00bb4.27.5&Prime; _module_preset=\u00a0\u00bbdefault\u00a0\u00bb type=\u00a0\u00bb1_3&Prime; theme_builder_area=\u00a0\u00bbpost_content\u00a0\u00bb][et_pb_image src=\u00a0\u00bbhttps:\/\/catholiques17.fr\/mir-sg\/wp-content\/uploads\/sites\/27\/2026\/02\/453_06.jpg\u00a0\u00bb _builder_version=\u00a0\u00bb4.27.5&Prime; _module_preset=\u00a0\u00bbdefault\u00a0\u00bb theme_builder_area=\u00a0\u00bbpost_content\u00a0\u00bb title_text=\u00a0\u00bb453_06&Prime; show_in_lightbox=\u00a0\u00bbon\u00a0\u00bb hover_enabled=\u00a0\u00bb0&Prime; sticky_enabled=\u00a0\u00bb0&Prime;][\/et_pb_image][\/et_pb_column][\/et_pb_row][et_pb_row _builder_version=\u00a0\u00bb4.27.5&Prime; _module_preset=\u00a0\u00bbdefault\u00a0\u00bb theme_builder_area=\u00a0\u00bbpost_content\u00a0\u00bb column_structure=\u00a0\u00bb1_3,1_3,1_3&Prime;][et_pb_column _builder_version=\u00a0\u00bb4.27.5&Prime; _module_preset=\u00a0\u00bbdefault\u00a0\u00bb type=\u00a0\u00bb1_3&Prime; theme_builder_area=\u00a0\u00bbpost_content\u00a0\u00bb][et_pb_image src=\u00a0\u00bbhttps:\/\/catholiques17.fr\/mir-sg\/wp-content\/uploads\/sites\/27\/2026\/02\/453_22.jpg\u00a0\u00bb _builder_version=\u00a0\u00bb4.27.5&Prime; _module_preset=\u00a0\u00bbdefault\u00a0\u00bb theme_builder_area=\u00a0\u00bbpost_content\u00a0\u00bb title_text=\u00a0\u00bb453_22&Prime; show_in_lightbox=\u00a0\u00bbon\u00a0\u00bb hover_enabled=\u00a0\u00bb0&Prime; sticky_enabled=\u00a0\u00bb0&Prime;][\/et_pb_image][\/et_pb_column][et_pb_column _builder_version=\u00a0\u00bb4.27.5&Prime; _module_preset=\u00a0\u00bbdefault\u00a0\u00bb type=\u00a0\u00bb1_3&Prime; theme_builder_area=\u00a0\u00bbpost_content\u00a0\u00bb][et_pb_image src=\u00a0\u00bbhttps:\/\/catholiques17.fr\/mir-sg\/wp-content\/uploads\/sites\/27\/2026\/02\/453_26.jpg\u00a0\u00bb _builder_version=\u00a0\u00bb4.27.5&Prime; _module_preset=\u00a0\u00bbdefault\u00a0\u00bb theme_builder_area=\u00a0\u00bbpost_content\u00a0\u00bb title_text=\u00a0\u00bb453_26&Prime; show_in_lightbox=\u00a0\u00bbon\u00a0\u00bb hover_enabled=\u00a0\u00bb0&Prime; sticky_enabled=\u00a0\u00bb0&Prime;][\/et_pb_image][\/et_pb_column][et_pb_column _builder_version=\u00a0\u00bb4.27.5&Prime; _module_preset=\u00a0\u00bbdefault\u00a0\u00bb type=\u00a0\u00bb1_3&Prime; theme_builder_area=\u00a0\u00bbpost_content\u00a0\u00bb][et_pb_image src=\u00a0\u00bbhttps:\/\/catholiques17.fr\/mir-sg\/wp-content\/uploads\/sites\/27\/2026\/02\/453_25.jpg\u00a0\u00bb _builder_version=\u00a0\u00bb4.27.5&Prime; _module_preset=\u00a0\u00bbdefault\u00a0\u00bb theme_builder_area=\u00a0\u00bbpost_content\u00a0\u00bb title_text=\u00a0\u00bb453_25&Prime; show_in_lightbox=\u00a0\u00bbon\u00a0\u00bb hover_enabled=\u00a0\u00bb0&Prime; sticky_enabled=\u00a0\u00bb0&Prime;][\/et_pb_image][\/et_pb_column][\/et_pb_row][\/et_pb_section]<\/p>\n","protected":false},"excerpt":{"rendered":"<p>Eglise Saint-Martial Sur la place d\u00e9gag\u00e9e du village, l&rsquo;\u00e9glise Saint-Martial s&rsquo;impose, \u00e9difi\u00e9e aux XII et XIIIe si\u00e8cles puis modifi\u00e9e \u00e0 l&rsquo;\u00e9poque gothique.Pr\u00e9c\u00e9d\u00e9 de quatre marches, le portail en arc bris\u00e9 [&hellip;]<\/p>\n","protected":false},"author":4,"featured_media":9648,"parent":8897,"menu_order":0,"comment_status":"closed","ping_status":"closed","template":"","meta":{"_et_pb_use_builder":"on","_et_pb_old_content":"","_et_gb_content_width":"","footnotes":""},"class_list":["post-8946","page","type-page","status-publish","has-post-thumbnail","hentry"],"_links":{"self":[{"href":"https:\/\/catholiques17.fr\/mir-sg\/wp-json\/wp\/v2\/pages\/8946","targetHints":{"allow":["GET"]}}],"collection":[{"href":"https:\/\/catholiques17.fr\/mir-sg\/wp-json\/wp\/v2\/pages"}],"about":[{"href":"https:\/\/catholiques17.fr\/mir-sg\/wp-json\/wp\/v2\/types\/page"}],"author":[{"embeddable":true,"href":"https:\/\/catholiques17.fr\/mir-sg\/wp-json\/wp\/v2\/users\/4"}],"replies":[{"embeddable":true,"href":"https:\/\/catholiques17.fr\/mir-sg\/wp-json\/wp\/v2\/comments?post=8946"}],"version-history":[{"count":3,"href":"https:\/\/catholiques17.fr\/mir-sg\/wp-json\/wp\/v2\/pages\/8946\/revisions"}],"predecessor-version":[{"id":9657,"href":"https:\/\/catholiques17.fr\/mir-sg\/wp-json\/wp\/v2\/pages\/8946\/revisions\/9657"}],"up":[{"embeddable":true,"href":"https:\/\/catholiques17.fr\/mir-sg\/wp-json\/wp\/v2\/pages\/8897"}],"wp:featuredmedia":[{"embeddable":true,"href":"https:\/\/catholiques17.fr\/mir-sg\/wp-json\/wp\/v2\/media\/9648"}],"wp:attachment":[{"href":"https:\/\/catholiques17.fr\/mir-sg\/wp-json\/wp\/v2\/media?parent=8946"}],"curies":[{"name":"wp","href":"https:\/\/api.w.org\/{rel}","templated":true}]}}