{"id":8927,"date":"2025-12-03T14:26:00","date_gmt":"2025-12-03T13:26:00","guid":{"rendered":"https:\/\/catholiques17.fr\/mir-sg\/?page_id=8927"},"modified":"2026-01-11T14:21:57","modified_gmt":"2026-01-11T13:21:57","slug":"saint-ciers-du-taillon","status":"publish","type":"page","link":"https:\/\/catholiques17.fr\/mir-sg\/nos-eglises\/saint-ciers-du-taillon\/","title":{"rendered":"Saint Ciers-du-Taillon"},"content":{"rendered":"<p>[et_pb_section fb_built=\u00a0\u00bb1&Prime; theme_builder_area=\u00a0\u00bbpost_content\u00a0\u00bb _builder_version=\u00a0\u00bb4.27.4&Prime; _module_preset=\u00a0\u00bbdefault\u00a0\u00bb][et_pb_row _builder_version=\u00a0\u00bb4.27.4&Prime; _module_preset=\u00a0\u00bbdefault\u00a0\u00bb theme_builder_area=\u00a0\u00bbpost_content\u00a0\u00bb][et_pb_column _builder_version=\u00a0\u00bb4.27.4&Prime; _module_preset=\u00a0\u00bbdefault\u00a0\u00bb type=\u00a0\u00bb4_4&Prime; theme_builder_area=\u00a0\u00bbpost_content\u00a0\u00bb][et_pb_text _builder_version=\u00a0\u00bb4.27.4&Prime; _module_preset=\u00a0\u00bbdefault\u00a0\u00bb theme_builder_area=\u00a0\u00bbpost_content\u00a0\u00bb hover_enabled=\u00a0\u00bb0&Prime; sticky_enabled=\u00a0\u00bb0&Prime;]<\/p>\n<p style=\"text-align: justify\">Eglise Saint-Cyriaque<\/p>\n<p>Saint-Cyriaque fut un martyr romain sous Maximilien.<br \/>L\u2019\u00e9glise Saint-Cyriaque de Saint-Ciers-du-Taillon est un \u00e9difice imposant qui date du XIIe si\u00e8cle, presque enti\u00e8rement reconstruit durant la p\u00e9riode gothique. Elle \u00e0 la forme d&rsquo;une croix latine \u00e0 doubles croisillons.<br \/>La fa\u00e7ade \u00e0 pignon comprend au centre un portail en plein cintre surmont\u00e9 d&rsquo;un arc bris\u00e9 \u00e0 voussures sur colonnettes et chapiteaux sculpt\u00e9s. Au-dessus, une baie g\u00e9min\u00e9e est perc\u00e9e sur le mod\u00e8le de celles du clocher. Une rosace aveugle d\u00e9core le sommet du pignon.<br \/>La nef \u00e0 trois trav\u00e9es a \u00e9t\u00e9 revo\u00fbt\u00e9e sur crois\u00e9es d&rsquo;ogives au XIXe si\u00e8cle comme en t\u00e9moigne l\u2019inscription de 1888 sur une cl\u00e9 de vo\u00fbte.<br \/>Le mur lat\u00e9ral sud est perc\u00e9 d&rsquo;une petite baie \u00e9troite romane. Une porte seigneuriale mur\u00e9e \u00e0 linteau en accolade est curieusement d\u00e9cor\u00e9e de gravures g\u00e9om\u00e9triques.<br \/>Le clocher carr\u00e9 est accol\u00e9 au mur lat\u00e9ral nord. De construction gothique, il s\u2019inspire avec \u00e9l\u00e9gance du style roman. Sa base forme un porche perc\u00e9 sur sa face nord d\u2019une porte \u00e0 profondes moulures en arc bris\u00e9 soulign\u00e9 d\u2019un cordon et surmont\u00e9 d\u2019une longue baie \u00e9troite.<br \/>Les \u00e9tages sup\u00e9rieurs sont orn\u00e9s sur chaque face d&rsquo;une arcature en arc bris\u00e9. La baie centrale g\u00e9min\u00e9e est encadr\u00e9e d&rsquo;arcs aveugles et s\u00e9par\u00e9e par des filles colonnes \u00e0 chapiteaux. Chaque \u00e9tage est s\u00e9par\u00e9 par une corniche port\u00e9e par des modillons.<br \/>La cloche actuelle date de 1922. La pr\u00e9c\u00e9dente avait \u00e9t\u00e9 coul\u00e9e en 1833 et fut f\u00eal\u00e9e en 1918 par le carillonnement pour saluer l&rsquo;armistice.<br \/>Le chevet double reconstruit au XVe si\u00e8cle forme un large pignon perc\u00e9 de deux larges baies ogivales \u00e0 remplage.<br \/>Le ch\u0153ur doubl\u00e9 au sud se prolonge d&rsquo;une chapelle. Celle-ci est dite d&rsquo;Orignac. En effet, au milieu du XIVe si\u00e8cle le seigneur Ithier d&rsquo;Orignac demanda \u00e0 \u00eatre inhum\u00e9 \u00e0 c\u00f4t\u00e9 de sa m\u00e8re dans l&rsquo;\u00e9glise.<br \/>Vo\u00fbt\u00e9 sur crois\u00e9es d&rsquo;ogives, les nervures p\u00e9n\u00e8trent sur des colonnes au sud et sur des faisceaux de colonnes \u00e0 petits chapiteaux de feuillage au nord.<\/p>\n<p>&nbsp;<\/p>\n<p>[\/et_pb_text][\/et_pb_column][\/et_pb_row][et_pb_row _builder_version=\u00a0\u00bb4.27.4&Prime; _module_preset=\u00a0\u00bbdefault\u00a0\u00bb theme_builder_area=\u00a0\u00bbpost_content\u00a0\u00bb column_structure=\u00a0\u00bb1_2,1_2&Prime;][et_pb_column _builder_version=\u00a0\u00bb4.27.4&Prime; _module_preset=\u00a0\u00bbdefault\u00a0\u00bb type=\u00a0\u00bb1_2&Prime; theme_builder_area=\u00a0\u00bbpost_content\u00a0\u00bb][et_pb_image src=\u00a0\u00bbhttps:\/\/catholiques17.fr\/mir-sg\/wp-content\/uploads\/sites\/27\/2026\/01\/411_04.jpg\u00a0\u00bb _builder_version=\u00a0\u00bb4.27.4&Prime; _module_preset=\u00a0\u00bbdefault\u00a0\u00bb theme_builder_area=\u00a0\u00bbpost_content\u00a0\u00bb title_text=\u00a0\u00bb411_04&Prime; show_in_lightbox=\u00a0\u00bbon\u00a0\u00bb hover_enabled=\u00a0\u00bb0&Prime; sticky_enabled=\u00a0\u00bb0&Prime;][\/et_pb_image][\/et_pb_column][et_pb_column _builder_version=\u00a0\u00bb4.27.4&Prime; _module_preset=\u00a0\u00bbdefault\u00a0\u00bb type=\u00a0\u00bb1_2&Prime; theme_builder_area=\u00a0\u00bbpost_content\u00a0\u00bb][et_pb_image src=\u00a0\u00bbhttps:\/\/catholiques17.fr\/mir-sg\/wp-content\/uploads\/sites\/27\/2026\/01\/411_03.jpg\u00a0\u00bb _builder_version=\u00a0\u00bb4.27.4&Prime; _module_preset=\u00a0\u00bbdefault\u00a0\u00bb theme_builder_area=\u00a0\u00bbpost_content\u00a0\u00bb title_text=\u00a0\u00bb411_03&Prime; show_in_lightbox=\u00a0\u00bbon\u00a0\u00bb hover_enabled=\u00a0\u00bb0&Prime; sticky_enabled=\u00a0\u00bb0&Prime;][\/et_pb_image][\/et_pb_column][\/et_pb_row][et_pb_row _builder_version=\u00a0\u00bb4.27.4&Prime; _module_preset=\u00a0\u00bbdefault\u00a0\u00bb theme_builder_area=\u00a0\u00bbpost_content\u00a0\u00bb column_structure=\u00a0\u00bb1_3,1_3,1_3&Prime;][et_pb_column _builder_version=\u00a0\u00bb4.27.4&Prime; _module_preset=\u00a0\u00bbdefault\u00a0\u00bb type=\u00a0\u00bb1_3&Prime; theme_builder_area=\u00a0\u00bbpost_content\u00a0\u00bb][et_pb_image src=\u00a0\u00bbhttps:\/\/catholiques17.fr\/mir-sg\/wp-content\/uploads\/sites\/27\/2026\/01\/411_10.jpg\u00a0\u00bb _builder_version=\u00a0\u00bb4.27.4&Prime; _module_preset=\u00a0\u00bbdefault\u00a0\u00bb theme_builder_area=\u00a0\u00bbpost_content\u00a0\u00bb title_text=\u00a0\u00bb411_10&Prime; show_in_lightbox=\u00a0\u00bbon\u00a0\u00bb hover_enabled=\u00a0\u00bb0&Prime; sticky_enabled=\u00a0\u00bb0&Prime;][\/et_pb_image][\/et_pb_column][et_pb_column _builder_version=\u00a0\u00bb4.27.4&Prime; _module_preset=\u00a0\u00bbdefault\u00a0\u00bb type=\u00a0\u00bb1_3&Prime; theme_builder_area=\u00a0\u00bbpost_content\u00a0\u00bb][et_pb_image src=\u00a0\u00bbhttps:\/\/catholiques17.fr\/mir-sg\/wp-content\/uploads\/sites\/27\/2026\/01\/411_07.jpg\u00a0\u00bb _builder_version=\u00a0\u00bb4.27.4&Prime; _module_preset=\u00a0\u00bbdefault\u00a0\u00bb theme_builder_area=\u00a0\u00bbpost_content\u00a0\u00bb title_text=\u00a0\u00bb411_07&Prime; show_in_lightbox=\u00a0\u00bbon\u00a0\u00bb hover_enabled=\u00a0\u00bb0&Prime; sticky_enabled=\u00a0\u00bb0&Prime;][\/et_pb_image][\/et_pb_column][et_pb_column _builder_version=\u00a0\u00bb4.27.4&Prime; _module_preset=\u00a0\u00bbdefault\u00a0\u00bb type=\u00a0\u00bb1_3&Prime; theme_builder_area=\u00a0\u00bbpost_content\u00a0\u00bb][et_pb_image src=\u00a0\u00bbhttps:\/\/catholiques17.fr\/mir-sg\/wp-content\/uploads\/sites\/27\/2026\/01\/411_13.jpg\u00a0\u00bb _builder_version=\u00a0\u00bb4.27.4&Prime; _module_preset=\u00a0\u00bbdefault\u00a0\u00bb theme_builder_area=\u00a0\u00bbpost_content\u00a0\u00bb title_text=\u00a0\u00bb411_13&Prime; show_in_lightbox=\u00a0\u00bbon\u00a0\u00bb hover_enabled=\u00a0\u00bb0&Prime; sticky_enabled=\u00a0\u00bb0&Prime;][\/et_pb_image][\/et_pb_column][\/et_pb_row][et_pb_row _builder_version=\u00a0\u00bb4.27.4&Prime; _module_preset=\u00a0\u00bbdefault\u00a0\u00bb theme_builder_area=\u00a0\u00bbpost_content\u00a0\u00bb column_structure=\u00a0\u00bb1_3,1_3,1_3&Prime;][et_pb_column _builder_version=\u00a0\u00bb4.27.4&Prime; _module_preset=\u00a0\u00bbdefault\u00a0\u00bb type=\u00a0\u00bb1_3&Prime; theme_builder_area=\u00a0\u00bbpost_content\u00a0\u00bb][et_pb_image src=\u00a0\u00bbhttps:\/\/catholiques17.fr\/mir-sg\/wp-content\/uploads\/sites\/27\/2026\/01\/411_20.jpg\u00a0\u00bb _builder_version=\u00a0\u00bb4.27.4&Prime; _module_preset=\u00a0\u00bbdefault\u00a0\u00bb theme_builder_area=\u00a0\u00bbpost_content\u00a0\u00bb title_text=\u00a0\u00bb411_20&Prime; show_in_lightbox=\u00a0\u00bbon\u00a0\u00bb hover_enabled=\u00a0\u00bb0&Prime; sticky_enabled=\u00a0\u00bb0&Prime; align=\u00a0\u00bbcenter\u00a0\u00bb][\/et_pb_image][\/et_pb_column][et_pb_column _builder_version=\u00a0\u00bb4.27.4&Prime; _module_preset=\u00a0\u00bbdefault\u00a0\u00bb type=\u00a0\u00bb1_3&Prime; theme_builder_area=\u00a0\u00bbpost_content\u00a0\u00bb][et_pb_image src=\u00a0\u00bbhttps:\/\/catholiques17.fr\/mir-sg\/wp-content\/uploads\/sites\/27\/2026\/01\/411_25.jpg\u00a0\u00bb _builder_version=\u00a0\u00bb4.27.4&Prime; _module_preset=\u00a0\u00bbdefault\u00a0\u00bb theme_builder_area=\u00a0\u00bbpost_content\u00a0\u00bb title_text=\u00a0\u00bb411_25&Prime; show_in_lightbox=\u00a0\u00bbon\u00a0\u00bb hover_enabled=\u00a0\u00bb0&Prime; sticky_enabled=\u00a0\u00bb0&Prime; align=\u00a0\u00bbcenter\u00a0\u00bb][\/et_pb_image][\/et_pb_column][et_pb_column _builder_version=\u00a0\u00bb4.27.4&Prime; _module_preset=\u00a0\u00bbdefault\u00a0\u00bb type=\u00a0\u00bb1_3&Prime; theme_builder_area=\u00a0\u00bbpost_content\u00a0\u00bb][et_pb_image src=\u00a0\u00bbhttps:\/\/catholiques17.fr\/mir-sg\/wp-content\/uploads\/sites\/27\/2026\/01\/411_17.jpg\u00a0\u00bb _builder_version=\u00a0\u00bb4.27.4&Prime; _module_preset=\u00a0\u00bbdefault\u00a0\u00bb theme_builder_area=\u00a0\u00bbpost_content\u00a0\u00bb title_text=\u00a0\u00bb411_17&Prime; show_in_lightbox=\u00a0\u00bbon\u00a0\u00bb hover_enabled=\u00a0\u00bb0&Prime; sticky_enabled=\u00a0\u00bb0&Prime; align=\u00a0\u00bbcenter\u00a0\u00bb][\/et_pb_image][\/et_pb_column][\/et_pb_row][\/et_pb_section]<\/p>\n","protected":false},"excerpt":{"rendered":"<p>Eglise Saint-Cyriaque Saint-Cyriaque fut un martyr romain sous Maximilien.L\u2019\u00e9glise Saint-Cyriaque de Saint-Ciers-du-Taillon est un \u00e9difice imposant qui date du XIIe si\u00e8cle, presque enti\u00e8rement reconstruit durant la p\u00e9riode gothique. Elle \u00e0 [&hellip;]<\/p>\n","protected":false},"author":4,"featured_media":9462,"parent":8897,"menu_order":0,"comment_status":"closed","ping_status":"closed","template":"","meta":{"_et_pb_use_builder":"on","_et_pb_old_content":"","_et_gb_content_width":"","footnotes":""},"class_list":["post-8927","page","type-page","status-publish","has-post-thumbnail","hentry"],"_links":{"self":[{"href":"https:\/\/catholiques17.fr\/mir-sg\/wp-json\/wp\/v2\/pages\/8927","targetHints":{"allow":["GET"]}}],"collection":[{"href":"https:\/\/catholiques17.fr\/mir-sg\/wp-json\/wp\/v2\/pages"}],"about":[{"href":"https:\/\/catholiques17.fr\/mir-sg\/wp-json\/wp\/v2\/types\/page"}],"author":[{"embeddable":true,"href":"https:\/\/catholiques17.fr\/mir-sg\/wp-json\/wp\/v2\/users\/4"}],"replies":[{"embeddable":true,"href":"https:\/\/catholiques17.fr\/mir-sg\/wp-json\/wp\/v2\/comments?post=8927"}],"version-history":[{"count":4,"href":"https:\/\/catholiques17.fr\/mir-sg\/wp-json\/wp\/v2\/pages\/8927\/revisions"}],"predecessor-version":[{"id":9475,"href":"https:\/\/catholiques17.fr\/mir-sg\/wp-json\/wp\/v2\/pages\/8927\/revisions\/9475"}],"up":[{"embeddable":true,"href":"https:\/\/catholiques17.fr\/mir-sg\/wp-json\/wp\/v2\/pages\/8897"}],"wp:featuredmedia":[{"embeddable":true,"href":"https:\/\/catholiques17.fr\/mir-sg\/wp-json\/wp\/v2\/media\/9462"}],"wp:attachment":[{"href":"https:\/\/catholiques17.fr\/mir-sg\/wp-json\/wp\/v2\/media?parent=8927"}],"curies":[{"name":"wp","href":"https:\/\/api.w.org\/{rel}","templated":true}]}}