{"id":8909,"date":"2025-12-03T14:23:49","date_gmt":"2025-12-03T13:23:49","guid":{"rendered":"https:\/\/catholiques17.fr\/mir-sg\/?page_id=8909"},"modified":"2026-01-11T14:58:42","modified_gmt":"2026-01-11T13:58:42","slug":"consac","status":"publish","type":"page","link":"https:\/\/catholiques17.fr\/mir-sg\/nos-eglises\/consac\/","title":{"rendered":"Consac"},"content":{"rendered":"<p>[et_pb_section fb_built=\u00a0\u00bb1&Prime; theme_builder_area=\u00a0\u00bbpost_content\u00a0\u00bb _builder_version=\u00a0\u00bb4.27.4&Prime; _module_preset=\u00a0\u00bbdefault\u00a0\u00bb][et_pb_row _builder_version=\u00a0\u00bb4.27.4&Prime; _module_preset=\u00a0\u00bbdefault\u00a0\u00bb theme_builder_area=\u00a0\u00bbpost_content\u00a0\u00bb][et_pb_column _builder_version=\u00a0\u00bb4.27.4&Prime; _module_preset=\u00a0\u00bbdefault\u00a0\u00bb type=\u00a0\u00bb4_4&Prime; theme_builder_area=\u00a0\u00bbpost_content\u00a0\u00bb][et_pb_text _builder_version=\u00a0\u00bb4.27.4&Prime; _module_preset=\u00a0\u00bbdefault\u00a0\u00bb theme_builder_area=\u00a0\u00bbpost_content\u00a0\u00bb hover_enabled=\u00a0\u00bb0&Prime; sticky_enabled=\u00a0\u00bb0&Prime;]<\/p>\n<p style=\"text-align: justify\"><strong>Eglise Saint-Pierre<\/strong><\/p>\n<p>L\u2019\u00e9glise Saint-Pierre de Consac est une \u00e9glise rectangulaire du XIe si\u00e8cle, modifi\u00e9e au XIIIe et doubl\u00e9e au XVe d\u2019une chapelle lat\u00e9rale sur toute la largueur du c\u00f4t\u00e9 nord.<br \/>La partie la plus ancienne de ce sanctuaire comprend le mur sud \u00e9clair\u00e9 de petites fen\u00eatres romanes \u00e0 linteaux \u00e9chancr\u00e9s, ainsi que le carr\u00e9 sous le clocher qui porte une coupole sur pendentifs triangulaires plat. Les arcs en plein cintre par de hautes colonnes \u00e0 curieux chapiteaux insolites en saintonge: en forme de tronc de pyramides renvers\u00e9es \u00e0 ar\u00eates abattues, ils sont d\u00e9cor\u00e9s, ainsi que leurs tailloirs et leurs astragales, d\u2019entrelacs, de torsades, de losanges, de triangles, de roues dentel\u00e9s, le tout trait\u00e9 en m\u00e9plat. \u00abC\u2019est une sorte de compromis entre le dessin d\u2019une marqueterie mauresque et la fantaisie des entrelacs m\u00e9rovingiens\u00bb.<br \/>A l\u2019ext\u00e9rieur, sur le mur sud du c\u0153ur, on peut voir des mordillons \u00e9galement archa\u00efques.<br \/>Le chevet plat date du XIIe si\u00e8cle, ainsi que le clocher qui a \u00e9t\u00e9 hauss\u00e9 sur la souche primitive. Il se compose de deux \u00e9tages, le premier est aveugle, le second de baies en arc bris\u00e9s avec une petite ouverture trilob\u00e9e. Le tout gardant encore de fines colonnettes dont sont bagu\u00e9es et surmont\u00e9es de chapiteaux d\u00e9cor\u00e9s de feuilles.<br \/>A l\u2019int\u00e9rieur, les vo\u00fbtes de chacun des deux c\u0153urs, leurs murs et le carr\u00e9 sous le clocher sont rev\u00eatus de peintures de la fin du XIXe si\u00e8cle, offrant une grande richesse de d\u00e9cors et de frises. Peintes en 1873 par Augustin Zabalza, elles ont \u00e9t\u00e9 restaur\u00e9es en 1996 par J.P. Richard.<br \/>Trois litres fun\u00e9raires ont \u00e9galement \u00e9t\u00e9 restaur\u00e9es. Elles datent du XVIIe et du XVIIIe si\u00e8cle. Elles furent peintes lors du d\u00e9c\u00e8s de trois seigneurs successifs de Consac:<br \/>Georges de Ruchaud, d\u00e9c\u00e9d\u00e9 en 1689<br \/>Claude Arnoult, d\u00e9c\u00e9d\u00e9 en 1744<br \/>Renaud de Courbon, Blenac, d\u00e9c\u00e9d\u00e9 en 1787<br \/>Cette \u00e9glise \u00e9tait environn\u00e9e d\u2019un cimeti\u00e8re d\u00e9finitivement ferm\u00e9 en 1876.<br \/>Un prieur\u00e9 Saint-Pierre existait \u00e9galement \u00e0 Consac. Une chapelle annexe situ\u00e9e \u00e0 La Bergerie \u00e9tait sous le vocable de Saint-Lazare et probablement rattach\u00e9 \u00e0 une maladrerie.<br \/>Ces deux \u00e9difices ont compl\u00e8tement disparu.<strong><\/strong><\/p>\n<p><strong><\/strong><\/p>\n<p>[\/et_pb_text][\/et_pb_column][\/et_pb_row][et_pb_row _builder_version=\u00a0\u00bb4.27.4&Prime; _module_preset=\u00a0\u00bbdefault\u00a0\u00bb theme_builder_area=\u00a0\u00bbpost_content\u00a0\u00bb][et_pb_column _builder_version=\u00a0\u00bb4.27.4&Prime; _module_preset=\u00a0\u00bbdefault\u00a0\u00bb type=\u00a0\u00bb4_4&Prime; theme_builder_area=\u00a0\u00bbpost_content\u00a0\u00bb][et_pb_image src=\u00a0\u00bbhttps:\/\/catholiques17.fr\/mir-sg\/wp-content\/uploads\/sites\/27\/2026\/01\/116_02.jpg\u00a0\u00bb _builder_version=\u00a0\u00bb4.27.4&Prime; _module_preset=\u00a0\u00bbdefault\u00a0\u00bb theme_builder_area=\u00a0\u00bbpost_content\u00a0\u00bb title_text=\u00a0\u00bb116_02&Prime; show_in_lightbox=\u00a0\u00bbon\u00a0\u00bb align=\u00a0\u00bbcenter\u00a0\u00bb hover_enabled=\u00a0\u00bb0&Prime; sticky_enabled=\u00a0\u00bb0&Prime;][\/et_pb_image][\/et_pb_column][\/et_pb_row][et_pb_row _builder_version=\u00a0\u00bb4.27.4&Prime; _module_preset=\u00a0\u00bbdefault\u00a0\u00bb theme_builder_area=\u00a0\u00bbpost_content\u00a0\u00bb column_structure=\u00a0\u00bb1_2,1_2&Prime;][et_pb_column _builder_version=\u00a0\u00bb4.27.4&Prime; _module_preset=\u00a0\u00bbdefault\u00a0\u00bb type=\u00a0\u00bb1_2&Prime; theme_builder_area=\u00a0\u00bbpost_content\u00a0\u00bb][et_pb_image src=\u00a0\u00bbhttps:\/\/catholiques17.fr\/mir-sg\/wp-content\/uploads\/sites\/27\/2026\/01\/116_05.jpg\u00a0\u00bb _builder_version=\u00a0\u00bb4.27.4&Prime; _module_preset=\u00a0\u00bbdefault\u00a0\u00bb theme_builder_area=\u00a0\u00bbpost_content\u00a0\u00bb title_text=\u00a0\u00bb116_05&Prime; show_in_lightbox=\u00a0\u00bbon\u00a0\u00bb align=\u00a0\u00bbcenter\u00a0\u00bb hover_enabled=\u00a0\u00bb0&Prime; sticky_enabled=\u00a0\u00bb0&Prime;][\/et_pb_image][\/et_pb_column][et_pb_column _builder_version=\u00a0\u00bb4.27.4&Prime; _module_preset=\u00a0\u00bbdefault\u00a0\u00bb type=\u00a0\u00bb1_2&Prime; theme_builder_area=\u00a0\u00bbpost_content\u00a0\u00bb][et_pb_image src=\u00a0\u00bbhttps:\/\/catholiques17.fr\/mir-sg\/wp-content\/uploads\/sites\/27\/2026\/01\/116_07.jpg\u00a0\u00bb _builder_version=\u00a0\u00bb4.27.4&Prime; _module_preset=\u00a0\u00bbdefault\u00a0\u00bb theme_builder_area=\u00a0\u00bbpost_content\u00a0\u00bb title_text=\u00a0\u00bb116_07&Prime; show_in_lightbox=\u00a0\u00bbon\u00a0\u00bb align=\u00a0\u00bbcenter\u00a0\u00bb hover_enabled=\u00a0\u00bb0&Prime; sticky_enabled=\u00a0\u00bb0&Prime;][\/et_pb_image][\/et_pb_column][\/et_pb_row][et_pb_row _builder_version=\u00a0\u00bb4.27.4&Prime; _module_preset=\u00a0\u00bbdefault\u00a0\u00bb theme_builder_area=\u00a0\u00bbpost_content\u00a0\u00bb column_structure=\u00a0\u00bb1_2,1_2&Prime;][et_pb_column _builder_version=\u00a0\u00bb4.27.4&Prime; _module_preset=\u00a0\u00bbdefault\u00a0\u00bb type=\u00a0\u00bb1_2&Prime; theme_builder_area=\u00a0\u00bbpost_content\u00a0\u00bb][et_pb_image src=\u00a0\u00bbhttps:\/\/catholiques17.fr\/mir-sg\/wp-content\/uploads\/sites\/27\/2026\/01\/116_08.jpg\u00a0\u00bb _builder_version=\u00a0\u00bb4.27.4&Prime; _module_preset=\u00a0\u00bbdefault\u00a0\u00bb theme_builder_area=\u00a0\u00bbpost_content\u00a0\u00bb title_text=\u00a0\u00bb116_08&Prime; show_in_lightbox=\u00a0\u00bbon\u00a0\u00bb align=\u00a0\u00bbcenter\u00a0\u00bb hover_enabled=\u00a0\u00bb0&Prime; sticky_enabled=\u00a0\u00bb0&Prime;][\/et_pb_image][\/et_pb_column][et_pb_column _builder_version=\u00a0\u00bb4.27.4&Prime; _module_preset=\u00a0\u00bbdefault\u00a0\u00bb type=\u00a0\u00bb1_2&Prime; theme_builder_area=\u00a0\u00bbpost_content\u00a0\u00bb][et_pb_image src=\u00a0\u00bbhttps:\/\/catholiques17.fr\/mir-sg\/wp-content\/uploads\/sites\/27\/2026\/01\/116_14.jpg\u00a0\u00bb _builder_version=\u00a0\u00bb4.27.4&Prime; _module_preset=\u00a0\u00bbdefault\u00a0\u00bb theme_builder_area=\u00a0\u00bbpost_content\u00a0\u00bb title_text=\u00a0\u00bb116_14&Prime; show_in_lightbox=\u00a0\u00bbon\u00a0\u00bb align=\u00a0\u00bbcenter\u00a0\u00bb hover_enabled=\u00a0\u00bb0&Prime; sticky_enabled=\u00a0\u00bb0&Prime;][\/et_pb_image][\/et_pb_column][\/et_pb_row][\/et_pb_section]<\/p>\n","protected":false},"excerpt":{"rendered":"<p>Eglise Saint-Pierre L\u2019\u00e9glise Saint-Pierre de Consac est une \u00e9glise rectangulaire du XIe si\u00e8cle, modifi\u00e9e au XIIIe et doubl\u00e9e au XVe d\u2019une chapelle lat\u00e9rale sur toute la largueur du c\u00f4t\u00e9 nord.La [&hellip;]<\/p>\n","protected":false},"author":4,"featured_media":9505,"parent":8897,"menu_order":0,"comment_status":"closed","ping_status":"closed","template":"","meta":{"_et_pb_use_builder":"on","_et_pb_old_content":"","_et_gb_content_width":"","footnotes":""},"class_list":["post-8909","page","type-page","status-publish","has-post-thumbnail","hentry"],"_links":{"self":[{"href":"https:\/\/catholiques17.fr\/mir-sg\/wp-json\/wp\/v2\/pages\/8909","targetHints":{"allow":["GET"]}}],"collection":[{"href":"https:\/\/catholiques17.fr\/mir-sg\/wp-json\/wp\/v2\/pages"}],"about":[{"href":"https:\/\/catholiques17.fr\/mir-sg\/wp-json\/wp\/v2\/types\/page"}],"author":[{"embeddable":true,"href":"https:\/\/catholiques17.fr\/mir-sg\/wp-json\/wp\/v2\/users\/4"}],"replies":[{"embeddable":true,"href":"https:\/\/catholiques17.fr\/mir-sg\/wp-json\/wp\/v2\/comments?post=8909"}],"version-history":[{"count":3,"href":"https:\/\/catholiques17.fr\/mir-sg\/wp-json\/wp\/v2\/pages\/8909\/revisions"}],"predecessor-version":[{"id":9511,"href":"https:\/\/catholiques17.fr\/mir-sg\/wp-json\/wp\/v2\/pages\/8909\/revisions\/9511"}],"up":[{"embeddable":true,"href":"https:\/\/catholiques17.fr\/mir-sg\/wp-json\/wp\/v2\/pages\/8897"}],"wp:featuredmedia":[{"embeddable":true,"href":"https:\/\/catholiques17.fr\/mir-sg\/wp-json\/wp\/v2\/media\/9505"}],"wp:attachment":[{"href":"https:\/\/catholiques17.fr\/mir-sg\/wp-json\/wp\/v2\/media?parent=8909"}],"curies":[{"name":"wp","href":"https:\/\/api.w.org\/{rel}","templated":true}]}}