{"id":5541,"date":"2021-07-30T00:37:31","date_gmt":"2021-07-29T22:37:31","guid":{"rendered":"https:\/\/catholiques17.fr\/mir-sg\/?page_id=5541"},"modified":"2025-12-03T14:19:12","modified_gmt":"2025-12-03T13:19:12","slug":"equipe-liturgique","status":"publish","type":"page","link":"https:\/\/catholiques17.fr\/mir-sg\/les-services\/equipe-liturgique\/","title":{"rendered":"Equipe Liturgique"},"content":{"rendered":"<p>[et_pb_section fb_built=\u00a0\u00bb1&Prime; _builder_version=\u00a0\u00bb3.22&Prime; global_colors_info=\u00a0\u00bb{}\u00a0\u00bb][et_pb_row _builder_version=\u00a0\u00bb3.25&Prime; background_size=\u00a0\u00bbinitial\u00a0\u00bb background_position=\u00a0\u00bbtop_left\u00a0\u00bb background_repeat=\u00a0\u00bbrepeat\u00a0\u00bb global_colors_info=\u00a0\u00bb{}\u00a0\u00bb][et_pb_column type=\u00a0\u00bb4_4&Prime; _builder_version=\u00a0\u00bb3.25&Prime; custom_padding=\u00a0\u00bb|||\u00a0\u00bb global_colors_info=\u00a0\u00bb{}\u00a0\u00bb custom_padding__hover=\u00a0\u00bb|||\u00a0\u00bb][et_pb_text _builder_version=\u00a0\u00bb3.27.4&Prime; background_size=\u00a0\u00bbinitial\u00a0\u00bb background_position=\u00a0\u00bbtop_left\u00a0\u00bb background_repeat=\u00a0\u00bbrepeat\u00a0\u00bb global_colors_info=\u00a0\u00bb{}\u00a0\u00bb]<!-- divi:paragraph --><\/p>\n<p>Nous souhaitons constituer pour nos deux paroisses une Equipe liturgique qui rassemble le plus de b\u00e9n\u00e9voles possibles.<\/p>\n<p><!-- \/divi:paragraph --><\/p>\n<p><!-- divi:paragraph --><\/p>\n<p>L&rsquo;objectif de cette Equipe liturgique est de s&rsquo;assurer que tout ce qui permettra \u00e0 une c\u00e9l\u00e9bration d&rsquo;\u00eatre r\u00e9ussi sera mise en oeuvre.<\/p>\n<p><!-- \/divi:paragraph --><\/p>\n<p><!-- divi:paragraph --><\/p>\n<p>Elle r\u00e9unira des repr\u00e9sentants des diff\u00e9rentes parties g\u00e9ographiques de notre territoire. Les relais paroissiaux auront toute leur place, s&rsquo;ils le souhaitent dans cette \u00e9quipe.<\/p>\n<p><!-- \/divi:paragraph --><\/p>\n<p><!-- divi:paragraph --><\/p>\n<p><strong>Sa mission sera ainsi entre autres :<\/strong><\/p>\n<p><!-- \/divi:paragraph --><\/p>\n<p><!-- divi:list --><\/p>\n<ul>\n<li>de s&rsquo;assurer que chaque c\u00e9l\u00e9bration disposera d&rsquo;un accueil de qualit\u00e9<\/li>\n<li>de choisir les chants en accord avec les chorales et les organistes<\/li>\n<li>de s&rsquo;organiser pour que les intentions de pri\u00e8re soit r\u00e9dig\u00e9es chaque week-end pour les messes qui seront c\u00e9l\u00e9br\u00e9es. Pour marquer notre souci d&rsquo;unicit\u00e9 ces intentions devraient \u00eatre uniques pour toutes les c\u00e9l\u00e9brations d&rsquo;un m\u00eame week-end.<\/li>\n<li>de choisir les lecteurs<\/li>\n<li>de proposer au c\u00e9l\u00e9brant les ministres de la communion<\/li>\n<li>de g\u00e9rer les annonces de fin de messe<\/li>\n<li>de veiller \u00e0 la bonne pr\u00e9sence des objets liturgiques n\u00e9cessaires \u00e0 la c\u00e9l\u00e9bration.<\/li>\n<\/ul>\n<p><!-- \/divi:list --><\/p>\n<p><!-- divi:paragraph {\"textColor\":\"luminous-vivid-orange\",\"fontSize\":\"normal\"} --><\/p>\n<p class=\"has-luminous-vivid-orange-color has-text-color has-normal-font-size\">Tous ces \u00e9l\u00e9ments ne sont pas exhaustifs et certains sont d\u00e9velopp\u00e9s dans un sous \u00e9l\u00e9ment de la rubrique Liturgie.<\/p>\n<p><!-- \/divi:paragraph -->[\/et_pb_text][\/et_pb_column][\/et_pb_row][\/et_pb_section]<\/p>\n","protected":false},"excerpt":{"rendered":"<p>Nous souhaitons constituer pour nos deux paroisses une Equipe liturgique qui rassemble le plus de b\u00e9n\u00e9voles possibles. L&rsquo;objectif de cette Equipe liturgique est de s&rsquo;assurer que tout ce qui permettra [&hellip;]<\/p>\n","protected":false},"author":33,"featured_media":0,"parent":8895,"menu_order":0,"comment_status":"closed","ping_status":"closed","template":"","meta":{"_et_pb_use_builder":"on","_et_pb_old_content":"<!-- wp:paragraph -->\n<p>Nous souhaitons constituer pour nos deux paroisses une Equipe liturgique qui rassemble le plus de b\u00e9n\u00e9voles possibles.<\/p>\n<!-- \/wp:paragraph -->\n\n<!-- wp:paragraph -->\n<p>L'objectif de cette Equipe liturgique est de s'assurer que tout ce qui permettra \u00e0 une c\u00e9l\u00e9bration d'\u00eatre r\u00e9ussi sera mise en oeuvre.<\/p>\n<!-- \/wp:paragraph -->\n\n<!-- wp:paragraph -->\n<p>Elle r\u00e9unira des repr\u00e9sentants des diff\u00e9rentes parties g\u00e9ographiques de notre territoire. Les relais paroissiaux auront toute leur place, s'ils le souhaitent dans cette \u00e9quipe.<\/p>\n<!-- \/wp:paragraph -->\n\n<!-- wp:paragraph -->\n<p><strong>Sa mission sera ainsi entre autres :<\/strong><\/p>\n<!-- \/wp:paragraph -->\n\n<!-- wp:list -->\n<ul><li>de s'assurer que chaque c\u00e9l\u00e9bration disposera d'un accueil de qualit\u00e9<\/li><li>de choisir les chants en accord avec les chorales et les organistes<\/li><li>de s'organiser pour que les intentions de pri\u00e8re soit r\u00e9dig\u00e9es chaque week-end pour les messes qui seront c\u00e9l\u00e9br\u00e9es. Pour marquer notre souci d'unicit\u00e9 ces intentions devraient \u00eatre uniques pour toutes les c\u00e9l\u00e9brations d'un m\u00eame week-end.<\/li><li>de choisir les lecteurs<\/li><li>de proposer au c\u00e9l\u00e9brant les ministres de la communion<\/li><li>de g\u00e9rer les annonces de fin de messe<\/li><li>de veiller \u00e0 la bonne pr\u00e9sence des objets liturgiques n\u00e9cessaires \u00e0 la c\u00e9l\u00e9bration.<\/li><\/ul>\n<!-- \/wp:list -->\n\n<!-- wp:paragraph {\"textColor\":\"luminous-vivid-orange\",\"fontSize\":\"normal\"} -->\n<p class=\"has-luminous-vivid-orange-color has-text-color has-normal-font-size\">Tous ces \u00e9l\u00e9ments ne sont pas exhaustifs et certains sont d\u00e9velopp\u00e9s dans un sous \u00e9l\u00e9ment de la rubrique Liturgie.<\/p>\n<!-- \/wp:paragraph -->","_et_gb_content_width":"","footnotes":""},"class_list":["post-5541","page","type-page","status-publish","hentry"],"_links":{"self":[{"href":"https:\/\/catholiques17.fr\/mir-sg\/wp-json\/wp\/v2\/pages\/5541","targetHints":{"allow":["GET"]}}],"collection":[{"href":"https:\/\/catholiques17.fr\/mir-sg\/wp-json\/wp\/v2\/pages"}],"about":[{"href":"https:\/\/catholiques17.fr\/mir-sg\/wp-json\/wp\/v2\/types\/page"}],"author":[{"embeddable":true,"href":"https:\/\/catholiques17.fr\/mir-sg\/wp-json\/wp\/v2\/users\/33"}],"replies":[{"embeddable":true,"href":"https:\/\/catholiques17.fr\/mir-sg\/wp-json\/wp\/v2\/comments?post=5541"}],"version-history":[{"count":6,"href":"https:\/\/catholiques17.fr\/mir-sg\/wp-json\/wp\/v2\/pages\/5541\/revisions"}],"predecessor-version":[{"id":5884,"href":"https:\/\/catholiques17.fr\/mir-sg\/wp-json\/wp\/v2\/pages\/5541\/revisions\/5884"}],"up":[{"embeddable":true,"href":"https:\/\/catholiques17.fr\/mir-sg\/wp-json\/wp\/v2\/pages\/8895"}],"wp:attachment":[{"href":"https:\/\/catholiques17.fr\/mir-sg\/wp-json\/wp\/v2\/media?parent=5541"}],"curies":[{"name":"wp","href":"https:\/\/api.w.org\/{rel}","templated":true}]}}